{"id":1198,"date":"2022-12-10T11:57:21","date_gmt":"2022-12-10T06:57:21","guid":{"rendered":"https:\/\/www.gonbox.com\/?post_type=product&#038;p=1198"},"modified":"2023-02-01T13:19:08","modified_gmt":"2023-02-01T08:19:08","slug":"liquid-cooling-oil","status":"publish","type":"product","link":"https:\/\/www.gonbox.com\/da\/vare\/liquid-cooling-oil\/","title":{"rendered":"Dielektrisk k\u00f8lev\u00e6ske (flydende k\u00f8ling Qil)"},"content":{"rendered":"<p><strong>Produktdetaljer:<\/strong><\/p>\n<p>BC-888 Dielectric Coolant<br \/>\nHigh Performance Single-phase, Liquid Immersion Cooling of ASIC-based Miners<\/p>\n<p>BC-888 has been engineered specifically for use in open SLIC tank solutions and for material compatibility with ASIC based cryptocurrency miners and similar blockchain applications.BC-888 Dielectric Coolant is 98% biodegradable, non-toxic, non-halogenated, non-corrosive, food grade, and 100% ozone safe. In addition, the use and manufacture of BC-888 Dielectric Coolants release no toxic waste, vapors, or smell into your home, office, or workplace.<br \/>\nBC-888 is 5.28Gal(20L) per barrel, and there are 10.57Gal(40L,2 barrels) and 21.13Gal(80L,4 barrels) containers to choose from.<\/p>\n<p><img data-recalc-dims=\"1\" loading=\"lazy\" decoding=\"async\" class=\"alignnone size-full wp-image-2685\" src=\"https:\/\/i0.wp.com\/www.gonbox.com\/wp-content\/uploads\/2022\/12\/%E5%BE%AE%E4%BF%A1%E5%9B%BE%E7%89%87_20230105111946.jpg?resize=800%2C800&#038;ssl=1\" alt=\"\" width=\"800\" height=\"800\" srcset=\"https:\/\/i0.wp.com\/www.gonbox.com\/wp-content\/uploads\/2022\/12\/%E5%BE%AE%E4%BF%A1%E5%9B%BE%E7%89%87_20230105111946.jpg?w=800&amp;ssl=1 800w, https:\/\/i0.wp.com\/www.gonbox.com\/wp-content\/uploads\/2022\/12\/%E5%BE%AE%E4%BF%A1%E5%9B%BE%E7%89%87_20230105111946.jpg?resize=400%2C400&amp;ssl=1 400w, https:\/\/i0.wp.com\/www.gonbox.com\/wp-content\/uploads\/2022\/12\/%E5%BE%AE%E4%BF%A1%E5%9B%BE%E7%89%87_20230105111946.jpg?resize=280%2C280&amp;ssl=1 280w, https:\/\/i0.wp.com\/www.gonbox.com\/wp-content\/uploads\/2022\/12\/%E5%BE%AE%E4%BF%A1%E5%9B%BE%E7%89%87_20230105111946.jpg?resize=768%2C768&amp;ssl=1 768w, https:\/\/i0.wp.com\/www.gonbox.com\/wp-content\/uploads\/2022\/12\/%E5%BE%AE%E4%BF%A1%E5%9B%BE%E7%89%87_20230105111946.jpg?resize=510%2C510&amp;ssl=1 510w, https:\/\/i0.wp.com\/www.gonbox.com\/wp-content\/uploads\/2022\/12\/%E5%BE%AE%E4%BF%A1%E5%9B%BE%E7%89%87_20230105111946.jpg?resize=100%2C100&amp;ssl=1 100w, https:\/\/i0.wp.com\/www.gonbox.com\/wp-content\/uploads\/2022\/12\/%E5%BE%AE%E4%BF%A1%E5%9B%BE%E7%89%87_20230105111946.jpg?resize=50%2C50&amp;ssl=1 50w\" sizes=\"auto, (max-width: 800px) 100vw, 800px\" \/><\/p>\n<p><strong>Key Characteristics\uff1a<\/strong><\/p>\n<table width=\"1002\">\n<tbody>\n<tr>\n<td width=\"394\">Specification<\/td>\n<td width=\"608\">BC-888<\/td>\n<\/tr>\n<tr>\n<td>Application<\/td>\n<td>Single-phase,Liquid Immersion Cooling for ASIC-based currency mining<\/td>\n<\/tr>\n<tr>\n<td>Appearance<\/td>\n<td>Clear vith Light Green Tint<\/td>\n<\/tr>\n<tr>\n<td>Pour Point(C)<\/td>\n<td>0<\/td>\n<\/tr>\n<tr>\n<td>Flash Point(C)<\/td>\n<td>\uff1e130.0<\/td>\n<\/tr>\n<tr>\n<td>Density,g\/cc@15.6\u2103<\/td>\n<td>0.82<\/td>\n<\/tr>\n<tr>\n<td>Coefficient of Thermal Expansion,(volume\/\u2103)<\/td>\n<td>0.00067<\/td>\n<\/tr>\n<tr>\n<td>Operational Temperature Range(C)<\/td>\n<td>5.0\u00a0\u00a0 100.0<\/td>\n<\/tr>\n<tr>\n<td>Kinematic Viscosity(cSt) 40C\u00a0 100C<\/td>\n<td>8.300\u00a0\u00a0 3.950<\/td>\n<\/tr>\n<tr>\n<td>Thermal Conductivity(W\/m*K) 40C\u00a0 100C<\/td>\n<td>0.1396\u00a0 0.1373<\/td>\n<\/tr>\n<tr>\n<td>Specific Heat(kJ\/kg\u2103) 40C\u00a0 100C<\/td>\n<td>2.0540\u00a0 2.2032<\/td>\n<\/tr>\n<\/tbody>\n<\/table>\n<p>&nbsp;<\/p>\n<p><strong>K\u00f8bsnoter:<\/strong><\/p>\n<p>1. Grundl\u00e6ggende byttepolitik: Bortset fra de varer, der tydeligt er markeret p\u00e5 siden med produktdetaljer og bekr\u00e6ftet p\u00e5 k\u00f8bstidspunktet, at &quot;ingen grund til at returnere eller bytte er ikke underst\u00f8ttet&quot;. Produkter p\u00e5 GONBOX-kolonnen kan ans\u00f8ges om udskiftning under foruds\u00e6tning af, at produkterne er i god stand, ubrugte eller beskadigede, og at tilbeh\u00f8ret er komplet<\/p>\n<p>2.For specifikke garantioplysninger henvises til: &quot;GONBOX Global Warranty Rules&quot;\u00a0\u00a0<a href=\"https:\/\/www.gonbox.com\/da\/gonbox-product-warranty-terms\/\">https:\/\/www.gonbox.com\/gonbox-product-warranty-terms\/<\/a><br \/>\n(Bem\u00e6rk: Du skal selv afholde erstatningsfragtgebyret)<\/p>\n<p>3. Postordre: l\u00e6s venligst &quot;Global Logistics Price Reference Instructions&quot;\u00a0<a href=\"https:\/\/www.gonbox.com\/da\/global-logistics-price-reference-instructions\/\">https:\/\/www.gonbox.com\/global-logistics-price-reference-instructions\/<\/a><\/p>","protected":false},"excerpt":{"rendered":"<p>Product Details\uff1a BC-888 Dielectric Coolant High Performance Single-phase, Liquid Immersion Cooling of ASIC-based Miners BC-888 has been engineered specifically for use in open SLIC tank solutions and for material compatibility with ASIC based cryptocurrency miners and similar blockchain applications.BC-888 Dielectric Coolant is 98% biodegradable, non-toxic, non-halogenated, non-corrosive, food grade, and 100% ozone safe. In addition, [&#8230;]\n","protected":false},"featured_media":2684,"comment_status":"open","ping_status":"closed","template":"","meta":[],"product_cat":[15,79],"product_tag":[],"class_list":["post-1198","product","type-product","status-publish","has-post-thumbnail","hentry","product_cat-oil-cooling-mall","product_cat-all"],"yoast_head":"<!-- This site is optimized with the Yoast SEO plugin v20.2.1 - https:\/\/yoast.com\/wordpress\/plugins\/seo\/ -->\n<title>Dielectric Coolant\uff08Liquid Cooling Qil\uff09 - Gonbox<\/title>\n<meta name=\"robots\" content=\"index, follow, max-snippet:-1, max-image-preview:large, max-video-preview:-1\" \/>\n<link rel=\"canonical\" href=\"https:\/\/www.gonbox.com\/da\/vare\/liquid-cooling-oil\/\" \/>\n<meta property=\"og:locale\" content=\"da_DK\" \/>\n<meta property=\"og:type\" content=\"article\" \/>\n<meta property=\"og:title\" content=\"Dielectric Coolant\uff08Liquid Cooling Qil\uff09 - Gonbox\" \/>\n<meta property=\"og:description\" content=\"Product Details\uff1a BC-888 Dielectric Coolant High Performance Single-phase, Liquid Immersion Cooling of ASIC-based Miners BC-888 has been engineered specifically for use in open SLIC tank solutions and for material compatibility with ASIC based cryptocurrency miners and similar blockchain applications.BC-888 Dielectric Coolant is 98% biodegradable, non-toxic, non-halogenated, non-corrosive, food grade, and 100% ozone safe. In addition, [...]\" \/>\n<meta property=\"og:url\" content=\"https:\/\/www.gonbox.com\/da\/vare\/liquid-cooling-oil\/\" \/>\n<meta property=\"og:site_name\" content=\"Gonbox\" \/>\n<meta property=\"article:publisher\" content=\"https:\/\/www.facebook.com\/gonboxmining\/\" \/>\n<meta property=\"article:modified_time\" content=\"2023-02-01T08:19:08+00:00\" \/>\n<meta property=\"og:image\" content=\"https:\/\/www.gonbox.com\/wp-content\/uploads\/2022\/12\/\u5fae\u4fe1\u56fe\u7247_20230105111959.jpg\" \/>\n\t<meta property=\"og:image:width\" content=\"800\" \/>\n\t<meta property=\"og:image:height\" content=\"800\" \/>\n\t<meta property=\"og:image:type\" content=\"image\/jpeg\" \/>\n<meta name=\"twitter:card\" content=\"summary_large_image\" \/>\n<meta name=\"twitter:site\" content=\"@gonbox_com\" \/>\n<meta name=\"twitter:label1\" content=\"Estimeret l\u00e6setid\" \/>\n\t<meta name=\"twitter:data1\" content=\"2 minutter\" \/>\n<script type=\"application\/ld+json\" class=\"yoast-schema-graph\">{\"@context\":\"https:\/\/schema.org\",\"@graph\":[{\"@type\":\"WebPage\",\"@id\":\"https:\/\/www.gonbox.com\/product\/liquid-cooling-oil\/\",\"url\":\"https:\/\/www.gonbox.com\/product\/liquid-cooling-oil\/\",\"name\":\"Dielectric Coolant\uff08Liquid Cooling Qil\uff09 - Gonbox\",\"isPartOf\":{\"@id\":\"https:\/\/www.gonbox.com\/#website\"},\"datePublished\":\"2022-12-10T06:57:21+00:00\",\"dateModified\":\"2023-02-01T08:19:08+00:00\",\"breadcrumb\":{\"@id\":\"https:\/\/www.gonbox.com\/product\/liquid-cooling-oil\/#breadcrumb\"},\"inLanguage\":\"da-DK\",\"potentialAction\":[{\"@type\":\"ReadAction\",\"target\":[\"https:\/\/www.gonbox.com\/product\/liquid-cooling-oil\/\"]}]},{\"@type\":\"BreadcrumbList\",\"@id\":\"https:\/\/www.gonbox.com\/product\/liquid-cooling-oil\/#breadcrumb\",\"itemListElement\":[{\"@type\":\"ListItem\",\"position\":1,\"name\":\"\u9996\u9875\",\"item\":\"https:\/\/www.gonbox.com\/\"},{\"@type\":\"ListItem\",\"position\":2,\"name\":\"Shop\",\"item\":\"https:\/\/www.gonbox.com\/shop\/\"},{\"@type\":\"ListItem\",\"position\":3,\"name\":\"Dielectric Coolant\uff08Liquid Cooling Qil\uff09\"}]},{\"@type\":\"WebSite\",\"@id\":\"https:\/\/www.gonbox.com\/#website\",\"url\":\"https:\/\/www.gonbox.com\/\",\"name\":\"Gonbox\",\"description\":\"Everyone Can Mine Bitcoin\",\"publisher\":{\"@id\":\"https:\/\/www.gonbox.com\/#organization\"},\"potentialAction\":[{\"@type\":\"SearchAction\",\"target\":{\"@type\":\"EntryPoint\",\"urlTemplate\":\"https:\/\/www.gonbox.com\/?s={search_term_string}\"},\"query-input\":\"required name=search_term_string\"}],\"inLanguage\":\"da-DK\"},{\"@type\":\"Organization\",\"@id\":\"https:\/\/www.gonbox.com\/#organization\",\"name\":\"GONBOX GROUP INC\",\"url\":\"https:\/\/www.gonbox.com\/\",\"logo\":{\"@type\":\"ImageObject\",\"inLanguage\":\"da-DK\",\"@id\":\"https:\/\/www.gonbox.com\/#\/schema\/logo\/image\/\",\"url\":\"https:\/\/5n57c6.p3cdn1.secureserver.net\/wp-content\/uploads\/2022\/12\/logo.png?time=1669965474\",\"contentUrl\":\"https:\/\/5n57c6.p3cdn1.secureserver.net\/wp-content\/uploads\/2022\/12\/logo.png?time=1669965474\",\"width\":130,\"height\":84,\"caption\":\"GONBOX GROUP INC\"},\"image\":{\"@id\":\"https:\/\/www.gonbox.com\/#\/schema\/logo\/image\/\"},\"sameAs\":[\"https:\/\/www.facebook.com\/gonboxmining\/\",\"https:\/\/twitter.com\/gonbox_com\"]}]}<\/script>\n<!-- \/ Yoast SEO plugin. -->","yoast_head_json":{"title":"Dielectric Coolant\uff08Liquid Cooling Qil\uff09 - Gonbox","robots":{"index":"index","follow":"follow","max-snippet":"max-snippet:-1","max-image-preview":"max-image-preview:large","max-video-preview":"max-video-preview:-1"},"canonical":"https:\/\/www.gonbox.com\/da\/vare\/liquid-cooling-oil\/","og_locale":"da_DK","og_type":"article","og_title":"Dielectric Coolant\uff08Liquid Cooling Qil\uff09 - Gonbox","og_description":"Product Details\uff1a BC-888 Dielectric Coolant High Performance Single-phase, Liquid Immersion Cooling of ASIC-based Miners BC-888 has been engineered specifically for use in open SLIC tank solutions and for material compatibility with ASIC based cryptocurrency miners and similar blockchain applications.BC-888 Dielectric Coolant is 98% biodegradable, non-toxic, non-halogenated, non-corrosive, food grade, and 100% ozone safe. In addition, [...]","og_url":"https:\/\/www.gonbox.com\/da\/vare\/liquid-cooling-oil\/","og_site_name":"Gonbox","article_publisher":"https:\/\/www.facebook.com\/gonboxmining\/","article_modified_time":"2023-02-01T08:19:08+00:00","og_image":[{"width":800,"height":800,"url":"https:\/\/www.gonbox.com\/wp-content\/uploads\/2022\/12\/\u5fae\u4fe1\u56fe\u7247_20230105111959.jpg","type":"image\/jpeg"}],"twitter_card":"summary_large_image","twitter_site":"@gonbox_com","twitter_misc":{"Estimeret l\u00e6setid":"2 minutter"},"schema":{"@context":"https:\/\/schema.org","@graph":[{"@type":"WebPage","@id":"https:\/\/www.gonbox.com\/product\/liquid-cooling-oil\/","url":"https:\/\/www.gonbox.com\/product\/liquid-cooling-oil\/","name":"Dielectric Coolant\uff08Liquid Cooling Qil\uff09 - Gonbox","isPartOf":{"@id":"https:\/\/www.gonbox.com\/#website"},"datePublished":"2022-12-10T06:57:21+00:00","dateModified":"2023-02-01T08:19:08+00:00","breadcrumb":{"@id":"https:\/\/www.gonbox.com\/product\/liquid-cooling-oil\/#breadcrumb"},"inLanguage":"da-DK","potentialAction":[{"@type":"ReadAction","target":["https:\/\/www.gonbox.com\/product\/liquid-cooling-oil\/"]}]},{"@type":"BreadcrumbList","@id":"https:\/\/www.gonbox.com\/product\/liquid-cooling-oil\/#breadcrumb","itemListElement":[{"@type":"ListItem","position":1,"name":"\u9996\u9875","item":"https:\/\/www.gonbox.com\/"},{"@type":"ListItem","position":2,"name":"Shop","item":"https:\/\/www.gonbox.com\/shop\/"},{"@type":"ListItem","position":3,"name":"Dielectric Coolant\uff08Liquid Cooling Qil\uff09"}]},{"@type":"WebSite","@id":"https:\/\/www.gonbox.com\/#website","url":"https:\/\/www.gonbox.com\/","name":"Gonbox","description":"Everyone Can Mine Bitcoin","publisher":{"@id":"https:\/\/www.gonbox.com\/#organization"},"potentialAction":[{"@type":"SearchAction","target":{"@type":"EntryPoint","urlTemplate":"https:\/\/www.gonbox.com\/?s={search_term_string}"},"query-input":"required name=search_term_string"}],"inLanguage":"da-DK"},{"@type":"Organization","@id":"https:\/\/www.gonbox.com\/#organization","name":"GONBOX GROUP INC","url":"https:\/\/www.gonbox.com\/","logo":{"@type":"ImageObject","inLanguage":"da-DK","@id":"https:\/\/www.gonbox.com\/#\/schema\/logo\/image\/","url":"https:\/\/5n57c6.p3cdn1.secureserver.net\/wp-content\/uploads\/2022\/12\/logo.png?time=1669965474","contentUrl":"https:\/\/5n57c6.p3cdn1.secureserver.net\/wp-content\/uploads\/2022\/12\/logo.png?time=1669965474","width":130,"height":84,"caption":"GONBOX GROUP INC"},"image":{"@id":"https:\/\/www.gonbox.com\/#\/schema\/logo\/image\/"},"sameAs":["https:\/\/www.facebook.com\/gonboxmining\/","https:\/\/twitter.com\/gonbox_com"]}]}},"jetpack_sharing_enabled":true,"_links":{"self":[{"href":"https:\/\/www.gonbox.com\/da\/wp-json\/wp\/v2\/product\/1198","targetHints":{"allow":["GET"]}}],"collection":[{"href":"https:\/\/www.gonbox.com\/da\/wp-json\/wp\/v2\/product"}],"about":[{"href":"https:\/\/www.gonbox.com\/da\/wp-json\/wp\/v2\/types\/product"}],"replies":[{"embeddable":true,"href":"https:\/\/www.gonbox.com\/da\/wp-json\/wp\/v2\/comments?post=1198"}],"wp:featuredmedia":[{"embeddable":true,"href":"https:\/\/www.gonbox.com\/da\/wp-json\/wp\/v2\/media\/2684"}],"wp:attachment":[{"href":"https:\/\/www.gonbox.com\/da\/wp-json\/wp\/v2\/media?parent=1198"}],"wp:term":[{"taxonomy":"product_cat","embeddable":true,"href":"https:\/\/www.gonbox.com\/da\/wp-json\/wp\/v2\/product_cat?post=1198"},{"taxonomy":"product_tag","embeddable":true,"href":"https:\/\/www.gonbox.com\/da\/wp-json\/wp\/v2\/product_tag?post=1198"}],"curies":[{"name":"wp","href":"https:\/\/api.w.org\/{rel}","templated":true}]}}