{"id":2327,"date":"2022-12-31T09:45:59","date_gmt":"2022-12-31T04:45:59","guid":{"rendered":"https:\/\/www.gonbox.com\/?post_type=product&#038;p=2327"},"modified":"2023-02-28T12:47:48","modified_gmt":"2023-02-28T07:47:48","slug":"304-stainless-steel-bellows","status":"publish","type":"product","link":"https:\/\/www.gonbox.com\/da\/vare\/304-stainless-steel-bellows\/","title":{"rendered":"304 rustfri st\u00e5lb\u00e6lge"},"content":{"rendered":"<p><strong>Produktdetaljer:<\/strong><\/p>\n<p>Material: 304 stainless steel<br \/>\nThread specification\uff1a3\/4&#8242;<br \/>\nThread reference diameter\uff1a1in(25mm)<\/p>\n<p>Made of 304 stainless steel, not easy to rust, high temperature resistant, safe and reliable<br \/>\nIt can be bent and shaped arbitrarily, beautiful and neat, adapting to complex environments<br \/>\nThe process of making bellows can be operated by hand, and there are supporting tools in the optional package, welcome to buy<\/p>\n<p><img data-recalc-dims=\"1\" loading=\"lazy\" decoding=\"async\" class=\"alignnone size-full wp-image-2435\" src=\"https:\/\/i0.wp.com\/www.gonbox.com\/wp-content\/uploads\/2022\/12\/3-9.jpg?resize=790%2C1082&#038;ssl=1\" alt=\"\" width=\"790\" height=\"1082\" srcset=\"https:\/\/i0.wp.com\/www.gonbox.com\/wp-content\/uploads\/2022\/12\/3-9.jpg?w=790&amp;ssl=1 790w, https:\/\/i0.wp.com\/www.gonbox.com\/wp-content\/uploads\/2022\/12\/3-9.jpg?resize=292%2C400&amp;ssl=1 292w, https:\/\/i0.wp.com\/www.gonbox.com\/wp-content\/uploads\/2022\/12\/3-9.jpg?resize=584%2C800&amp;ssl=1 584w, https:\/\/i0.wp.com\/www.gonbox.com\/wp-content\/uploads\/2022\/12\/3-9.jpg?resize=768%2C1052&amp;ssl=1 768w, https:\/\/i0.wp.com\/www.gonbox.com\/wp-content\/uploads\/2022\/12\/3-9.jpg?resize=510%2C699&amp;ssl=1 510w, https:\/\/i0.wp.com\/www.gonbox.com\/wp-content\/uploads\/2022\/12\/3-9.jpg?resize=100%2C137&amp;ssl=1 100w\" sizes=\"auto, (max-width: 790px) 100vw, 790px\" \/><img data-recalc-dims=\"1\" loading=\"lazy\" decoding=\"async\" class=\"alignnone size-full wp-image-2437\" src=\"https:\/\/i0.wp.com\/www.gonbox.com\/wp-content\/uploads\/2022\/12\/5-6.jpg?resize=790%2C1650&#038;ssl=1\" alt=\"\" width=\"790\" height=\"1650\" srcset=\"https:\/\/i0.wp.com\/www.gonbox.com\/wp-content\/uploads\/2022\/12\/5-6.jpg?w=790&amp;ssl=1 790w, https:\/\/i0.wp.com\/www.gonbox.com\/wp-content\/uploads\/2022\/12\/5-6.jpg?resize=192%2C400&amp;ssl=1 192w, https:\/\/i0.wp.com\/www.gonbox.com\/wp-content\/uploads\/2022\/12\/5-6.jpg?resize=383%2C800&amp;ssl=1 383w, https:\/\/i0.wp.com\/www.gonbox.com\/wp-content\/uploads\/2022\/12\/5-6.jpg?resize=768%2C1604&amp;ssl=1 768w, https:\/\/i0.wp.com\/www.gonbox.com\/wp-content\/uploads\/2022\/12\/5-6.jpg?resize=735%2C1536&amp;ssl=1 735w, https:\/\/i0.wp.com\/www.gonbox.com\/wp-content\/uploads\/2022\/12\/5-6.jpg?resize=510%2C1065&amp;ssl=1 510w, https:\/\/i0.wp.com\/www.gonbox.com\/wp-content\/uploads\/2022\/12\/5-6.jpg?resize=100%2C209&amp;ssl=1 100w\" sizes=\"auto, (max-width: 790px) 100vw, 790px\" \/><img data-recalc-dims=\"1\" loading=\"lazy\" decoding=\"async\" class=\"alignnone size-full wp-image-2439\" src=\"https:\/\/i0.wp.com\/www.gonbox.com\/wp-content\/uploads\/2022\/12\/7-6.jpg?resize=790%2C850&#038;ssl=1\" alt=\"\" width=\"790\" height=\"850\" srcset=\"https:\/\/i0.wp.com\/www.gonbox.com\/wp-content\/uploads\/2022\/12\/7-6.jpg?w=790&amp;ssl=1 790w, https:\/\/i0.wp.com\/www.gonbox.com\/wp-content\/uploads\/2022\/12\/7-6.jpg?resize=372%2C400&amp;ssl=1 372w, https:\/\/i0.wp.com\/www.gonbox.com\/wp-content\/uploads\/2022\/12\/7-6.jpg?resize=744%2C800&amp;ssl=1 744w, https:\/\/i0.wp.com\/www.gonbox.com\/wp-content\/uploads\/2022\/12\/7-6.jpg?resize=768%2C826&amp;ssl=1 768w, https:\/\/i0.wp.com\/www.gonbox.com\/wp-content\/uploads\/2022\/12\/7-6.jpg?resize=510%2C549&amp;ssl=1 510w, https:\/\/i0.wp.com\/www.gonbox.com\/wp-content\/uploads\/2022\/12\/7-6.jpg?resize=100%2C108&amp;ssl=1 100w\" sizes=\"auto, (max-width: 790px) 100vw, 790px\" \/><img data-recalc-dims=\"1\" loading=\"lazy\" decoding=\"async\" class=\"alignnone size-full wp-image-2440\" src=\"https:\/\/i0.wp.com\/www.gonbox.com\/wp-content\/uploads\/2022\/12\/8-4.jpg?resize=790%2C790&#038;ssl=1\" alt=\"\" width=\"790\" height=\"790\" srcset=\"https:\/\/i0.wp.com\/www.gonbox.com\/wp-content\/uploads\/2022\/12\/8-4.jpg?w=790&amp;ssl=1 790w, https:\/\/i0.wp.com\/www.gonbox.com\/wp-content\/uploads\/2022\/12\/8-4.jpg?resize=400%2C400&amp;ssl=1 400w, https:\/\/i0.wp.com\/www.gonbox.com\/wp-content\/uploads\/2022\/12\/8-4.jpg?resize=280%2C280&amp;ssl=1 280w, https:\/\/i0.wp.com\/www.gonbox.com\/wp-content\/uploads\/2022\/12\/8-4.jpg?resize=768%2C768&amp;ssl=1 768w, https:\/\/i0.wp.com\/www.gonbox.com\/wp-content\/uploads\/2022\/12\/8-4.jpg?resize=510%2C510&amp;ssl=1 510w, https:\/\/i0.wp.com\/www.gonbox.com\/wp-content\/uploads\/2022\/12\/8-4.jpg?resize=100%2C100&amp;ssl=1 100w, https:\/\/i0.wp.com\/www.gonbox.com\/wp-content\/uploads\/2022\/12\/8-4.jpg?resize=50%2C50&amp;ssl=1 50w\" sizes=\"auto, (max-width: 790px) 100vw, 790px\" \/><\/p>\n<p>&nbsp;<\/p>\n<p><strong>K\u00f8bsnoter:<\/strong><\/p>\n<p>1. Grundl\u00e6ggende byttepolitik: Bortset fra de varer, der tydeligt er markeret p\u00e5 siden med produktdetaljer og bekr\u00e6ftet p\u00e5 k\u00f8bstidspunktet, at &quot;ingen grund til at returnere eller bytte er ikke underst\u00f8ttet&quot;. Produkter p\u00e5 GONBOX-kolonnen kan ans\u00f8ges om udskiftning under foruds\u00e6tning af, at produkterne er i god stand, ubrugte eller beskadigede, og at tilbeh\u00f8ret er komplet<\/p>\n<p>2.For specifikke garantioplysninger henvises til: &quot;GONBOX Global Warranty Rules&quot;\u00a0\u00a0<a href=\"https:\/\/www.gonbox.com\/da\/gonbox-product-warranty-terms\/\">https:\/\/www.gonbox.com\/gonbox-product-warranty-terms\/<\/a><br \/>\n(Bem\u00e6rk: Du skal selv afholde erstatningsfragtgebyret)<\/p>\n<p>3. Postordre: l\u00e6s venligst &quot;Global Logistics Price Reference Instructions&quot;\u00a0<a href=\"https:\/\/www.gonbox.com\/da\/global-logistics-price-reference-instructions\/\">https:\/\/www.gonbox.com\/global-logistics-price-reference-instructions\/<\/a><\/p>","protected":false},"excerpt":{"rendered":"<p>Product Details\uff1a Material: 304 stainless steel Thread specification\uff1a3\/4&#8242; Thread reference diameter\uff1a1in(25mm) Made of 304 stainless steel, not easy to rust, high temperature resistant, safe and reliable It can be bent and shaped arbitrarily, beautiful and neat, adapting to complex environments The process of making bellows can be operated by hand, and there are supporting tools [&#8230;]\n","protected":false},"featured_media":2832,"comment_status":"open","ping_status":"closed","template":"","meta":[],"product_cat":[15,79],"product_tag":[],"class_list":["post-2327","product","type-product","status-publish","has-post-thumbnail","hentry","product_cat-oil-cooling-mall","product_cat-all"],"yoast_head":"<!-- This site is optimized with the Yoast SEO plugin v20.2.1 - https:\/\/yoast.com\/wordpress\/plugins\/seo\/ -->\n<title>304 Stainless Steel Bellows - Gonbox<\/title>\n<meta name=\"robots\" content=\"index, follow, max-snippet:-1, max-image-preview:large, max-video-preview:-1\" \/>\n<link rel=\"canonical\" href=\"https:\/\/www.gonbox.com\/da\/vare\/304-stainless-steel-bellows\/\" \/>\n<meta property=\"og:locale\" content=\"da_DK\" \/>\n<meta property=\"og:type\" content=\"article\" \/>\n<meta property=\"og:title\" content=\"304 Stainless Steel Bellows - Gonbox\" \/>\n<meta property=\"og:description\" content=\"Product Details\uff1a Material: 304 stainless steel Thread specification\uff1a3\/4&#8242; Thread reference diameter\uff1a1in(25mm) Made of 304 stainless steel, not easy to rust, high temperature resistant, safe and reliable It can be bent and shaped arbitrarily, beautiful and neat, adapting to complex environments The process of making bellows can be operated by hand, and there are supporting tools [...]\" \/>\n<meta property=\"og:url\" content=\"https:\/\/www.gonbox.com\/da\/vare\/304-stainless-steel-bellows\/\" \/>\n<meta property=\"og:site_name\" content=\"Gonbox\" \/>\n<meta property=\"article:publisher\" content=\"https:\/\/www.facebook.com\/gonboxmining\/\" \/>\n<meta property=\"article:modified_time\" content=\"2023-02-28T07:47:48+00:00\" \/>\n<meta property=\"og:image\" content=\"https:\/\/www.gonbox.com\/wp-content\/uploads\/2022\/12\/\u5fae\u4fe1\u56fe\u7247_20230107102954-1.png\" \/>\n\t<meta property=\"og:image:width\" content=\"607\" \/>\n\t<meta property=\"og:image:height\" content=\"662\" \/>\n\t<meta property=\"og:image:type\" content=\"image\/png\" \/>\n<meta name=\"twitter:card\" content=\"summary_large_image\" \/>\n<meta name=\"twitter:site\" content=\"@gonbox_com\" \/>\n<meta name=\"twitter:label1\" content=\"Estimeret l\u00e6setid\" \/>\n\t<meta name=\"twitter:data1\" content=\"2 minutter\" \/>\n<script type=\"application\/ld+json\" class=\"yoast-schema-graph\">{\"@context\":\"https:\/\/schema.org\",\"@graph\":[{\"@type\":\"WebPage\",\"@id\":\"https:\/\/www.gonbox.com\/product\/304-stainless-steel-bellows\/\",\"url\":\"https:\/\/www.gonbox.com\/product\/304-stainless-steel-bellows\/\",\"name\":\"304 Stainless Steel Bellows - Gonbox\",\"isPartOf\":{\"@id\":\"https:\/\/www.gonbox.com\/#website\"},\"datePublished\":\"2022-12-31T04:45:59+00:00\",\"dateModified\":\"2023-02-28T07:47:48+00:00\",\"breadcrumb\":{\"@id\":\"https:\/\/www.gonbox.com\/product\/304-stainless-steel-bellows\/#breadcrumb\"},\"inLanguage\":\"da-DK\",\"potentialAction\":[{\"@type\":\"ReadAction\",\"target\":[\"https:\/\/www.gonbox.com\/product\/304-stainless-steel-bellows\/\"]}]},{\"@type\":\"BreadcrumbList\",\"@id\":\"https:\/\/www.gonbox.com\/product\/304-stainless-steel-bellows\/#breadcrumb\",\"itemListElement\":[{\"@type\":\"ListItem\",\"position\":1,\"name\":\"\u9996\u9875\",\"item\":\"https:\/\/www.gonbox.com\/\"},{\"@type\":\"ListItem\",\"position\":2,\"name\":\"Shop\",\"item\":\"https:\/\/www.gonbox.com\/shop\/\"},{\"@type\":\"ListItem\",\"position\":3,\"name\":\"304 Stainless Steel Bellows\"}]},{\"@type\":\"WebSite\",\"@id\":\"https:\/\/www.gonbox.com\/#website\",\"url\":\"https:\/\/www.gonbox.com\/\",\"name\":\"Gonbox\",\"description\":\"Everyone Can Mine Bitcoin\",\"publisher\":{\"@id\":\"https:\/\/www.gonbox.com\/#organization\"},\"potentialAction\":[{\"@type\":\"SearchAction\",\"target\":{\"@type\":\"EntryPoint\",\"urlTemplate\":\"https:\/\/www.gonbox.com\/?s={search_term_string}\"},\"query-input\":\"required name=search_term_string\"}],\"inLanguage\":\"da-DK\"},{\"@type\":\"Organization\",\"@id\":\"https:\/\/www.gonbox.com\/#organization\",\"name\":\"GONBOX GROUP INC\",\"url\":\"https:\/\/www.gonbox.com\/\",\"logo\":{\"@type\":\"ImageObject\",\"inLanguage\":\"da-DK\",\"@id\":\"https:\/\/www.gonbox.com\/#\/schema\/logo\/image\/\",\"url\":\"https:\/\/5n57c6.p3cdn1.secureserver.net\/wp-content\/uploads\/2022\/12\/logo.png?time=1669965474\",\"contentUrl\":\"https:\/\/5n57c6.p3cdn1.secureserver.net\/wp-content\/uploads\/2022\/12\/logo.png?time=1669965474\",\"width\":130,\"height\":84,\"caption\":\"GONBOX GROUP INC\"},\"image\":{\"@id\":\"https:\/\/www.gonbox.com\/#\/schema\/logo\/image\/\"},\"sameAs\":[\"https:\/\/www.facebook.com\/gonboxmining\/\",\"https:\/\/twitter.com\/gonbox_com\"]}]}<\/script>\n<!-- \/ Yoast SEO plugin. -->","yoast_head_json":{"title":"304 Stainless Steel Bellows - Gonbox","robots":{"index":"index","follow":"follow","max-snippet":"max-snippet:-1","max-image-preview":"max-image-preview:large","max-video-preview":"max-video-preview:-1"},"canonical":"https:\/\/www.gonbox.com\/da\/vare\/304-stainless-steel-bellows\/","og_locale":"da_DK","og_type":"article","og_title":"304 Stainless Steel Bellows - Gonbox","og_description":"Product Details\uff1a Material: 304 stainless steel Thread specification\uff1a3\/4&#8242; Thread reference diameter\uff1a1in(25mm) Made of 304 stainless steel, not easy to rust, high temperature resistant, safe and reliable It can be bent and shaped arbitrarily, beautiful and neat, adapting to complex environments The process of making bellows can be operated by hand, and there are supporting tools [...]","og_url":"https:\/\/www.gonbox.com\/da\/vare\/304-stainless-steel-bellows\/","og_site_name":"Gonbox","article_publisher":"https:\/\/www.facebook.com\/gonboxmining\/","article_modified_time":"2023-02-28T07:47:48+00:00","og_image":[{"width":607,"height":662,"url":"https:\/\/www.gonbox.com\/wp-content\/uploads\/2022\/12\/\u5fae\u4fe1\u56fe\u7247_20230107102954-1.png","type":"image\/png"}],"twitter_card":"summary_large_image","twitter_site":"@gonbox_com","twitter_misc":{"Estimeret l\u00e6setid":"2 minutter"},"schema":{"@context":"https:\/\/schema.org","@graph":[{"@type":"WebPage","@id":"https:\/\/www.gonbox.com\/product\/304-stainless-steel-bellows\/","url":"https:\/\/www.gonbox.com\/product\/304-stainless-steel-bellows\/","name":"304 Stainless Steel Bellows - Gonbox","isPartOf":{"@id":"https:\/\/www.gonbox.com\/#website"},"datePublished":"2022-12-31T04:45:59+00:00","dateModified":"2023-02-28T07:47:48+00:00","breadcrumb":{"@id":"https:\/\/www.gonbox.com\/product\/304-stainless-steel-bellows\/#breadcrumb"},"inLanguage":"da-DK","potentialAction":[{"@type":"ReadAction","target":["https:\/\/www.gonbox.com\/product\/304-stainless-steel-bellows\/"]}]},{"@type":"BreadcrumbList","@id":"https:\/\/www.gonbox.com\/product\/304-stainless-steel-bellows\/#breadcrumb","itemListElement":[{"@type":"ListItem","position":1,"name":"\u9996\u9875","item":"https:\/\/www.gonbox.com\/"},{"@type":"ListItem","position":2,"name":"Shop","item":"https:\/\/www.gonbox.com\/shop\/"},{"@type":"ListItem","position":3,"name":"304 Stainless Steel Bellows"}]},{"@type":"WebSite","@id":"https:\/\/www.gonbox.com\/#website","url":"https:\/\/www.gonbox.com\/","name":"Gonbox","description":"Everyone Can Mine Bitcoin","publisher":{"@id":"https:\/\/www.gonbox.com\/#organization"},"potentialAction":[{"@type":"SearchAction","target":{"@type":"EntryPoint","urlTemplate":"https:\/\/www.gonbox.com\/?s={search_term_string}"},"query-input":"required name=search_term_string"}],"inLanguage":"da-DK"},{"@type":"Organization","@id":"https:\/\/www.gonbox.com\/#organization","name":"GONBOX GROUP INC","url":"https:\/\/www.gonbox.com\/","logo":{"@type":"ImageObject","inLanguage":"da-DK","@id":"https:\/\/www.gonbox.com\/#\/schema\/logo\/image\/","url":"https:\/\/5n57c6.p3cdn1.secureserver.net\/wp-content\/uploads\/2022\/12\/logo.png?time=1669965474","contentUrl":"https:\/\/5n57c6.p3cdn1.secureserver.net\/wp-content\/uploads\/2022\/12\/logo.png?time=1669965474","width":130,"height":84,"caption":"GONBOX GROUP INC"},"image":{"@id":"https:\/\/www.gonbox.com\/#\/schema\/logo\/image\/"},"sameAs":["https:\/\/www.facebook.com\/gonboxmining\/","https:\/\/twitter.com\/gonbox_com"]}]}},"jetpack_sharing_enabled":true,"_links":{"self":[{"href":"https:\/\/www.gonbox.com\/da\/wp-json\/wp\/v2\/product\/2327","targetHints":{"allow":["GET"]}}],"collection":[{"href":"https:\/\/www.gonbox.com\/da\/wp-json\/wp\/v2\/product"}],"about":[{"href":"https:\/\/www.gonbox.com\/da\/wp-json\/wp\/v2\/types\/product"}],"replies":[{"embeddable":true,"href":"https:\/\/www.gonbox.com\/da\/wp-json\/wp\/v2\/comments?post=2327"}],"wp:featuredmedia":[{"embeddable":true,"href":"https:\/\/www.gonbox.com\/da\/wp-json\/wp\/v2\/media\/2832"}],"wp:attachment":[{"href":"https:\/\/www.gonbox.com\/da\/wp-json\/wp\/v2\/media?parent=2327"}],"wp:term":[{"taxonomy":"product_cat","embeddable":true,"href":"https:\/\/www.gonbox.com\/da\/wp-json\/wp\/v2\/product_cat?post=2327"},{"taxonomy":"product_tag","embeddable":true,"href":"https:\/\/www.gonbox.com\/da\/wp-json\/wp\/v2\/product_tag?post=2327"}],"curies":[{"name":"wp","href":"https:\/\/api.w.org\/{rel}","templated":true}]}}