{"id":2473,"date":"2023-01-03T16:08:08","date_gmt":"2023-01-03T11:08:08","guid":{"rendered":"https:\/\/www.gonbox.com\/?post_type=product&#038;p=2473"},"modified":"2023-02-21T12:41:36","modified_gmt":"2023-02-21T07:41:36","slug":"8l-expansion-tank","status":"publish","type":"product","link":"https:\/\/www.gonbox.com\/da\/vare\/8l-expansion-tank\/","title":{"rendered":"Ekspansionsbeholder"},"content":{"rendered":"<p><strong>Produktdetaljer:<\/strong><\/p>\n<p>Shell material: carbon steel\/304 stainless steel\/customizable 316 material<br \/>\nmodel: 8L<br \/>\nTemperature resistance: &#8211; 10~99 \u00b0 C<br \/>\nColor: red\/blue\/custom-made white<br \/>\nAirbag material: EPDM<br \/>\nPressure bearing: 6bar\/10bar<br \/>\nDiameter: 8 inches<br \/>\nHeight: 13 inches<br \/>\nInterface: G3\/4 &#8220;or G1<br \/>\nApplicable medium: water\/glycol solvent (concentration below 50%)<\/p>\n<p><img data-recalc-dims=\"1\" loading=\"lazy\" decoding=\"async\" class=\"alignnone size-full wp-image-3260\" src=\"https:\/\/i0.wp.com\/www.gonbox.com\/wp-content\/uploads\/2023\/01\/02-11.jpg?resize=800%2C800&#038;ssl=1\" alt=\"\" width=\"800\" height=\"800\" srcset=\"https:\/\/i0.wp.com\/www.gonbox.com\/wp-content\/uploads\/2023\/01\/02-11.jpg?w=800&amp;ssl=1 800w, https:\/\/i0.wp.com\/www.gonbox.com\/wp-content\/uploads\/2023\/01\/02-11.jpg?resize=400%2C400&amp;ssl=1 400w, https:\/\/i0.wp.com\/www.gonbox.com\/wp-content\/uploads\/2023\/01\/02-11.jpg?resize=280%2C280&amp;ssl=1 280w, https:\/\/i0.wp.com\/www.gonbox.com\/wp-content\/uploads\/2023\/01\/02-11.jpg?resize=768%2C768&amp;ssl=1 768w, https:\/\/i0.wp.com\/www.gonbox.com\/wp-content\/uploads\/2023\/01\/02-11.jpg?resize=510%2C510&amp;ssl=1 510w, https:\/\/i0.wp.com\/www.gonbox.com\/wp-content\/uploads\/2023\/01\/02-11.jpg?resize=100%2C100&amp;ssl=1 100w, https:\/\/i0.wp.com\/www.gonbox.com\/wp-content\/uploads\/2023\/01\/02-11.jpg?resize=50%2C50&amp;ssl=1 50w\" sizes=\"auto, (max-width: 800px) 100vw, 800px\" \/><\/p>\n<p><img data-recalc-dims=\"1\" loading=\"lazy\" decoding=\"async\" class=\"alignnone size-full wp-image-3261\" src=\"https:\/\/i0.wp.com\/www.gonbox.com\/wp-content\/uploads\/2023\/01\/04-8.jpg?resize=800%2C800&#038;ssl=1\" alt=\"\" width=\"800\" height=\"800\" srcset=\"https:\/\/i0.wp.com\/www.gonbox.com\/wp-content\/uploads\/2023\/01\/04-8.jpg?w=800&amp;ssl=1 800w, https:\/\/i0.wp.com\/www.gonbox.com\/wp-content\/uploads\/2023\/01\/04-8.jpg?resize=400%2C400&amp;ssl=1 400w, https:\/\/i0.wp.com\/www.gonbox.com\/wp-content\/uploads\/2023\/01\/04-8.jpg?resize=280%2C280&amp;ssl=1 280w, https:\/\/i0.wp.com\/www.gonbox.com\/wp-content\/uploads\/2023\/01\/04-8.jpg?resize=768%2C768&amp;ssl=1 768w, https:\/\/i0.wp.com\/www.gonbox.com\/wp-content\/uploads\/2023\/01\/04-8.jpg?resize=510%2C510&amp;ssl=1 510w, https:\/\/i0.wp.com\/www.gonbox.com\/wp-content\/uploads\/2023\/01\/04-8.jpg?resize=100%2C100&amp;ssl=1 100w, https:\/\/i0.wp.com\/www.gonbox.com\/wp-content\/uploads\/2023\/01\/04-8.jpg?resize=50%2C50&amp;ssl=1 50w\" sizes=\"auto, (max-width: 800px) 100vw, 800px\" \/><\/p>\n<p>The airbag meets the drinking water standardltalian production technology, excellent quality.<\/p>\n<p><img data-recalc-dims=\"1\" loading=\"lazy\" decoding=\"async\" class=\"alignnone size-full wp-image-2477\" src=\"https:\/\/i0.wp.com\/www.gonbox.com\/wp-content\/uploads\/2023\/01\/04-2.jpg?resize=750%2C751&#038;ssl=1\" alt=\"\" width=\"750\" height=\"751\" srcset=\"https:\/\/i0.wp.com\/www.gonbox.com\/wp-content\/uploads\/2023\/01\/04-2.jpg?w=750&amp;ssl=1 750w, https:\/\/i0.wp.com\/www.gonbox.com\/wp-content\/uploads\/2023\/01\/04-2.jpg?resize=399%2C400&amp;ssl=1 399w, https:\/\/i0.wp.com\/www.gonbox.com\/wp-content\/uploads\/2023\/01\/04-2.jpg?resize=280%2C280&amp;ssl=1 280w, https:\/\/i0.wp.com\/www.gonbox.com\/wp-content\/uploads\/2023\/01\/04-2.jpg?resize=510%2C511&amp;ssl=1 510w, https:\/\/i0.wp.com\/www.gonbox.com\/wp-content\/uploads\/2023\/01\/04-2.jpg?resize=100%2C100&amp;ssl=1 100w, https:\/\/i0.wp.com\/www.gonbox.com\/wp-content\/uploads\/2023\/01\/04-2.jpg?resize=50%2C50&amp;ssl=1 50w\" sizes=\"auto, (max-width: 750px) 100vw, 750px\" \/><\/p>\n<p><img data-recalc-dims=\"1\" loading=\"lazy\" decoding=\"async\" class=\"alignnone size-full wp-image-2871\" src=\"https:\/\/i0.wp.com\/www.gonbox.com\/wp-content\/uploads\/2023\/01\/5.png?resize=758%2C405&#038;ssl=1\" alt=\"\" width=\"758\" height=\"405\" srcset=\"https:\/\/i0.wp.com\/www.gonbox.com\/wp-content\/uploads\/2023\/01\/5.png?w=758&amp;ssl=1 758w, https:\/\/i0.wp.com\/www.gonbox.com\/wp-content\/uploads\/2023\/01\/5.png?resize=749%2C400&amp;ssl=1 749w, https:\/\/i0.wp.com\/www.gonbox.com\/wp-content\/uploads\/2023\/01\/5.png?resize=510%2C272&amp;ssl=1 510w, https:\/\/i0.wp.com\/www.gonbox.com\/wp-content\/uploads\/2023\/01\/5.png?resize=100%2C53&amp;ssl=1 100w\" sizes=\"auto, (max-width: 758px) 100vw, 758px\" \/><\/p>\n<p><img data-recalc-dims=\"1\" loading=\"lazy\" decoding=\"async\" class=\"alignnone size-full wp-image-2480\" src=\"https:\/\/i0.wp.com\/www.gonbox.com\/wp-content\/uploads\/2023\/01\/07-1.jpg?resize=750%2C443&#038;ssl=1\" alt=\"\" width=\"750\" height=\"443\" srcset=\"https:\/\/i0.wp.com\/www.gonbox.com\/wp-content\/uploads\/2023\/01\/07-1.jpg?w=750&amp;ssl=1 750w, https:\/\/i0.wp.com\/www.gonbox.com\/wp-content\/uploads\/2023\/01\/07-1.jpg?resize=677%2C400&amp;ssl=1 677w, https:\/\/i0.wp.com\/www.gonbox.com\/wp-content\/uploads\/2023\/01\/07-1.jpg?resize=510%2C301&amp;ssl=1 510w, https:\/\/i0.wp.com\/www.gonbox.com\/wp-content\/uploads\/2023\/01\/07-1.jpg?resize=100%2C59&amp;ssl=1 100w\" sizes=\"auto, (max-width: 750px) 100vw, 750px\" \/><\/p>\n<p><img data-recalc-dims=\"1\" loading=\"lazy\" decoding=\"async\" class=\"alignnone size-full wp-image-2481\" src=\"https:\/\/i0.wp.com\/www.gonbox.com\/wp-content\/uploads\/2023\/01\/12-1.jpg?resize=750%2C1308&#038;ssl=1\" alt=\"\" width=\"750\" height=\"1308\" srcset=\"https:\/\/i0.wp.com\/www.gonbox.com\/wp-content\/uploads\/2023\/01\/12-1.jpg?w=750&amp;ssl=1 750w, https:\/\/i0.wp.com\/www.gonbox.com\/wp-content\/uploads\/2023\/01\/12-1.jpg?resize=229%2C400&amp;ssl=1 229w, https:\/\/i0.wp.com\/www.gonbox.com\/wp-content\/uploads\/2023\/01\/12-1.jpg?resize=459%2C800&amp;ssl=1 459w, https:\/\/i0.wp.com\/www.gonbox.com\/wp-content\/uploads\/2023\/01\/12-1.jpg?resize=510%2C889&amp;ssl=1 510w, https:\/\/i0.wp.com\/www.gonbox.com\/wp-content\/uploads\/2023\/01\/12-1.jpg?resize=100%2C174&amp;ssl=1 100w\" sizes=\"auto, (max-width: 750px) 100vw, 750px\" \/><\/p>\n<p>Figure 1:<br \/>\n1. Dust protection cover<br \/>\n2. Inflatable nozzle<br \/>\nThe tank can be inflated or deflated according to the system operating pressure<br \/>\nFigure 2:<br \/>\nStainless steel exhaust valve<br \/>\nUnscrew the top stainless steel nut to remove the gas mixed in the water, which is conducive to the stable operation of the system<br \/>\nFigure 3:<br \/>\nPressure gauge<br \/>\nThe pre charge pressure in the tank is displayed before delivery, and the system water pressure is displayed after use<\/p>\n<p><img data-recalc-dims=\"1\" loading=\"lazy\" decoding=\"async\" class=\"alignnone size-full wp-image-2483\" src=\"https:\/\/i0.wp.com\/www.gonbox.com\/wp-content\/uploads\/2023\/01\/14-1.jpg?resize=750%2C388&#038;ssl=1\" alt=\"\" width=\"750\" height=\"388\" srcset=\"https:\/\/i0.wp.com\/www.gonbox.com\/wp-content\/uploads\/2023\/01\/14-1.jpg?w=750&amp;ssl=1 750w, https:\/\/i0.wp.com\/www.gonbox.com\/wp-content\/uploads\/2023\/01\/14-1.jpg?resize=510%2C264&amp;ssl=1 510w, https:\/\/i0.wp.com\/www.gonbox.com\/wp-content\/uploads\/2023\/01\/14-1.jpg?resize=100%2C52&amp;ssl=1 100w\" sizes=\"auto, (max-width: 750px) 100vw, 750px\" \/><\/p>\n<p>Exquisite welds:<br \/>\nAutomated weldingNo welding slag in the tankNo harm to the airbagThick paint without saving materialAnti-rust treatment inside and outsidethe tank<\/p>\n<p><img data-recalc-dims=\"1\" loading=\"lazy\" decoding=\"async\" class=\"alignnone size-full wp-image-2486\" src=\"https:\/\/i0.wp.com\/www.gonbox.com\/wp-content\/uploads\/2023\/01\/16-1.jpg?resize=750%2C387&#038;ssl=1\" alt=\"\" width=\"750\" height=\"387\" srcset=\"https:\/\/i0.wp.com\/www.gonbox.com\/wp-content\/uploads\/2023\/01\/16-1.jpg?w=750&amp;ssl=1 750w, https:\/\/i0.wp.com\/www.gonbox.com\/wp-content\/uploads\/2023\/01\/16-1.jpg?resize=510%2C263&amp;ssl=1 510w, https:\/\/i0.wp.com\/www.gonbox.com\/wp-content\/uploads\/2023\/01\/16-1.jpg?resize=100%2C52&amp;ssl=1 100w\" sizes=\"auto, (max-width: 750px) 100vw, 750px\" \/><\/p>\n<p>Safety Air bag:<br \/>\nEPDM or butyl rubber materialGood air tightnessHigh temperature resistance andaging resistancelong lasting<\/p>\n<p><strong>reminder:<\/strong><\/p>\n<p>Since the customer&#8217;s operating pressure cannot be predicted, the factory default pre charging pressure of the expansion tank is: 2 bar for 6 kg pre charge and 2.5 bar for 10 kg pre charge. Before use, the user needs to supplement the air pressure in the tank to between 1\/2 and 3\/5 of the normal operating pressure of the system, or inform the supplier of the operating pressure before shipment, and the supplier will fill the air pressure to an appropriate value (in order to ensure transportation safety, the pre charging pressure is generally below 4 bar). If the air pressure is not supplemented before use, If the airbag is broken, it is not covered by the warranty.<\/p>\n<p>&nbsp;<\/p>\n<p><strong>K\u00f8bsnoter:<\/strong><\/p>\n<p>1. Grundl\u00e6ggende byttepolitik: Bortset fra de varer, der tydeligt er markeret p\u00e5 siden med produktdetaljer og bekr\u00e6ftet p\u00e5 k\u00f8bstidspunktet, at &quot;ingen grund til at returnere eller bytte er ikke underst\u00f8ttet&quot;. Produkter p\u00e5 GONBOX-kolonnen kan ans\u00f8ges om udskiftning under foruds\u00e6tning af, at produkterne er i god stand, ubrugte eller beskadigede, og at tilbeh\u00f8ret er komplet<\/p>\n<p>2.For specifikke garantioplysninger henvises til: &quot;GONBOX Global Warranty Rules&quot;\u00a0\u00a0<a href=\"https:\/\/www.gonbox.com\/da\/gonbox-product-warranty-terms\/\">https:\/\/www.gonbox.com\/gonbox-product-warranty-terms\/<\/a><br \/>\n(Bem\u00e6rk: Du skal selv afholde erstatningsfragtgebyret)<\/p>\n<p>3. Postordre: l\u00e6s venligst &quot;Global Logistics Price Reference Instructions&quot;\u00a0<a href=\"https:\/\/www.gonbox.com\/da\/global-logistics-price-reference-instructions\/\">https:\/\/www.gonbox.com\/global-logistics-price-reference-instructions\/<\/a><\/p>","protected":false},"excerpt":{"rendered":"<p>model: 2.11Gal(8L)<br \/>\nPressure bearing: 6bar\/10bar<\/p>","protected":false},"featured_media":3241,"comment_status":"open","ping_status":"closed","template":"","meta":[],"product_cat":[15,79],"product_tag":[],"class_list":["post-2473","product","type-product","status-publish","has-post-thumbnail","hentry","product_cat-oil-cooling-mall","product_cat-all"],"yoast_head":"<!-- This site is optimized with the Yoast SEO plugin v20.2.1 - https:\/\/yoast.com\/wordpress\/plugins\/seo\/ -->\n<title>Expansion Tank - Gonbox<\/title>\n<meta name=\"robots\" content=\"index, follow, max-snippet:-1, max-image-preview:large, max-video-preview:-1\" \/>\n<link rel=\"canonical\" href=\"https:\/\/www.gonbox.com\/da\/vare\/8l-expansion-tank\/\" \/>\n<meta property=\"og:locale\" content=\"da_DK\" \/>\n<meta property=\"og:type\" content=\"article\" \/>\n<meta property=\"og:title\" content=\"Expansion Tank - Gonbox\" \/>\n<meta property=\"og:description\" content=\"model: 2.11Gal(8L) Pressure bearing: 6bar\/10bar\" \/>\n<meta property=\"og:url\" content=\"https:\/\/www.gonbox.com\/da\/vare\/8l-expansion-tank\/\" \/>\n<meta property=\"og:site_name\" content=\"Gonbox\" \/>\n<meta property=\"article:publisher\" content=\"https:\/\/www.facebook.com\/gonboxmining\/\" \/>\n<meta property=\"article:modified_time\" content=\"2023-02-21T07:41:36+00:00\" \/>\n<meta property=\"og:image\" content=\"https:\/\/www.gonbox.com\/wp-content\/uploads\/2023\/01\/7-3.jpg\" \/>\n\t<meta property=\"og:image:width\" content=\"800\" \/>\n\t<meta property=\"og:image:height\" content=\"800\" \/>\n\t<meta property=\"og:image:type\" content=\"image\/jpeg\" \/>\n<meta name=\"twitter:card\" content=\"summary_large_image\" \/>\n<meta name=\"twitter:site\" content=\"@gonbox_com\" \/>\n<meta name=\"twitter:label1\" content=\"Estimeret l\u00e6setid\" \/>\n\t<meta name=\"twitter:data1\" content=\"4 minutter\" \/>\n<script type=\"application\/ld+json\" class=\"yoast-schema-graph\">{\"@context\":\"https:\/\/schema.org\",\"@graph\":[{\"@type\":\"WebPage\",\"@id\":\"https:\/\/www.gonbox.com\/product\/8l-expansion-tank\/\",\"url\":\"https:\/\/www.gonbox.com\/product\/8l-expansion-tank\/\",\"name\":\"Expansion Tank - Gonbox\",\"isPartOf\":{\"@id\":\"https:\/\/www.gonbox.com\/#website\"},\"datePublished\":\"2023-01-03T11:08:08+00:00\",\"dateModified\":\"2023-02-21T07:41:36+00:00\",\"breadcrumb\":{\"@id\":\"https:\/\/www.gonbox.com\/product\/8l-expansion-tank\/#breadcrumb\"},\"inLanguage\":\"da-DK\",\"potentialAction\":[{\"@type\":\"ReadAction\",\"target\":[\"https:\/\/www.gonbox.com\/product\/8l-expansion-tank\/\"]}]},{\"@type\":\"BreadcrumbList\",\"@id\":\"https:\/\/www.gonbox.com\/product\/8l-expansion-tank\/#breadcrumb\",\"itemListElement\":[{\"@type\":\"ListItem\",\"position\":1,\"name\":\"\u9996\u9875\",\"item\":\"https:\/\/www.gonbox.com\/\"},{\"@type\":\"ListItem\",\"position\":2,\"name\":\"Shop\",\"item\":\"https:\/\/www.gonbox.com\/shop\/\"},{\"@type\":\"ListItem\",\"position\":3,\"name\":\"Expansion Tank\"}]},{\"@type\":\"WebSite\",\"@id\":\"https:\/\/www.gonbox.com\/#website\",\"url\":\"https:\/\/www.gonbox.com\/\",\"name\":\"Gonbox\",\"description\":\"Everyone Can Mine Bitcoin\",\"publisher\":{\"@id\":\"https:\/\/www.gonbox.com\/#organization\"},\"potentialAction\":[{\"@type\":\"SearchAction\",\"target\":{\"@type\":\"EntryPoint\",\"urlTemplate\":\"https:\/\/www.gonbox.com\/?s={search_term_string}\"},\"query-input\":\"required name=search_term_string\"}],\"inLanguage\":\"da-DK\"},{\"@type\":\"Organization\",\"@id\":\"https:\/\/www.gonbox.com\/#organization\",\"name\":\"GONBOX GROUP INC\",\"url\":\"https:\/\/www.gonbox.com\/\",\"logo\":{\"@type\":\"ImageObject\",\"inLanguage\":\"da-DK\",\"@id\":\"https:\/\/www.gonbox.com\/#\/schema\/logo\/image\/\",\"url\":\"https:\/\/5n57c6.p3cdn1.secureserver.net\/wp-content\/uploads\/2022\/12\/logo.png?time=1669965474\",\"contentUrl\":\"https:\/\/5n57c6.p3cdn1.secureserver.net\/wp-content\/uploads\/2022\/12\/logo.png?time=1669965474\",\"width\":130,\"height\":84,\"caption\":\"GONBOX GROUP INC\"},\"image\":{\"@id\":\"https:\/\/www.gonbox.com\/#\/schema\/logo\/image\/\"},\"sameAs\":[\"https:\/\/www.facebook.com\/gonboxmining\/\",\"https:\/\/twitter.com\/gonbox_com\"]}]}<\/script>\n<!-- \/ Yoast SEO plugin. -->","yoast_head_json":{"title":"Expansion Tank - Gonbox","robots":{"index":"index","follow":"follow","max-snippet":"max-snippet:-1","max-image-preview":"max-image-preview:large","max-video-preview":"max-video-preview:-1"},"canonical":"https:\/\/www.gonbox.com\/da\/vare\/8l-expansion-tank\/","og_locale":"da_DK","og_type":"article","og_title":"Expansion Tank - Gonbox","og_description":"model: 2.11Gal(8L) Pressure bearing: 6bar\/10bar","og_url":"https:\/\/www.gonbox.com\/da\/vare\/8l-expansion-tank\/","og_site_name":"Gonbox","article_publisher":"https:\/\/www.facebook.com\/gonboxmining\/","article_modified_time":"2023-02-21T07:41:36+00:00","og_image":[{"width":800,"height":800,"url":"https:\/\/www.gonbox.com\/wp-content\/uploads\/2023\/01\/7-3.jpg","type":"image\/jpeg"}],"twitter_card":"summary_large_image","twitter_site":"@gonbox_com","twitter_misc":{"Estimeret l\u00e6setid":"4 minutter"},"schema":{"@context":"https:\/\/schema.org","@graph":[{"@type":"WebPage","@id":"https:\/\/www.gonbox.com\/product\/8l-expansion-tank\/","url":"https:\/\/www.gonbox.com\/product\/8l-expansion-tank\/","name":"Expansion Tank - Gonbox","isPartOf":{"@id":"https:\/\/www.gonbox.com\/#website"},"datePublished":"2023-01-03T11:08:08+00:00","dateModified":"2023-02-21T07:41:36+00:00","breadcrumb":{"@id":"https:\/\/www.gonbox.com\/product\/8l-expansion-tank\/#breadcrumb"},"inLanguage":"da-DK","potentialAction":[{"@type":"ReadAction","target":["https:\/\/www.gonbox.com\/product\/8l-expansion-tank\/"]}]},{"@type":"BreadcrumbList","@id":"https:\/\/www.gonbox.com\/product\/8l-expansion-tank\/#breadcrumb","itemListElement":[{"@type":"ListItem","position":1,"name":"\u9996\u9875","item":"https:\/\/www.gonbox.com\/"},{"@type":"ListItem","position":2,"name":"Shop","item":"https:\/\/www.gonbox.com\/shop\/"},{"@type":"ListItem","position":3,"name":"Expansion Tank"}]},{"@type":"WebSite","@id":"https:\/\/www.gonbox.com\/#website","url":"https:\/\/www.gonbox.com\/","name":"Gonbox","description":"Everyone Can Mine Bitcoin","publisher":{"@id":"https:\/\/www.gonbox.com\/#organization"},"potentialAction":[{"@type":"SearchAction","target":{"@type":"EntryPoint","urlTemplate":"https:\/\/www.gonbox.com\/?s={search_term_string}"},"query-input":"required name=search_term_string"}],"inLanguage":"da-DK"},{"@type":"Organization","@id":"https:\/\/www.gonbox.com\/#organization","name":"GONBOX GROUP INC","url":"https:\/\/www.gonbox.com\/","logo":{"@type":"ImageObject","inLanguage":"da-DK","@id":"https:\/\/www.gonbox.com\/#\/schema\/logo\/image\/","url":"https:\/\/5n57c6.p3cdn1.secureserver.net\/wp-content\/uploads\/2022\/12\/logo.png?time=1669965474","contentUrl":"https:\/\/5n57c6.p3cdn1.secureserver.net\/wp-content\/uploads\/2022\/12\/logo.png?time=1669965474","width":130,"height":84,"caption":"GONBOX GROUP INC"},"image":{"@id":"https:\/\/www.gonbox.com\/#\/schema\/logo\/image\/"},"sameAs":["https:\/\/www.facebook.com\/gonboxmining\/","https:\/\/twitter.com\/gonbox_com"]}]}},"jetpack_sharing_enabled":true,"_links":{"self":[{"href":"https:\/\/www.gonbox.com\/da\/wp-json\/wp\/v2\/product\/2473","targetHints":{"allow":["GET"]}}],"collection":[{"href":"https:\/\/www.gonbox.com\/da\/wp-json\/wp\/v2\/product"}],"about":[{"href":"https:\/\/www.gonbox.com\/da\/wp-json\/wp\/v2\/types\/product"}],"replies":[{"embeddable":true,"href":"https:\/\/www.gonbox.com\/da\/wp-json\/wp\/v2\/comments?post=2473"}],"wp:featuredmedia":[{"embeddable":true,"href":"https:\/\/www.gonbox.com\/da\/wp-json\/wp\/v2\/media\/3241"}],"wp:attachment":[{"href":"https:\/\/www.gonbox.com\/da\/wp-json\/wp\/v2\/media?parent=2473"}],"wp:term":[{"taxonomy":"product_cat","embeddable":true,"href":"https:\/\/www.gonbox.com\/da\/wp-json\/wp\/v2\/product_cat?post=2473"},{"taxonomy":"product_tag","embeddable":true,"href":"https:\/\/www.gonbox.com\/da\/wp-json\/wp\/v2\/product_tag?post=2473"}],"curies":[{"name":"wp","href":"https:\/\/api.w.org\/{rel}","templated":true}]}}