{"id":3041,"date":"2023-01-31T07:38:22","date_gmt":"2023-01-31T02:38:22","guid":{"rendered":"https:\/\/www.gonbox.com\/?post_type=product&#038;p=3041"},"modified":"2026-05-02T21:23:45","modified_gmt":"2026-05-02T16:23:45","slug":"group-prepaid","status":"publish","type":"product","link":"https:\/\/www.gonbox.com\/da\/vare\/group-prepaid\/","title":{"rendered":"Gruppe forudbetalt"},"content":{"rendered":"<p><strong>Gruppe forudbetalt<\/strong><\/p>\n<p><strong>Deltager i aktiviteter nu:<\/strong><br \/>\n<strong>K\u00e6mper om 1.000 ordrer, prisen vil v\u00e6re 10% i rabat!<\/strong><br \/>\n<strong>K\u00e6mper om 3.000 ordrer, prisen vil v\u00e6re 20% i rabat!<\/strong><br \/>\n<strong>Betal nu kun $188 , du kan tilmelde dig for at deltage i gruppen, den officielle hjemmeside og Amazon-butikken deltager i begivenhedsregistreringen p\u00e5 samme tid!<\/strong><\/p>\n<p><strong>Registreringsgebyret vil blive brugt til at modregne omkostningerne ved ordren, og brugeren kan g\u00f8re det tilsvarende bel\u00f8b op inden levering!<\/strong><\/p>\n<p><strong>The group buying activity ends on April 30, and the shipment begins!<\/strong><\/p>\n<p>F2:<a href=\"https:\/\/www.gonbox.com\/da\/vare\/f2\/\">https:\/\/www.gonbox.com\/product\/f2\/<\/a><\/p>\n<p>F2 PLUS:<a href=\"https:\/\/www.gonbox.com\/da\/vare\/f2-plus\/\">https:\/\/www.gonbox.com\/product\/f2-plus\/<\/a><\/p>\n<p>F2 PRO:<a href=\"https:\/\/www.gonbox.com\/da\/vare\/f2-pro\/\">https:\/\/www.gonbox.com\/product\/f2-pro\/<\/a><\/p>\n<p>&nbsp;<\/p>\n<p><strong>K\u00f8bsnoter:<\/strong><\/p>\n<p>1. Grundl\u00e6ggende byttepolitik: Bortset fra de varer, der tydeligt er markeret p\u00e5 siden med produktdetaljer og bekr\u00e6ftet p\u00e5 k\u00f8bstidspunktet, at &quot;ingen grund til at returnere eller bytte er ikke underst\u00f8ttet&quot;. Produkter p\u00e5 GONBOX-kolonnen kan ans\u00f8ges om udskiftning under foruds\u00e6tning af, at produkterne er i god stand, ubrugte eller beskadigede, og at tilbeh\u00f8ret er komplet<\/p>\n<p>2.For specifikke garantioplysninger henvises til: &quot;GONBOX Global Warranty Rules&quot;\u00a0\u00a0<a href=\"https:\/\/www.gonbox.com\/da\/gonbox-product-warranty-terms\/\">https:\/\/www.gonbox.com\/gonbox-product-warranty-terms\/<\/a><br \/>\n(Bem\u00e6rk: Du skal selv afholde erstatningsfragtgebyret)<\/p>\n<p>3. Postordre: l\u00e6s venligst &quot;Global Logistics Price Reference Instructions&quot;\u00a0<a href=\"https:\/\/www.gonbox.com\/da\/global-logistics-price-reference-instructions\/\">https:\/\/www.gonbox.com\/global-logistics-price-reference-instructions\/<\/a><\/p>","protected":false},"excerpt":{"rendered":"<p>K\u00e6mper om 1.000 ordrer, prisen vil v\u00e6re 10% i rabat!<\/p>\n<p>K\u00e6mper om 3.000 ordrer, prisen vil v\u00e6re 20% i rabat!<\/p>","protected":false},"featured_media":3055,"comment_status":"open","ping_status":"closed","template":"","meta":[],"product_cat":[79,69],"product_tag":[],"class_list":["post-3041","product","type-product","status-publish","has-post-thumbnail","hentry","product_cat-all","product_cat-oil-cooling"],"yoast_head":"<!-- This site is optimized with the Yoast SEO plugin v20.2.1 - https:\/\/yoast.com\/wordpress\/plugins\/seo\/ -->\n<title>Group prepaid - Gonbox<\/title>\n<meta name=\"description\" content=\"Gonbox, not only can mine Bitcoin, but also convert the heat of the mining machine into supplying hot water and heating to solve the needs of domestic hot water, floor heating and bathing.\" \/>\n<meta name=\"robots\" content=\"index, follow, max-snippet:-1, max-image-preview:large, max-video-preview:-1\" \/>\n<link rel=\"canonical\" href=\"https:\/\/www.gonbox.com\/da\/vare\/group-prepaid\/\" \/>\n<meta property=\"og:locale\" content=\"da_DK\" \/>\n<meta property=\"og:type\" content=\"article\" \/>\n<meta property=\"og:title\" content=\"Group prepaid - Gonbox\" \/>\n<meta property=\"og:description\" content=\"Gonbox, not only can mine Bitcoin, but also convert the heat of the mining machine into supplying hot water and heating to solve the needs of domestic hot water, floor heating and bathing.\" \/>\n<meta property=\"og:url\" content=\"https:\/\/www.gonbox.com\/da\/vare\/group-prepaid\/\" \/>\n<meta property=\"og:site_name\" content=\"Gonbox\" \/>\n<meta property=\"article:publisher\" content=\"https:\/\/www.facebook.com\/gonboxmining\/\" \/>\n<meta property=\"article:modified_time\" content=\"2026-05-02T16:23:45+00:00\" \/>\n<meta property=\"og:image\" content=\"https:\/\/www.gonbox.com\/wp-content\/uploads\/2023\/01\/3163d8afe4f353.jpg\" \/>\n\t<meta property=\"og:image:width\" content=\"800\" \/>\n\t<meta property=\"og:image:height\" content=\"1000\" \/>\n\t<meta property=\"og:image:type\" content=\"image\/jpeg\" \/>\n<meta name=\"twitter:card\" content=\"summary_large_image\" \/>\n<meta name=\"twitter:site\" content=\"@gonbox_com\" \/>\n<meta name=\"twitter:label1\" content=\"Estimeret l\u00e6setid\" \/>\n\t<meta name=\"twitter:data1\" content=\"1 minut\" \/>\n<script type=\"application\/ld+json\" class=\"yoast-schema-graph\">{\"@context\":\"https:\/\/schema.org\",\"@graph\":[{\"@type\":\"WebPage\",\"@id\":\"https:\/\/www.gonbox.com\/product\/group-prepaid\/\",\"url\":\"https:\/\/www.gonbox.com\/product\/group-prepaid\/\",\"name\":\"Group prepaid - Gonbox\",\"isPartOf\":{\"@id\":\"https:\/\/www.gonbox.com\/#website\"},\"datePublished\":\"2023-01-31T02:38:22+00:00\",\"dateModified\":\"2026-05-02T16:23:45+00:00\",\"description\":\"Gonbox, not only can mine Bitcoin, but also convert the heat of the mining machine into supplying hot water and heating to solve the needs of domestic hot water, floor heating and bathing.\",\"breadcrumb\":{\"@id\":\"https:\/\/www.gonbox.com\/product\/group-prepaid\/#breadcrumb\"},\"inLanguage\":\"da-DK\",\"potentialAction\":[{\"@type\":\"ReadAction\",\"target\":[\"https:\/\/www.gonbox.com\/product\/group-prepaid\/\"]}]},{\"@type\":\"BreadcrumbList\",\"@id\":\"https:\/\/www.gonbox.com\/product\/group-prepaid\/#breadcrumb\",\"itemListElement\":[{\"@type\":\"ListItem\",\"position\":1,\"name\":\"\u9996\u9875\",\"item\":\"https:\/\/www.gonbox.com\/\"},{\"@type\":\"ListItem\",\"position\":2,\"name\":\"Shop\",\"item\":\"https:\/\/www.gonbox.com\/shop\/\"},{\"@type\":\"ListItem\",\"position\":3,\"name\":\"Group prepaid\"}]},{\"@type\":\"WebSite\",\"@id\":\"https:\/\/www.gonbox.com\/#website\",\"url\":\"https:\/\/www.gonbox.com\/\",\"name\":\"Gonbox\",\"description\":\"Everyone Can Mine Bitcoin\",\"publisher\":{\"@id\":\"https:\/\/www.gonbox.com\/#organization\"},\"potentialAction\":[{\"@type\":\"SearchAction\",\"target\":{\"@type\":\"EntryPoint\",\"urlTemplate\":\"https:\/\/www.gonbox.com\/?s={search_term_string}\"},\"query-input\":\"required name=search_term_string\"}],\"inLanguage\":\"da-DK\"},{\"@type\":\"Organization\",\"@id\":\"https:\/\/www.gonbox.com\/#organization\",\"name\":\"GONBOX GROUP INC\",\"url\":\"https:\/\/www.gonbox.com\/\",\"logo\":{\"@type\":\"ImageObject\",\"inLanguage\":\"da-DK\",\"@id\":\"https:\/\/www.gonbox.com\/#\/schema\/logo\/image\/\",\"url\":\"https:\/\/5n57c6.p3cdn1.secureserver.net\/wp-content\/uploads\/2022\/12\/logo.png?time=1669965474\",\"contentUrl\":\"https:\/\/5n57c6.p3cdn1.secureserver.net\/wp-content\/uploads\/2022\/12\/logo.png?time=1669965474\",\"width\":130,\"height\":84,\"caption\":\"GONBOX GROUP INC\"},\"image\":{\"@id\":\"https:\/\/www.gonbox.com\/#\/schema\/logo\/image\/\"},\"sameAs\":[\"https:\/\/www.facebook.com\/gonboxmining\/\",\"https:\/\/twitter.com\/gonbox_com\"]}]}<\/script>\n<!-- \/ Yoast SEO plugin. -->","yoast_head_json":{"title":"Group prepaid - Gonbox","description":"Gonbox, not only can mine Bitcoin, but also convert the heat of the mining machine into supplying hot water and heating to solve the needs of domestic hot water, floor heating and bathing.","robots":{"index":"index","follow":"follow","max-snippet":"max-snippet:-1","max-image-preview":"max-image-preview:large","max-video-preview":"max-video-preview:-1"},"canonical":"https:\/\/www.gonbox.com\/da\/vare\/group-prepaid\/","og_locale":"da_DK","og_type":"article","og_title":"Group prepaid - Gonbox","og_description":"Gonbox, not only can mine Bitcoin, but also convert the heat of the mining machine into supplying hot water and heating to solve the needs of domestic hot water, floor heating and bathing.","og_url":"https:\/\/www.gonbox.com\/da\/vare\/group-prepaid\/","og_site_name":"Gonbox","article_publisher":"https:\/\/www.facebook.com\/gonboxmining\/","article_modified_time":"2026-05-02T16:23:45+00:00","og_image":[{"width":800,"height":1000,"url":"https:\/\/www.gonbox.com\/wp-content\/uploads\/2023\/01\/3163d8afe4f353.jpg","type":"image\/jpeg"}],"twitter_card":"summary_large_image","twitter_site":"@gonbox_com","twitter_misc":{"Estimeret l\u00e6setid":"1 minut"},"schema":{"@context":"https:\/\/schema.org","@graph":[{"@type":"WebPage","@id":"https:\/\/www.gonbox.com\/product\/group-prepaid\/","url":"https:\/\/www.gonbox.com\/product\/group-prepaid\/","name":"Group prepaid - Gonbox","isPartOf":{"@id":"https:\/\/www.gonbox.com\/#website"},"datePublished":"2023-01-31T02:38:22+00:00","dateModified":"2026-05-02T16:23:45+00:00","description":"Gonbox, not only can mine Bitcoin, but also convert the heat of the mining machine into supplying hot water and heating to solve the needs of domestic hot water, floor heating and bathing.","breadcrumb":{"@id":"https:\/\/www.gonbox.com\/product\/group-prepaid\/#breadcrumb"},"inLanguage":"da-DK","potentialAction":[{"@type":"ReadAction","target":["https:\/\/www.gonbox.com\/product\/group-prepaid\/"]}]},{"@type":"BreadcrumbList","@id":"https:\/\/www.gonbox.com\/product\/group-prepaid\/#breadcrumb","itemListElement":[{"@type":"ListItem","position":1,"name":"\u9996\u9875","item":"https:\/\/www.gonbox.com\/"},{"@type":"ListItem","position":2,"name":"Shop","item":"https:\/\/www.gonbox.com\/shop\/"},{"@type":"ListItem","position":3,"name":"Group prepaid"}]},{"@type":"WebSite","@id":"https:\/\/www.gonbox.com\/#website","url":"https:\/\/www.gonbox.com\/","name":"Gonbox","description":"Everyone Can Mine Bitcoin","publisher":{"@id":"https:\/\/www.gonbox.com\/#organization"},"potentialAction":[{"@type":"SearchAction","target":{"@type":"EntryPoint","urlTemplate":"https:\/\/www.gonbox.com\/?s={search_term_string}"},"query-input":"required name=search_term_string"}],"inLanguage":"da-DK"},{"@type":"Organization","@id":"https:\/\/www.gonbox.com\/#organization","name":"GONBOX GROUP INC","url":"https:\/\/www.gonbox.com\/","logo":{"@type":"ImageObject","inLanguage":"da-DK","@id":"https:\/\/www.gonbox.com\/#\/schema\/logo\/image\/","url":"https:\/\/5n57c6.p3cdn1.secureserver.net\/wp-content\/uploads\/2022\/12\/logo.png?time=1669965474","contentUrl":"https:\/\/5n57c6.p3cdn1.secureserver.net\/wp-content\/uploads\/2022\/12\/logo.png?time=1669965474","width":130,"height":84,"caption":"GONBOX GROUP INC"},"image":{"@id":"https:\/\/www.gonbox.com\/#\/schema\/logo\/image\/"},"sameAs":["https:\/\/www.facebook.com\/gonboxmining\/","https:\/\/twitter.com\/gonbox_com"]}]}},"jetpack_sharing_enabled":true,"_links":{"self":[{"href":"https:\/\/www.gonbox.com\/da\/wp-json\/wp\/v2\/product\/3041","targetHints":{"allow":["GET"]}}],"collection":[{"href":"https:\/\/www.gonbox.com\/da\/wp-json\/wp\/v2\/product"}],"about":[{"href":"https:\/\/www.gonbox.com\/da\/wp-json\/wp\/v2\/types\/product"}],"replies":[{"embeddable":true,"href":"https:\/\/www.gonbox.com\/da\/wp-json\/wp\/v2\/comments?post=3041"}],"wp:featuredmedia":[{"embeddable":true,"href":"https:\/\/www.gonbox.com\/da\/wp-json\/wp\/v2\/media\/3055"}],"wp:attachment":[{"href":"https:\/\/www.gonbox.com\/da\/wp-json\/wp\/v2\/media?parent=3041"}],"wp:term":[{"taxonomy":"product_cat","embeddable":true,"href":"https:\/\/www.gonbox.com\/da\/wp-json\/wp\/v2\/product_cat?post=3041"},{"taxonomy":"product_tag","embeddable":true,"href":"https:\/\/www.gonbox.com\/da\/wp-json\/wp\/v2\/product_tag?post=3041"}],"curies":[{"name":"wp","href":"https:\/\/api.w.org\/{rel}","templated":true}]}}