{"id":3317,"date":"2023-02-17T10:50:08","date_gmt":"2023-02-17T05:50:08","guid":{"rendered":"https:\/\/www.gonbox.com\/?post_type=product&#038;p=3317"},"modified":"2023-02-28T12:47:18","modified_gmt":"2023-02-28T07:47:18","slug":"vertical-water-air-conditioner","status":"publish","type":"product","link":"https:\/\/www.gonbox.com\/da\/vare\/vertical-water-air-conditioner\/","title":{"rendered":"Lodret vand klimaanl\u00e6g"},"content":{"rendered":"<p><strong>Produktdetaljer:<\/strong><\/p>\n<p>Dual temperature control circuit board<br \/>\nType: Heating<br \/>\nPower supply: 220V\/50Hz<br \/>\nInput power: 60W<br \/>\nWater flow: 343.42Gal (1300L)<br \/>\nHeating water temperature: start when the water temperature is 30\u00b0<br \/>\nIndoor: The temperature can be set, and it will stop automatically when it meets the requirements<br \/>\nHeating capacity: 8-12kw<br \/>\nHeating area: 40-60\u33a1<br \/>\nNoise: 22-40db<br \/>\nEvaporator: 126 tubes, 11 in and 11 out<br \/>\nCopper tube: copper tube 7*0.24*0.15<br \/>\nAir outlet: two upper and lower air outlets<br \/>\nThe air outlet button below can be controlled separately<br \/>\nSize: 73.94in*16.93in*18.11 in (1878mm*430mm*460mm)<\/p>\n<p><img data-recalc-dims=\"1\" loading=\"lazy\" decoding=\"async\" class=\"alignnone size-full wp-image-3319\" src=\"https:\/\/i0.wp.com\/www.gonbox.com\/wp-content\/uploads\/2023\/02\/2-1.jpg?resize=800%2C800&#038;ssl=1\" alt=\"\" width=\"800\" height=\"800\" srcset=\"https:\/\/i0.wp.com\/www.gonbox.com\/wp-content\/uploads\/2023\/02\/2-1.jpg?w=800&amp;ssl=1 800w, https:\/\/i0.wp.com\/www.gonbox.com\/wp-content\/uploads\/2023\/02\/2-1.jpg?resize=400%2C400&amp;ssl=1 400w, https:\/\/i0.wp.com\/www.gonbox.com\/wp-content\/uploads\/2023\/02\/2-1.jpg?resize=280%2C280&amp;ssl=1 280w, https:\/\/i0.wp.com\/www.gonbox.com\/wp-content\/uploads\/2023\/02\/2-1.jpg?resize=768%2C768&amp;ssl=1 768w, https:\/\/i0.wp.com\/www.gonbox.com\/wp-content\/uploads\/2023\/02\/2-1.jpg?resize=510%2C510&amp;ssl=1 510w, https:\/\/i0.wp.com\/www.gonbox.com\/wp-content\/uploads\/2023\/02\/2-1.jpg?resize=100%2C100&amp;ssl=1 100w, https:\/\/i0.wp.com\/www.gonbox.com\/wp-content\/uploads\/2023\/02\/2-1.jpg?resize=50%2C50&amp;ssl=1 50w\" sizes=\"auto, (max-width: 800px) 100vw, 800px\" \/><\/p>\n<p><img data-recalc-dims=\"1\" loading=\"lazy\" decoding=\"async\" class=\"alignnone size-full wp-image-3318\" src=\"https:\/\/i0.wp.com\/www.gonbox.com\/wp-content\/uploads\/2023\/02\/4-1.jpg?resize=800%2C849&#038;ssl=1\" alt=\"\" width=\"800\" height=\"849\" srcset=\"https:\/\/i0.wp.com\/www.gonbox.com\/wp-content\/uploads\/2023\/02\/4-1.jpg?w=800&amp;ssl=1 800w, https:\/\/i0.wp.com\/www.gonbox.com\/wp-content\/uploads\/2023\/02\/4-1.jpg?resize=377%2C400&amp;ssl=1 377w, https:\/\/i0.wp.com\/www.gonbox.com\/wp-content\/uploads\/2023\/02\/4-1.jpg?resize=754%2C800&amp;ssl=1 754w, https:\/\/i0.wp.com\/www.gonbox.com\/wp-content\/uploads\/2023\/02\/4-1.jpg?resize=768%2C815&amp;ssl=1 768w, https:\/\/i0.wp.com\/www.gonbox.com\/wp-content\/uploads\/2023\/02\/4-1.jpg?resize=510%2C541&amp;ssl=1 510w, https:\/\/i0.wp.com\/www.gonbox.com\/wp-content\/uploads\/2023\/02\/4-1.jpg?resize=100%2C106&amp;ssl=1 100w\" sizes=\"auto, (max-width: 800px) 100vw, 800px\" \/><\/p>\n<p>&nbsp;<\/p>\n<p>Factory Photo\uff1a<\/p>\n<p><img data-recalc-dims=\"1\" loading=\"lazy\" decoding=\"async\" class=\"alignnone size-full wp-image-3320\" src=\"https:\/\/i0.wp.com\/www.gonbox.com\/wp-content\/uploads\/2023\/02\/3-1.jpg?resize=800%2C800&#038;ssl=1\" alt=\"\" width=\"800\" height=\"800\" srcset=\"https:\/\/i0.wp.com\/www.gonbox.com\/wp-content\/uploads\/2023\/02\/3-1.jpg?w=800&amp;ssl=1 800w, https:\/\/i0.wp.com\/www.gonbox.com\/wp-content\/uploads\/2023\/02\/3-1.jpg?resize=400%2C400&amp;ssl=1 400w, https:\/\/i0.wp.com\/www.gonbox.com\/wp-content\/uploads\/2023\/02\/3-1.jpg?resize=280%2C280&amp;ssl=1 280w, https:\/\/i0.wp.com\/www.gonbox.com\/wp-content\/uploads\/2023\/02\/3-1.jpg?resize=768%2C768&amp;ssl=1 768w, https:\/\/i0.wp.com\/www.gonbox.com\/wp-content\/uploads\/2023\/02\/3-1.jpg?resize=510%2C510&amp;ssl=1 510w, https:\/\/i0.wp.com\/www.gonbox.com\/wp-content\/uploads\/2023\/02\/3-1.jpg?resize=100%2C100&amp;ssl=1 100w, https:\/\/i0.wp.com\/www.gonbox.com\/wp-content\/uploads\/2023\/02\/3-1.jpg?resize=50%2C50&amp;ssl=1 50w\" sizes=\"auto, (max-width: 800px) 100vw, 800px\" \/><\/p>\n<p>&nbsp;<\/p>\n<p><strong>K\u00f8bsnoter:<\/strong><\/p>\n<p>1. Grundl\u00e6ggende byttepolitik: Bortset fra de varer, der tydeligt er markeret p\u00e5 siden med produktdetaljer og bekr\u00e6ftet p\u00e5 k\u00f8bstidspunktet, at &quot;ingen grund til at returnere eller bytte er ikke underst\u00f8ttet&quot;. Produkter p\u00e5 GONBOX-kolonnen kan ans\u00f8ges om udskiftning under foruds\u00e6tning af, at produkterne er i god stand, ubrugte eller beskadigede, og at tilbeh\u00f8ret er komplet<\/p>\n<p>2.For specifikke garantioplysninger henvises til: &quot;GONBOX Global Warranty Rules&quot;\u00a0\u00a0<a href=\"https:\/\/www.gonbox.com\/da\/gonbox-product-warranty-terms\/\">https:\/\/www.gonbox.com\/gonbox-product-warranty-terms\/<\/a><br \/>\n(Bem\u00e6rk: Du skal selv afholde erstatningsfragtgebyret)<\/p>\n<p>3. Postordre: l\u00e6s venligst &quot;Global Logistics Price Reference Instructions&quot;\u00a0<a href=\"https:\/\/www.gonbox.com\/da\/global-logistics-price-reference-instructions\/\">https:\/\/www.gonbox.com\/global-logistics-price-reference-instructions\/<\/a><\/p>","protected":false},"excerpt":{"rendered":"<p>Power: 60W<br \/>\nInstallation method: Cabinet type<br \/>\nWhether intelligent control: yes<\/p>","protected":false},"featured_media":3323,"comment_status":"open","ping_status":"closed","template":"","meta":[],"product_cat":[79,15],"product_tag":[],"class_list":["post-3317","product","type-product","status-publish","has-post-thumbnail","hentry","product_cat-all","product_cat-oil-cooling-mall"],"yoast_head":"<!-- This site is optimized with the Yoast SEO plugin v20.2.1 - https:\/\/yoast.com\/wordpress\/plugins\/seo\/ -->\n<title>Vertical Water Air Conditioner - Gonbox<\/title>\n<meta name=\"description\" content=\"Power: 60W,Installation method: Cabinet,typeWhether intelligent control: yes\" \/>\n<meta name=\"robots\" content=\"index, follow, max-snippet:-1, max-image-preview:large, max-video-preview:-1\" \/>\n<link rel=\"canonical\" href=\"https:\/\/www.gonbox.com\/da\/vare\/vertical-water-air-conditioner\/\" \/>\n<meta property=\"og:locale\" content=\"da_DK\" \/>\n<meta property=\"og:type\" content=\"article\" \/>\n<meta property=\"og:title\" content=\"Vertical Water Air Conditioner - Gonbox\" \/>\n<meta property=\"og:description\" content=\"Power: 60W,Installation method: Cabinet,typeWhether intelligent control: yes\" \/>\n<meta property=\"og:url\" content=\"https:\/\/www.gonbox.com\/da\/vare\/vertical-water-air-conditioner\/\" \/>\n<meta property=\"og:site_name\" content=\"Gonbox\" \/>\n<meta property=\"article:publisher\" content=\"https:\/\/www.facebook.com\/gonboxmining\/\" \/>\n<meta property=\"article:modified_time\" content=\"2023-02-28T07:47:18+00:00\" \/>\n<meta property=\"og:image\" content=\"https:\/\/www.gonbox.com\/wp-content\/uploads\/2023\/02\/1-1.jpg\" \/>\n\t<meta property=\"og:image:width\" content=\"800\" \/>\n\t<meta property=\"og:image:height\" content=\"800\" \/>\n\t<meta property=\"og:image:type\" content=\"image\/jpeg\" \/>\n<meta name=\"twitter:card\" content=\"summary_large_image\" \/>\n<meta name=\"twitter:site\" content=\"@gonbox_com\" \/>\n<meta name=\"twitter:label1\" content=\"Estimeret l\u00e6setid\" \/>\n\t<meta name=\"twitter:data1\" content=\"2 minutter\" \/>\n<script type=\"application\/ld+json\" class=\"yoast-schema-graph\">{\"@context\":\"https:\/\/schema.org\",\"@graph\":[{\"@type\":\"WebPage\",\"@id\":\"https:\/\/www.gonbox.com\/product\/vertical-water-air-conditioner\/\",\"url\":\"https:\/\/www.gonbox.com\/product\/vertical-water-air-conditioner\/\",\"name\":\"Vertical Water Air Conditioner - Gonbox\",\"isPartOf\":{\"@id\":\"https:\/\/www.gonbox.com\/#website\"},\"datePublished\":\"2023-02-17T05:50:08+00:00\",\"dateModified\":\"2023-02-28T07:47:18+00:00\",\"description\":\"Power: 60W,Installation method: Cabinet,typeWhether intelligent control: yes\",\"breadcrumb\":{\"@id\":\"https:\/\/www.gonbox.com\/product\/vertical-water-air-conditioner\/#breadcrumb\"},\"inLanguage\":\"da-DK\",\"potentialAction\":[{\"@type\":\"ReadAction\",\"target\":[\"https:\/\/www.gonbox.com\/product\/vertical-water-air-conditioner\/\"]}]},{\"@type\":\"BreadcrumbList\",\"@id\":\"https:\/\/www.gonbox.com\/product\/vertical-water-air-conditioner\/#breadcrumb\",\"itemListElement\":[{\"@type\":\"ListItem\",\"position\":1,\"name\":\"\u9996\u9875\",\"item\":\"https:\/\/www.gonbox.com\/\"},{\"@type\":\"ListItem\",\"position\":2,\"name\":\"Shop\",\"item\":\"https:\/\/www.gonbox.com\/shop\/\"},{\"@type\":\"ListItem\",\"position\":3,\"name\":\"Vertical Water Air Conditioner\"}]},{\"@type\":\"WebSite\",\"@id\":\"https:\/\/www.gonbox.com\/#website\",\"url\":\"https:\/\/www.gonbox.com\/\",\"name\":\"Gonbox\",\"description\":\"Everyone Can Mine Bitcoin\",\"publisher\":{\"@id\":\"https:\/\/www.gonbox.com\/#organization\"},\"potentialAction\":[{\"@type\":\"SearchAction\",\"target\":{\"@type\":\"EntryPoint\",\"urlTemplate\":\"https:\/\/www.gonbox.com\/?s={search_term_string}\"},\"query-input\":\"required name=search_term_string\"}],\"inLanguage\":\"da-DK\"},{\"@type\":\"Organization\",\"@id\":\"https:\/\/www.gonbox.com\/#organization\",\"name\":\"GONBOX GROUP INC\",\"url\":\"https:\/\/www.gonbox.com\/\",\"logo\":{\"@type\":\"ImageObject\",\"inLanguage\":\"da-DK\",\"@id\":\"https:\/\/www.gonbox.com\/#\/schema\/logo\/image\/\",\"url\":\"https:\/\/5n57c6.p3cdn1.secureserver.net\/wp-content\/uploads\/2022\/12\/logo.png?time=1669965474\",\"contentUrl\":\"https:\/\/5n57c6.p3cdn1.secureserver.net\/wp-content\/uploads\/2022\/12\/logo.png?time=1669965474\",\"width\":130,\"height\":84,\"caption\":\"GONBOX GROUP INC\"},\"image\":{\"@id\":\"https:\/\/www.gonbox.com\/#\/schema\/logo\/image\/\"},\"sameAs\":[\"https:\/\/www.facebook.com\/gonboxmining\/\",\"https:\/\/twitter.com\/gonbox_com\"]}]}<\/script>\n<!-- \/ Yoast SEO plugin. -->","yoast_head_json":{"title":"Vertical Water Air Conditioner - Gonbox","description":"Power: 60W,Installation method: Cabinet,typeWhether intelligent control: yes","robots":{"index":"index","follow":"follow","max-snippet":"max-snippet:-1","max-image-preview":"max-image-preview:large","max-video-preview":"max-video-preview:-1"},"canonical":"https:\/\/www.gonbox.com\/da\/vare\/vertical-water-air-conditioner\/","og_locale":"da_DK","og_type":"article","og_title":"Vertical Water Air Conditioner - Gonbox","og_description":"Power: 60W,Installation method: Cabinet,typeWhether intelligent control: yes","og_url":"https:\/\/www.gonbox.com\/da\/vare\/vertical-water-air-conditioner\/","og_site_name":"Gonbox","article_publisher":"https:\/\/www.facebook.com\/gonboxmining\/","article_modified_time":"2023-02-28T07:47:18+00:00","og_image":[{"width":800,"height":800,"url":"https:\/\/www.gonbox.com\/wp-content\/uploads\/2023\/02\/1-1.jpg","type":"image\/jpeg"}],"twitter_card":"summary_large_image","twitter_site":"@gonbox_com","twitter_misc":{"Estimeret l\u00e6setid":"2 minutter"},"schema":{"@context":"https:\/\/schema.org","@graph":[{"@type":"WebPage","@id":"https:\/\/www.gonbox.com\/product\/vertical-water-air-conditioner\/","url":"https:\/\/www.gonbox.com\/product\/vertical-water-air-conditioner\/","name":"Vertical Water Air Conditioner - Gonbox","isPartOf":{"@id":"https:\/\/www.gonbox.com\/#website"},"datePublished":"2023-02-17T05:50:08+00:00","dateModified":"2023-02-28T07:47:18+00:00","description":"Power: 60W,Installation method: Cabinet,typeWhether intelligent control: yes","breadcrumb":{"@id":"https:\/\/www.gonbox.com\/product\/vertical-water-air-conditioner\/#breadcrumb"},"inLanguage":"da-DK","potentialAction":[{"@type":"ReadAction","target":["https:\/\/www.gonbox.com\/product\/vertical-water-air-conditioner\/"]}]},{"@type":"BreadcrumbList","@id":"https:\/\/www.gonbox.com\/product\/vertical-water-air-conditioner\/#breadcrumb","itemListElement":[{"@type":"ListItem","position":1,"name":"\u9996\u9875","item":"https:\/\/www.gonbox.com\/"},{"@type":"ListItem","position":2,"name":"Shop","item":"https:\/\/www.gonbox.com\/shop\/"},{"@type":"ListItem","position":3,"name":"Vertical Water Air Conditioner"}]},{"@type":"WebSite","@id":"https:\/\/www.gonbox.com\/#website","url":"https:\/\/www.gonbox.com\/","name":"Gonbox","description":"Everyone Can Mine Bitcoin","publisher":{"@id":"https:\/\/www.gonbox.com\/#organization"},"potentialAction":[{"@type":"SearchAction","target":{"@type":"EntryPoint","urlTemplate":"https:\/\/www.gonbox.com\/?s={search_term_string}"},"query-input":"required name=search_term_string"}],"inLanguage":"da-DK"},{"@type":"Organization","@id":"https:\/\/www.gonbox.com\/#organization","name":"GONBOX GROUP INC","url":"https:\/\/www.gonbox.com\/","logo":{"@type":"ImageObject","inLanguage":"da-DK","@id":"https:\/\/www.gonbox.com\/#\/schema\/logo\/image\/","url":"https:\/\/5n57c6.p3cdn1.secureserver.net\/wp-content\/uploads\/2022\/12\/logo.png?time=1669965474","contentUrl":"https:\/\/5n57c6.p3cdn1.secureserver.net\/wp-content\/uploads\/2022\/12\/logo.png?time=1669965474","width":130,"height":84,"caption":"GONBOX GROUP INC"},"image":{"@id":"https:\/\/www.gonbox.com\/#\/schema\/logo\/image\/"},"sameAs":["https:\/\/www.facebook.com\/gonboxmining\/","https:\/\/twitter.com\/gonbox_com"]}]}},"jetpack_sharing_enabled":true,"_links":{"self":[{"href":"https:\/\/www.gonbox.com\/da\/wp-json\/wp\/v2\/product\/3317","targetHints":{"allow":["GET"]}}],"collection":[{"href":"https:\/\/www.gonbox.com\/da\/wp-json\/wp\/v2\/product"}],"about":[{"href":"https:\/\/www.gonbox.com\/da\/wp-json\/wp\/v2\/types\/product"}],"replies":[{"embeddable":true,"href":"https:\/\/www.gonbox.com\/da\/wp-json\/wp\/v2\/comments?post=3317"}],"wp:featuredmedia":[{"embeddable":true,"href":"https:\/\/www.gonbox.com\/da\/wp-json\/wp\/v2\/media\/3323"}],"wp:attachment":[{"href":"https:\/\/www.gonbox.com\/da\/wp-json\/wp\/v2\/media?parent=3317"}],"wp:term":[{"taxonomy":"product_cat","embeddable":true,"href":"https:\/\/www.gonbox.com\/da\/wp-json\/wp\/v2\/product_cat?post=3317"},{"taxonomy":"product_tag","embeddable":true,"href":"https:\/\/www.gonbox.com\/da\/wp-json\/wp\/v2\/product_tag?post=3317"}],"curies":[{"name":"wp","href":"https:\/\/api.w.org\/{rel}","templated":true}]}}