{"id":2352,"date":"2023-01-01T08:42:07","date_gmt":"2023-01-01T03:42:07","guid":{"rendered":"https:\/\/www.gonbox.com\/?post_type=product&#038;p=2352"},"modified":"2023-02-18T19:35:25","modified_gmt":"2023-02-18T14:35:25","slug":"air-conditioner-wall-mount","status":"publish","type":"product","link":"https:\/\/www.gonbox.com\/de\/produkt\/air-conditioner-wall-mount\/","title":{"rendered":"Wandmontierte Wasserklimaanlage"},"content":{"rendered":"<p><strong>Produktdetails:<\/strong><\/p>\n<p>Wandmontierte Wasserklimaanlage: 220 V<br \/>\nWandmontierte Wasserklimaanlage + Leistungstransformator: 110 V<br \/>\nLeistung: 18W<br \/>\nInstallationsmethode: Wandmontage<br \/>\nFarbklassifizierung: 3 St\u00fcck 28 Rohre, verdickte Kupferrohre<br \/>\nLuftvolumen: 500 Kubikmeter \/ Stunde<br \/>\nOb Installationsdienstleistungen erbracht werden sollen: Nein<\/p>\n<p><img data-recalc-dims=\"1\" loading=\"lazy\" decoding=\"async\" class=\"alignnone size-full wp-image-3228\" src=\"https:\/\/i0.wp.com\/www.gonbox.com\/wp-content\/uploads\/2023\/01\/5-6.jpg?resize=800%2C800&#038;ssl=1\" alt=\"\" width=\"800\" height=\"800\" srcset=\"https:\/\/i0.wp.com\/www.gonbox.com\/wp-content\/uploads\/2023\/01\/5-6.jpg?w=800&amp;ssl=1 800w, https:\/\/i0.wp.com\/www.gonbox.com\/wp-content\/uploads\/2023\/01\/5-6.jpg?resize=400%2C400&amp;ssl=1 400w, https:\/\/i0.wp.com\/www.gonbox.com\/wp-content\/uploads\/2023\/01\/5-6.jpg?resize=280%2C280&amp;ssl=1 280w, https:\/\/i0.wp.com\/www.gonbox.com\/wp-content\/uploads\/2023\/01\/5-6.jpg?resize=768%2C768&amp;ssl=1 768w, https:\/\/i0.wp.com\/www.gonbox.com\/wp-content\/uploads\/2023\/01\/5-6.jpg?resize=510%2C510&amp;ssl=1 510w, https:\/\/i0.wp.com\/www.gonbox.com\/wp-content\/uploads\/2023\/01\/5-6.jpg?resize=100%2C100&amp;ssl=1 100w, https:\/\/i0.wp.com\/www.gonbox.com\/wp-content\/uploads\/2023\/01\/5-6.jpg?resize=50%2C50&amp;ssl=1 50w\" sizes=\"auto, (max-width: 800px) 100vw, 800px\" \/><img data-recalc-dims=\"1\" loading=\"lazy\" decoding=\"async\" width=\"800\" height=\"800\" class=\"alignnone size-full wp-image-2368\" src=\"https:\/\/i0.wp.com\/www.gonbox.com\/wp-content\/uploads\/2023\/01\/8.jpg?resize=800%2C800&#038;ssl=1\" alt=\"\" srcset=\"https:\/\/i0.wp.com\/www.gonbox.com\/wp-content\/uploads\/2023\/01\/8.jpg?w=800&amp;ssl=1 800w, https:\/\/i0.wp.com\/www.gonbox.com\/wp-content\/uploads\/2023\/01\/8.jpg?resize=400%2C400&amp;ssl=1 400w, https:\/\/i0.wp.com\/www.gonbox.com\/wp-content\/uploads\/2023\/01\/8.jpg?resize=280%2C280&amp;ssl=1 280w, https:\/\/i0.wp.com\/www.gonbox.com\/wp-content\/uploads\/2023\/01\/8.jpg?resize=768%2C768&amp;ssl=1 768w, https:\/\/i0.wp.com\/www.gonbox.com\/wp-content\/uploads\/2023\/01\/8.jpg?resize=510%2C510&amp;ssl=1 510w, https:\/\/i0.wp.com\/www.gonbox.com\/wp-content\/uploads\/2023\/01\/8.jpg?resize=100%2C100&amp;ssl=1 100w, https:\/\/i0.wp.com\/www.gonbox.com\/wp-content\/uploads\/2023\/01\/8.jpg?resize=50%2C50&amp;ssl=1 50w\" sizes=\"auto, (max-width: 800px) 100vw, 800px\" \/><\/p>\n<p><img data-recalc-dims=\"1\" loading=\"lazy\" decoding=\"async\" width=\"800\" height=\"800\" class=\"alignnone size-full wp-image-2356\" src=\"https:\/\/i0.wp.com\/www.gonbox.com\/wp-content\/uploads\/2023\/01\/4.jpg?resize=800%2C800&#038;ssl=1\" alt=\"\" srcset=\"https:\/\/i0.wp.com\/www.gonbox.com\/wp-content\/uploads\/2023\/01\/4.jpg?w=800&amp;ssl=1 800w, https:\/\/i0.wp.com\/www.gonbox.com\/wp-content\/uploads\/2023\/01\/4.jpg?resize=400%2C400&amp;ssl=1 400w, https:\/\/i0.wp.com\/www.gonbox.com\/wp-content\/uploads\/2023\/01\/4.jpg?resize=280%2C280&amp;ssl=1 280w, https:\/\/i0.wp.com\/www.gonbox.com\/wp-content\/uploads\/2023\/01\/4.jpg?resize=768%2C768&amp;ssl=1 768w, https:\/\/i0.wp.com\/www.gonbox.com\/wp-content\/uploads\/2023\/01\/4.jpg?resize=510%2C510&amp;ssl=1 510w, https:\/\/i0.wp.com\/www.gonbox.com\/wp-content\/uploads\/2023\/01\/4.jpg?resize=100%2C100&amp;ssl=1 100w, https:\/\/i0.wp.com\/www.gonbox.com\/wp-content\/uploads\/2023\/01\/4.jpg?resize=50%2C50&amp;ssl=1 50w\" sizes=\"auto, (max-width: 800px) 100vw, 800px\" \/><\/p>\n<p>&nbsp;<\/p>\n<p><strong>Fabrik echter Schuss:<\/strong><\/p>\n<p><img data-recalc-dims=\"1\" loading=\"lazy\" decoding=\"async\" width=\"750\" height=\"666\" class=\"alignnone size-full wp-image-2358\" src=\"https:\/\/i0.wp.com\/www.gonbox.com\/wp-content\/uploads\/2023\/01\/O1CN01AhLN521ozc7dGBCvk_2206401525296.jpg?resize=750%2C666&#038;ssl=1\" alt=\"\" srcset=\"https:\/\/i0.wp.com\/www.gonbox.com\/wp-content\/uploads\/2023\/01\/O1CN01AhLN521ozc7dGBCvk_2206401525296.jpg?w=750&amp;ssl=1 750w, https:\/\/i0.wp.com\/www.gonbox.com\/wp-content\/uploads\/2023\/01\/O1CN01AhLN521ozc7dGBCvk_2206401525296.jpg?resize=450%2C400&amp;ssl=1 450w, https:\/\/i0.wp.com\/www.gonbox.com\/wp-content\/uploads\/2023\/01\/O1CN01AhLN521ozc7dGBCvk_2206401525296.jpg?resize=510%2C453&amp;ssl=1 510w, https:\/\/i0.wp.com\/www.gonbox.com\/wp-content\/uploads\/2023\/01\/O1CN01AhLN521ozc7dGBCvk_2206401525296.jpg?resize=100%2C89&amp;ssl=1 100w\" sizes=\"auto, (max-width: 750px) 100vw, 750px\" \/><br \/>\n<img data-recalc-dims=\"1\" loading=\"lazy\" decoding=\"async\" width=\"750\" height=\"429\" class=\"alignnone size-full wp-image-2359\" src=\"https:\/\/i0.wp.com\/www.gonbox.com\/wp-content\/uploads\/2023\/01\/O1CN01dfwySt1ozc7gEDvfF_2206401525296.jpg?resize=750%2C429&#038;ssl=1\" alt=\"\" srcset=\"https:\/\/i0.wp.com\/www.gonbox.com\/wp-content\/uploads\/2023\/01\/O1CN01dfwySt1ozc7gEDvfF_2206401525296.jpg?w=750&amp;ssl=1 750w, https:\/\/i0.wp.com\/www.gonbox.com\/wp-content\/uploads\/2023\/01\/O1CN01dfwySt1ozc7gEDvfF_2206401525296.jpg?resize=699%2C400&amp;ssl=1 699w, https:\/\/i0.wp.com\/www.gonbox.com\/wp-content\/uploads\/2023\/01\/O1CN01dfwySt1ozc7gEDvfF_2206401525296.jpg?resize=510%2C292&amp;ssl=1 510w, https:\/\/i0.wp.com\/www.gonbox.com\/wp-content\/uploads\/2023\/01\/O1CN01dfwySt1ozc7gEDvfF_2206401525296.jpg?resize=100%2C57&amp;ssl=1 100w\" sizes=\"auto, (max-width: 750px) 100vw, 750px\" \/><\/p>\n<p><strong>Produktbeschreibung:<\/strong><br \/>\n1. Heizmodus, drei G\u00e4nge mit hoher, mittlerer und niedriger Geschwindigkeit<br \/>\n2. Reinigen Sie den Doppelschichtfilter, filtern Sie Bakterienstaub, reinigen Sie die Luft und atmen Sie mit Zuversicht<br \/>\n3. Notschalter, durchdachtes Design, keine Abstriche<br \/>\n4. Das lange Rohr ist der Wassereinlass und das kurze Rohr ist der Wasserauslass<br \/>\n5. Der Durchmesser des Hauptrohrs betr\u00e4gt 16 mm und die Wandst\u00e4rke des Kupferrohrs 0,55 mm<br \/>\n6. Kommt mit einem Ablassventil, um den Wasserweg glatter zu machen<br \/>\n7. Magnetventil\/Wasserpumpenleitung, Raumtemperaturf\u00fchlerleitung<\/p>\n<p>&nbsp;<\/p>\n<p><strong>Kaufhinweise:<\/strong><\/p>\n<p>1. Grundlegende Umtauschrichtlinie: Mit Ausnahme der Waren, die auf der Produktdetailseite deutlich gekennzeichnet sind und zum Zeitpunkt des Kaufs best\u00e4tigt wurden, dass \u201ekein Grund zur R\u00fcckgabe oder zum Umtausch nicht unterst\u00fctzt wird\u201c. Produkte auf der GONBOX-S\u00e4ule k\u00f6nnen unter der Voraussetzung, dass die Produkte in gutem Zustand, unbenutzt oder besch\u00e4digt sind und das Zubeh\u00f6r vollst\u00e4ndig ist, umgetauscht werden<\/p>\n<p>2. Spezifische Garantiedetails finden Sie unter: \u201eGONBOX Globale Garantieregeln\u201c\u00a0\u00a0<a href=\"https:\/\/www.gonbox.com\/de\/gonbox-product-warranty-terms\/\">https:\/\/www.gonbox.com\/gonbox-product-warranty-terms\/<\/a><br \/>\n(Hinweis: Sie m\u00fcssen die Ersatzversandkosten selbst tragen)<\/p>\n<p>3. Versandbestellung: Bitte lesen Sie \u201eGlobal Logistics Price Reference Instructions\u201c\u00a0<a href=\"https:\/\/www.gonbox.com\/de\/global-logistics-price-reference-instructions\/\">https:\/\/www.gonbox.com\/global-logistics-price-reference-instructions\/<\/a><\/p>","protected":false},"excerpt":{"rendered":"<p>Anzahl der Kupferrohre: 28<br \/>\nMotorleistung: 18W<br \/>\nAnwendbarer Bereich: 35\u33a1<\/p>","protected":false},"featured_media":2903,"comment_status":"open","ping_status":"closed","template":"","meta":[],"product_cat":[15,79],"product_tag":[],"class_list":["post-2352","product","type-product","status-publish","has-post-thumbnail","hentry","product_cat-oil-cooling-mall","product_cat-all"],"yoast_head":"<!-- This site is optimized with the Yoast SEO plugin v20.2.1 - https:\/\/yoast.com\/wordpress\/plugins\/seo\/ -->\n<title>Water Air Conditioner Wall Mounted - Gonbox<\/title>\n<meta name=\"description\" content=\"Number of copper tubes: 28,Motor power: 18W,Applicable area: 35\u33a1\" \/>\n<meta name=\"robots\" content=\"index, follow, max-snippet:-1, max-image-preview:large, max-video-preview:-1\" \/>\n<link rel=\"canonical\" href=\"https:\/\/www.gonbox.com\/de\/produkt\/air-conditioner-wall-mount\/\" \/>\n<meta property=\"og:locale\" content=\"de_DE\" \/>\n<meta property=\"og:type\" content=\"article\" \/>\n<meta property=\"og:title\" content=\"Water Air Conditioner Wall Mounted - Gonbox\" \/>\n<meta property=\"og:description\" content=\"Number of copper tubes: 28,Motor power: 18W,Applicable area: 35\u33a1\" \/>\n<meta property=\"og:url\" content=\"https:\/\/www.gonbox.com\/de\/produkt\/air-conditioner-wall-mount\/\" \/>\n<meta property=\"og:site_name\" content=\"Gonbox\" \/>\n<meta property=\"article:publisher\" content=\"https:\/\/www.facebook.com\/gonboxmining\/\" \/>\n<meta property=\"article:modified_time\" content=\"2023-02-18T14:35:25+00:00\" \/>\n<meta property=\"og:image\" content=\"https:\/\/www.gonbox.com\/wp-content\/uploads\/2023\/01\/\u5fae\u4fe1\u56fe\u7247_20230113163326.jpg\" \/>\n\t<meta property=\"og:image:width\" content=\"800\" \/>\n\t<meta property=\"og:image:height\" content=\"800\" \/>\n\t<meta property=\"og:image:type\" content=\"image\/jpeg\" \/>\n<meta name=\"twitter:card\" content=\"summary_large_image\" \/>\n<meta name=\"twitter:site\" content=\"@gonbox_com\" \/>\n<meta name=\"twitter:label1\" content=\"Est. reading time\" \/>\n\t<meta name=\"twitter:data1\" content=\"2\u00a0Minuten\" \/>\n<script type=\"application\/ld+json\" class=\"yoast-schema-graph\">{\"@context\":\"https:\/\/schema.org\",\"@graph\":[{\"@type\":\"WebPage\",\"@id\":\"https:\/\/www.gonbox.com\/product\/air-conditioner-wall-mount\/\",\"url\":\"https:\/\/www.gonbox.com\/product\/air-conditioner-wall-mount\/\",\"name\":\"Water Air Conditioner Wall Mounted - Gonbox\",\"isPartOf\":{\"@id\":\"https:\/\/www.gonbox.com\/#website\"},\"datePublished\":\"2023-01-01T03:42:07+00:00\",\"dateModified\":\"2023-02-18T14:35:25+00:00\",\"description\":\"Number of copper tubes: 28,Motor power: 18W,Applicable area: 35\u33a1\",\"breadcrumb\":{\"@id\":\"https:\/\/www.gonbox.com\/product\/air-conditioner-wall-mount\/#breadcrumb\"},\"inLanguage\":\"de-CH\",\"potentialAction\":[{\"@type\":\"ReadAction\",\"target\":[\"https:\/\/www.gonbox.com\/product\/air-conditioner-wall-mount\/\"]}]},{\"@type\":\"BreadcrumbList\",\"@id\":\"https:\/\/www.gonbox.com\/product\/air-conditioner-wall-mount\/#breadcrumb\",\"itemListElement\":[{\"@type\":\"ListItem\",\"position\":1,\"name\":\"\u9996\u9875\",\"item\":\"https:\/\/www.gonbox.com\/\"},{\"@type\":\"ListItem\",\"position\":2,\"name\":\"Shop\",\"item\":\"https:\/\/www.gonbox.com\/shop\/\"},{\"@type\":\"ListItem\",\"position\":3,\"name\":\"Water Air Conditioner Wall Mounted\"}]},{\"@type\":\"WebSite\",\"@id\":\"https:\/\/www.gonbox.com\/#website\",\"url\":\"https:\/\/www.gonbox.com\/\",\"name\":\"Gonbox\",\"description\":\"Everyone Can Mine Bitcoin\",\"publisher\":{\"@id\":\"https:\/\/www.gonbox.com\/#organization\"},\"potentialAction\":[{\"@type\":\"SearchAction\",\"target\":{\"@type\":\"EntryPoint\",\"urlTemplate\":\"https:\/\/www.gonbox.com\/?s={search_term_string}\"},\"query-input\":\"required name=search_term_string\"}],\"inLanguage\":\"de-CH\"},{\"@type\":\"Organization\",\"@id\":\"https:\/\/www.gonbox.com\/#organization\",\"name\":\"GONBOX GROUP INC\",\"url\":\"https:\/\/www.gonbox.com\/\",\"logo\":{\"@type\":\"ImageObject\",\"inLanguage\":\"de-CH\",\"@id\":\"https:\/\/www.gonbox.com\/#\/schema\/logo\/image\/\",\"url\":\"https:\/\/5n57c6.p3cdn1.secureserver.net\/wp-content\/uploads\/2022\/12\/logo.png?time=1669965474\",\"contentUrl\":\"https:\/\/5n57c6.p3cdn1.secureserver.net\/wp-content\/uploads\/2022\/12\/logo.png?time=1669965474\",\"width\":130,\"height\":84,\"caption\":\"GONBOX GROUP INC\"},\"image\":{\"@id\":\"https:\/\/www.gonbox.com\/#\/schema\/logo\/image\/\"},\"sameAs\":[\"https:\/\/www.facebook.com\/gonboxmining\/\",\"https:\/\/twitter.com\/gonbox_com\"]}]}<\/script>\n<!-- \/ Yoast SEO plugin. -->","yoast_head_json":{"title":"Water Air Conditioner Wall Mounted - Gonbox","description":"Number of copper tubes: 28,Motor power: 18W,Applicable area: 35\u33a1","robots":{"index":"index","follow":"follow","max-snippet":"max-snippet:-1","max-image-preview":"max-image-preview:large","max-video-preview":"max-video-preview:-1"},"canonical":"https:\/\/www.gonbox.com\/de\/produkt\/air-conditioner-wall-mount\/","og_locale":"de_DE","og_type":"article","og_title":"Water Air Conditioner Wall Mounted - Gonbox","og_description":"Number of copper tubes: 28,Motor power: 18W,Applicable area: 35\u33a1","og_url":"https:\/\/www.gonbox.com\/de\/produkt\/air-conditioner-wall-mount\/","og_site_name":"Gonbox","article_publisher":"https:\/\/www.facebook.com\/gonboxmining\/","article_modified_time":"2023-02-18T14:35:25+00:00","og_image":[{"width":800,"height":800,"url":"https:\/\/www.gonbox.com\/wp-content\/uploads\/2023\/01\/\u5fae\u4fe1\u56fe\u7247_20230113163326.jpg","type":"image\/jpeg"}],"twitter_card":"summary_large_image","twitter_site":"@gonbox_com","twitter_misc":{"Est. reading time":"2\u00a0Minuten"},"schema":{"@context":"https:\/\/schema.org","@graph":[{"@type":"WebPage","@id":"https:\/\/www.gonbox.com\/product\/air-conditioner-wall-mount\/","url":"https:\/\/www.gonbox.com\/product\/air-conditioner-wall-mount\/","name":"Water Air Conditioner Wall Mounted - Gonbox","isPartOf":{"@id":"https:\/\/www.gonbox.com\/#website"},"datePublished":"2023-01-01T03:42:07+00:00","dateModified":"2023-02-18T14:35:25+00:00","description":"Number of copper tubes: 28,Motor power: 18W,Applicable area: 35\u33a1","breadcrumb":{"@id":"https:\/\/www.gonbox.com\/product\/air-conditioner-wall-mount\/#breadcrumb"},"inLanguage":"de-CH","potentialAction":[{"@type":"ReadAction","target":["https:\/\/www.gonbox.com\/product\/air-conditioner-wall-mount\/"]}]},{"@type":"BreadcrumbList","@id":"https:\/\/www.gonbox.com\/product\/air-conditioner-wall-mount\/#breadcrumb","itemListElement":[{"@type":"ListItem","position":1,"name":"\u9996\u9875","item":"https:\/\/www.gonbox.com\/"},{"@type":"ListItem","position":2,"name":"Shop","item":"https:\/\/www.gonbox.com\/shop\/"},{"@type":"ListItem","position":3,"name":"Water Air Conditioner Wall Mounted"}]},{"@type":"WebSite","@id":"https:\/\/www.gonbox.com\/#website","url":"https:\/\/www.gonbox.com\/","name":"Gonbox","description":"Jeder kann Bitcoin sch\u00fcrfen","publisher":{"@id":"https:\/\/www.gonbox.com\/#organization"},"potentialAction":[{"@type":"SearchAction","target":{"@type":"EntryPoint","urlTemplate":"https:\/\/www.gonbox.com\/?s={search_term_string}"},"query-input":"required name=search_term_string"}],"inLanguage":"de-CH"},{"@type":"Organization","@id":"https:\/\/www.gonbox.com\/#organization","name":"GONBOX GROUP INC","url":"https:\/\/www.gonbox.com\/","logo":{"@type":"ImageObject","inLanguage":"de-CH","@id":"https:\/\/www.gonbox.com\/#\/schema\/logo\/image\/","url":"https:\/\/5n57c6.p3cdn1.secureserver.net\/wp-content\/uploads\/2022\/12\/logo.png?time=1669965474","contentUrl":"https:\/\/5n57c6.p3cdn1.secureserver.net\/wp-content\/uploads\/2022\/12\/logo.png?time=1669965474","width":130,"height":84,"caption":"GONBOX GROUP INC"},"image":{"@id":"https:\/\/www.gonbox.com\/#\/schema\/logo\/image\/"},"sameAs":["https:\/\/www.facebook.com\/gonboxmining\/","https:\/\/twitter.com\/gonbox_com"]}]}},"jetpack_sharing_enabled":true,"_links":{"self":[{"href":"https:\/\/www.gonbox.com\/de\/wp-json\/wp\/v2\/product\/2352","targetHints":{"allow":["GET"]}}],"collection":[{"href":"https:\/\/www.gonbox.com\/de\/wp-json\/wp\/v2\/product"}],"about":[{"href":"https:\/\/www.gonbox.com\/de\/wp-json\/wp\/v2\/types\/product"}],"replies":[{"embeddable":true,"href":"https:\/\/www.gonbox.com\/de\/wp-json\/wp\/v2\/comments?post=2352"}],"wp:featuredmedia":[{"embeddable":true,"href":"https:\/\/www.gonbox.com\/de\/wp-json\/wp\/v2\/media\/2903"}],"wp:attachment":[{"href":"https:\/\/www.gonbox.com\/de\/wp-json\/wp\/v2\/media?parent=2352"}],"wp:term":[{"taxonomy":"product_cat","embeddable":true,"href":"https:\/\/www.gonbox.com\/de\/wp-json\/wp\/v2\/product_cat?post=2352"},{"taxonomy":"product_tag","embeddable":true,"href":"https:\/\/www.gonbox.com\/de\/wp-json\/wp\/v2\/product_tag?post=2352"}],"curies":[{"name":"wp","href":"https:\/\/api.w.org\/{rel}","templated":true}]}}