{"id":2496,"date":"2023-01-03T20:25:30","date_gmt":"2023-01-03T15:25:30","guid":{"rendered":"https:\/\/www.gonbox.com\/?post_type=product&#038;p=2496"},"modified":"2023-02-21T10:12:10","modified_gmt":"2023-02-21T05:12:10","slug":"air-energy-stainless-steel-water-tank","status":"publish","type":"product","link":"https:\/\/www.gonbox.com\/de\/produkt\/air-energy-stainless-steel-water-tank\/","title":{"rendered":"Wassertank aus Edelstahl"},"content":{"rendered":"<p><strong>Produktdetails:<\/strong><\/p>\n<p>Color classification: 300L+ accessories, 500L+ accessories<br \/>\nLiner material: SUS304 stainless steel<br \/>\nLiner stainless steel thickness: 0.047-0.048in(1.2-2.0mm)<br \/>\nInsulation layer: 50mm polyurethane<br \/>\nHousing: white\/silver(The color of the water tank is white by default)<br \/>\nOuter plate thickness: 0.5m<\/p>\n<p><img data-recalc-dims=\"1\" loading=\"lazy\" decoding=\"async\" class=\"alignnone size-full wp-image-3247\" src=\"https:\/\/i0.wp.com\/www.gonbox.com\/wp-content\/uploads\/2023\/01\/12_03.jpg?resize=751%2C754&#038;ssl=1\" alt=\"\" width=\"751\" height=\"754\" srcset=\"https:\/\/i0.wp.com\/www.gonbox.com\/wp-content\/uploads\/2023\/01\/12_03.jpg?w=751&amp;ssl=1 751w, https:\/\/i0.wp.com\/www.gonbox.com\/wp-content\/uploads\/2023\/01\/12_03.jpg?resize=398%2C400&amp;ssl=1 398w, https:\/\/i0.wp.com\/www.gonbox.com\/wp-content\/uploads\/2023\/01\/12_03.jpg?resize=280%2C280&amp;ssl=1 280w, https:\/\/i0.wp.com\/www.gonbox.com\/wp-content\/uploads\/2023\/01\/12_03.jpg?resize=510%2C512&amp;ssl=1 510w, https:\/\/i0.wp.com\/www.gonbox.com\/wp-content\/uploads\/2023\/01\/12_03.jpg?resize=100%2C100&amp;ssl=1 100w, https:\/\/i0.wp.com\/www.gonbox.com\/wp-content\/uploads\/2023\/01\/12_03.jpg?resize=50%2C50&amp;ssl=1 50w\" sizes=\"auto, (max-width: 751px) 100vw, 751px\" \/><\/p>\n<p><img data-recalc-dims=\"1\" loading=\"lazy\" decoding=\"async\" class=\"alignnone size-full wp-image-3248\" src=\"https:\/\/i0.wp.com\/www.gonbox.com\/wp-content\/uploads\/2023\/01\/11_04.jpg?resize=751%2C899&#038;ssl=1\" alt=\"\" width=\"751\" height=\"899\" srcset=\"https:\/\/i0.wp.com\/www.gonbox.com\/wp-content\/uploads\/2023\/01\/11_04.jpg?w=751&amp;ssl=1 751w, https:\/\/i0.wp.com\/www.gonbox.com\/wp-content\/uploads\/2023\/01\/11_04.jpg?resize=334%2C400&amp;ssl=1 334w, https:\/\/i0.wp.com\/www.gonbox.com\/wp-content\/uploads\/2023\/01\/11_04.jpg?resize=668%2C800&amp;ssl=1 668w, https:\/\/i0.wp.com\/www.gonbox.com\/wp-content\/uploads\/2023\/01\/11_04.jpg?resize=247%2C296&amp;ssl=1 247w, https:\/\/i0.wp.com\/www.gonbox.com\/wp-content\/uploads\/2023\/01\/11_04.jpg?resize=510%2C611&amp;ssl=1 510w, https:\/\/i0.wp.com\/www.gonbox.com\/wp-content\/uploads\/2023\/01\/11_04.jpg?resize=100%2C120&amp;ssl=1 100w\" sizes=\"auto, (max-width: 751px) 100vw, 751px\" \/> <img data-recalc-dims=\"1\" loading=\"lazy\" decoding=\"async\" class=\"alignnone size-full wp-image-3249\" src=\"https:\/\/i0.wp.com\/www.gonbox.com\/wp-content\/uploads\/2023\/01\/11_05.jpg?resize=751%2C898&#038;ssl=1\" alt=\"\" width=\"751\" height=\"898\" srcset=\"https:\/\/i0.wp.com\/www.gonbox.com\/wp-content\/uploads\/2023\/01\/11_05.jpg?w=751&amp;ssl=1 751w, https:\/\/i0.wp.com\/www.gonbox.com\/wp-content\/uploads\/2023\/01\/11_05.jpg?resize=335%2C400&amp;ssl=1 335w, https:\/\/i0.wp.com\/www.gonbox.com\/wp-content\/uploads\/2023\/01\/11_05.jpg?resize=669%2C800&amp;ssl=1 669w, https:\/\/i0.wp.com\/www.gonbox.com\/wp-content\/uploads\/2023\/01\/11_05.jpg?resize=247%2C296&amp;ssl=1 247w, https:\/\/i0.wp.com\/www.gonbox.com\/wp-content\/uploads\/2023\/01\/11_05.jpg?resize=510%2C610&amp;ssl=1 510w, https:\/\/i0.wp.com\/www.gonbox.com\/wp-content\/uploads\/2023\/01\/11_05.jpg?resize=100%2C120&amp;ssl=1 100w\" sizes=\"auto, (max-width: 751px) 100vw, 751px\" \/><img data-recalc-dims=\"1\" loading=\"lazy\" decoding=\"async\" class=\"alignnone size-full wp-image-3251\" src=\"https:\/\/i0.wp.com\/www.gonbox.com\/wp-content\/uploads\/2023\/01\/12_06_%E5%89%AF%E6%9C%AC.jpg?resize=751%2C836&#038;ssl=1\" alt=\"\" width=\"751\" height=\"836\" srcset=\"https:\/\/i0.wp.com\/www.gonbox.com\/wp-content\/uploads\/2023\/01\/12_06_%E5%89%AF%E6%9C%AC.jpg?w=751&amp;ssl=1 751w, https:\/\/i0.wp.com\/www.gonbox.com\/wp-content\/uploads\/2023\/01\/12_06_%E5%89%AF%E6%9C%AC.jpg?resize=359%2C400&amp;ssl=1 359w, https:\/\/i0.wp.com\/www.gonbox.com\/wp-content\/uploads\/2023\/01\/12_06_%E5%89%AF%E6%9C%AC.jpg?resize=719%2C800&amp;ssl=1 719w, https:\/\/i0.wp.com\/www.gonbox.com\/wp-content\/uploads\/2023\/01\/12_06_%E5%89%AF%E6%9C%AC.jpg?resize=510%2C568&amp;ssl=1 510w, https:\/\/i0.wp.com\/www.gonbox.com\/wp-content\/uploads\/2023\/01\/12_06_%E5%89%AF%E6%9C%AC.jpg?resize=100%2C111&amp;ssl=1 100w\" sizes=\"auto, (max-width: 751px) 100vw, 751px\" \/><img data-recalc-dims=\"1\" loading=\"lazy\" decoding=\"async\" class=\"alignnone size-full wp-image-2797\" src=\"https:\/\/i0.wp.com\/www.gonbox.com\/wp-content\/uploads\/2023\/01\/%E5%BE%AE%E4%BF%A1%E5%9B%BE%E7%89%87_20230106142127.png?resize=746%2C719&#038;ssl=1\" alt=\"\" width=\"746\" height=\"719\" srcset=\"https:\/\/i0.wp.com\/www.gonbox.com\/wp-content\/uploads\/2023\/01\/%E5%BE%AE%E4%BF%A1%E5%9B%BE%E7%89%87_20230106142127.png?w=746&amp;ssl=1 746w, https:\/\/i0.wp.com\/www.gonbox.com\/wp-content\/uploads\/2023\/01\/%E5%BE%AE%E4%BF%A1%E5%9B%BE%E7%89%87_20230106142127.png?resize=415%2C400&amp;ssl=1 415w, https:\/\/i0.wp.com\/www.gonbox.com\/wp-content\/uploads\/2023\/01\/%E5%BE%AE%E4%BF%A1%E5%9B%BE%E7%89%87_20230106142127.png?resize=510%2C492&amp;ssl=1 510w, https:\/\/i0.wp.com\/www.gonbox.com\/wp-content\/uploads\/2023\/01\/%E5%BE%AE%E4%BF%A1%E5%9B%BE%E7%89%87_20230106142127.png?resize=100%2C96&amp;ssl=1 100w\" sizes=\"auto, (max-width: 746px) 100vw, 746px\" \/><\/p>\n<p><strong>product details\uff1a<\/strong><\/p>\n<p><img data-recalc-dims=\"1\" loading=\"lazy\" decoding=\"async\" class=\"alignnone size-full wp-image-2798\" src=\"https:\/\/i0.wp.com\/www.gonbox.com\/wp-content\/uploads\/2023\/01\/8-1.jpg?resize=751%2C688&#038;ssl=1\" alt=\"\" width=\"751\" height=\"688\" srcset=\"https:\/\/i0.wp.com\/www.gonbox.com\/wp-content\/uploads\/2023\/01\/8-1.jpg?w=751&amp;ssl=1 751w, https:\/\/i0.wp.com\/www.gonbox.com\/wp-content\/uploads\/2023\/01\/8-1.jpg?resize=437%2C400&amp;ssl=1 437w, https:\/\/i0.wp.com\/www.gonbox.com\/wp-content\/uploads\/2023\/01\/8-1.jpg?resize=510%2C467&amp;ssl=1 510w, https:\/\/i0.wp.com\/www.gonbox.com\/wp-content\/uploads\/2023\/01\/8-1.jpg?resize=100%2C92&amp;ssl=1 100w\" sizes=\"auto, (max-width: 751px) 100vw, 751px\" \/><img data-recalc-dims=\"1\" loading=\"lazy\" decoding=\"async\" class=\"alignnone size-full wp-image-2799\" src=\"https:\/\/i0.wp.com\/www.gonbox.com\/wp-content\/uploads\/2023\/01\/9-1.jpg?resize=751%2C870&#038;ssl=1\" alt=\"\" width=\"751\" height=\"870\" srcset=\"https:\/\/i0.wp.com\/www.gonbox.com\/wp-content\/uploads\/2023\/01\/9-1.jpg?w=751&amp;ssl=1 751w, https:\/\/i0.wp.com\/www.gonbox.com\/wp-content\/uploads\/2023\/01\/9-1.jpg?resize=345%2C400&amp;ssl=1 345w, https:\/\/i0.wp.com\/www.gonbox.com\/wp-content\/uploads\/2023\/01\/9-1.jpg?resize=691%2C800&amp;ssl=1 691w, https:\/\/i0.wp.com\/www.gonbox.com\/wp-content\/uploads\/2023\/01\/9-1.jpg?resize=510%2C591&amp;ssl=1 510w, https:\/\/i0.wp.com\/www.gonbox.com\/wp-content\/uploads\/2023\/01\/9-1.jpg?resize=100%2C116&amp;ssl=1 100w\" sizes=\"auto, (max-width: 751px) 100vw, 751px\" \/><img data-recalc-dims=\"1\" loading=\"lazy\" decoding=\"async\" class=\"alignnone size-full wp-image-2800\" src=\"https:\/\/i0.wp.com\/www.gonbox.com\/wp-content\/uploads\/2023\/01\/10-4.jpg?resize=751%2C960&#038;ssl=1\" alt=\"\" width=\"751\" height=\"960\" srcset=\"https:\/\/i0.wp.com\/www.gonbox.com\/wp-content\/uploads\/2023\/01\/10-4.jpg?w=751&amp;ssl=1 751w, https:\/\/i0.wp.com\/www.gonbox.com\/wp-content\/uploads\/2023\/01\/10-4.jpg?resize=313%2C400&amp;ssl=1 313w, https:\/\/i0.wp.com\/www.gonbox.com\/wp-content\/uploads\/2023\/01\/10-4.jpg?resize=626%2C800&amp;ssl=1 626w, https:\/\/i0.wp.com\/www.gonbox.com\/wp-content\/uploads\/2023\/01\/10-4.jpg?resize=510%2C652&amp;ssl=1 510w, https:\/\/i0.wp.com\/www.gonbox.com\/wp-content\/uploads\/2023\/01\/10-4.jpg?resize=100%2C128&amp;ssl=1 100w\" sizes=\"auto, (max-width: 751px) 100vw, 751px\" \/><img data-recalc-dims=\"1\" loading=\"lazy\" decoding=\"async\" class=\"alignnone size-full wp-image-3252\" src=\"https:\/\/i0.wp.com\/www.gonbox.com\/wp-content\/uploads\/2023\/01\/12_11.jpg?resize=751%2C1001&#038;ssl=1\" alt=\"\" width=\"751\" height=\"1001\" srcset=\"https:\/\/i0.wp.com\/www.gonbox.com\/wp-content\/uploads\/2023\/01\/12_11.jpg?w=751&amp;ssl=1 751w, https:\/\/i0.wp.com\/www.gonbox.com\/wp-content\/uploads\/2023\/01\/12_11.jpg?resize=300%2C400&amp;ssl=1 300w, https:\/\/i0.wp.com\/www.gonbox.com\/wp-content\/uploads\/2023\/01\/12_11.jpg?resize=600%2C800&amp;ssl=1 600w, https:\/\/i0.wp.com\/www.gonbox.com\/wp-content\/uploads\/2023\/01\/12_11.jpg?resize=510%2C680&amp;ssl=1 510w, https:\/\/i0.wp.com\/www.gonbox.com\/wp-content\/uploads\/2023\/01\/12_11.jpg?resize=100%2C133&amp;ssl=1 100w\" sizes=\"auto, (max-width: 751px) 100vw, 751px\" \/><\/p>\n<p><strong>Product features, coil water tank, make your equipment more worry-free<\/strong><br \/>\n1. System temperature and pressure safety valve function: When the internal pressure of the water tank is over-pressured or over-temperature, the pressure is released to prevent the water tank from being deformed under pressure.<\/p>\n<p>2. Energy storage and buffering function: reduce the number of frequent starts and stops of heat pumps, and use low-peak electricity to store heat, which can satisfy large-capacity water, such as running hot water from several faucets at the same time or filling the bathtub with water.<\/p>\n<p>3. In the air conditioning or heating system, the water tank can store cold and heat, provide system stability, solve the problem of hot and cold, and provide comfort.<\/p>\n<p>4. Cleaning and sewage discharge function: The huge internal space reduces the speed of water flow, which is convenient for the particles and impurities in the water to fall under the action of gravity. The sewage valve at the lower end of the decontamination device has a switch handle, which can quickly open the sewage.<\/p>\n<p><strong>Installation instructions:<\/strong><br \/>\n1. Please take sealing measures for the connection between the parts of the water tank and the water tank to prevent leakage<\/p>\n<p>2. In order to ensure the safety of the water tank interface, the twisting force during installation is prohibited to exceed 80N.M<\/p>\n<p>3. The pressure range of the water tank is \u22640.7Mpa, it is strictly forbidden to exceed this pressure range, and a safety valve must be installed in the system<\/p>\n<p>4. The unit should not be installed in places with large dust, many pollutants, corrosive gases and high humidity<\/p>\n<p>5. Avoid placing the unit in wind and rain, direct sunlight or other places where heat sources are directly radiated<\/p>\n<p>6. Keep the ambient temperature of the unit at 0~40\u00b0C, RH75% or less, with good ventilation and less dust<\/p>\n<p>7. Water quality requirements: Attention should be paid to the water quality of the water used. Scale and debris will have a great impact on the normal operation of the system<\/p>\n<p>8. Use in strict accordance with the guidance of the water tank safety label<\/p>\n<p><strong>Kaufhinweise:<\/strong><\/p>\n<p>1. Grundlegende Umtauschrichtlinie: Mit Ausnahme der Waren, die auf der Produktdetailseite deutlich gekennzeichnet sind und zum Zeitpunkt des Kaufs best\u00e4tigt wurden, dass \u201ekein Grund zur R\u00fcckgabe oder zum Umtausch nicht unterst\u00fctzt wird\u201c. Produkte auf der GONBOX-S\u00e4ule k\u00f6nnen unter der Voraussetzung, dass die Produkte in gutem Zustand, unbenutzt oder besch\u00e4digt sind und das Zubeh\u00f6r vollst\u00e4ndig ist, umgetauscht werden<\/p>\n<p>2. Spezifische Garantiedetails finden Sie unter: \u201eGONBOX Globale Garantieregeln\u201c\u00a0\u00a0<a href=\"https:\/\/www.gonbox.com\/de\/gonbox-product-warranty-terms\/\">https:\/\/www.gonbox.com\/gonbox-product-warranty-terms\/<\/a><br \/>\n(Hinweis: Sie m\u00fcssen die Ersatzversandkosten selbst tragen)<\/p>\n<p>3. Versandbestellung: Bitte lesen Sie \u201eGlobal Logistics Price Reference Instructions\u201c\u00a0<a href=\"https:\/\/www.gonbox.com\/de\/global-logistics-price-reference-instructions\/\">https:\/\/www.gonbox.com\/global-logistics-price-reference-instructions\/<\/a><\/p>\n<p>&nbsp;<\/p>","protected":false},"excerpt":{"rendered":"<p>Liner material: SUS304 stainless steel<br \/>\nLiner stainless steel thickness: 0.047-0.048in(1.2-2.0mm)<\/p>","protected":false},"featured_media":2782,"comment_status":"open","ping_status":"closed","template":"","meta":[],"product_cat":[15,79],"product_tag":[],"class_list":["post-2496","product","type-product","status-publish","has-post-thumbnail","hentry","product_cat-oil-cooling-mall","product_cat-all"],"yoast_head":"<!-- This site is optimized with the Yoast SEO plugin v20.2.1 - https:\/\/yoast.com\/wordpress\/plugins\/seo\/ -->\n<title>Stainless Steel Water Tank - Gonbox<\/title>\n<meta name=\"robots\" content=\"index, follow, max-snippet:-1, max-image-preview:large, max-video-preview:-1\" \/>\n<link rel=\"canonical\" href=\"https:\/\/www.gonbox.com\/de\/produkt\/air-energy-stainless-steel-water-tank\/\" \/>\n<meta property=\"og:locale\" content=\"de_DE\" \/>\n<meta property=\"og:type\" content=\"article\" \/>\n<meta property=\"og:title\" content=\"Stainless Steel Water Tank - Gonbox\" \/>\n<meta property=\"og:description\" content=\"Liner material: SUS304 stainless steel Liner stainless steel thickness: 0.047-0.048in(1.2-2.0mm)\" \/>\n<meta property=\"og:url\" content=\"https:\/\/www.gonbox.com\/de\/produkt\/air-energy-stainless-steel-water-tank\/\" \/>\n<meta property=\"og:site_name\" content=\"Gonbox\" \/>\n<meta property=\"article:publisher\" content=\"https:\/\/www.facebook.com\/gonboxmining\/\" \/>\n<meta property=\"article:modified_time\" content=\"2023-02-21T05:12:10+00:00\" \/>\n<meta property=\"og:image\" content=\"https:\/\/www.gonbox.com\/wp-content\/uploads\/2023\/01\/\u4e3b\u56fe1.jpg\" \/>\n\t<meta property=\"og:image:width\" content=\"800\" \/>\n\t<meta property=\"og:image:height\" content=\"800\" \/>\n\t<meta property=\"og:image:type\" content=\"image\/jpeg\" \/>\n<meta name=\"twitter:card\" content=\"summary_large_image\" \/>\n<meta name=\"twitter:site\" content=\"@gonbox_com\" \/>\n<meta name=\"twitter:label1\" content=\"Est. reading time\" \/>\n\t<meta name=\"twitter:data1\" content=\"4\u00a0Minuten\" \/>\n<script type=\"application\/ld+json\" class=\"yoast-schema-graph\">{\"@context\":\"https:\/\/schema.org\",\"@graph\":[{\"@type\":\"WebPage\",\"@id\":\"https:\/\/www.gonbox.com\/product\/air-energy-stainless-steel-water-tank\/\",\"url\":\"https:\/\/www.gonbox.com\/product\/air-energy-stainless-steel-water-tank\/\",\"name\":\"Stainless Steel Water Tank - Gonbox\",\"isPartOf\":{\"@id\":\"https:\/\/www.gonbox.com\/#website\"},\"datePublished\":\"2023-01-03T15:25:30+00:00\",\"dateModified\":\"2023-02-21T05:12:10+00:00\",\"breadcrumb\":{\"@id\":\"https:\/\/www.gonbox.com\/product\/air-energy-stainless-steel-water-tank\/#breadcrumb\"},\"inLanguage\":\"de-CH\",\"potentialAction\":[{\"@type\":\"ReadAction\",\"target\":[\"https:\/\/www.gonbox.com\/product\/air-energy-stainless-steel-water-tank\/\"]}]},{\"@type\":\"BreadcrumbList\",\"@id\":\"https:\/\/www.gonbox.com\/product\/air-energy-stainless-steel-water-tank\/#breadcrumb\",\"itemListElement\":[{\"@type\":\"ListItem\",\"position\":1,\"name\":\"\u9996\u9875\",\"item\":\"https:\/\/www.gonbox.com\/\"},{\"@type\":\"ListItem\",\"position\":2,\"name\":\"Shop\",\"item\":\"https:\/\/www.gonbox.com\/shop\/\"},{\"@type\":\"ListItem\",\"position\":3,\"name\":\"Stainless Steel Water Tank\"}]},{\"@type\":\"WebSite\",\"@id\":\"https:\/\/www.gonbox.com\/#website\",\"url\":\"https:\/\/www.gonbox.com\/\",\"name\":\"Gonbox\",\"description\":\"Everyone Can Mine Bitcoin\",\"publisher\":{\"@id\":\"https:\/\/www.gonbox.com\/#organization\"},\"potentialAction\":[{\"@type\":\"SearchAction\",\"target\":{\"@type\":\"EntryPoint\",\"urlTemplate\":\"https:\/\/www.gonbox.com\/?s={search_term_string}\"},\"query-input\":\"required name=search_term_string\"}],\"inLanguage\":\"de-CH\"},{\"@type\":\"Organization\",\"@id\":\"https:\/\/www.gonbox.com\/#organization\",\"name\":\"GONBOX GROUP INC\",\"url\":\"https:\/\/www.gonbox.com\/\",\"logo\":{\"@type\":\"ImageObject\",\"inLanguage\":\"de-CH\",\"@id\":\"https:\/\/www.gonbox.com\/#\/schema\/logo\/image\/\",\"url\":\"https:\/\/5n57c6.p3cdn1.secureserver.net\/wp-content\/uploads\/2022\/12\/logo.png?time=1669965474\",\"contentUrl\":\"https:\/\/5n57c6.p3cdn1.secureserver.net\/wp-content\/uploads\/2022\/12\/logo.png?time=1669965474\",\"width\":130,\"height\":84,\"caption\":\"GONBOX GROUP INC\"},\"image\":{\"@id\":\"https:\/\/www.gonbox.com\/#\/schema\/logo\/image\/\"},\"sameAs\":[\"https:\/\/www.facebook.com\/gonboxmining\/\",\"https:\/\/twitter.com\/gonbox_com\"]}]}<\/script>\n<!-- \/ Yoast SEO plugin. -->","yoast_head_json":{"title":"Stainless Steel Water Tank - Gonbox","robots":{"index":"index","follow":"follow","max-snippet":"max-snippet:-1","max-image-preview":"max-image-preview:large","max-video-preview":"max-video-preview:-1"},"canonical":"https:\/\/www.gonbox.com\/de\/produkt\/air-energy-stainless-steel-water-tank\/","og_locale":"de_DE","og_type":"article","og_title":"Stainless Steel Water Tank - Gonbox","og_description":"Liner material: SUS304 stainless steel Liner stainless steel thickness: 0.047-0.048in(1.2-2.0mm)","og_url":"https:\/\/www.gonbox.com\/de\/produkt\/air-energy-stainless-steel-water-tank\/","og_site_name":"Gonbox","article_publisher":"https:\/\/www.facebook.com\/gonboxmining\/","article_modified_time":"2023-02-21T05:12:10+00:00","og_image":[{"width":800,"height":800,"url":"https:\/\/www.gonbox.com\/wp-content\/uploads\/2023\/01\/\u4e3b\u56fe1.jpg","type":"image\/jpeg"}],"twitter_card":"summary_large_image","twitter_site":"@gonbox_com","twitter_misc":{"Est. reading time":"4\u00a0Minuten"},"schema":{"@context":"https:\/\/schema.org","@graph":[{"@type":"WebPage","@id":"https:\/\/www.gonbox.com\/product\/air-energy-stainless-steel-water-tank\/","url":"https:\/\/www.gonbox.com\/product\/air-energy-stainless-steel-water-tank\/","name":"Stainless Steel Water Tank - Gonbox","isPartOf":{"@id":"https:\/\/www.gonbox.com\/#website"},"datePublished":"2023-01-03T15:25:30+00:00","dateModified":"2023-02-21T05:12:10+00:00","breadcrumb":{"@id":"https:\/\/www.gonbox.com\/product\/air-energy-stainless-steel-water-tank\/#breadcrumb"},"inLanguage":"de-CH","potentialAction":[{"@type":"ReadAction","target":["https:\/\/www.gonbox.com\/product\/air-energy-stainless-steel-water-tank\/"]}]},{"@type":"BreadcrumbList","@id":"https:\/\/www.gonbox.com\/product\/air-energy-stainless-steel-water-tank\/#breadcrumb","itemListElement":[{"@type":"ListItem","position":1,"name":"\u9996\u9875","item":"https:\/\/www.gonbox.com\/"},{"@type":"ListItem","position":2,"name":"Shop","item":"https:\/\/www.gonbox.com\/shop\/"},{"@type":"ListItem","position":3,"name":"Stainless Steel Water Tank"}]},{"@type":"WebSite","@id":"https:\/\/www.gonbox.com\/#website","url":"https:\/\/www.gonbox.com\/","name":"Gonbox","description":"Jeder kann Bitcoin sch\u00fcrfen","publisher":{"@id":"https:\/\/www.gonbox.com\/#organization"},"potentialAction":[{"@type":"SearchAction","target":{"@type":"EntryPoint","urlTemplate":"https:\/\/www.gonbox.com\/?s={search_term_string}"},"query-input":"required name=search_term_string"}],"inLanguage":"de-CH"},{"@type":"Organization","@id":"https:\/\/www.gonbox.com\/#organization","name":"GONBOX GROUP INC","url":"https:\/\/www.gonbox.com\/","logo":{"@type":"ImageObject","inLanguage":"de-CH","@id":"https:\/\/www.gonbox.com\/#\/schema\/logo\/image\/","url":"https:\/\/5n57c6.p3cdn1.secureserver.net\/wp-content\/uploads\/2022\/12\/logo.png?time=1669965474","contentUrl":"https:\/\/5n57c6.p3cdn1.secureserver.net\/wp-content\/uploads\/2022\/12\/logo.png?time=1669965474","width":130,"height":84,"caption":"GONBOX GROUP INC"},"image":{"@id":"https:\/\/www.gonbox.com\/#\/schema\/logo\/image\/"},"sameAs":["https:\/\/www.facebook.com\/gonboxmining\/","https:\/\/twitter.com\/gonbox_com"]}]}},"jetpack_sharing_enabled":true,"_links":{"self":[{"href":"https:\/\/www.gonbox.com\/de\/wp-json\/wp\/v2\/product\/2496","targetHints":{"allow":["GET"]}}],"collection":[{"href":"https:\/\/www.gonbox.com\/de\/wp-json\/wp\/v2\/product"}],"about":[{"href":"https:\/\/www.gonbox.com\/de\/wp-json\/wp\/v2\/types\/product"}],"replies":[{"embeddable":true,"href":"https:\/\/www.gonbox.com\/de\/wp-json\/wp\/v2\/comments?post=2496"}],"wp:featuredmedia":[{"embeddable":true,"href":"https:\/\/www.gonbox.com\/de\/wp-json\/wp\/v2\/media\/2782"}],"wp:attachment":[{"href":"https:\/\/www.gonbox.com\/de\/wp-json\/wp\/v2\/media?parent=2496"}],"wp:term":[{"taxonomy":"product_cat","embeddable":true,"href":"https:\/\/www.gonbox.com\/de\/wp-json\/wp\/v2\/product_cat?post=2496"},{"taxonomy":"product_tag","embeddable":true,"href":"https:\/\/www.gonbox.com\/de\/wp-json\/wp\/v2\/product_tag?post=2496"}],"curies":[{"name":"wp","href":"https:\/\/api.w.org\/{rel}","templated":true}]}}