{"id":3317,"date":"2023-02-17T10:50:08","date_gmt":"2023-02-17T05:50:08","guid":{"rendered":"https:\/\/www.gonbox.com\/?post_type=product&#038;p=3317"},"modified":"2023-02-28T12:47:18","modified_gmt":"2023-02-28T07:47:18","slug":"vertical-water-air-conditioner","status":"publish","type":"product","link":"https:\/\/www.gonbox.com\/de\/produkt\/vertical-water-air-conditioner\/","title":{"rendered":"Vertikale Wasserklimaanlage"},"content":{"rendered":"<p><strong>Produktdetails:<\/strong><\/p>\n<p>Platine mit dualer Temperaturregelung<br \/>\nTyp: Heizung<br \/>\nStromversorgung: 220 V\/50 Hz<br \/>\nEingangsleistung: 60 W<br \/>\nWasserdurchfluss: 343,42 Gallonen (1300 l)<br \/>\nHeizwassertemperatur: Start bei 30\u00b0 Wassertemperatur<br \/>\nIndoor: Die Temperatur kann eingestellt werden und stoppt automatisch, wenn sie die Anforderungen erf\u00fcllt<br \/>\nHeizleistung: 8-12 kW<br \/>\nHeizfl\u00e4che: 40-60\u33a1<br \/>\nL\u00e4rm: 22-40db<br \/>\nVerdampfer: 126 R\u00f6hren, 11 ein und 11 aus<br \/>\nKupferrohr: Kupferrohr 7 * 0,24 * 0,15<br \/>\nLuftauslass: zwei obere und untere Luftausl\u00e4sse<br \/>\nDer darunter liegende Luftauslassknopf ist separat ansteuerbar<br \/>\nGr\u00f6\u00dfe: 73,94 Zoll * 16,93 Zoll * 18,11 Zoll (1878 mm * 430 mm * 460 mm)<\/p>\n<p><img data-recalc-dims=\"1\" loading=\"lazy\" decoding=\"async\" class=\"alignnone size-full wp-image-3319\" src=\"https:\/\/i0.wp.com\/www.gonbox.com\/wp-content\/uploads\/2023\/02\/2-1.jpg?resize=800%2C800&#038;ssl=1\" alt=\"\" width=\"800\" height=\"800\" srcset=\"https:\/\/i0.wp.com\/www.gonbox.com\/wp-content\/uploads\/2023\/02\/2-1.jpg?w=800&amp;ssl=1 800w, https:\/\/i0.wp.com\/www.gonbox.com\/wp-content\/uploads\/2023\/02\/2-1.jpg?resize=400%2C400&amp;ssl=1 400w, https:\/\/i0.wp.com\/www.gonbox.com\/wp-content\/uploads\/2023\/02\/2-1.jpg?resize=280%2C280&amp;ssl=1 280w, https:\/\/i0.wp.com\/www.gonbox.com\/wp-content\/uploads\/2023\/02\/2-1.jpg?resize=768%2C768&amp;ssl=1 768w, https:\/\/i0.wp.com\/www.gonbox.com\/wp-content\/uploads\/2023\/02\/2-1.jpg?resize=510%2C510&amp;ssl=1 510w, https:\/\/i0.wp.com\/www.gonbox.com\/wp-content\/uploads\/2023\/02\/2-1.jpg?resize=100%2C100&amp;ssl=1 100w, https:\/\/i0.wp.com\/www.gonbox.com\/wp-content\/uploads\/2023\/02\/2-1.jpg?resize=50%2C50&amp;ssl=1 50w\" sizes=\"auto, (max-width: 800px) 100vw, 800px\" \/><\/p>\n<p><img data-recalc-dims=\"1\" loading=\"lazy\" decoding=\"async\" class=\"alignnone size-full wp-image-3318\" src=\"https:\/\/i0.wp.com\/www.gonbox.com\/wp-content\/uploads\/2023\/02\/4-1.jpg?resize=800%2C849&#038;ssl=1\" alt=\"\" width=\"800\" height=\"849\" srcset=\"https:\/\/i0.wp.com\/www.gonbox.com\/wp-content\/uploads\/2023\/02\/4-1.jpg?w=800&amp;ssl=1 800w, https:\/\/i0.wp.com\/www.gonbox.com\/wp-content\/uploads\/2023\/02\/4-1.jpg?resize=377%2C400&amp;ssl=1 377w, https:\/\/i0.wp.com\/www.gonbox.com\/wp-content\/uploads\/2023\/02\/4-1.jpg?resize=754%2C800&amp;ssl=1 754w, https:\/\/i0.wp.com\/www.gonbox.com\/wp-content\/uploads\/2023\/02\/4-1.jpg?resize=768%2C815&amp;ssl=1 768w, https:\/\/i0.wp.com\/www.gonbox.com\/wp-content\/uploads\/2023\/02\/4-1.jpg?resize=510%2C541&amp;ssl=1 510w, https:\/\/i0.wp.com\/www.gonbox.com\/wp-content\/uploads\/2023\/02\/4-1.jpg?resize=100%2C106&amp;ssl=1 100w\" sizes=\"auto, (max-width: 800px) 100vw, 800px\" \/><\/p>\n<p>&nbsp;<\/p>\n<p>Fabrikfoto:<\/p>\n<p><img data-recalc-dims=\"1\" loading=\"lazy\" decoding=\"async\" class=\"alignnone size-full wp-image-3320\" src=\"https:\/\/i0.wp.com\/www.gonbox.com\/wp-content\/uploads\/2023\/02\/3-1.jpg?resize=800%2C800&#038;ssl=1\" alt=\"\" width=\"800\" height=\"800\" srcset=\"https:\/\/i0.wp.com\/www.gonbox.com\/wp-content\/uploads\/2023\/02\/3-1.jpg?w=800&amp;ssl=1 800w, https:\/\/i0.wp.com\/www.gonbox.com\/wp-content\/uploads\/2023\/02\/3-1.jpg?resize=400%2C400&amp;ssl=1 400w, https:\/\/i0.wp.com\/www.gonbox.com\/wp-content\/uploads\/2023\/02\/3-1.jpg?resize=280%2C280&amp;ssl=1 280w, https:\/\/i0.wp.com\/www.gonbox.com\/wp-content\/uploads\/2023\/02\/3-1.jpg?resize=768%2C768&amp;ssl=1 768w, https:\/\/i0.wp.com\/www.gonbox.com\/wp-content\/uploads\/2023\/02\/3-1.jpg?resize=510%2C510&amp;ssl=1 510w, https:\/\/i0.wp.com\/www.gonbox.com\/wp-content\/uploads\/2023\/02\/3-1.jpg?resize=100%2C100&amp;ssl=1 100w, https:\/\/i0.wp.com\/www.gonbox.com\/wp-content\/uploads\/2023\/02\/3-1.jpg?resize=50%2C50&amp;ssl=1 50w\" sizes=\"auto, (max-width: 800px) 100vw, 800px\" \/><\/p>\n<p>&nbsp;<\/p>\n<p><strong>Kaufhinweise:<\/strong><\/p>\n<p>1. Grundlegende Umtauschrichtlinie: Mit Ausnahme der Waren, die auf der Produktdetailseite deutlich gekennzeichnet sind und zum Zeitpunkt des Kaufs best\u00e4tigt wurden, dass \u201ekein Grund zur R\u00fcckgabe oder zum Umtausch nicht unterst\u00fctzt wird\u201c. Produkte auf der GONBOX-S\u00e4ule k\u00f6nnen unter der Voraussetzung, dass die Produkte in gutem Zustand, unbenutzt oder besch\u00e4digt sind und das Zubeh\u00f6r vollst\u00e4ndig ist, umgetauscht werden<\/p>\n<p>2. Spezifische Garantiedetails finden Sie unter: \u201eGONBOX Globale Garantieregeln\u201c\u00a0\u00a0<a href=\"https:\/\/www.gonbox.com\/de\/gonbox-product-warranty-terms\/\">https:\/\/www.gonbox.com\/gonbox-product-warranty-terms\/<\/a><br \/>\n(Hinweis: Sie m\u00fcssen die Ersatzversandkosten selbst tragen)<\/p>\n<p>3. Versandbestellung: Bitte lesen Sie \u201eGlobal Logistics Price Reference Instructions\u201c\u00a0<a href=\"https:\/\/www.gonbox.com\/de\/global-logistics-price-reference-instructions\/\">https:\/\/www.gonbox.com\/global-logistics-price-reference-instructions\/<\/a><\/p>","protected":false},"excerpt":{"rendered":"<p>Leistung: 60W<br \/>\nInstallationsmethode: Schranktyp<br \/>\nOb intelligente Steuerung: ja<\/p>","protected":false},"featured_media":3323,"comment_status":"open","ping_status":"closed","template":"","meta":[],"product_cat":[15,79],"product_tag":[],"class_list":["post-3317","product","type-product","status-publish","has-post-thumbnail","hentry","product_cat-oil-cooling-mall","product_cat-all"],"yoast_head":"<!-- This site is optimized with the Yoast SEO plugin v20.2.1 - https:\/\/yoast.com\/wordpress\/plugins\/seo\/ -->\n<title>Vertical Water Air Conditioner - Gonbox<\/title>\n<meta name=\"description\" content=\"Power: 60W,Installation method: Cabinet,typeWhether intelligent control: yes\" \/>\n<meta name=\"robots\" content=\"index, follow, max-snippet:-1, max-image-preview:large, max-video-preview:-1\" \/>\n<link rel=\"canonical\" href=\"https:\/\/www.gonbox.com\/de\/produkt\/vertical-water-air-conditioner\/\" \/>\n<meta property=\"og:locale\" content=\"de_DE\" \/>\n<meta property=\"og:type\" content=\"article\" \/>\n<meta property=\"og:title\" content=\"Vertical Water Air Conditioner - Gonbox\" \/>\n<meta property=\"og:description\" content=\"Power: 60W,Installation method: Cabinet,typeWhether intelligent control: yes\" \/>\n<meta property=\"og:url\" content=\"https:\/\/www.gonbox.com\/de\/produkt\/vertical-water-air-conditioner\/\" \/>\n<meta property=\"og:site_name\" content=\"Gonbox\" \/>\n<meta property=\"article:publisher\" content=\"https:\/\/www.facebook.com\/gonboxmining\/\" \/>\n<meta property=\"article:modified_time\" content=\"2023-02-28T07:47:18+00:00\" \/>\n<meta property=\"og:image\" content=\"https:\/\/www.gonbox.com\/wp-content\/uploads\/2023\/02\/1-1.jpg\" \/>\n\t<meta property=\"og:image:width\" content=\"800\" \/>\n\t<meta property=\"og:image:height\" content=\"800\" \/>\n\t<meta property=\"og:image:type\" content=\"image\/jpeg\" \/>\n<meta name=\"twitter:card\" content=\"summary_large_image\" \/>\n<meta name=\"twitter:site\" content=\"@gonbox_com\" \/>\n<meta name=\"twitter:label1\" content=\"Est. reading time\" \/>\n\t<meta name=\"twitter:data1\" content=\"2\u00a0Minuten\" \/>\n<script type=\"application\/ld+json\" class=\"yoast-schema-graph\">{\"@context\":\"https:\/\/schema.org\",\"@graph\":[{\"@type\":\"WebPage\",\"@id\":\"https:\/\/www.gonbox.com\/product\/vertical-water-air-conditioner\/\",\"url\":\"https:\/\/www.gonbox.com\/product\/vertical-water-air-conditioner\/\",\"name\":\"Vertical Water Air Conditioner - Gonbox\",\"isPartOf\":{\"@id\":\"https:\/\/www.gonbox.com\/#website\"},\"datePublished\":\"2023-02-17T05:50:08+00:00\",\"dateModified\":\"2023-02-28T07:47:18+00:00\",\"description\":\"Power: 60W,Installation method: Cabinet,typeWhether intelligent control: yes\",\"breadcrumb\":{\"@id\":\"https:\/\/www.gonbox.com\/product\/vertical-water-air-conditioner\/#breadcrumb\"},\"inLanguage\":\"de-CH\",\"potentialAction\":[{\"@type\":\"ReadAction\",\"target\":[\"https:\/\/www.gonbox.com\/product\/vertical-water-air-conditioner\/\"]}]},{\"@type\":\"BreadcrumbList\",\"@id\":\"https:\/\/www.gonbox.com\/product\/vertical-water-air-conditioner\/#breadcrumb\",\"itemListElement\":[{\"@type\":\"ListItem\",\"position\":1,\"name\":\"\u9996\u9875\",\"item\":\"https:\/\/www.gonbox.com\/\"},{\"@type\":\"ListItem\",\"position\":2,\"name\":\"Shop\",\"item\":\"https:\/\/www.gonbox.com\/shop\/\"},{\"@type\":\"ListItem\",\"position\":3,\"name\":\"Vertical Water Air Conditioner\"}]},{\"@type\":\"WebSite\",\"@id\":\"https:\/\/www.gonbox.com\/#website\",\"url\":\"https:\/\/www.gonbox.com\/\",\"name\":\"Gonbox\",\"description\":\"Everyone Can Mine Bitcoin\",\"publisher\":{\"@id\":\"https:\/\/www.gonbox.com\/#organization\"},\"potentialAction\":[{\"@type\":\"SearchAction\",\"target\":{\"@type\":\"EntryPoint\",\"urlTemplate\":\"https:\/\/www.gonbox.com\/?s={search_term_string}\"},\"query-input\":\"required name=search_term_string\"}],\"inLanguage\":\"de-CH\"},{\"@type\":\"Organization\",\"@id\":\"https:\/\/www.gonbox.com\/#organization\",\"name\":\"GONBOX GROUP INC\",\"url\":\"https:\/\/www.gonbox.com\/\",\"logo\":{\"@type\":\"ImageObject\",\"inLanguage\":\"de-CH\",\"@id\":\"https:\/\/www.gonbox.com\/#\/schema\/logo\/image\/\",\"url\":\"https:\/\/5n57c6.p3cdn1.secureserver.net\/wp-content\/uploads\/2022\/12\/logo.png?time=1669965474\",\"contentUrl\":\"https:\/\/5n57c6.p3cdn1.secureserver.net\/wp-content\/uploads\/2022\/12\/logo.png?time=1669965474\",\"width\":130,\"height\":84,\"caption\":\"GONBOX GROUP INC\"},\"image\":{\"@id\":\"https:\/\/www.gonbox.com\/#\/schema\/logo\/image\/\"},\"sameAs\":[\"https:\/\/www.facebook.com\/gonboxmining\/\",\"https:\/\/twitter.com\/gonbox_com\"]}]}<\/script>\n<!-- \/ Yoast SEO plugin. -->","yoast_head_json":{"title":"Vertical Water Air Conditioner - Gonbox","description":"Power: 60W,Installation method: Cabinet,typeWhether intelligent control: yes","robots":{"index":"index","follow":"follow","max-snippet":"max-snippet:-1","max-image-preview":"max-image-preview:large","max-video-preview":"max-video-preview:-1"},"canonical":"https:\/\/www.gonbox.com\/de\/produkt\/vertical-water-air-conditioner\/","og_locale":"de_DE","og_type":"article","og_title":"Vertical Water Air Conditioner - Gonbox","og_description":"Power: 60W,Installation method: Cabinet,typeWhether intelligent control: yes","og_url":"https:\/\/www.gonbox.com\/de\/produkt\/vertical-water-air-conditioner\/","og_site_name":"Gonbox","article_publisher":"https:\/\/www.facebook.com\/gonboxmining\/","article_modified_time":"2023-02-28T07:47:18+00:00","og_image":[{"width":800,"height":800,"url":"https:\/\/www.gonbox.com\/wp-content\/uploads\/2023\/02\/1-1.jpg","type":"image\/jpeg"}],"twitter_card":"summary_large_image","twitter_site":"@gonbox_com","twitter_misc":{"Est. reading time":"2\u00a0Minuten"},"schema":{"@context":"https:\/\/schema.org","@graph":[{"@type":"WebPage","@id":"https:\/\/www.gonbox.com\/product\/vertical-water-air-conditioner\/","url":"https:\/\/www.gonbox.com\/product\/vertical-water-air-conditioner\/","name":"Vertical Water Air Conditioner - Gonbox","isPartOf":{"@id":"https:\/\/www.gonbox.com\/#website"},"datePublished":"2023-02-17T05:50:08+00:00","dateModified":"2023-02-28T07:47:18+00:00","description":"Power: 60W,Installation method: Cabinet,typeWhether intelligent control: yes","breadcrumb":{"@id":"https:\/\/www.gonbox.com\/product\/vertical-water-air-conditioner\/#breadcrumb"},"inLanguage":"de-CH","potentialAction":[{"@type":"ReadAction","target":["https:\/\/www.gonbox.com\/product\/vertical-water-air-conditioner\/"]}]},{"@type":"BreadcrumbList","@id":"https:\/\/www.gonbox.com\/product\/vertical-water-air-conditioner\/#breadcrumb","itemListElement":[{"@type":"ListItem","position":1,"name":"\u9996\u9875","item":"https:\/\/www.gonbox.com\/"},{"@type":"ListItem","position":2,"name":"Shop","item":"https:\/\/www.gonbox.com\/shop\/"},{"@type":"ListItem","position":3,"name":"Vertical Water Air Conditioner"}]},{"@type":"WebSite","@id":"https:\/\/www.gonbox.com\/#website","url":"https:\/\/www.gonbox.com\/","name":"Gonbox","description":"Jeder kann Bitcoin sch\u00fcrfen","publisher":{"@id":"https:\/\/www.gonbox.com\/#organization"},"potentialAction":[{"@type":"SearchAction","target":{"@type":"EntryPoint","urlTemplate":"https:\/\/www.gonbox.com\/?s={search_term_string}"},"query-input":"required name=search_term_string"}],"inLanguage":"de-CH"},{"@type":"Organization","@id":"https:\/\/www.gonbox.com\/#organization","name":"GONBOX GROUP INC","url":"https:\/\/www.gonbox.com\/","logo":{"@type":"ImageObject","inLanguage":"de-CH","@id":"https:\/\/www.gonbox.com\/#\/schema\/logo\/image\/","url":"https:\/\/5n57c6.p3cdn1.secureserver.net\/wp-content\/uploads\/2022\/12\/logo.png?time=1669965474","contentUrl":"https:\/\/5n57c6.p3cdn1.secureserver.net\/wp-content\/uploads\/2022\/12\/logo.png?time=1669965474","width":130,"height":84,"caption":"GONBOX GROUP INC"},"image":{"@id":"https:\/\/www.gonbox.com\/#\/schema\/logo\/image\/"},"sameAs":["https:\/\/www.facebook.com\/gonboxmining\/","https:\/\/twitter.com\/gonbox_com"]}]}},"jetpack_sharing_enabled":true,"_links":{"self":[{"href":"https:\/\/www.gonbox.com\/de\/wp-json\/wp\/v2\/product\/3317","targetHints":{"allow":["GET"]}}],"collection":[{"href":"https:\/\/www.gonbox.com\/de\/wp-json\/wp\/v2\/product"}],"about":[{"href":"https:\/\/www.gonbox.com\/de\/wp-json\/wp\/v2\/types\/product"}],"replies":[{"embeddable":true,"href":"https:\/\/www.gonbox.com\/de\/wp-json\/wp\/v2\/comments?post=3317"}],"wp:featuredmedia":[{"embeddable":true,"href":"https:\/\/www.gonbox.com\/de\/wp-json\/wp\/v2\/media\/3323"}],"wp:attachment":[{"href":"https:\/\/www.gonbox.com\/de\/wp-json\/wp\/v2\/media?parent=3317"}],"wp:term":[{"taxonomy":"product_cat","embeddable":true,"href":"https:\/\/www.gonbox.com\/de\/wp-json\/wp\/v2\/product_cat?post=3317"},{"taxonomy":"product_tag","embeddable":true,"href":"https:\/\/www.gonbox.com\/de\/wp-json\/wp\/v2\/product_tag?post=3317"}],"curies":[{"name":"wp","href":"https:\/\/api.w.org\/{rel}","templated":true}]}}