{"id":579,"date":"2022-11-30T07:08:45","date_gmt":"2022-11-30T02:08:45","guid":{"rendered":"https:\/\/www.gonbox.com\/?post_type=product&#038;p=579"},"modified":"2023-03-18T05:49:02","modified_gmt":"2023-03-18T00:49:02","slug":"f2-pro","status":"publish","type":"product","link":"https:\/\/www.gonbox.com\/de\/produkt\/f2-pro\/","title":{"rendered":"F2 PRO"},"content":{"rendered":"<p><strong>Produktbeschreibung:<\/strong><\/p>\n<p>GonBox erh\u00f6ht nicht nur die Rechenleistung von Minern, sondern verl\u00e4ngert auch deren Lebensdauer und wandelt 95% verbrauchte Mining-Leistung in W\u00e4rmeenergie f\u00fcr den t\u00e4glichen Gebrauch um.<\/p>\n<p><img data-recalc-dims=\"1\" loading=\"lazy\" decoding=\"async\" width=\"800\" height=\"800\" class=\"alignnone size-full wp-image-2916\" src=\"https:\/\/i0.wp.com\/www.gonbox.com\/wp-content\/uploads\/2022\/11\/20230106135741-1.jpg?resize=800%2C800&#038;ssl=1\" alt=\"\" srcset=\"https:\/\/i0.wp.com\/www.gonbox.com\/wp-content\/uploads\/2022\/11\/20230106135741-1.jpg?w=800&amp;ssl=1 800w, https:\/\/i0.wp.com\/www.gonbox.com\/wp-content\/uploads\/2022\/11\/20230106135741-1.jpg?resize=400%2C400&amp;ssl=1 400w, https:\/\/i0.wp.com\/www.gonbox.com\/wp-content\/uploads\/2022\/11\/20230106135741-1.jpg?resize=280%2C280&amp;ssl=1 280w, https:\/\/i0.wp.com\/www.gonbox.com\/wp-content\/uploads\/2022\/11\/20230106135741-1.jpg?resize=768%2C768&amp;ssl=1 768w, https:\/\/i0.wp.com\/www.gonbox.com\/wp-content\/uploads\/2022\/11\/20230106135741-1.jpg?resize=510%2C510&amp;ssl=1 510w, https:\/\/i0.wp.com\/www.gonbox.com\/wp-content\/uploads\/2022\/11\/20230106135741-1.jpg?resize=100%2C100&amp;ssl=1 100w, https:\/\/i0.wp.com\/www.gonbox.com\/wp-content\/uploads\/2022\/11\/20230106135741-1.jpg?resize=50%2C50&amp;ssl=1 50w\" sizes=\"auto, (max-width: 800px) 100vw, 800px\" \/><\/p>\n<p><img data-recalc-dims=\"1\" loading=\"lazy\" decoding=\"async\" width=\"800\" height=\"800\" class=\"alignnone size-full wp-image-2917\" src=\"https:\/\/i0.wp.com\/www.gonbox.com\/wp-content\/uploads\/2022\/11\/20221231185057-1.jpg?resize=800%2C800&#038;ssl=1\" alt=\"\" srcset=\"https:\/\/i0.wp.com\/www.gonbox.com\/wp-content\/uploads\/2022\/11\/20221231185057-1.jpg?w=800&amp;ssl=1 800w, https:\/\/i0.wp.com\/www.gonbox.com\/wp-content\/uploads\/2022\/11\/20221231185057-1.jpg?resize=400%2C400&amp;ssl=1 400w, https:\/\/i0.wp.com\/www.gonbox.com\/wp-content\/uploads\/2022\/11\/20221231185057-1.jpg?resize=280%2C280&amp;ssl=1 280w, https:\/\/i0.wp.com\/www.gonbox.com\/wp-content\/uploads\/2022\/11\/20221231185057-1.jpg?resize=768%2C768&amp;ssl=1 768w, https:\/\/i0.wp.com\/www.gonbox.com\/wp-content\/uploads\/2022\/11\/20221231185057-1.jpg?resize=510%2C510&amp;ssl=1 510w, https:\/\/i0.wp.com\/www.gonbox.com\/wp-content\/uploads\/2022\/11\/20221231185057-1.jpg?resize=100%2C100&amp;ssl=1 100w, https:\/\/i0.wp.com\/www.gonbox.com\/wp-content\/uploads\/2022\/11\/20221231185057-1.jpg?resize=50%2C50&amp;ssl=1 50w\" sizes=\"auto, (max-width: 800px) 100vw, 800px\" \/><br \/>\n<img data-recalc-dims=\"1\" loading=\"lazy\" decoding=\"async\" width=\"800\" height=\"800\" class=\"alignnone size-full wp-image-2918\" src=\"https:\/\/i0.wp.com\/www.gonbox.com\/wp-content\/uploads\/2022\/11\/20221231185114-1.jpg?resize=800%2C800&#038;ssl=1\" alt=\"\" srcset=\"https:\/\/i0.wp.com\/www.gonbox.com\/wp-content\/uploads\/2022\/11\/20221231185114-1.jpg?w=800&amp;ssl=1 800w, https:\/\/i0.wp.com\/www.gonbox.com\/wp-content\/uploads\/2022\/11\/20221231185114-1.jpg?resize=400%2C400&amp;ssl=1 400w, https:\/\/i0.wp.com\/www.gonbox.com\/wp-content\/uploads\/2022\/11\/20221231185114-1.jpg?resize=280%2C280&amp;ssl=1 280w, https:\/\/i0.wp.com\/www.gonbox.com\/wp-content\/uploads\/2022\/11\/20221231185114-1.jpg?resize=768%2C768&amp;ssl=1 768w, https:\/\/i0.wp.com\/www.gonbox.com\/wp-content\/uploads\/2022\/11\/20221231185114-1.jpg?resize=510%2C510&amp;ssl=1 510w, https:\/\/i0.wp.com\/www.gonbox.com\/wp-content\/uploads\/2022\/11\/20221231185114-1.jpg?resize=100%2C100&amp;ssl=1 100w, https:\/\/i0.wp.com\/www.gonbox.com\/wp-content\/uploads\/2022\/11\/20221231185114-1.jpg?resize=50%2C50&amp;ssl=1 50w\" sizes=\"auto, (max-width: 800px) 100vw, 800px\" \/><br \/>\n<img data-recalc-dims=\"1\" loading=\"lazy\" decoding=\"async\" width=\"800\" height=\"800\" class=\"alignnone size-full wp-image-2919\" src=\"https:\/\/i0.wp.com\/www.gonbox.com\/wp-content\/uploads\/2022\/11\/20221231185125-1.jpg?resize=800%2C800&#038;ssl=1\" alt=\"\" srcset=\"https:\/\/i0.wp.com\/www.gonbox.com\/wp-content\/uploads\/2022\/11\/20221231185125-1.jpg?w=800&amp;ssl=1 800w, https:\/\/i0.wp.com\/www.gonbox.com\/wp-content\/uploads\/2022\/11\/20221231185125-1.jpg?resize=400%2C400&amp;ssl=1 400w, https:\/\/i0.wp.com\/www.gonbox.com\/wp-content\/uploads\/2022\/11\/20221231185125-1.jpg?resize=280%2C280&amp;ssl=1 280w, https:\/\/i0.wp.com\/www.gonbox.com\/wp-content\/uploads\/2022\/11\/20221231185125-1.jpg?resize=768%2C768&amp;ssl=1 768w, https:\/\/i0.wp.com\/www.gonbox.com\/wp-content\/uploads\/2022\/11\/20221231185125-1.jpg?resize=510%2C510&amp;ssl=1 510w, https:\/\/i0.wp.com\/www.gonbox.com\/wp-content\/uploads\/2022\/11\/20221231185125-1.jpg?resize=100%2C100&amp;ssl=1 100w, https:\/\/i0.wp.com\/www.gonbox.com\/wp-content\/uploads\/2022\/11\/20221231185125-1.jpg?resize=50%2C50&amp;ssl=1 50w\" sizes=\"auto, (max-width: 800px) 100vw, 800px\" \/><\/p>\n<p>\u00d6lgek\u00fchlter F2 PRO<\/p>\n<p><img data-recalc-dims=\"1\" loading=\"lazy\" decoding=\"async\" class=\"alignnone size-full wp-image-3031\" src=\"https:\/\/i0.wp.com\/www.gonbox.com\/wp-content\/uploads\/2022\/11\/f2pro_1-1.jpg?resize=800%2C800&#038;ssl=1\" alt=\"\" width=\"800\" height=\"800\" srcset=\"https:\/\/i0.wp.com\/www.gonbox.com\/wp-content\/uploads\/2022\/11\/f2pro_1-1.jpg?w=800&amp;ssl=1 800w, https:\/\/i0.wp.com\/www.gonbox.com\/wp-content\/uploads\/2022\/11\/f2pro_1-1.jpg?resize=400%2C400&amp;ssl=1 400w, https:\/\/i0.wp.com\/www.gonbox.com\/wp-content\/uploads\/2022\/11\/f2pro_1-1.jpg?resize=280%2C280&amp;ssl=1 280w, https:\/\/i0.wp.com\/www.gonbox.com\/wp-content\/uploads\/2022\/11\/f2pro_1-1.jpg?resize=768%2C768&amp;ssl=1 768w, https:\/\/i0.wp.com\/www.gonbox.com\/wp-content\/uploads\/2022\/11\/f2pro_1-1.jpg?resize=510%2C510&amp;ssl=1 510w, https:\/\/i0.wp.com\/www.gonbox.com\/wp-content\/uploads\/2022\/11\/f2pro_1-1.jpg?resize=100%2C100&amp;ssl=1 100w, https:\/\/i0.wp.com\/www.gonbox.com\/wp-content\/uploads\/2022\/11\/f2pro_1-1.jpg?resize=50%2C50&amp;ssl=1 50w\" sizes=\"auto, (max-width: 800px) 100vw, 800px\" \/><\/p>\n<p>Oberer Wasserspeicher, mittlere Heizung und unterer \u00d6lk\u00fchler.<\/p>\n<p><img data-recalc-dims=\"1\" loading=\"lazy\" decoding=\"async\" width=\"800\" height=\"800\" class=\"alignnone size-medium wp-image-2268\" src=\"https:\/\/i0.wp.com\/www.gonbox.com\/wp-content\/uploads\/2022\/11\/f2pro_2.jpg?resize=800%2C800&#038;ssl=1\" alt=\"\" srcset=\"https:\/\/i0.wp.com\/www.gonbox.com\/wp-content\/uploads\/2022\/11\/f2pro_2.jpg?w=800&amp;ssl=1 800w, https:\/\/i0.wp.com\/www.gonbox.com\/wp-content\/uploads\/2022\/11\/f2pro_2.jpg?resize=400%2C400&amp;ssl=1 400w, https:\/\/i0.wp.com\/www.gonbox.com\/wp-content\/uploads\/2022\/11\/f2pro_2.jpg?resize=280%2C280&amp;ssl=1 280w, https:\/\/i0.wp.com\/www.gonbox.com\/wp-content\/uploads\/2022\/11\/f2pro_2.jpg?resize=768%2C768&amp;ssl=1 768w, https:\/\/i0.wp.com\/www.gonbox.com\/wp-content\/uploads\/2022\/11\/f2pro_2.jpg?resize=510%2C510&amp;ssl=1 510w, https:\/\/i0.wp.com\/www.gonbox.com\/wp-content\/uploads\/2022\/11\/f2pro_2.jpg?resize=100%2C100&amp;ssl=1 100w, https:\/\/i0.wp.com\/www.gonbox.com\/wp-content\/uploads\/2022\/11\/f2pro_2.jpg?resize=50%2C50&amp;ssl=1 50w\" sizes=\"auto, (max-width: 800px) 100vw, 800px\" \/><\/p>\n<p>80-Liter-Edelstahl-Wassertank, sichere Schnellkupplungsschnittstelle, ausgestattet mit Wasserventil f\u00fcr einfache Installation und Wartung.<\/p>\n<p><img data-recalc-dims=\"1\" loading=\"lazy\" decoding=\"async\" width=\"800\" height=\"800\" class=\"alignnone size-full wp-image-2875\" src=\"https:\/\/i0.wp.com\/www.gonbox.com\/wp-content\/uploads\/2022\/11\/f2pro_3-1.jpg?resize=800%2C800&#038;ssl=1\" alt=\"\" srcset=\"https:\/\/i0.wp.com\/www.gonbox.com\/wp-content\/uploads\/2022\/11\/f2pro_3-1.jpg?w=800&amp;ssl=1 800w, https:\/\/i0.wp.com\/www.gonbox.com\/wp-content\/uploads\/2022\/11\/f2pro_3-1.jpg?resize=400%2C400&amp;ssl=1 400w, https:\/\/i0.wp.com\/www.gonbox.com\/wp-content\/uploads\/2022\/11\/f2pro_3-1.jpg?resize=280%2C280&amp;ssl=1 280w, https:\/\/i0.wp.com\/www.gonbox.com\/wp-content\/uploads\/2022\/11\/f2pro_3-1.jpg?resize=768%2C768&amp;ssl=1 768w, https:\/\/i0.wp.com\/www.gonbox.com\/wp-content\/uploads\/2022\/11\/f2pro_3-1.jpg?resize=510%2C510&amp;ssl=1 510w, https:\/\/i0.wp.com\/www.gonbox.com\/wp-content\/uploads\/2022\/11\/f2pro_3-1.jpg?resize=100%2C100&amp;ssl=1 100w, https:\/\/i0.wp.com\/www.gonbox.com\/wp-content\/uploads\/2022\/11\/f2pro_3-1.jpg?resize=50%2C50&amp;ssl=1 50w\" sizes=\"auto, (max-width: 800px) 100vw, 800px\" \/><\/p>\n<p>Der Heiztrockenk\u00fchler unterst\u00fctzt den automatischen Start und Stopp der Temperaturregelung, wodurch nicht nur Energie gespart, sondern auch die W\u00e4rmeableitung der \u00d6lk\u00fchlbox sichergestellt werden kann.<\/p>\n<p><img data-recalc-dims=\"1\" loading=\"lazy\" decoding=\"async\" width=\"800\" height=\"800\" class=\"alignnone size-full wp-image-3032\" src=\"https:\/\/i0.wp.com\/www.gonbox.com\/wp-content\/uploads\/2022\/11\/f2pro_4-1.jpg?resize=800%2C800&#038;ssl=1\" alt=\"\" srcset=\"https:\/\/i0.wp.com\/www.gonbox.com\/wp-content\/uploads\/2022\/11\/f2pro_4-1.jpg?w=800&amp;ssl=1 800w, https:\/\/i0.wp.com\/www.gonbox.com\/wp-content\/uploads\/2022\/11\/f2pro_4-1.jpg?resize=400%2C400&amp;ssl=1 400w, https:\/\/i0.wp.com\/www.gonbox.com\/wp-content\/uploads\/2022\/11\/f2pro_4-1.jpg?resize=280%2C280&amp;ssl=1 280w, https:\/\/i0.wp.com\/www.gonbox.com\/wp-content\/uploads\/2022\/11\/f2pro_4-1.jpg?resize=768%2C768&amp;ssl=1 768w, https:\/\/i0.wp.com\/www.gonbox.com\/wp-content\/uploads\/2022\/11\/f2pro_4-1.jpg?resize=510%2C510&amp;ssl=1 510w, https:\/\/i0.wp.com\/www.gonbox.com\/wp-content\/uploads\/2022\/11\/f2pro_4-1.jpg?resize=100%2C100&amp;ssl=1 100w, https:\/\/i0.wp.com\/www.gonbox.com\/wp-content\/uploads\/2022\/11\/f2pro_4-1.jpg?resize=50%2C50&amp;ssl=1 50w\" sizes=\"auto, (max-width: 800px) 100vw, 800px\" \/><\/p>\n<p>Angetrieben von der hocheffizienten \u00d6lpumpe und der Wasserpumpe kann die Durchflussrate des K\u00fchlmittels in der All-in-One-Maschine 130 l \/ min erreichen, und die schnelle Zirkulation kann einen hocheffizienten W\u00e4rmeaustausch und eine W\u00e4rmeableitung erreichen.<\/p>\n<p><img data-recalc-dims=\"1\" loading=\"lazy\" decoding=\"async\" width=\"800\" height=\"800\" class=\"alignnone size-full wp-image-3033\" src=\"https:\/\/i0.wp.com\/www.gonbox.com\/wp-content\/uploads\/2022\/11\/f2pro_5-1.jpg?resize=800%2C800&#038;ssl=1\" alt=\"\" srcset=\"https:\/\/i0.wp.com\/www.gonbox.com\/wp-content\/uploads\/2022\/11\/f2pro_5-1.jpg?w=800&amp;ssl=1 800w, https:\/\/i0.wp.com\/www.gonbox.com\/wp-content\/uploads\/2022\/11\/f2pro_5-1.jpg?resize=400%2C400&amp;ssl=1 400w, https:\/\/i0.wp.com\/www.gonbox.com\/wp-content\/uploads\/2022\/11\/f2pro_5-1.jpg?resize=280%2C280&amp;ssl=1 280w, https:\/\/i0.wp.com\/www.gonbox.com\/wp-content\/uploads\/2022\/11\/f2pro_5-1.jpg?resize=768%2C768&amp;ssl=1 768w, https:\/\/i0.wp.com\/www.gonbox.com\/wp-content\/uploads\/2022\/11\/f2pro_5-1.jpg?resize=510%2C510&amp;ssl=1 510w, https:\/\/i0.wp.com\/www.gonbox.com\/wp-content\/uploads\/2022\/11\/f2pro_5-1.jpg?resize=100%2C100&amp;ssl=1 100w, https:\/\/i0.wp.com\/www.gonbox.com\/wp-content\/uploads\/2022\/11\/f2pro_5-1.jpg?resize=50%2C50&amp;ssl=1 50w\" sizes=\"auto, (max-width: 800px) 100vw, 800px\" \/><\/p>\n<p>Das Hauptkabel der gesamten Maschine verwendet ein UL-zertifiziertes 6AWG-Kabel, das die hohe Belastung nach dem \u00dcbertakten problemlos bew\u00e4ltigen kann. Spannwellrohr wird f\u00fcr den \u00d6l- und Wasserkreislauf der gesamten Maschine verwendet, der fest, langlebig und wartungsfreundlich ist.<\/p>\n<p><strong>Produktparameter:<\/strong><\/p>\n<table>\n<thead><\/thead>\n<tbody>\n<tr>\n<td>Gr\u00f6\u00dfe des \u00d6l-Gefrierschranks<\/td>\n<td>600 mm (L) * 550 mm (B) * 1435 mm (H)<\/td>\n<\/tr>\n<tr>\n<td>Gewicht des \u00d6lgefrierger\u00e4ts<\/td>\n<td>75 kg<\/td>\n<\/tr>\n<tr>\n<td>Unterst\u00fctzte Modelle<\/td>\n<td>Vollst\u00e4ndige Serie von Modellen von Ant und vollst\u00e4ndige Serie von Modellen von Whatsminer<\/td>\n<\/tr>\n<tr>\n<td>Maximale Ladeleistung<\/td>\n<td>11KW<\/td>\n<\/tr>\n<tr>\n<td>elektrischer Zugang<\/td>\n<td>einphasiger Eingang 200V-250V 50\/60Hz<\/td>\n<\/tr>\n<tr>\n<td>Kraftstoffverbrauch<\/td>\n<td>70L<\/td>\n<\/tr>\n<tr>\n<td>Leistung der \u00d6lumlaufpumpe<\/td>\n<td>Drei G\u00e4nge einstellbar \u2264 245 W<\/td>\n<\/tr>\n<tr>\n<td>Leistung der Umlaufwasserpumpe<\/td>\n<td>Drei G\u00e4nge einstellbar \u2264 245 W<\/td>\n<\/tr>\n<tr>\n<td>Wasser-\/\u00d6lanschluss<\/td>\n<td>1 Schnittstelle<\/td>\n<\/tr>\n<tr>\n<td>Umlaufvolumen des K\u00fchlmittels<\/td>\n<td>40 l\/Min<\/td>\n<\/tr>\n<tr>\n<td>W\u00e4rmetauscher<\/td>\n<td>integriert<\/td>\n<\/tr>\n<tr>\n<td>Wassertank<\/td>\n<td>integriert<\/td>\n<\/tr>\n<tr>\n<td>Internetverbindung<\/td>\n<td>RJ45-Schnittstelle<\/td>\n<\/tr>\n<tr>\n<td>enth\u00e4lt Komponenten<\/td>\n<td>Trockenk\u00fchler, Wasserspeicher, Wasserpumpe, \u00d6lpumpe, W\u00e4rmetauscher<\/td>\n<\/tr>\n<\/tbody>\n<\/table>\n<p><strong>andere Funktionen:<\/strong><\/p>\n<table>\n<thead><\/thead>\n<tbody>\n<tr class=\"firstRow\">\n<td>\u00dcberhitzungsschutz<\/td>\n<td>Ja<\/td>\n<\/tr>\n<tr>\n<td>\u00dcberspannungschutz<\/td>\n<td>Ja<\/td>\n<\/tr>\n<tr>\n<td>Erdungskabel der Hauptausr\u00fcstung<\/td>\n<td>Ja<\/td>\n<\/tr>\n<\/tbody>\n<\/table>\n<p>&nbsp;<\/p>\n<p><img data-recalc-dims=\"1\" loading=\"lazy\" decoding=\"async\" class=\"alignnone size-full wp-image-3438\" src=\"https:\/\/i0.wp.com\/www.gonbox.com\/wp-content\/uploads\/2022\/11\/20221231185132-1.jpg?resize=800%2C1422&#038;ssl=1\" alt=\"\" width=\"800\" height=\"1422\" srcset=\"https:\/\/i0.wp.com\/www.gonbox.com\/wp-content\/uploads\/2022\/11\/20221231185132-1.jpg?w=800&amp;ssl=1 800w, https:\/\/i0.wp.com\/www.gonbox.com\/wp-content\/uploads\/2022\/11\/20221231185132-1.jpg?resize=225%2C400&amp;ssl=1 225w, https:\/\/i0.wp.com\/www.gonbox.com\/wp-content\/uploads\/2022\/11\/20221231185132-1.jpg?resize=450%2C800&amp;ssl=1 450w, https:\/\/i0.wp.com\/www.gonbox.com\/wp-content\/uploads\/2022\/11\/20221231185132-1.jpg?resize=768%2C1365&amp;ssl=1 768w, https:\/\/i0.wp.com\/www.gonbox.com\/wp-content\/uploads\/2022\/11\/20221231185132-1.jpg?resize=510%2C907&amp;ssl=1 510w, https:\/\/i0.wp.com\/www.gonbox.com\/wp-content\/uploads\/2022\/11\/20221231185132-1.jpg?resize=100%2C178&amp;ssl=1 100w\" sizes=\"auto, (max-width: 800px) 100vw, 800px\" \/><\/p>\n<p><strong>Produktdetails:<\/strong><\/p>\n<p>1.F2Pro, die maximale Last betr\u00e4gt 11 kW und kann zwei S19-110T-Bergbaumaschinen aufnehmen. Die All-in-One-Maschine verf\u00fcgt \u00fcber einen L\u00fcfterwassertank (Versand innerhalb von 30 Tagen)<br \/>\nOptionales Zubeh\u00f6r: Wasserpumpe, K\u00fchlrippen im Schlafzimmer, Warmwasserbereitung und Klimaanlage, gro\u00dfe Poolheizung<\/p>\n<p>2.Ein Bergbauger\u00e4t wird in eine kompakte hermetische Zelle aus rostfreiem Material gestellt. Der Deckel sch\u00fctzt das Ger\u00e4t vor Feuchtigkeit und Staub. Die W\u00e4rme der Ger\u00e4te kann f\u00fcr die Hausheizung und andere Zwecke wiederverwendet oder einfach genutzt werden.<\/p>\n<p>&nbsp;<\/p>\n<p><strong>Vorteile und Anwendungsszenarien der \u00d6lk\u00fchll\u00f6sung:<\/strong><\/p>\n<p>1. Die leise Verschleierung ist besonders gut, der Betrieb ist zuverl\u00e4ssig und die Zuverl\u00e4ssigkeit ist hoch.<\/p>\n<p>2. Hohe Integration, bequemere Installation, kann f\u00fcr die Warmwasserversorgung oder Heizung an \u00f6ffentlichen Orten, Garagen und anderen Orten verwendet werden.<\/p>\n<p>3. Die Ausr\u00fcstung l\u00e4uft stabil, im Gegensatz zu der luftgek\u00fchlten Bergbaumaschine wird sie nicht durch die \u00e4u\u00dfere Umgebung von Wind, Frost, Regen, Schnee, Staub und Sand beeintr\u00e4chtigt.<\/p>\n<p>4. Die maximale Lastunterst\u00fctzung betr\u00e4gt 11 kW, und das \u00dcbertakten der Mining-Maschine wird unterst\u00fctzt. Die \u00d6lk\u00fchlung kann den Stromverbrauch der Mining-Maschine bei gleicher Rechenleistung senken und es der Mining-Maschine auch erm\u00f6glichen, zu \u00fcbertakten, um eine h\u00f6here Rechenleistung zu erhalten.<\/p>\n<p><strong>Kaufhinweise:<\/strong><\/p>\n<p>1. Grundlegende Umtauschrichtlinie: Mit Ausnahme der Waren, die auf der Produktdetailseite deutlich gekennzeichnet sind und zum Zeitpunkt des Kaufs best\u00e4tigt wurden, dass \u201ekein Grund zur R\u00fcckgabe oder zum Umtausch nicht unterst\u00fctzt wird\u201c. Produkte auf der GONBOX-S\u00e4ule k\u00f6nnen unter der Voraussetzung, dass die Produkte in gutem Zustand, unbenutzt oder besch\u00e4digt sind und das Zubeh\u00f6r vollst\u00e4ndig ist, umgetauscht werden<\/p>\n<p>2. Spezifische Garantiedetails finden Sie unter: \u201eGONBOX Globale Garantieregeln\u201c\u00a0\u00a0<a href=\"https:\/\/www.gonbox.com\/de\/gonbox-product-warranty-terms\/\">https:\/\/www.gonbox.com\/gonbox-product-warranty-terms\/<\/a><br \/>\n(Hinweis: Sie m\u00fcssen die Ersatzversandkosten selbst tragen)<\/p>\n<p>3. Versandbestellung: Bitte lesen Sie \u201eGlobal Logistics Price Reference Instructions\u201c\u00a0<a href=\"https:\/\/www.gonbox.com\/de\/global-logistics-price-reference-instructions\/\">https:\/\/www.gonbox.com\/global-logistics-price-reference-instructions\/<\/a><\/p>","protected":false},"excerpt":{"rendered":"<p>Die maximale Last betr\u00e4gt 11 kW und kann zwei S19-110T-Bergbaumaschinen aufnehmen. Die All-in-One-Maschine verf\u00fcgt \u00fcber einen L\u00fcfterwassertank (Versand innerhalb von 30 Tagen)<br \/>\nOptionales Zubeh\u00f6r: Wasserpumpe, K\u00fchlrippen im Schlafzimmer, Warmwasserbereitung und Klimaanlage, gro\u00dfe Poolheizung<\/p>","protected":false},"featured_media":2341,"comment_status":"open","ping_status":"closed","template":"","meta":[],"product_cat":[69,79],"product_tag":[],"class_list":["post-579","product","type-product","status-publish","has-post-thumbnail","hentry","product_cat-oil-cooling","product_cat-all"],"yoast_head":"<!-- This site is optimized with the Yoast SEO plugin v20.2.1 - https:\/\/yoast.com\/wordpress\/plugins\/seo\/ -->\n<title>F2 PRO - Gonbox<\/title>\n<meta name=\"robots\" content=\"index, follow, max-snippet:-1, max-image-preview:large, max-video-preview:-1\" \/>\n<link rel=\"canonical\" href=\"https:\/\/www.gonbox.com\/de\/produkt\/f2-pro\/\" \/>\n<meta property=\"og:locale\" content=\"de_DE\" \/>\n<meta property=\"og:type\" content=\"article\" \/>\n<meta property=\"og:title\" content=\"F2 PRO - Gonbox\" \/>\n<meta property=\"og:description\" content=\"The maximum load is 11KW, and it can accommodate two S19-110T mining machines. The all-in-one machine has a fan water tank (Ships within 30 days) Optional accessories: water pump, bedroom cooling fins, water heating and air conditioning, large swimming pool heating\" \/>\n<meta property=\"og:url\" content=\"https:\/\/www.gonbox.com\/de\/produkt\/f2-pro\/\" \/>\n<meta property=\"og:site_name\" content=\"Gonbox\" \/>\n<meta property=\"article:publisher\" content=\"https:\/\/www.facebook.com\/gonboxmining\/\" \/>\n<meta property=\"article:modified_time\" content=\"2023-03-18T00:49:02+00:00\" \/>\n<meta property=\"og:image\" content=\"https:\/\/www.gonbox.com\/wp-content\/uploads\/2022\/11\/20221231185057.jpg\" \/>\n\t<meta property=\"og:image:width\" content=\"800\" \/>\n\t<meta property=\"og:image:height\" content=\"800\" \/>\n\t<meta property=\"og:image:type\" content=\"image\/jpeg\" \/>\n<meta name=\"twitter:card\" content=\"summary_large_image\" \/>\n<meta name=\"twitter:site\" content=\"@gonbox_com\" \/>\n<meta name=\"twitter:label1\" content=\"Est. reading time\" \/>\n\t<meta name=\"twitter:data1\" content=\"5\u00a0Minuten\" \/>\n<script type=\"application\/ld+json\" class=\"yoast-schema-graph\">{\"@context\":\"https:\/\/schema.org\",\"@graph\":[{\"@type\":\"WebPage\",\"@id\":\"https:\/\/www.gonbox.com\/product\/f2-pro\/\",\"url\":\"https:\/\/www.gonbox.com\/product\/f2-pro\/\",\"name\":\"F2 PRO - Gonbox\",\"isPartOf\":{\"@id\":\"https:\/\/www.gonbox.com\/#website\"},\"datePublished\":\"2022-11-30T02:08:45+00:00\",\"dateModified\":\"2023-03-18T00:49:02+00:00\",\"breadcrumb\":{\"@id\":\"https:\/\/www.gonbox.com\/product\/f2-pro\/#breadcrumb\"},\"inLanguage\":\"de-CH\",\"potentialAction\":[{\"@type\":\"ReadAction\",\"target\":[\"https:\/\/www.gonbox.com\/product\/f2-pro\/\"]}]},{\"@type\":\"BreadcrumbList\",\"@id\":\"https:\/\/www.gonbox.com\/product\/f2-pro\/#breadcrumb\",\"itemListElement\":[{\"@type\":\"ListItem\",\"position\":1,\"name\":\"\u9996\u9875\",\"item\":\"https:\/\/www.gonbox.com\/\"},{\"@type\":\"ListItem\",\"position\":2,\"name\":\"Shop\",\"item\":\"https:\/\/www.gonbox.com\/shop\/\"},{\"@type\":\"ListItem\",\"position\":3,\"name\":\"F2 PRO\"}]},{\"@type\":\"WebSite\",\"@id\":\"https:\/\/www.gonbox.com\/#website\",\"url\":\"https:\/\/www.gonbox.com\/\",\"name\":\"Gonbox\",\"description\":\"Everyone Can Mine Bitcoin\",\"publisher\":{\"@id\":\"https:\/\/www.gonbox.com\/#organization\"},\"potentialAction\":[{\"@type\":\"SearchAction\",\"target\":{\"@type\":\"EntryPoint\",\"urlTemplate\":\"https:\/\/www.gonbox.com\/?s={search_term_string}\"},\"query-input\":\"required name=search_term_string\"}],\"inLanguage\":\"de-CH\"},{\"@type\":\"Organization\",\"@id\":\"https:\/\/www.gonbox.com\/#organization\",\"name\":\"GONBOX GROUP INC\",\"url\":\"https:\/\/www.gonbox.com\/\",\"logo\":{\"@type\":\"ImageObject\",\"inLanguage\":\"de-CH\",\"@id\":\"https:\/\/www.gonbox.com\/#\/schema\/logo\/image\/\",\"url\":\"https:\/\/5n57c6.p3cdn1.secureserver.net\/wp-content\/uploads\/2022\/12\/logo.png?time=1669965474\",\"contentUrl\":\"https:\/\/5n57c6.p3cdn1.secureserver.net\/wp-content\/uploads\/2022\/12\/logo.png?time=1669965474\",\"width\":130,\"height\":84,\"caption\":\"GONBOX GROUP INC\"},\"image\":{\"@id\":\"https:\/\/www.gonbox.com\/#\/schema\/logo\/image\/\"},\"sameAs\":[\"https:\/\/www.facebook.com\/gonboxmining\/\",\"https:\/\/twitter.com\/gonbox_com\"]}]}<\/script>\n<!-- \/ Yoast SEO plugin. -->","yoast_head_json":{"title":"F2 PRO - Gonbox","robots":{"index":"index","follow":"follow","max-snippet":"max-snippet:-1","max-image-preview":"max-image-preview:large","max-video-preview":"max-video-preview:-1"},"canonical":"https:\/\/www.gonbox.com\/de\/produkt\/f2-pro\/","og_locale":"de_DE","og_type":"article","og_title":"F2 PRO - Gonbox","og_description":"The maximum load is 11KW, and it can accommodate two S19-110T mining machines. The all-in-one machine has a fan water tank (Ships within 30 days) Optional accessories: water pump, bedroom cooling fins, water heating and air conditioning, large swimming pool heating","og_url":"https:\/\/www.gonbox.com\/de\/produkt\/f2-pro\/","og_site_name":"Gonbox","article_publisher":"https:\/\/www.facebook.com\/gonboxmining\/","article_modified_time":"2023-03-18T00:49:02+00:00","og_image":[{"width":800,"height":800,"url":"https:\/\/www.gonbox.com\/wp-content\/uploads\/2022\/11\/20221231185057.jpg","type":"image\/jpeg"}],"twitter_card":"summary_large_image","twitter_site":"@gonbox_com","twitter_misc":{"Est. reading time":"5\u00a0Minuten"},"schema":{"@context":"https:\/\/schema.org","@graph":[{"@type":"WebPage","@id":"https:\/\/www.gonbox.com\/product\/f2-pro\/","url":"https:\/\/www.gonbox.com\/product\/f2-pro\/","name":"F2 PRO - Gonbox","isPartOf":{"@id":"https:\/\/www.gonbox.com\/#website"},"datePublished":"2022-11-30T02:08:45+00:00","dateModified":"2023-03-18T00:49:02+00:00","breadcrumb":{"@id":"https:\/\/www.gonbox.com\/product\/f2-pro\/#breadcrumb"},"inLanguage":"de-CH","potentialAction":[{"@type":"ReadAction","target":["https:\/\/www.gonbox.com\/product\/f2-pro\/"]}]},{"@type":"BreadcrumbList","@id":"https:\/\/www.gonbox.com\/product\/f2-pro\/#breadcrumb","itemListElement":[{"@type":"ListItem","position":1,"name":"\u9996\u9875","item":"https:\/\/www.gonbox.com\/"},{"@type":"ListItem","position":2,"name":"Shop","item":"https:\/\/www.gonbox.com\/shop\/"},{"@type":"ListItem","position":3,"name":"F2 PRO"}]},{"@type":"WebSite","@id":"https:\/\/www.gonbox.com\/#website","url":"https:\/\/www.gonbox.com\/","name":"Gonbox","description":"Jeder kann Bitcoin sch\u00fcrfen","publisher":{"@id":"https:\/\/www.gonbox.com\/#organization"},"potentialAction":[{"@type":"SearchAction","target":{"@type":"EntryPoint","urlTemplate":"https:\/\/www.gonbox.com\/?s={search_term_string}"},"query-input":"required name=search_term_string"}],"inLanguage":"de-CH"},{"@type":"Organization","@id":"https:\/\/www.gonbox.com\/#organization","name":"GONBOX GROUP INC","url":"https:\/\/www.gonbox.com\/","logo":{"@type":"ImageObject","inLanguage":"de-CH","@id":"https:\/\/www.gonbox.com\/#\/schema\/logo\/image\/","url":"https:\/\/5n57c6.p3cdn1.secureserver.net\/wp-content\/uploads\/2022\/12\/logo.png?time=1669965474","contentUrl":"https:\/\/5n57c6.p3cdn1.secureserver.net\/wp-content\/uploads\/2022\/12\/logo.png?time=1669965474","width":130,"height":84,"caption":"GONBOX GROUP INC"},"image":{"@id":"https:\/\/www.gonbox.com\/#\/schema\/logo\/image\/"},"sameAs":["https:\/\/www.facebook.com\/gonboxmining\/","https:\/\/twitter.com\/gonbox_com"]}]}},"jetpack_sharing_enabled":true,"_links":{"self":[{"href":"https:\/\/www.gonbox.com\/de\/wp-json\/wp\/v2\/product\/579","targetHints":{"allow":["GET"]}}],"collection":[{"href":"https:\/\/www.gonbox.com\/de\/wp-json\/wp\/v2\/product"}],"about":[{"href":"https:\/\/www.gonbox.com\/de\/wp-json\/wp\/v2\/types\/product"}],"replies":[{"embeddable":true,"href":"https:\/\/www.gonbox.com\/de\/wp-json\/wp\/v2\/comments?post=579"}],"wp:featuredmedia":[{"embeddable":true,"href":"https:\/\/www.gonbox.com\/de\/wp-json\/wp\/v2\/media\/2341"}],"wp:attachment":[{"href":"https:\/\/www.gonbox.com\/de\/wp-json\/wp\/v2\/media?parent=579"}],"wp:term":[{"taxonomy":"product_cat","embeddable":true,"href":"https:\/\/www.gonbox.com\/de\/wp-json\/wp\/v2\/product_cat?post=579"},{"taxonomy":"product_tag","embeddable":true,"href":"https:\/\/www.gonbox.com\/de\/wp-json\/wp\/v2\/product_tag?post=579"}],"curies":[{"name":"wp","href":"https:\/\/api.w.org\/{rel}","templated":true}]}}