{"id":1198,"date":"2022-12-10T11:57:21","date_gmt":"2022-12-10T06:57:21","guid":{"rendered":"https:\/\/www.gonbox.com\/?post_type=product&#038;p=1198"},"modified":"2023-02-01T13:19:08","modified_gmt":"2023-02-01T08:19:08","slug":"liquid-cooling-oil","status":"publish","type":"product","link":"https:\/\/www.gonbox.com\/es\/producto\/liquid-cooling-oil\/","title":{"rendered":"Refrigerante diel\u00e9ctrico\uff08Refrigeraci\u00f3n l\u00edquida Qil\uff09"},"content":{"rendered":"<p><strong>Detalles de producto:<\/strong><\/p>\n<p>Refrigerante diel\u00e9ctrico BC-888<br \/>\nEnfriamiento por inmersi\u00f3n en l\u00edquido monof\u00e1sico de alto rendimiento para mineros basados en ASIC<\/p>\n<p>BC-888 ha sido dise\u00f1ado espec\u00edficamente para su uso en soluciones de tanques SLIC abiertos y para compatibilidad de materiales con mineros de criptomonedas basados en ASIC y aplicaciones similares de cadenas de bloques. BC-888 Dielectric Coolant es 98% biodegradable, no t\u00f3xico, no halogenado, no corrosivo, alimentario grado y 100% ozono seguro. Adem\u00e1s, el uso y la fabricaci\u00f3n de refrigerantes diel\u00e9ctricos BC-888 no liberan residuos t\u00f3xicos, vapores ni olores en su hogar, oficina o lugar de trabajo.<br \/>\nBC-888 es de 5,28 galones (20 l) por barril, y hay contenedores de 10,57 galones (40 l, 2 barriles) y 21,13 galones (80 l, 4 barriles) para elegir.<\/p>\n<p><img data-recalc-dims=\"1\" loading=\"lazy\" decoding=\"async\" class=\"alignnone size-full wp-image-2685\" src=\"https:\/\/i0.wp.com\/www.gonbox.com\/wp-content\/uploads\/2022\/12\/%E5%BE%AE%E4%BF%A1%E5%9B%BE%E7%89%87_20230105111946.jpg?resize=800%2C800&#038;ssl=1\" alt=\"\" width=\"800\" height=\"800\" srcset=\"https:\/\/i0.wp.com\/www.gonbox.com\/wp-content\/uploads\/2022\/12\/%E5%BE%AE%E4%BF%A1%E5%9B%BE%E7%89%87_20230105111946.jpg?w=800&amp;ssl=1 800w, https:\/\/i0.wp.com\/www.gonbox.com\/wp-content\/uploads\/2022\/12\/%E5%BE%AE%E4%BF%A1%E5%9B%BE%E7%89%87_20230105111946.jpg?resize=400%2C400&amp;ssl=1 400w, https:\/\/i0.wp.com\/www.gonbox.com\/wp-content\/uploads\/2022\/12\/%E5%BE%AE%E4%BF%A1%E5%9B%BE%E7%89%87_20230105111946.jpg?resize=280%2C280&amp;ssl=1 280w, https:\/\/i0.wp.com\/www.gonbox.com\/wp-content\/uploads\/2022\/12\/%E5%BE%AE%E4%BF%A1%E5%9B%BE%E7%89%87_20230105111946.jpg?resize=768%2C768&amp;ssl=1 768w, https:\/\/i0.wp.com\/www.gonbox.com\/wp-content\/uploads\/2022\/12\/%E5%BE%AE%E4%BF%A1%E5%9B%BE%E7%89%87_20230105111946.jpg?resize=510%2C510&amp;ssl=1 510w, https:\/\/i0.wp.com\/www.gonbox.com\/wp-content\/uploads\/2022\/12\/%E5%BE%AE%E4%BF%A1%E5%9B%BE%E7%89%87_20230105111946.jpg?resize=100%2C100&amp;ssl=1 100w, https:\/\/i0.wp.com\/www.gonbox.com\/wp-content\/uploads\/2022\/12\/%E5%BE%AE%E4%BF%A1%E5%9B%BE%E7%89%87_20230105111946.jpg?resize=50%2C50&amp;ssl=1 50w\" sizes=\"auto, (max-width: 800px) 100vw, 800px\" \/><\/p>\n<p><strong>Caracteristicas claves:<\/strong><\/p>\n<table width=\"1002\">\n<tbody>\n<tr>\n<td width=\"394\">Especificaci\u00f3n<\/td>\n<td width=\"608\">BC-888<\/td>\n<\/tr>\n<tr>\n<td>Solicitud<\/td>\n<td>Refrigeraci\u00f3n por inmersi\u00f3n l\u00edquida monof\u00e1sica para miner\u00eda de divisas basada en ASIC<\/td>\n<\/tr>\n<tr>\n<td>Apariencia<\/td>\n<td>Transparente con tinte verde claro<\/td>\n<\/tr>\n<tr>\n<td>Punto de fluidez (C)<\/td>\n<td>0<\/td>\n<\/tr>\n<tr>\n<td>Punto de inflamaci\u00f3n (C)<\/td>\n<td>&gt;130.0<\/td>\n<\/tr>\n<tr>\n<td>Density,g\/cc@15.6\u2103<\/td>\n<td>0.82<\/td>\n<\/tr>\n<tr>\n<td>Coeficiente de Expansi\u00f3n T\u00e9rmica,(volumen\/\u2103)<\/td>\n<td>0.00067<\/td>\n<\/tr>\n<tr>\n<td>Rango de temperatura operativa (C)<\/td>\n<td>5.0\u00a0\u00a0 100.0<\/td>\n<\/tr>\n<tr>\n<td>Viscosidad cinem\u00e1tica (cSt) 40C 100C<\/td>\n<td>8.300\u00a0\u00a0 3.950<\/td>\n<\/tr>\n<tr>\n<td>Conductividad t\u00e9rmica (W\/m*K) 40C 100C<\/td>\n<td>0.1396\u00a0 0.1373<\/td>\n<\/tr>\n<tr>\n<td>Calor espec\u00edfico (kJ\/kg\u2103) 40C 100C<\/td>\n<td>2.0540\u00a0 2.2032<\/td>\n<\/tr>\n<\/tbody>\n<\/table>\n<p>&nbsp;<\/p>\n<p><strong>Notas de compra:<\/strong><\/p>\n<p>1. Pol\u00edtica de cambio b\u00e1sica: Excepto para los productos que est\u00e1n claramente marcados en la p\u00e1gina de detalles del producto y confirmados en el momento de la compra que &quot;no se admite ning\u00fan motivo para la devoluci\u00f3n o el cambio&quot;. Los productos en la columna GONBOX pueden solicitar el reemplazo bajo la premisa de que los productos est\u00e1n en buenas condiciones, sin usar o da\u00f1ados, y los accesorios est\u00e1n completos.<\/p>\n<p>2. Para obtener detalles espec\u00edficos de la garant\u00eda, consulte: &quot;Reglas de garant\u00eda global de GONBOX&quot;\u00a0\u00a0<a href=\"https:\/\/www.gonbox.com\/es\/gonbox-product-warranty-terms\/\">https:\/\/www.gonbox.com\/gonbox-product-warranty-terms\/<\/a><br \/>\n(Nota: debe pagar la tarifa de env\u00edo de reemplazo usted mismo)<\/p>\n<p>3. Pedido por correo: lea las &quot;Instrucciones de referencia de precios de log\u00edstica global&quot;\u00a0<a href=\"https:\/\/www.gonbox.com\/es\/global-logistics-price-reference-instructions\/\">https:\/\/www.gonbox.com\/global-logistics-price-reference-instructions\/<\/a><\/p>","protected":false},"excerpt":{"rendered":"<p>Product Details\uff1a BC-888 Dielectric Coolant High Performance Single-phase, Liquid Immersion Cooling of ASIC-based Miners BC-888 has been engineered specifically for use in open SLIC tank solutions and for material compatibility with ASIC based cryptocurrency miners and similar blockchain applications.BC-888 Dielectric Coolant is 98% biodegradable, non-toxic, non-halogenated, non-corrosive, food grade, and 100% ozone safe. In addition, [&#8230;]\n","protected":false},"featured_media":2684,"comment_status":"open","ping_status":"closed","template":"","meta":[],"product_cat":[15,79],"product_tag":[],"class_list":["post-1198","product","type-product","status-publish","has-post-thumbnail","hentry","product_cat-oil-cooling-mall","product_cat-all"],"yoast_head":"<!-- This site is optimized with the Yoast SEO plugin v20.2.1 - https:\/\/yoast.com\/wordpress\/plugins\/seo\/ -->\n<title>Dielectric Coolant\uff08Liquid Cooling Qil\uff09 - Gonbox<\/title>\n<meta name=\"robots\" content=\"index, follow, max-snippet:-1, max-image-preview:large, max-video-preview:-1\" \/>\n<link rel=\"canonical\" href=\"https:\/\/www.gonbox.com\/es\/producto\/liquid-cooling-oil\/\" \/>\n<meta property=\"og:locale\" content=\"es_ES\" \/>\n<meta property=\"og:type\" content=\"article\" \/>\n<meta property=\"og:title\" content=\"Dielectric Coolant\uff08Liquid Cooling Qil\uff09 - Gonbox\" \/>\n<meta property=\"og:description\" content=\"Product Details\uff1a BC-888 Dielectric Coolant High Performance Single-phase, Liquid Immersion Cooling of ASIC-based Miners BC-888 has been engineered specifically for use in open SLIC tank solutions and for material compatibility with ASIC based cryptocurrency miners and similar blockchain applications.BC-888 Dielectric Coolant is 98% biodegradable, non-toxic, non-halogenated, non-corrosive, food grade, and 100% ozone safe. In addition, [...]\" \/>\n<meta property=\"og:url\" content=\"https:\/\/www.gonbox.com\/es\/producto\/liquid-cooling-oil\/\" \/>\n<meta property=\"og:site_name\" content=\"Gonbox\" \/>\n<meta property=\"article:publisher\" content=\"https:\/\/www.facebook.com\/gonboxmining\/\" \/>\n<meta property=\"article:modified_time\" content=\"2023-02-01T08:19:08+00:00\" \/>\n<meta property=\"og:image\" content=\"https:\/\/www.gonbox.com\/wp-content\/uploads\/2022\/12\/\u5fae\u4fe1\u56fe\u7247_20230105111959.jpg\" \/>\n\t<meta property=\"og:image:width\" content=\"800\" \/>\n\t<meta property=\"og:image:height\" content=\"800\" \/>\n\t<meta property=\"og:image:type\" content=\"image\/jpeg\" \/>\n<meta name=\"twitter:card\" content=\"summary_large_image\" \/>\n<meta name=\"twitter:site\" content=\"@gonbox_com\" \/>\n<meta name=\"twitter:label1\" content=\"Tiempo de lectura\" \/>\n\t<meta name=\"twitter:data1\" content=\"2 minutos\" \/>\n<script type=\"application\/ld+json\" class=\"yoast-schema-graph\">{\"@context\":\"https:\/\/schema.org\",\"@graph\":[{\"@type\":\"WebPage\",\"@id\":\"https:\/\/www.gonbox.com\/product\/liquid-cooling-oil\/\",\"url\":\"https:\/\/www.gonbox.com\/product\/liquid-cooling-oil\/\",\"name\":\"Dielectric Coolant\uff08Liquid Cooling Qil\uff09 - Gonbox\",\"isPartOf\":{\"@id\":\"https:\/\/www.gonbox.com\/#website\"},\"datePublished\":\"2022-12-10T06:57:21+00:00\",\"dateModified\":\"2023-02-01T08:19:08+00:00\",\"breadcrumb\":{\"@id\":\"https:\/\/www.gonbox.com\/product\/liquid-cooling-oil\/#breadcrumb\"},\"inLanguage\":\"es\",\"potentialAction\":[{\"@type\":\"ReadAction\",\"target\":[\"https:\/\/www.gonbox.com\/product\/liquid-cooling-oil\/\"]}]},{\"@type\":\"BreadcrumbList\",\"@id\":\"https:\/\/www.gonbox.com\/product\/liquid-cooling-oil\/#breadcrumb\",\"itemListElement\":[{\"@type\":\"ListItem\",\"position\":1,\"name\":\"\u9996\u9875\",\"item\":\"https:\/\/www.gonbox.com\/\"},{\"@type\":\"ListItem\",\"position\":2,\"name\":\"Shop\",\"item\":\"https:\/\/www.gonbox.com\/shop\/\"},{\"@type\":\"ListItem\",\"position\":3,\"name\":\"Dielectric Coolant\uff08Liquid Cooling Qil\uff09\"}]},{\"@type\":\"WebSite\",\"@id\":\"https:\/\/www.gonbox.com\/#website\",\"url\":\"https:\/\/www.gonbox.com\/\",\"name\":\"Gonbox\",\"description\":\"Everyone Can Mine Bitcoin\",\"publisher\":{\"@id\":\"https:\/\/www.gonbox.com\/#organization\"},\"potentialAction\":[{\"@type\":\"SearchAction\",\"target\":{\"@type\":\"EntryPoint\",\"urlTemplate\":\"https:\/\/www.gonbox.com\/?s={search_term_string}\"},\"query-input\":\"required name=search_term_string\"}],\"inLanguage\":\"es\"},{\"@type\":\"Organization\",\"@id\":\"https:\/\/www.gonbox.com\/#organization\",\"name\":\"GONBOX GROUP INC\",\"url\":\"https:\/\/www.gonbox.com\/\",\"logo\":{\"@type\":\"ImageObject\",\"inLanguage\":\"es\",\"@id\":\"https:\/\/www.gonbox.com\/#\/schema\/logo\/image\/\",\"url\":\"https:\/\/5n57c6.p3cdn1.secureserver.net\/wp-content\/uploads\/2022\/12\/logo.png?time=1669965474\",\"contentUrl\":\"https:\/\/5n57c6.p3cdn1.secureserver.net\/wp-content\/uploads\/2022\/12\/logo.png?time=1669965474\",\"width\":130,\"height\":84,\"caption\":\"GONBOX GROUP INC\"},\"image\":{\"@id\":\"https:\/\/www.gonbox.com\/#\/schema\/logo\/image\/\"},\"sameAs\":[\"https:\/\/www.facebook.com\/gonboxmining\/\",\"https:\/\/twitter.com\/gonbox_com\"]}]}<\/script>\n<!-- \/ Yoast SEO plugin. -->","yoast_head_json":{"title":"Dielectric Coolant\uff08Liquid Cooling Qil\uff09 - Gonbox","robots":{"index":"index","follow":"follow","max-snippet":"max-snippet:-1","max-image-preview":"max-image-preview:large","max-video-preview":"max-video-preview:-1"},"canonical":"https:\/\/www.gonbox.com\/es\/producto\/liquid-cooling-oil\/","og_locale":"es_ES","og_type":"article","og_title":"Dielectric Coolant\uff08Liquid Cooling Qil\uff09 - Gonbox","og_description":"Product Details\uff1a BC-888 Dielectric Coolant High Performance Single-phase, Liquid Immersion Cooling of ASIC-based Miners BC-888 has been engineered specifically for use in open SLIC tank solutions and for material compatibility with ASIC based cryptocurrency miners and similar blockchain applications.BC-888 Dielectric Coolant is 98% biodegradable, non-toxic, non-halogenated, non-corrosive, food grade, and 100% ozone safe. In addition, [...]","og_url":"https:\/\/www.gonbox.com\/es\/producto\/liquid-cooling-oil\/","og_site_name":"Gonbox","article_publisher":"https:\/\/www.facebook.com\/gonboxmining\/","article_modified_time":"2023-02-01T08:19:08+00:00","og_image":[{"width":800,"height":800,"url":"https:\/\/www.gonbox.com\/wp-content\/uploads\/2022\/12\/\u5fae\u4fe1\u56fe\u7247_20230105111959.jpg","type":"image\/jpeg"}],"twitter_card":"summary_large_image","twitter_site":"@gonbox_com","twitter_misc":{"Tiempo de lectura":"2 minutos"},"schema":{"@context":"https:\/\/schema.org","@graph":[{"@type":"WebPage","@id":"https:\/\/www.gonbox.com\/product\/liquid-cooling-oil\/","url":"https:\/\/www.gonbox.com\/product\/liquid-cooling-oil\/","name":"Dielectric Coolant\uff08Liquid Cooling Qil\uff09 - Gonbox","isPartOf":{"@id":"https:\/\/www.gonbox.com\/#website"},"datePublished":"2022-12-10T06:57:21+00:00","dateModified":"2023-02-01T08:19:08+00:00","breadcrumb":{"@id":"https:\/\/www.gonbox.com\/product\/liquid-cooling-oil\/#breadcrumb"},"inLanguage":"es","potentialAction":[{"@type":"ReadAction","target":["https:\/\/www.gonbox.com\/product\/liquid-cooling-oil\/"]}]},{"@type":"BreadcrumbList","@id":"https:\/\/www.gonbox.com\/product\/liquid-cooling-oil\/#breadcrumb","itemListElement":[{"@type":"ListItem","position":1,"name":"\u9996\u9875","item":"https:\/\/www.gonbox.com\/"},{"@type":"ListItem","position":2,"name":"Shop","item":"https:\/\/www.gonbox.com\/shop\/"},{"@type":"ListItem","position":3,"name":"Dielectric Coolant\uff08Liquid Cooling Qil\uff09"}]},{"@type":"WebSite","@id":"https:\/\/www.gonbox.com\/#website","url":"https:\/\/www.gonbox.com\/","name":"Gonbox","description":"Todos pueden minar Bitcoin","publisher":{"@id":"https:\/\/www.gonbox.com\/#organization"},"potentialAction":[{"@type":"SearchAction","target":{"@type":"EntryPoint","urlTemplate":"https:\/\/www.gonbox.com\/?s={search_term_string}"},"query-input":"required name=search_term_string"}],"inLanguage":"es"},{"@type":"Organization","@id":"https:\/\/www.gonbox.com\/#organization","name":"GONBOX GROUP INC","url":"https:\/\/www.gonbox.com\/","logo":{"@type":"ImageObject","inLanguage":"es","@id":"https:\/\/www.gonbox.com\/#\/schema\/logo\/image\/","url":"https:\/\/5n57c6.p3cdn1.secureserver.net\/wp-content\/uploads\/2022\/12\/logo.png?time=1669965474","contentUrl":"https:\/\/5n57c6.p3cdn1.secureserver.net\/wp-content\/uploads\/2022\/12\/logo.png?time=1669965474","width":130,"height":84,"caption":"GONBOX GROUP INC"},"image":{"@id":"https:\/\/www.gonbox.com\/#\/schema\/logo\/image\/"},"sameAs":["https:\/\/www.facebook.com\/gonboxmining\/","https:\/\/twitter.com\/gonbox_com"]}]}},"jetpack_sharing_enabled":true,"_links":{"self":[{"href":"https:\/\/www.gonbox.com\/es\/wp-json\/wp\/v2\/product\/1198","targetHints":{"allow":["GET"]}}],"collection":[{"href":"https:\/\/www.gonbox.com\/es\/wp-json\/wp\/v2\/product"}],"about":[{"href":"https:\/\/www.gonbox.com\/es\/wp-json\/wp\/v2\/types\/product"}],"replies":[{"embeddable":true,"href":"https:\/\/www.gonbox.com\/es\/wp-json\/wp\/v2\/comments?post=1198"}],"wp:featuredmedia":[{"embeddable":true,"href":"https:\/\/www.gonbox.com\/es\/wp-json\/wp\/v2\/media\/2684"}],"wp:attachment":[{"href":"https:\/\/www.gonbox.com\/es\/wp-json\/wp\/v2\/media?parent=1198"}],"wp:term":[{"taxonomy":"product_cat","embeddable":true,"href":"https:\/\/www.gonbox.com\/es\/wp-json\/wp\/v2\/product_cat?post=1198"},{"taxonomy":"product_tag","embeddable":true,"href":"https:\/\/www.gonbox.com\/es\/wp-json\/wp\/v2\/product_tag?post=1198"}],"curies":[{"name":"wp","href":"https:\/\/api.w.org\/{rel}","templated":true}]}}