{"id":1735,"date":"2022-12-21T11:55:42","date_gmt":"2022-12-21T06:55:42","guid":{"rendered":"https:\/\/www.gonbox.com\/?post_type=product&#038;p=1735"},"modified":"2022-12-22T10:30:16","modified_gmt":"2022-12-22T05:30:16","slug":"pagoda-joints","status":"publish","type":"product","link":"https:\/\/www.gonbox.com\/es\/producto\/pagoda-joints\/","title":{"rendered":"Juntas de pagoda"},"content":{"rendered":"<p><strong>Detalles de producto:<\/strong><\/p>\n<p>Pagoda joint water-cooled heat dissipation circulation system water-cooled accessories<\/p>\n<p><img data-recalc-dims=\"1\" decoding=\"async\" class=\"attachment-266x266 size-266x266\" src=\"https:\/\/i0.wp.com\/www.gonbox.com\/wp-content\/uploads\/2022\/12\/634a4353a463746f748df4665ac6bad.png?w=1020&#038;ssl=1\" alt=\"\" \/><\/p>\n<p><strong>Product parameters<\/strong><\/p>\n<p>Product Name:N6 Pagoda Joint<br \/>\nWeight: about 9.4g<br \/>\nModel: SC-BT-N6<br \/>\nSize: 25mm*16mm<br \/>\nParameters: Suitable for hoses with an inner diameter of 6mm<\/p>\n<p><img data-recalc-dims=\"1\" decoding=\"async\" class=\"attachment-266x266 size-266x266\" src=\"https:\/\/i0.wp.com\/www.gonbox.com\/wp-content\/uploads\/2022\/12\/06d841d8ae3cc98141f355533ee6fde.png?w=1020&#038;ssl=1\" alt=\"\" \/><\/p>\n<p><strong>Product parameters<\/strong><\/p>\n<p>Product Name: N8 Pagoda Joint<br \/>\nWeight: about 9.5g<br \/>\nModel: SC-BT-N8<br \/>\nSize: 25mm*16mm<br \/>\nParameters: Suitable for hoses with an inner diameter of 8mm<\/p>\n<p><img data-recalc-dims=\"1\" decoding=\"async\" class=\"attachment-266x266 size-266x266\" src=\"https:\/\/i0.wp.com\/www.gonbox.com\/wp-content\/uploads\/2022\/12\/f9fd0b5e67268e75bcd75bbef9dde4f.png?w=1020&#038;ssl=1\" alt=\"\" \/><\/p>\n<p><strong>Product parameters<\/strong><\/p>\n<p>Product Name:N10 Pagoda Joint<br \/>\nWeight: about 10g<br \/>\nModel: SC-BT-N10<br \/>\nSize: 23mm*16mm<br \/>\nParameters: Suitable for hoses with an inner diameter of 10mm<\/p>\n<p><strong>Servicio postventa:<\/strong><\/p>\n<p>1. Pol\u00edtica de cambio b\u00e1sica: Excepto para los productos que est\u00e1n claramente marcados en la p\u00e1gina de detalles del producto y confirmados en el momento de la compra que &quot;no se admite ning\u00fan motivo para la devoluci\u00f3n o el cambio&quot;. Los productos en la columna GONBOX pueden solicitar el reemplazo bajo la premisa de que los productos est\u00e1n en buenas condiciones, sin usar o da\u00f1ados, y los accesorios est\u00e1n completos. La caja de mina refrigerada por l\u00edquido GONBOX tiene un per\u00edodo de reemplazo de 3 meses, y otros accesorios b\u00e1sicos tienen un per\u00edodo de reemplazo de 1 mes (Nota: debe pagar la tarifa de env\u00edo de reemplazo usted mismo)<\/p>\n<p>2. Si tiene alguna pregunta, comun\u00edquese con el servicio al cliente en l\u00ednea.<\/p>\n<p>&nbsp;<\/p>","protected":false},"excerpt":{"rendered":"<p>Product Name:N6 Pagoda Joint<br \/>\nWeight: about 9.4g<br \/>\nModel: SC-BT-N6<br \/>\nSize: 25mm*16mm|Product Name: N8 Pagoda Joint<br \/>\nWeight: about 9.5g<br \/>\nModel: SC-BT-N8<br \/>\nSize: 25mm*16mm|Product Name:N10 Pagoda Joint<br \/>\nWeight: about 10gModel: SC-BT-N10<br \/>\nSize: 23mm*16mm<\/p>\n<p>&nbsp;<\/p>","protected":false},"featured_media":1491,"comment_status":"open","ping_status":"closed","template":"","meta":[],"product_cat":[79],"product_tag":[],"class_list":["post-1735","product","type-product","status-publish","has-post-thumbnail","hentry","product_cat-all"],"yoast_head":"<!-- This site is optimized with the Yoast SEO plugin v20.2.1 - https:\/\/yoast.com\/wordpress\/plugins\/seo\/ -->\n<title>Pagoda joints - Gonbox<\/title>\n<meta name=\"robots\" content=\"index, follow, max-snippet:-1, max-image-preview:large, max-video-preview:-1\" \/>\n<link rel=\"canonical\" href=\"https:\/\/www.gonbox.com\/es\/producto\/pagoda-joints\/\" \/>\n<meta property=\"og:locale\" content=\"es_ES\" \/>\n<meta property=\"og:type\" content=\"article\" \/>\n<meta property=\"og:title\" content=\"Pagoda joints - Gonbox\" \/>\n<meta property=\"og:description\" content=\"Product Name:N6 Pagoda Joint Weight: about 9.4g Model: SC-BT-N6 Size: 25mm*16mm|Product Name: N8 Pagoda Joint Weight: about 9.5g Model: SC-BT-N8 Size: 25mm*16mm|Product Name:N10 Pagoda Joint Weight: about 10gModel: SC-BT-N10 Size: 23mm*16mm  &nbsp;\" \/>\n<meta property=\"og:url\" content=\"https:\/\/www.gonbox.com\/es\/producto\/pagoda-joints\/\" \/>\n<meta property=\"og:site_name\" content=\"Gonbox\" \/>\n<meta property=\"article:publisher\" content=\"https:\/\/www.facebook.com\/gonboxmining\/\" \/>\n<meta property=\"article:modified_time\" content=\"2022-12-22T05:30:16+00:00\" \/>\n<meta property=\"og:image\" content=\"https:\/\/www.gonbox.com\/wp-content\/uploads\/2022\/12\/7b3ef5fb6b9e868ad57102ac9244fef.png\" \/>\n\t<meta property=\"og:image:width\" content=\"906\" \/>\n\t<meta property=\"og:image:height\" content=\"656\" \/>\n\t<meta property=\"og:image:type\" content=\"image\/png\" \/>\n<meta name=\"twitter:card\" content=\"summary_large_image\" \/>\n<meta name=\"twitter:site\" content=\"@gonbox_com\" \/>\n<meta name=\"twitter:label1\" content=\"Tiempo de lectura\" \/>\n\t<meta name=\"twitter:data1\" content=\"2 minutos\" \/>\n<script type=\"application\/ld+json\" class=\"yoast-schema-graph\">{\"@context\":\"https:\/\/schema.org\",\"@graph\":[{\"@type\":\"WebPage\",\"@id\":\"https:\/\/www.gonbox.com\/product\/pagoda-joints\/\",\"url\":\"https:\/\/www.gonbox.com\/product\/pagoda-joints\/\",\"name\":\"Pagoda joints - Gonbox\",\"isPartOf\":{\"@id\":\"https:\/\/www.gonbox.com\/#website\"},\"datePublished\":\"2022-12-21T06:55:42+00:00\",\"dateModified\":\"2022-12-22T05:30:16+00:00\",\"breadcrumb\":{\"@id\":\"https:\/\/www.gonbox.com\/product\/pagoda-joints\/#breadcrumb\"},\"inLanguage\":\"es\",\"potentialAction\":[{\"@type\":\"ReadAction\",\"target\":[\"https:\/\/www.gonbox.com\/product\/pagoda-joints\/\"]}]},{\"@type\":\"BreadcrumbList\",\"@id\":\"https:\/\/www.gonbox.com\/product\/pagoda-joints\/#breadcrumb\",\"itemListElement\":[{\"@type\":\"ListItem\",\"position\":1,\"name\":\"\u9996\u9875\",\"item\":\"https:\/\/www.gonbox.com\/\"},{\"@type\":\"ListItem\",\"position\":2,\"name\":\"Shop\",\"item\":\"https:\/\/www.gonbox.com\/shop\/\"},{\"@type\":\"ListItem\",\"position\":3,\"name\":\"Pagoda joints\"}]},{\"@type\":\"WebSite\",\"@id\":\"https:\/\/www.gonbox.com\/#website\",\"url\":\"https:\/\/www.gonbox.com\/\",\"name\":\"Gonbox\",\"description\":\"Everyone Can Mine Bitcoin\",\"publisher\":{\"@id\":\"https:\/\/www.gonbox.com\/#organization\"},\"potentialAction\":[{\"@type\":\"SearchAction\",\"target\":{\"@type\":\"EntryPoint\",\"urlTemplate\":\"https:\/\/www.gonbox.com\/?s={search_term_string}\"},\"query-input\":\"required name=search_term_string\"}],\"inLanguage\":\"es\"},{\"@type\":\"Organization\",\"@id\":\"https:\/\/www.gonbox.com\/#organization\",\"name\":\"GONBOX GROUP INC\",\"url\":\"https:\/\/www.gonbox.com\/\",\"logo\":{\"@type\":\"ImageObject\",\"inLanguage\":\"es\",\"@id\":\"https:\/\/www.gonbox.com\/#\/schema\/logo\/image\/\",\"url\":\"https:\/\/5n57c6.p3cdn1.secureserver.net\/wp-content\/uploads\/2022\/12\/logo.png?time=1669965474\",\"contentUrl\":\"https:\/\/5n57c6.p3cdn1.secureserver.net\/wp-content\/uploads\/2022\/12\/logo.png?time=1669965474\",\"width\":130,\"height\":84,\"caption\":\"GONBOX GROUP INC\"},\"image\":{\"@id\":\"https:\/\/www.gonbox.com\/#\/schema\/logo\/image\/\"},\"sameAs\":[\"https:\/\/www.facebook.com\/gonboxmining\/\",\"https:\/\/twitter.com\/gonbox_com\"]}]}<\/script>\n<!-- \/ Yoast SEO plugin. -->","yoast_head_json":{"title":"Pagoda joints - Gonbox","robots":{"index":"index","follow":"follow","max-snippet":"max-snippet:-1","max-image-preview":"max-image-preview:large","max-video-preview":"max-video-preview:-1"},"canonical":"https:\/\/www.gonbox.com\/es\/producto\/pagoda-joints\/","og_locale":"es_ES","og_type":"article","og_title":"Pagoda joints - Gonbox","og_description":"Product Name:N6 Pagoda Joint Weight: about 9.4g Model: SC-BT-N6 Size: 25mm*16mm|Product Name: N8 Pagoda Joint Weight: about 9.5g Model: SC-BT-N8 Size: 25mm*16mm|Product Name:N10 Pagoda Joint Weight: about 10gModel: SC-BT-N10 Size: 23mm*16mm  &nbsp;","og_url":"https:\/\/www.gonbox.com\/es\/producto\/pagoda-joints\/","og_site_name":"Gonbox","article_publisher":"https:\/\/www.facebook.com\/gonboxmining\/","article_modified_time":"2022-12-22T05:30:16+00:00","og_image":[{"width":906,"height":656,"url":"https:\/\/www.gonbox.com\/wp-content\/uploads\/2022\/12\/7b3ef5fb6b9e868ad57102ac9244fef.png","type":"image\/png"}],"twitter_card":"summary_large_image","twitter_site":"@gonbox_com","twitter_misc":{"Tiempo de lectura":"2 minutos"},"schema":{"@context":"https:\/\/schema.org","@graph":[{"@type":"WebPage","@id":"https:\/\/www.gonbox.com\/product\/pagoda-joints\/","url":"https:\/\/www.gonbox.com\/product\/pagoda-joints\/","name":"Pagoda joints - Gonbox","isPartOf":{"@id":"https:\/\/www.gonbox.com\/#website"},"datePublished":"2022-12-21T06:55:42+00:00","dateModified":"2022-12-22T05:30:16+00:00","breadcrumb":{"@id":"https:\/\/www.gonbox.com\/product\/pagoda-joints\/#breadcrumb"},"inLanguage":"es","potentialAction":[{"@type":"ReadAction","target":["https:\/\/www.gonbox.com\/product\/pagoda-joints\/"]}]},{"@type":"BreadcrumbList","@id":"https:\/\/www.gonbox.com\/product\/pagoda-joints\/#breadcrumb","itemListElement":[{"@type":"ListItem","position":1,"name":"\u9996\u9875","item":"https:\/\/www.gonbox.com\/"},{"@type":"ListItem","position":2,"name":"Shop","item":"https:\/\/www.gonbox.com\/shop\/"},{"@type":"ListItem","position":3,"name":"Pagoda joints"}]},{"@type":"WebSite","@id":"https:\/\/www.gonbox.com\/#website","url":"https:\/\/www.gonbox.com\/","name":"Gonbox","description":"Todos pueden minar Bitcoin","publisher":{"@id":"https:\/\/www.gonbox.com\/#organization"},"potentialAction":[{"@type":"SearchAction","target":{"@type":"EntryPoint","urlTemplate":"https:\/\/www.gonbox.com\/?s={search_term_string}"},"query-input":"required name=search_term_string"}],"inLanguage":"es"},{"@type":"Organization","@id":"https:\/\/www.gonbox.com\/#organization","name":"GONBOX GROUP INC","url":"https:\/\/www.gonbox.com\/","logo":{"@type":"ImageObject","inLanguage":"es","@id":"https:\/\/www.gonbox.com\/#\/schema\/logo\/image\/","url":"https:\/\/5n57c6.p3cdn1.secureserver.net\/wp-content\/uploads\/2022\/12\/logo.png?time=1669965474","contentUrl":"https:\/\/5n57c6.p3cdn1.secureserver.net\/wp-content\/uploads\/2022\/12\/logo.png?time=1669965474","width":130,"height":84,"caption":"GONBOX GROUP INC"},"image":{"@id":"https:\/\/www.gonbox.com\/#\/schema\/logo\/image\/"},"sameAs":["https:\/\/www.facebook.com\/gonboxmining\/","https:\/\/twitter.com\/gonbox_com"]}]}},"jetpack_sharing_enabled":true,"_links":{"self":[{"href":"https:\/\/www.gonbox.com\/es\/wp-json\/wp\/v2\/product\/1735","targetHints":{"allow":["GET"]}}],"collection":[{"href":"https:\/\/www.gonbox.com\/es\/wp-json\/wp\/v2\/product"}],"about":[{"href":"https:\/\/www.gonbox.com\/es\/wp-json\/wp\/v2\/types\/product"}],"replies":[{"embeddable":true,"href":"https:\/\/www.gonbox.com\/es\/wp-json\/wp\/v2\/comments?post=1735"}],"wp:featuredmedia":[{"embeddable":true,"href":"https:\/\/www.gonbox.com\/es\/wp-json\/wp\/v2\/media\/1491"}],"wp:attachment":[{"href":"https:\/\/www.gonbox.com\/es\/wp-json\/wp\/v2\/media?parent=1735"}],"wp:term":[{"taxonomy":"product_cat","embeddable":true,"href":"https:\/\/www.gonbox.com\/es\/wp-json\/wp\/v2\/product_cat?post=1735"},{"taxonomy":"product_tag","embeddable":true,"href":"https:\/\/www.gonbox.com\/es\/wp-json\/wp\/v2\/product_tag?post=1735"}],"curies":[{"name":"wp","href":"https:\/\/api.w.org\/{rel}","templated":true}]}}