{"id":1770,"date":"2022-12-22T08:28:05","date_gmt":"2022-12-22T03:28:05","guid":{"rendered":"https:\/\/www.gonbox.com\/?post_type=product&#038;p=1770"},"modified":"2023-03-10T12:18:44","modified_gmt":"2023-03-10T07:18:44","slug":"antminer-s19-110t","status":"publish","type":"product","link":"https:\/\/www.gonbox.com\/es\/producto\/antminer-s19-110t\/","title":{"rendered":"Antminer S19PRO 110T"},"content":{"rendered":"<p><strong>Detalles de producto:<\/strong><\/p>\n<p>Antminer S19PRO 110T tiene un excelente rendimiento, operaci\u00f3n estable y confiable<\/p>\n<p>El paquete combinado incluye: F2+Enfriador de aire hidr\u00e1ulico+aceite+S19JPRO110T*2 unidades y otros accesorios<\/p>\n<p>Para obtener m\u00e1s informaci\u00f3n sobre los productos F2, haga clic para ver:<a href=\"https:\/\/www.gonbox.com\/es\/producto\/f2\/\">https:\/\/www.gonbox.com\/product\/f2\/<\/a><\/p>\n<p>Parametros basicos<br \/>\nTipo de m\u00e1quina de miner\u00eda: m\u00e1quina de miner\u00eda ASIC (m\u00e1quina de miner\u00eda profesional)<br \/>\nMoneda generada: Bitcoin (BTC)<br \/>\nTasa de hash computacional nominal: 110TH\/S<br \/>\nTipo de fuente de alimentaci\u00f3n: fuente de alimentaci\u00f3n Apw3 ++<br \/>\nConsumo de energ\u00eda nominal: 3250W (-5%\uff5e+5%)<br \/>\nRelaci\u00f3n de consumo de energ\u00eda: 29.5J\/TH (-5%\uff5e+5%)<br \/>\nOtros par\u00e1metros<br \/>\nTama\u00f1o del producto: 370 \u00d7 195,5 \u00d7 290 mm<br \/>\nPeso del producto: 13,2 kg<br \/>\nInterfaz de alimentaci\u00f3n: interfaz de 9 \u00d7 6 pines<br \/>\nConexi\u00f3n de red: correcci\u00f3n de errores de Ethernet<br \/>\nRuido: 75dB<\/p>\n<p><img data-recalc-dims=\"1\" loading=\"lazy\" decoding=\"async\" class=\"alignnone size-full wp-image-1771\" src=\"https:\/\/i0.wp.com\/www.gonbox.com\/wp-content\/uploads\/2022\/12\/110.webp?resize=432%2C375&#038;ssl=1\" alt=\"\" width=\"432\" height=\"375\" srcset=\"https:\/\/i0.wp.com\/www.gonbox.com\/wp-content\/uploads\/2022\/12\/110.webp?w=432&amp;ssl=1 432w, https:\/\/i0.wp.com\/www.gonbox.com\/wp-content\/uploads\/2022\/12\/110.webp?resize=100%2C87&amp;ssl=1 100w\" sizes=\"auto, (max-width: 432px) 100vw, 432px\" \/><\/p>\n<p>&nbsp;<\/p>\n<p><strong>Notas de compra:<\/strong><\/p>\n<p>1. Pol\u00edtica de cambio b\u00e1sica: Excepto para los productos que est\u00e1n claramente marcados en la p\u00e1gina de detalles del producto y confirmados en el momento de la compra que &quot;no se admite ning\u00fan motivo para la devoluci\u00f3n o el cambio&quot;. Los productos en la columna GONBOX pueden solicitar el reemplazo bajo la premisa de que los productos est\u00e1n en buenas condiciones, sin usar o da\u00f1ados, y los accesorios est\u00e1n completos.<\/p>\n<p>2. Para obtener detalles espec\u00edficos de la garant\u00eda, consulte: &quot;Reglas de garant\u00eda global de GONBOX&quot;\u00a0\u00a0<a href=\"https:\/\/www.gonbox.com\/es\/gonbox-product-warranty-terms\/\">https:\/\/www.gonbox.com\/gonbox-product-warranty-terms\/<\/a><br \/>\n(Nota: debe pagar la tarifa de env\u00edo de reemplazo usted mismo)<\/p>\n<p>3. Pedido por correo: lea las &quot;Instrucciones de referencia de precios de log\u00edstica global&quot;\u00a0<a href=\"https:\/\/www.gonbox.com\/es\/global-logistics-price-reference-instructions\/\">https:\/\/www.gonbox.com\/global-logistics-price-reference-instructions\/<\/a><\/p>","protected":false},"excerpt":{"rendered":"<p>Hashrate: 110TH\/S, Consumo de energ\u00eda nominal: 3250W (-5%\uff5e+5%)<\/p>","protected":false},"featured_media":1772,"comment_status":"open","ping_status":"closed","template":"","meta":[],"product_cat":[79,78],"product_tag":[],"class_list":["post-1770","product","type-product","status-publish","has-post-thumbnail","hentry","product_cat-all","product_cat-miner"],"yoast_head":"<!-- This site is optimized with the Yoast SEO plugin v20.2.1 - https:\/\/yoast.com\/wordpress\/plugins\/seo\/ -->\n<title>Antminer S19PRO 110T - Gonbox<\/title>\n<meta name=\"description\" content=\"Hashrate: 110TH\/S\uff0cRated power consumption: 3250W (-5%\uff5e+5%)\" \/>\n<meta name=\"robots\" content=\"index, follow, max-snippet:-1, max-image-preview:large, max-video-preview:-1\" \/>\n<link rel=\"canonical\" href=\"https:\/\/www.gonbox.com\/es\/producto\/antminer-s19-110t\/\" \/>\n<meta property=\"og:locale\" content=\"es_ES\" \/>\n<meta property=\"og:type\" content=\"article\" \/>\n<meta property=\"og:title\" content=\"Antminer S19PRO 110T - Gonbox\" \/>\n<meta property=\"og:description\" content=\"Hashrate: 110TH\/S\uff0cRated power consumption: 3250W (-5%\uff5e+5%)\" \/>\n<meta property=\"og:url\" content=\"https:\/\/www.gonbox.com\/es\/producto\/antminer-s19-110t\/\" \/>\n<meta property=\"og:site_name\" content=\"Gonbox\" \/>\n<meta property=\"article:publisher\" content=\"https:\/\/www.facebook.com\/gonboxmining\/\" \/>\n<meta property=\"article:modified_time\" content=\"2023-03-10T07:18:44+00:00\" \/>\n<meta property=\"og:image\" content=\"https:\/\/www.gonbox.com\/wp-content\/uploads\/2022\/12\/J.webp\" \/>\n\t<meta property=\"og:image:width\" content=\"375\" \/>\n\t<meta property=\"og:image:height\" content=\"375\" \/>\n\t<meta property=\"og:image:type\" content=\"image\/webp\" \/>\n<meta name=\"twitter:card\" content=\"summary_large_image\" \/>\n<meta name=\"twitter:site\" content=\"@gonbox_com\" \/>\n<meta name=\"twitter:label1\" content=\"Tiempo de lectura\" \/>\n\t<meta name=\"twitter:data1\" content=\"1 minuto\" \/>\n<script type=\"application\/ld+json\" class=\"yoast-schema-graph\">{\"@context\":\"https:\/\/schema.org\",\"@graph\":[{\"@type\":\"WebPage\",\"@id\":\"https:\/\/www.gonbox.com\/product\/antminer-s19-110t\/\",\"url\":\"https:\/\/www.gonbox.com\/product\/antminer-s19-110t\/\",\"name\":\"Antminer S19PRO 110T - Gonbox\",\"isPartOf\":{\"@id\":\"https:\/\/www.gonbox.com\/#website\"},\"datePublished\":\"2022-12-22T03:28:05+00:00\",\"dateModified\":\"2023-03-10T07:18:44+00:00\",\"description\":\"Hashrate: 110TH\/S\uff0cRated power consumption: 3250W (-5%\uff5e+5%)\",\"breadcrumb\":{\"@id\":\"https:\/\/www.gonbox.com\/product\/antminer-s19-110t\/#breadcrumb\"},\"inLanguage\":\"es\",\"potentialAction\":[{\"@type\":\"ReadAction\",\"target\":[\"https:\/\/www.gonbox.com\/product\/antminer-s19-110t\/\"]}]},{\"@type\":\"BreadcrumbList\",\"@id\":\"https:\/\/www.gonbox.com\/product\/antminer-s19-110t\/#breadcrumb\",\"itemListElement\":[{\"@type\":\"ListItem\",\"position\":1,\"name\":\"\u9996\u9875\",\"item\":\"https:\/\/www.gonbox.com\/\"},{\"@type\":\"ListItem\",\"position\":2,\"name\":\"Shop\",\"item\":\"https:\/\/www.gonbox.com\/shop\/\"},{\"@type\":\"ListItem\",\"position\":3,\"name\":\"Antminer S19PRO 110T\"}]},{\"@type\":\"WebSite\",\"@id\":\"https:\/\/www.gonbox.com\/#website\",\"url\":\"https:\/\/www.gonbox.com\/\",\"name\":\"Gonbox\",\"description\":\"Everyone Can Mine Bitcoin\",\"publisher\":{\"@id\":\"https:\/\/www.gonbox.com\/#organization\"},\"potentialAction\":[{\"@type\":\"SearchAction\",\"target\":{\"@type\":\"EntryPoint\",\"urlTemplate\":\"https:\/\/www.gonbox.com\/?s={search_term_string}\"},\"query-input\":\"required name=search_term_string\"}],\"inLanguage\":\"es\"},{\"@type\":\"Organization\",\"@id\":\"https:\/\/www.gonbox.com\/#organization\",\"name\":\"GONBOX GROUP INC\",\"url\":\"https:\/\/www.gonbox.com\/\",\"logo\":{\"@type\":\"ImageObject\",\"inLanguage\":\"es\",\"@id\":\"https:\/\/www.gonbox.com\/#\/schema\/logo\/image\/\",\"url\":\"https:\/\/5n57c6.p3cdn1.secureserver.net\/wp-content\/uploads\/2022\/12\/logo.png?time=1669965474\",\"contentUrl\":\"https:\/\/5n57c6.p3cdn1.secureserver.net\/wp-content\/uploads\/2022\/12\/logo.png?time=1669965474\",\"width\":130,\"height\":84,\"caption\":\"GONBOX GROUP INC\"},\"image\":{\"@id\":\"https:\/\/www.gonbox.com\/#\/schema\/logo\/image\/\"},\"sameAs\":[\"https:\/\/www.facebook.com\/gonboxmining\/\",\"https:\/\/twitter.com\/gonbox_com\"]}]}<\/script>\n<!-- \/ Yoast SEO plugin. -->","yoast_head_json":{"title":"Antminer S19PRO 110T - Gonbox","description":"Hashrate: 110TH\/S, Consumo de energ\u00eda nominal: 3250W (-5%\uff5e+5%)","robots":{"index":"index","follow":"follow","max-snippet":"max-snippet:-1","max-image-preview":"max-image-preview:large","max-video-preview":"max-video-preview:-1"},"canonical":"https:\/\/www.gonbox.com\/es\/producto\/antminer-s19-110t\/","og_locale":"es_ES","og_type":"article","og_title":"Antminer S19PRO 110T - Gonbox","og_description":"Hashrate: 110TH\/S\uff0cRated power consumption: 3250W (-5%\uff5e+5%)","og_url":"https:\/\/www.gonbox.com\/es\/producto\/antminer-s19-110t\/","og_site_name":"Gonbox","article_publisher":"https:\/\/www.facebook.com\/gonboxmining\/","article_modified_time":"2023-03-10T07:18:44+00:00","og_image":[{"width":375,"height":375,"url":"https:\/\/www.gonbox.com\/wp-content\/uploads\/2022\/12\/J.webp","type":"image\/webp"}],"twitter_card":"summary_large_image","twitter_site":"@gonbox_com","twitter_misc":{"Tiempo de lectura":"1 minuto"},"schema":{"@context":"https:\/\/schema.org","@graph":[{"@type":"WebPage","@id":"https:\/\/www.gonbox.com\/product\/antminer-s19-110t\/","url":"https:\/\/www.gonbox.com\/product\/antminer-s19-110t\/","name":"Antminer S19PRO 110T - Gonbox","isPartOf":{"@id":"https:\/\/www.gonbox.com\/#website"},"datePublished":"2022-12-22T03:28:05+00:00","dateModified":"2023-03-10T07:18:44+00:00","description":"Hashrate: 110TH\/S, Consumo de energ\u00eda nominal: 3250W (-5%\uff5e+5%)","breadcrumb":{"@id":"https:\/\/www.gonbox.com\/product\/antminer-s19-110t\/#breadcrumb"},"inLanguage":"es","potentialAction":[{"@type":"ReadAction","target":["https:\/\/www.gonbox.com\/product\/antminer-s19-110t\/"]}]},{"@type":"BreadcrumbList","@id":"https:\/\/www.gonbox.com\/product\/antminer-s19-110t\/#breadcrumb","itemListElement":[{"@type":"ListItem","position":1,"name":"\u9996\u9875","item":"https:\/\/www.gonbox.com\/"},{"@type":"ListItem","position":2,"name":"Shop","item":"https:\/\/www.gonbox.com\/shop\/"},{"@type":"ListItem","position":3,"name":"Antminer S19PRO 110T"}]},{"@type":"WebSite","@id":"https:\/\/www.gonbox.com\/#website","url":"https:\/\/www.gonbox.com\/","name":"Gonbox","description":"Todos pueden minar Bitcoin","publisher":{"@id":"https:\/\/www.gonbox.com\/#organization"},"potentialAction":[{"@type":"SearchAction","target":{"@type":"EntryPoint","urlTemplate":"https:\/\/www.gonbox.com\/?s={search_term_string}"},"query-input":"required name=search_term_string"}],"inLanguage":"es"},{"@type":"Organization","@id":"https:\/\/www.gonbox.com\/#organization","name":"GONBOX GROUP INC","url":"https:\/\/www.gonbox.com\/","logo":{"@type":"ImageObject","inLanguage":"es","@id":"https:\/\/www.gonbox.com\/#\/schema\/logo\/image\/","url":"https:\/\/5n57c6.p3cdn1.secureserver.net\/wp-content\/uploads\/2022\/12\/logo.png?time=1669965474","contentUrl":"https:\/\/5n57c6.p3cdn1.secureserver.net\/wp-content\/uploads\/2022\/12\/logo.png?time=1669965474","width":130,"height":84,"caption":"GONBOX GROUP INC"},"image":{"@id":"https:\/\/www.gonbox.com\/#\/schema\/logo\/image\/"},"sameAs":["https:\/\/www.facebook.com\/gonboxmining\/","https:\/\/twitter.com\/gonbox_com"]}]}},"jetpack_sharing_enabled":true,"_links":{"self":[{"href":"https:\/\/www.gonbox.com\/es\/wp-json\/wp\/v2\/product\/1770","targetHints":{"allow":["GET"]}}],"collection":[{"href":"https:\/\/www.gonbox.com\/es\/wp-json\/wp\/v2\/product"}],"about":[{"href":"https:\/\/www.gonbox.com\/es\/wp-json\/wp\/v2\/types\/product"}],"replies":[{"embeddable":true,"href":"https:\/\/www.gonbox.com\/es\/wp-json\/wp\/v2\/comments?post=1770"}],"wp:featuredmedia":[{"embeddable":true,"href":"https:\/\/www.gonbox.com\/es\/wp-json\/wp\/v2\/media\/1772"}],"wp:attachment":[{"href":"https:\/\/www.gonbox.com\/es\/wp-json\/wp\/v2\/media?parent=1770"}],"wp:term":[{"taxonomy":"product_cat","embeddable":true,"href":"https:\/\/www.gonbox.com\/es\/wp-json\/wp\/v2\/product_cat?post=1770"},{"taxonomy":"product_tag","embeddable":true,"href":"https:\/\/www.gonbox.com\/es\/wp-json\/wp\/v2\/product_tag?post=1770"}],"curies":[{"name":"wp","href":"https:\/\/api.w.org\/{rel}","templated":true}]}}