{"id":2352,"date":"2023-01-01T08:42:07","date_gmt":"2023-01-01T03:42:07","guid":{"rendered":"https:\/\/www.gonbox.com\/?post_type=product&#038;p=2352"},"modified":"2023-02-18T19:35:25","modified_gmt":"2023-02-18T14:35:25","slug":"air-conditioner-wall-mount","status":"publish","type":"product","link":"https:\/\/www.gonbox.com\/es\/producto\/air-conditioner-wall-mount\/","title":{"rendered":"Aire acondicionado de agua montado en la pared"},"content":{"rendered":"<p><strong>Detalles de producto:<\/strong><\/p>\n<p>Aire acondicionado de agua Montado en la pared: 220V<br \/>\nAire acondicionado de agua Montado en la pared + Transformador de potencia: 110V<br \/>\nPotencia: 18W<br \/>\nM\u00e9todo de instalaci\u00f3n: montado en la pared<br \/>\nClasificaci\u00f3n de color: 3 piezas 28 tubos, tubos de cobre engrosados<br \/>\nVolumen de aire: 500 metros c\u00fabicos \/ hora<br \/>\nYa sea para proporcionar servicios de instalaci\u00f3n: No<\/p>\n<p><img data-recalc-dims=\"1\" loading=\"lazy\" decoding=\"async\" class=\"alignnone size-full wp-image-3228\" src=\"https:\/\/i0.wp.com\/www.gonbox.com\/wp-content\/uploads\/2023\/01\/5-6.jpg?resize=800%2C800&#038;ssl=1\" alt=\"\" width=\"800\" height=\"800\" srcset=\"https:\/\/i0.wp.com\/www.gonbox.com\/wp-content\/uploads\/2023\/01\/5-6.jpg?w=800&amp;ssl=1 800w, https:\/\/i0.wp.com\/www.gonbox.com\/wp-content\/uploads\/2023\/01\/5-6.jpg?resize=400%2C400&amp;ssl=1 400w, https:\/\/i0.wp.com\/www.gonbox.com\/wp-content\/uploads\/2023\/01\/5-6.jpg?resize=280%2C280&amp;ssl=1 280w, https:\/\/i0.wp.com\/www.gonbox.com\/wp-content\/uploads\/2023\/01\/5-6.jpg?resize=768%2C768&amp;ssl=1 768w, https:\/\/i0.wp.com\/www.gonbox.com\/wp-content\/uploads\/2023\/01\/5-6.jpg?resize=510%2C510&amp;ssl=1 510w, https:\/\/i0.wp.com\/www.gonbox.com\/wp-content\/uploads\/2023\/01\/5-6.jpg?resize=100%2C100&amp;ssl=1 100w, https:\/\/i0.wp.com\/www.gonbox.com\/wp-content\/uploads\/2023\/01\/5-6.jpg?resize=50%2C50&amp;ssl=1 50w\" sizes=\"auto, (max-width: 800px) 100vw, 800px\" \/><img data-recalc-dims=\"1\" loading=\"lazy\" decoding=\"async\" width=\"800\" height=\"800\" class=\"alignnone size-full wp-image-2368\" src=\"https:\/\/i0.wp.com\/www.gonbox.com\/wp-content\/uploads\/2023\/01\/8.jpg?resize=800%2C800&#038;ssl=1\" alt=\"\" srcset=\"https:\/\/i0.wp.com\/www.gonbox.com\/wp-content\/uploads\/2023\/01\/8.jpg?w=800&amp;ssl=1 800w, https:\/\/i0.wp.com\/www.gonbox.com\/wp-content\/uploads\/2023\/01\/8.jpg?resize=400%2C400&amp;ssl=1 400w, https:\/\/i0.wp.com\/www.gonbox.com\/wp-content\/uploads\/2023\/01\/8.jpg?resize=280%2C280&amp;ssl=1 280w, https:\/\/i0.wp.com\/www.gonbox.com\/wp-content\/uploads\/2023\/01\/8.jpg?resize=768%2C768&amp;ssl=1 768w, https:\/\/i0.wp.com\/www.gonbox.com\/wp-content\/uploads\/2023\/01\/8.jpg?resize=510%2C510&amp;ssl=1 510w, https:\/\/i0.wp.com\/www.gonbox.com\/wp-content\/uploads\/2023\/01\/8.jpg?resize=100%2C100&amp;ssl=1 100w, https:\/\/i0.wp.com\/www.gonbox.com\/wp-content\/uploads\/2023\/01\/8.jpg?resize=50%2C50&amp;ssl=1 50w\" sizes=\"auto, (max-width: 800px) 100vw, 800px\" \/><\/p>\n<p><img data-recalc-dims=\"1\" loading=\"lazy\" decoding=\"async\" width=\"800\" height=\"800\" class=\"alignnone size-full wp-image-2356\" src=\"https:\/\/i0.wp.com\/www.gonbox.com\/wp-content\/uploads\/2023\/01\/4.jpg?resize=800%2C800&#038;ssl=1\" alt=\"\" srcset=\"https:\/\/i0.wp.com\/www.gonbox.com\/wp-content\/uploads\/2023\/01\/4.jpg?w=800&amp;ssl=1 800w, https:\/\/i0.wp.com\/www.gonbox.com\/wp-content\/uploads\/2023\/01\/4.jpg?resize=400%2C400&amp;ssl=1 400w, https:\/\/i0.wp.com\/www.gonbox.com\/wp-content\/uploads\/2023\/01\/4.jpg?resize=280%2C280&amp;ssl=1 280w, https:\/\/i0.wp.com\/www.gonbox.com\/wp-content\/uploads\/2023\/01\/4.jpg?resize=768%2C768&amp;ssl=1 768w, https:\/\/i0.wp.com\/www.gonbox.com\/wp-content\/uploads\/2023\/01\/4.jpg?resize=510%2C510&amp;ssl=1 510w, https:\/\/i0.wp.com\/www.gonbox.com\/wp-content\/uploads\/2023\/01\/4.jpg?resize=100%2C100&amp;ssl=1 100w, https:\/\/i0.wp.com\/www.gonbox.com\/wp-content\/uploads\/2023\/01\/4.jpg?resize=50%2C50&amp;ssl=1 50w\" sizes=\"auto, (max-width: 800px) 100vw, 800px\" \/><\/p>\n<p>&nbsp;<\/p>\n<p><strong>Toma real de f\u00e1brica:<\/strong><\/p>\n<p><img data-recalc-dims=\"1\" loading=\"lazy\" decoding=\"async\" width=\"750\" height=\"666\" class=\"alignnone size-full wp-image-2358\" src=\"https:\/\/i0.wp.com\/www.gonbox.com\/wp-content\/uploads\/2023\/01\/O1CN01AhLN521ozc7dGBCvk_2206401525296.jpg?resize=750%2C666&#038;ssl=1\" alt=\"\" srcset=\"https:\/\/i0.wp.com\/www.gonbox.com\/wp-content\/uploads\/2023\/01\/O1CN01AhLN521ozc7dGBCvk_2206401525296.jpg?w=750&amp;ssl=1 750w, https:\/\/i0.wp.com\/www.gonbox.com\/wp-content\/uploads\/2023\/01\/O1CN01AhLN521ozc7dGBCvk_2206401525296.jpg?resize=450%2C400&amp;ssl=1 450w, https:\/\/i0.wp.com\/www.gonbox.com\/wp-content\/uploads\/2023\/01\/O1CN01AhLN521ozc7dGBCvk_2206401525296.jpg?resize=510%2C453&amp;ssl=1 510w, https:\/\/i0.wp.com\/www.gonbox.com\/wp-content\/uploads\/2023\/01\/O1CN01AhLN521ozc7dGBCvk_2206401525296.jpg?resize=100%2C89&amp;ssl=1 100w\" sizes=\"auto, (max-width: 750px) 100vw, 750px\" \/><br \/>\n<img data-recalc-dims=\"1\" loading=\"lazy\" decoding=\"async\" width=\"750\" height=\"429\" class=\"alignnone size-full wp-image-2359\" src=\"https:\/\/i0.wp.com\/www.gonbox.com\/wp-content\/uploads\/2023\/01\/O1CN01dfwySt1ozc7gEDvfF_2206401525296.jpg?resize=750%2C429&#038;ssl=1\" alt=\"\" srcset=\"https:\/\/i0.wp.com\/www.gonbox.com\/wp-content\/uploads\/2023\/01\/O1CN01dfwySt1ozc7gEDvfF_2206401525296.jpg?w=750&amp;ssl=1 750w, https:\/\/i0.wp.com\/www.gonbox.com\/wp-content\/uploads\/2023\/01\/O1CN01dfwySt1ozc7gEDvfF_2206401525296.jpg?resize=699%2C400&amp;ssl=1 699w, https:\/\/i0.wp.com\/www.gonbox.com\/wp-content\/uploads\/2023\/01\/O1CN01dfwySt1ozc7gEDvfF_2206401525296.jpg?resize=510%2C292&amp;ssl=1 510w, https:\/\/i0.wp.com\/www.gonbox.com\/wp-content\/uploads\/2023\/01\/O1CN01dfwySt1ozc7gEDvfF_2206401525296.jpg?resize=100%2C57&amp;ssl=1 100w\" sizes=\"auto, (max-width: 750px) 100vw, 750px\" \/><\/p>\n<p><strong>Descripci\u00f3n del Producto:<\/strong><br \/>\n1. Modo de calefacci\u00f3n, tres marchas de alta, media y baja velocidad.<br \/>\n2. Limpie el filtro de doble capa, filtre el polvo bacteriano, limpie el aire, respire con confianza<br \/>\n3. Interruptor de emergencia, dise\u00f1o cuidadoso, sin esquinas cortantes<br \/>\n4. El tubo largo es la entrada de agua y el tubo corto es la salida de agua.<br \/>\n5. El di\u00e1metro de la tuber\u00eda principal es de 16 MM y el grosor de la pared de la tuber\u00eda de cobre es de 0,55 MM<br \/>\n6. Viene con una v\u00e1lvula de drenaje para que la v\u00eda fluvial sea m\u00e1s suave<br \/>\n7. L\u00ednea de bomba de agua\/v\u00e1lvula solenoide, l\u00ednea de detecci\u00f3n de temperatura ambiente<\/p>\n<p>&nbsp;<\/p>\n<p><strong>Notas de compra:<\/strong><\/p>\n<p>1. Pol\u00edtica de cambio b\u00e1sica: Excepto para los productos que est\u00e1n claramente marcados en la p\u00e1gina de detalles del producto y confirmados en el momento de la compra que &quot;no se admite ning\u00fan motivo para la devoluci\u00f3n o el cambio&quot;. Los productos en la columna GONBOX pueden solicitar el reemplazo bajo la premisa de que los productos est\u00e1n en buenas condiciones, sin usar o da\u00f1ados, y los accesorios est\u00e1n completos.<\/p>\n<p>2. Para obtener detalles espec\u00edficos de la garant\u00eda, consulte: &quot;Reglas de garant\u00eda global de GONBOX&quot;\u00a0\u00a0<a href=\"https:\/\/www.gonbox.com\/es\/gonbox-product-warranty-terms\/\">https:\/\/www.gonbox.com\/gonbox-product-warranty-terms\/<\/a><br \/>\n(Nota: debe pagar la tarifa de env\u00edo de reemplazo usted mismo)<\/p>\n<p>3. Pedido por correo: lea las &quot;Instrucciones de referencia de precios de log\u00edstica global&quot;\u00a0<a href=\"https:\/\/www.gonbox.com\/es\/global-logistics-price-reference-instructions\/\">https:\/\/www.gonbox.com\/global-logistics-price-reference-instructions\/<\/a><\/p>","protected":false},"excerpt":{"rendered":"<p>N\u00famero de tubos de cobre: 28<br \/>\nPotencia motor: 18W<br \/>\n\u00c1rea aplicable: 35\u33a1<\/p>","protected":false},"featured_media":2903,"comment_status":"open","ping_status":"closed","template":"","meta":[],"product_cat":[15,79],"product_tag":[],"class_list":["post-2352","product","type-product","status-publish","has-post-thumbnail","hentry","product_cat-oil-cooling-mall","product_cat-all"],"yoast_head":"<!-- This site is optimized with the Yoast SEO plugin v20.2.1 - https:\/\/yoast.com\/wordpress\/plugins\/seo\/ -->\n<title>Water Air Conditioner Wall Mounted - Gonbox<\/title>\n<meta name=\"description\" content=\"Number of copper tubes: 28,Motor power: 18W,Applicable area: 35\u33a1\" \/>\n<meta name=\"robots\" content=\"index, follow, max-snippet:-1, max-image-preview:large, max-video-preview:-1\" \/>\n<link rel=\"canonical\" href=\"https:\/\/www.gonbox.com\/es\/producto\/air-conditioner-wall-mount\/\" \/>\n<meta property=\"og:locale\" content=\"es_ES\" \/>\n<meta property=\"og:type\" content=\"article\" \/>\n<meta property=\"og:title\" content=\"Water Air Conditioner Wall Mounted - Gonbox\" \/>\n<meta property=\"og:description\" content=\"Number of copper tubes: 28,Motor power: 18W,Applicable area: 35\u33a1\" \/>\n<meta property=\"og:url\" content=\"https:\/\/www.gonbox.com\/es\/producto\/air-conditioner-wall-mount\/\" \/>\n<meta property=\"og:site_name\" content=\"Gonbox\" \/>\n<meta property=\"article:publisher\" content=\"https:\/\/www.facebook.com\/gonboxmining\/\" \/>\n<meta property=\"article:modified_time\" content=\"2023-02-18T14:35:25+00:00\" \/>\n<meta property=\"og:image\" content=\"https:\/\/www.gonbox.com\/wp-content\/uploads\/2023\/01\/\u5fae\u4fe1\u56fe\u7247_20230113163326.jpg\" \/>\n\t<meta property=\"og:image:width\" content=\"800\" \/>\n\t<meta property=\"og:image:height\" content=\"800\" \/>\n\t<meta property=\"og:image:type\" content=\"image\/jpeg\" \/>\n<meta name=\"twitter:card\" content=\"summary_large_image\" \/>\n<meta name=\"twitter:site\" content=\"@gonbox_com\" \/>\n<meta name=\"twitter:label1\" content=\"Tiempo de lectura\" \/>\n\t<meta name=\"twitter:data1\" content=\"2 minutos\" \/>\n<script type=\"application\/ld+json\" class=\"yoast-schema-graph\">{\"@context\":\"https:\/\/schema.org\",\"@graph\":[{\"@type\":\"WebPage\",\"@id\":\"https:\/\/www.gonbox.com\/product\/air-conditioner-wall-mount\/\",\"url\":\"https:\/\/www.gonbox.com\/product\/air-conditioner-wall-mount\/\",\"name\":\"Water Air Conditioner Wall Mounted - Gonbox\",\"isPartOf\":{\"@id\":\"https:\/\/www.gonbox.com\/#website\"},\"datePublished\":\"2023-01-01T03:42:07+00:00\",\"dateModified\":\"2023-02-18T14:35:25+00:00\",\"description\":\"Number of copper tubes: 28,Motor power: 18W,Applicable area: 35\u33a1\",\"breadcrumb\":{\"@id\":\"https:\/\/www.gonbox.com\/product\/air-conditioner-wall-mount\/#breadcrumb\"},\"inLanguage\":\"es\",\"potentialAction\":[{\"@type\":\"ReadAction\",\"target\":[\"https:\/\/www.gonbox.com\/product\/air-conditioner-wall-mount\/\"]}]},{\"@type\":\"BreadcrumbList\",\"@id\":\"https:\/\/www.gonbox.com\/product\/air-conditioner-wall-mount\/#breadcrumb\",\"itemListElement\":[{\"@type\":\"ListItem\",\"position\":1,\"name\":\"\u9996\u9875\",\"item\":\"https:\/\/www.gonbox.com\/\"},{\"@type\":\"ListItem\",\"position\":2,\"name\":\"Shop\",\"item\":\"https:\/\/www.gonbox.com\/shop\/\"},{\"@type\":\"ListItem\",\"position\":3,\"name\":\"Water Air Conditioner Wall Mounted\"}]},{\"@type\":\"WebSite\",\"@id\":\"https:\/\/www.gonbox.com\/#website\",\"url\":\"https:\/\/www.gonbox.com\/\",\"name\":\"Gonbox\",\"description\":\"Everyone Can Mine Bitcoin\",\"publisher\":{\"@id\":\"https:\/\/www.gonbox.com\/#organization\"},\"potentialAction\":[{\"@type\":\"SearchAction\",\"target\":{\"@type\":\"EntryPoint\",\"urlTemplate\":\"https:\/\/www.gonbox.com\/?s={search_term_string}\"},\"query-input\":\"required name=search_term_string\"}],\"inLanguage\":\"es\"},{\"@type\":\"Organization\",\"@id\":\"https:\/\/www.gonbox.com\/#organization\",\"name\":\"GONBOX GROUP INC\",\"url\":\"https:\/\/www.gonbox.com\/\",\"logo\":{\"@type\":\"ImageObject\",\"inLanguage\":\"es\",\"@id\":\"https:\/\/www.gonbox.com\/#\/schema\/logo\/image\/\",\"url\":\"https:\/\/5n57c6.p3cdn1.secureserver.net\/wp-content\/uploads\/2022\/12\/logo.png?time=1669965474\",\"contentUrl\":\"https:\/\/5n57c6.p3cdn1.secureserver.net\/wp-content\/uploads\/2022\/12\/logo.png?time=1669965474\",\"width\":130,\"height\":84,\"caption\":\"GONBOX GROUP INC\"},\"image\":{\"@id\":\"https:\/\/www.gonbox.com\/#\/schema\/logo\/image\/\"},\"sameAs\":[\"https:\/\/www.facebook.com\/gonboxmining\/\",\"https:\/\/twitter.com\/gonbox_com\"]}]}<\/script>\n<!-- \/ Yoast SEO plugin. -->","yoast_head_json":{"title":"Water Air Conditioner Wall Mounted - Gonbox","description":"Number of copper tubes: 28,Motor power: 18W,Applicable area: 35\u33a1","robots":{"index":"index","follow":"follow","max-snippet":"max-snippet:-1","max-image-preview":"max-image-preview:large","max-video-preview":"max-video-preview:-1"},"canonical":"https:\/\/www.gonbox.com\/es\/producto\/air-conditioner-wall-mount\/","og_locale":"es_ES","og_type":"article","og_title":"Water Air Conditioner Wall Mounted - Gonbox","og_description":"Number of copper tubes: 28,Motor power: 18W,Applicable area: 35\u33a1","og_url":"https:\/\/www.gonbox.com\/es\/producto\/air-conditioner-wall-mount\/","og_site_name":"Gonbox","article_publisher":"https:\/\/www.facebook.com\/gonboxmining\/","article_modified_time":"2023-02-18T14:35:25+00:00","og_image":[{"width":800,"height":800,"url":"https:\/\/www.gonbox.com\/wp-content\/uploads\/2023\/01\/\u5fae\u4fe1\u56fe\u7247_20230113163326.jpg","type":"image\/jpeg"}],"twitter_card":"summary_large_image","twitter_site":"@gonbox_com","twitter_misc":{"Tiempo de lectura":"2 minutos"},"schema":{"@context":"https:\/\/schema.org","@graph":[{"@type":"WebPage","@id":"https:\/\/www.gonbox.com\/product\/air-conditioner-wall-mount\/","url":"https:\/\/www.gonbox.com\/product\/air-conditioner-wall-mount\/","name":"Water Air Conditioner Wall Mounted - Gonbox","isPartOf":{"@id":"https:\/\/www.gonbox.com\/#website"},"datePublished":"2023-01-01T03:42:07+00:00","dateModified":"2023-02-18T14:35:25+00:00","description":"Number of copper tubes: 28,Motor power: 18W,Applicable area: 35\u33a1","breadcrumb":{"@id":"https:\/\/www.gonbox.com\/product\/air-conditioner-wall-mount\/#breadcrumb"},"inLanguage":"es","potentialAction":[{"@type":"ReadAction","target":["https:\/\/www.gonbox.com\/product\/air-conditioner-wall-mount\/"]}]},{"@type":"BreadcrumbList","@id":"https:\/\/www.gonbox.com\/product\/air-conditioner-wall-mount\/#breadcrumb","itemListElement":[{"@type":"ListItem","position":1,"name":"\u9996\u9875","item":"https:\/\/www.gonbox.com\/"},{"@type":"ListItem","position":2,"name":"Shop","item":"https:\/\/www.gonbox.com\/shop\/"},{"@type":"ListItem","position":3,"name":"Water Air Conditioner Wall Mounted"}]},{"@type":"WebSite","@id":"https:\/\/www.gonbox.com\/#website","url":"https:\/\/www.gonbox.com\/","name":"Gonbox","description":"Todos pueden minar Bitcoin","publisher":{"@id":"https:\/\/www.gonbox.com\/#organization"},"potentialAction":[{"@type":"SearchAction","target":{"@type":"EntryPoint","urlTemplate":"https:\/\/www.gonbox.com\/?s={search_term_string}"},"query-input":"required name=search_term_string"}],"inLanguage":"es"},{"@type":"Organization","@id":"https:\/\/www.gonbox.com\/#organization","name":"GONBOX GROUP INC","url":"https:\/\/www.gonbox.com\/","logo":{"@type":"ImageObject","inLanguage":"es","@id":"https:\/\/www.gonbox.com\/#\/schema\/logo\/image\/","url":"https:\/\/5n57c6.p3cdn1.secureserver.net\/wp-content\/uploads\/2022\/12\/logo.png?time=1669965474","contentUrl":"https:\/\/5n57c6.p3cdn1.secureserver.net\/wp-content\/uploads\/2022\/12\/logo.png?time=1669965474","width":130,"height":84,"caption":"GONBOX GROUP INC"},"image":{"@id":"https:\/\/www.gonbox.com\/#\/schema\/logo\/image\/"},"sameAs":["https:\/\/www.facebook.com\/gonboxmining\/","https:\/\/twitter.com\/gonbox_com"]}]}},"jetpack_sharing_enabled":true,"_links":{"self":[{"href":"https:\/\/www.gonbox.com\/es\/wp-json\/wp\/v2\/product\/2352","targetHints":{"allow":["GET"]}}],"collection":[{"href":"https:\/\/www.gonbox.com\/es\/wp-json\/wp\/v2\/product"}],"about":[{"href":"https:\/\/www.gonbox.com\/es\/wp-json\/wp\/v2\/types\/product"}],"replies":[{"embeddable":true,"href":"https:\/\/www.gonbox.com\/es\/wp-json\/wp\/v2\/comments?post=2352"}],"wp:featuredmedia":[{"embeddable":true,"href":"https:\/\/www.gonbox.com\/es\/wp-json\/wp\/v2\/media\/2903"}],"wp:attachment":[{"href":"https:\/\/www.gonbox.com\/es\/wp-json\/wp\/v2\/media?parent=2352"}],"wp:term":[{"taxonomy":"product_cat","embeddable":true,"href":"https:\/\/www.gonbox.com\/es\/wp-json\/wp\/v2\/product_cat?post=2352"},{"taxonomy":"product_tag","embeddable":true,"href":"https:\/\/www.gonbox.com\/es\/wp-json\/wp\/v2\/product_tag?post=2352"}],"curies":[{"name":"wp","href":"https:\/\/api.w.org\/{rel}","templated":true}]}}