{"id":2660,"date":"2023-01-04T20:37:05","date_gmt":"2023-01-04T15:37:05","guid":{"rendered":"https:\/\/www.gonbox.com\/?post_type=product&#038;p=2660"},"modified":"2023-02-09T08:25:46","modified_gmt":"2023-02-09T03:25:46","slug":"hot-water-booster-pump","status":"publish","type":"product","link":"https:\/\/www.gonbox.com\/es\/producto\/hot-water-booster-pump\/","title":{"rendered":"Bomba de refuerzo de agua caliente"},"content":{"rendered":"<p><strong>Detalles de producto:<\/strong><\/p>\n<p>Material del cuerpo de la bomba: alambre de cobre de grado H<br \/>\nElevaci\u00f3n m\u00e1xima: 11<br \/>\nEspecificaciones: -RS15\/9<br \/>\nPotencia nominal: 120W<br \/>\nCaudal nominal: 1,8<br \/>\nCabeza nominal: 10<br \/>\nVoltaje: 110v<br \/>\nPeso: 2,7<\/p>\n<p><img data-recalc-dims=\"1\" loading=\"lazy\" decoding=\"async\" class=\"alignnone size-full wp-image-3222\" src=\"https:\/\/i0.wp.com\/www.gonbox.com\/wp-content\/uploads\/2023\/01\/%E5%BE%AE%E4%BF%A1%E5%9B%BE%E7%89%87_20230101155432_06.jpg?resize=790%2C660&#038;ssl=1\" alt=\"\" width=\"790\" height=\"660\" srcset=\"https:\/\/i0.wp.com\/www.gonbox.com\/wp-content\/uploads\/2023\/01\/%E5%BE%AE%E4%BF%A1%E5%9B%BE%E7%89%87_20230101155432_06.jpg?w=790&amp;ssl=1 790w, https:\/\/i0.wp.com\/www.gonbox.com\/wp-content\/uploads\/2023\/01\/%E5%BE%AE%E4%BF%A1%E5%9B%BE%E7%89%87_20230101155432_06.jpg?resize=479%2C400&amp;ssl=1 479w, https:\/\/i0.wp.com\/www.gonbox.com\/wp-content\/uploads\/2023\/01\/%E5%BE%AE%E4%BF%A1%E5%9B%BE%E7%89%87_20230101155432_06.jpg?resize=768%2C642&amp;ssl=1 768w, https:\/\/i0.wp.com\/www.gonbox.com\/wp-content\/uploads\/2023\/01\/%E5%BE%AE%E4%BF%A1%E5%9B%BE%E7%89%87_20230101155432_06.jpg?resize=510%2C426&amp;ssl=1 510w, https:\/\/i0.wp.com\/www.gonbox.com\/wp-content\/uploads\/2023\/01\/%E5%BE%AE%E4%BF%A1%E5%9B%BE%E7%89%87_20230101155432_06.jpg?resize=100%2C84&amp;ssl=1 100w\" sizes=\"auto, (max-width: 790px) 100vw, 790px\" \/><\/p>\n<p><img data-recalc-dims=\"1\" loading=\"lazy\" decoding=\"async\" class=\"alignnone size-full wp-image-3223\" src=\"https:\/\/i0.wp.com\/www.gonbox.com\/wp-content\/uploads\/2023\/01\/%E5%BE%AE%E4%BF%A1%E5%9B%BE%E7%89%87_20230101155432_05.jpg?resize=790%2C556&#038;ssl=1\" alt=\"\" width=\"790\" height=\"556\" srcset=\"https:\/\/i0.wp.com\/www.gonbox.com\/wp-content\/uploads\/2023\/01\/%E5%BE%AE%E4%BF%A1%E5%9B%BE%E7%89%87_20230101155432_05.jpg?w=790&amp;ssl=1 790w, https:\/\/i0.wp.com\/www.gonbox.com\/wp-content\/uploads\/2023\/01\/%E5%BE%AE%E4%BF%A1%E5%9B%BE%E7%89%87_20230101155432_05.jpg?resize=568%2C400&amp;ssl=1 568w, https:\/\/i0.wp.com\/www.gonbox.com\/wp-content\/uploads\/2023\/01\/%E5%BE%AE%E4%BF%A1%E5%9B%BE%E7%89%87_20230101155432_05.jpg?resize=768%2C541&amp;ssl=1 768w, https:\/\/i0.wp.com\/www.gonbox.com\/wp-content\/uploads\/2023\/01\/%E5%BE%AE%E4%BF%A1%E5%9B%BE%E7%89%87_20230101155432_05.jpg?resize=510%2C359&amp;ssl=1 510w, https:\/\/i0.wp.com\/www.gonbox.com\/wp-content\/uploads\/2023\/01\/%E5%BE%AE%E4%BF%A1%E5%9B%BE%E7%89%87_20230101155432_05.jpg?resize=100%2C70&amp;ssl=1 100w\" sizes=\"auto, (max-width: 790px) 100vw, 790px\" \/><\/p>\n<p>&nbsp;<\/p>\n<p><strong>Uso del producto:<\/strong><br \/>\nSe utiliza principalmente para la circulaci\u00f3n o presurizaci\u00f3n de agua fr\u00eda y caliente<\/p>\n<p>&nbsp;<\/p>\n<p><strong>Notas de compra:<\/strong><\/p>\n<p>1. Pol\u00edtica de cambio b\u00e1sica: Excepto para los productos que est\u00e1n claramente marcados en la p\u00e1gina de detalles del producto y confirmados en el momento de la compra que &quot;no se admite ning\u00fan motivo para la devoluci\u00f3n o el cambio&quot;. Los productos en la columna GONBOX pueden solicitar el reemplazo bajo la premisa de que los productos est\u00e1n en buenas condiciones, sin usar o da\u00f1ados, y los accesorios est\u00e1n completos.<\/p>\n<p>2. Para obtener detalles espec\u00edficos de la garant\u00eda, consulte: &quot;Reglas de garant\u00eda global de GONBOX&quot;\u00a0\u00a0<a href=\"https:\/\/www.gonbox.com\/es\/gonbox-product-warranty-terms\/\">https:\/\/www.gonbox.com\/gonbox-product-warranty-terms\/<\/a><br \/>\n(Nota: debe pagar la tarifa de env\u00edo de reemplazo usted mismo)<\/p>\n<p>3. Pedido por correo: lea las &quot;Instrucciones de referencia de precios de log\u00edstica global&quot;\u00a0<a href=\"https:\/\/www.gonbox.com\/es\/global-logistics-price-reference-instructions\/\">https:\/\/www.gonbox.com\/global-logistics-price-reference-instructions\/<\/a><\/p>","protected":false},"excerpt":{"rendered":"<p>Bomba de refuerzo de agua caliente dom\u00e9stica autom\u00e1tica silenciosa roscada de 110V<\/p>","protected":false},"featured_media":3242,"comment_status":"open","ping_status":"closed","template":"","meta":[],"product_cat":[15,79],"product_tag":[],"class_list":["post-2660","product","type-product","status-publish","has-post-thumbnail","hentry","product_cat-oil-cooling-mall","product_cat-all"],"yoast_head":"<!-- This site is optimized with the Yoast SEO plugin v20.2.1 - https:\/\/yoast.com\/wordpress\/plugins\/seo\/ -->\n<title>Hot Water Booster Pump - Gonbox<\/title>\n<meta name=\"robots\" content=\"index, follow, max-snippet:-1, max-image-preview:large, max-video-preview:-1\" \/>\n<link rel=\"canonical\" href=\"https:\/\/www.gonbox.com\/es\/producto\/hot-water-booster-pump\/\" \/>\n<meta property=\"og:locale\" content=\"es_ES\" \/>\n<meta property=\"og:type\" content=\"article\" \/>\n<meta property=\"og:title\" content=\"Hot Water Booster Pump - Gonbox\" \/>\n<meta property=\"og:description\" content=\"110V threaded silent automatic household hot water booster pump\" \/>\n<meta property=\"og:url\" content=\"https:\/\/www.gonbox.com\/es\/producto\/hot-water-booster-pump\/\" \/>\n<meta property=\"og:site_name\" content=\"Gonbox\" \/>\n<meta property=\"article:publisher\" content=\"https:\/\/www.facebook.com\/gonboxmining\/\" \/>\n<meta property=\"article:modified_time\" content=\"2023-02-09T03:25:46+00:00\" \/>\n<meta property=\"og:image\" content=\"https:\/\/www.gonbox.com\/wp-content\/uploads\/2023\/01\/\u5fae\u4fe1\u56fe\u7247_20230209112157.jpg\" \/>\n\t<meta property=\"og:image:width\" content=\"1500\" \/>\n\t<meta property=\"og:image:height\" content=\"1500\" \/>\n\t<meta property=\"og:image:type\" content=\"image\/jpeg\" \/>\n<meta name=\"twitter:card\" content=\"summary_large_image\" \/>\n<meta name=\"twitter:site\" content=\"@gonbox_com\" \/>\n<meta name=\"twitter:label1\" content=\"Tiempo de lectura\" \/>\n\t<meta name=\"twitter:data1\" content=\"1 minuto\" \/>\n<script type=\"application\/ld+json\" class=\"yoast-schema-graph\">{\"@context\":\"https:\/\/schema.org\",\"@graph\":[{\"@type\":\"WebPage\",\"@id\":\"https:\/\/www.gonbox.com\/product\/hot-water-booster-pump\/\",\"url\":\"https:\/\/www.gonbox.com\/product\/hot-water-booster-pump\/\",\"name\":\"Hot Water Booster Pump - Gonbox\",\"isPartOf\":{\"@id\":\"https:\/\/www.gonbox.com\/#website\"},\"datePublished\":\"2023-01-04T15:37:05+00:00\",\"dateModified\":\"2023-02-09T03:25:46+00:00\",\"breadcrumb\":{\"@id\":\"https:\/\/www.gonbox.com\/product\/hot-water-booster-pump\/#breadcrumb\"},\"inLanguage\":\"es\",\"potentialAction\":[{\"@type\":\"ReadAction\",\"target\":[\"https:\/\/www.gonbox.com\/product\/hot-water-booster-pump\/\"]}]},{\"@type\":\"BreadcrumbList\",\"@id\":\"https:\/\/www.gonbox.com\/product\/hot-water-booster-pump\/#breadcrumb\",\"itemListElement\":[{\"@type\":\"ListItem\",\"position\":1,\"name\":\"\u9996\u9875\",\"item\":\"https:\/\/www.gonbox.com\/\"},{\"@type\":\"ListItem\",\"position\":2,\"name\":\"Shop\",\"item\":\"https:\/\/www.gonbox.com\/shop\/\"},{\"@type\":\"ListItem\",\"position\":3,\"name\":\"Hot Water Booster Pump\"}]},{\"@type\":\"WebSite\",\"@id\":\"https:\/\/www.gonbox.com\/#website\",\"url\":\"https:\/\/www.gonbox.com\/\",\"name\":\"Gonbox\",\"description\":\"Everyone Can Mine Bitcoin\",\"publisher\":{\"@id\":\"https:\/\/www.gonbox.com\/#organization\"},\"potentialAction\":[{\"@type\":\"SearchAction\",\"target\":{\"@type\":\"EntryPoint\",\"urlTemplate\":\"https:\/\/www.gonbox.com\/?s={search_term_string}\"},\"query-input\":\"required name=search_term_string\"}],\"inLanguage\":\"es\"},{\"@type\":\"Organization\",\"@id\":\"https:\/\/www.gonbox.com\/#organization\",\"name\":\"GONBOX GROUP INC\",\"url\":\"https:\/\/www.gonbox.com\/\",\"logo\":{\"@type\":\"ImageObject\",\"inLanguage\":\"es\",\"@id\":\"https:\/\/www.gonbox.com\/#\/schema\/logo\/image\/\",\"url\":\"https:\/\/5n57c6.p3cdn1.secureserver.net\/wp-content\/uploads\/2022\/12\/logo.png?time=1669965474\",\"contentUrl\":\"https:\/\/5n57c6.p3cdn1.secureserver.net\/wp-content\/uploads\/2022\/12\/logo.png?time=1669965474\",\"width\":130,\"height\":84,\"caption\":\"GONBOX GROUP INC\"},\"image\":{\"@id\":\"https:\/\/www.gonbox.com\/#\/schema\/logo\/image\/\"},\"sameAs\":[\"https:\/\/www.facebook.com\/gonboxmining\/\",\"https:\/\/twitter.com\/gonbox_com\"]}]}<\/script>\n<!-- \/ Yoast SEO plugin. -->","yoast_head_json":{"title":"Hot Water Booster Pump - Gonbox","robots":{"index":"index","follow":"follow","max-snippet":"max-snippet:-1","max-image-preview":"max-image-preview:large","max-video-preview":"max-video-preview:-1"},"canonical":"https:\/\/www.gonbox.com\/es\/producto\/hot-water-booster-pump\/","og_locale":"es_ES","og_type":"article","og_title":"Hot Water Booster Pump - Gonbox","og_description":"110V threaded silent automatic household hot water booster pump","og_url":"https:\/\/www.gonbox.com\/es\/producto\/hot-water-booster-pump\/","og_site_name":"Gonbox","article_publisher":"https:\/\/www.facebook.com\/gonboxmining\/","article_modified_time":"2023-02-09T03:25:46+00:00","og_image":[{"width":1500,"height":1500,"url":"https:\/\/www.gonbox.com\/wp-content\/uploads\/2023\/01\/\u5fae\u4fe1\u56fe\u7247_20230209112157.jpg","type":"image\/jpeg"}],"twitter_card":"summary_large_image","twitter_site":"@gonbox_com","twitter_misc":{"Tiempo de lectura":"1 minuto"},"schema":{"@context":"https:\/\/schema.org","@graph":[{"@type":"WebPage","@id":"https:\/\/www.gonbox.com\/product\/hot-water-booster-pump\/","url":"https:\/\/www.gonbox.com\/product\/hot-water-booster-pump\/","name":"Hot Water Booster Pump - Gonbox","isPartOf":{"@id":"https:\/\/www.gonbox.com\/#website"},"datePublished":"2023-01-04T15:37:05+00:00","dateModified":"2023-02-09T03:25:46+00:00","breadcrumb":{"@id":"https:\/\/www.gonbox.com\/product\/hot-water-booster-pump\/#breadcrumb"},"inLanguage":"es","potentialAction":[{"@type":"ReadAction","target":["https:\/\/www.gonbox.com\/product\/hot-water-booster-pump\/"]}]},{"@type":"BreadcrumbList","@id":"https:\/\/www.gonbox.com\/product\/hot-water-booster-pump\/#breadcrumb","itemListElement":[{"@type":"ListItem","position":1,"name":"\u9996\u9875","item":"https:\/\/www.gonbox.com\/"},{"@type":"ListItem","position":2,"name":"Shop","item":"https:\/\/www.gonbox.com\/shop\/"},{"@type":"ListItem","position":3,"name":"Hot Water Booster Pump"}]},{"@type":"WebSite","@id":"https:\/\/www.gonbox.com\/#website","url":"https:\/\/www.gonbox.com\/","name":"Gonbox","description":"Todos pueden minar Bitcoin","publisher":{"@id":"https:\/\/www.gonbox.com\/#organization"},"potentialAction":[{"@type":"SearchAction","target":{"@type":"EntryPoint","urlTemplate":"https:\/\/www.gonbox.com\/?s={search_term_string}"},"query-input":"required name=search_term_string"}],"inLanguage":"es"},{"@type":"Organization","@id":"https:\/\/www.gonbox.com\/#organization","name":"GONBOX GROUP INC","url":"https:\/\/www.gonbox.com\/","logo":{"@type":"ImageObject","inLanguage":"es","@id":"https:\/\/www.gonbox.com\/#\/schema\/logo\/image\/","url":"https:\/\/5n57c6.p3cdn1.secureserver.net\/wp-content\/uploads\/2022\/12\/logo.png?time=1669965474","contentUrl":"https:\/\/5n57c6.p3cdn1.secureserver.net\/wp-content\/uploads\/2022\/12\/logo.png?time=1669965474","width":130,"height":84,"caption":"GONBOX GROUP INC"},"image":{"@id":"https:\/\/www.gonbox.com\/#\/schema\/logo\/image\/"},"sameAs":["https:\/\/www.facebook.com\/gonboxmining\/","https:\/\/twitter.com\/gonbox_com"]}]}},"jetpack_sharing_enabled":true,"_links":{"self":[{"href":"https:\/\/www.gonbox.com\/es\/wp-json\/wp\/v2\/product\/2660","targetHints":{"allow":["GET"]}}],"collection":[{"href":"https:\/\/www.gonbox.com\/es\/wp-json\/wp\/v2\/product"}],"about":[{"href":"https:\/\/www.gonbox.com\/es\/wp-json\/wp\/v2\/types\/product"}],"replies":[{"embeddable":true,"href":"https:\/\/www.gonbox.com\/es\/wp-json\/wp\/v2\/comments?post=2660"}],"wp:featuredmedia":[{"embeddable":true,"href":"https:\/\/www.gonbox.com\/es\/wp-json\/wp\/v2\/media\/3242"}],"wp:attachment":[{"href":"https:\/\/www.gonbox.com\/es\/wp-json\/wp\/v2\/media?parent=2660"}],"wp:term":[{"taxonomy":"product_cat","embeddable":true,"href":"https:\/\/www.gonbox.com\/es\/wp-json\/wp\/v2\/product_cat?post=2660"},{"taxonomy":"product_tag","embeddable":true,"href":"https:\/\/www.gonbox.com\/es\/wp-json\/wp\/v2\/product_tag?post=2660"}],"curies":[{"name":"wp","href":"https:\/\/api.w.org\/{rel}","templated":true}]}}