{"id":3041,"date":"2023-01-31T07:38:22","date_gmt":"2023-01-31T02:38:22","guid":{"rendered":"https:\/\/www.gonbox.com\/?post_type=product&#038;p=3041"},"modified":"2026-05-02T21:23:45","modified_gmt":"2026-05-02T16:23:45","slug":"group-prepaid","status":"publish","type":"product","link":"https:\/\/www.gonbox.com\/es\/producto\/group-prepaid\/","title":{"rendered":"grupo prepago"},"content":{"rendered":"<p><strong>grupo prepago<\/strong><\/p>\n<p><strong>Participando en actividades ahora:<\/strong><br \/>\n<strong>Peleas por 1,000 pedidos, \u00a1el precio ser\u00e1 10% de descuento!<\/strong><br \/>\n<strong>Peleas por 3000 pedidos, \u00a1el precio ser\u00e1 de 20% de descuento!<\/strong><br \/>\n<strong>\u00a1Ahora solo pague $188, puede registrarse para unirse al grupo, el sitio web oficial y la tienda de Amazon participan en el registro del evento al mismo tiempo!<\/strong><\/p>\n<p><strong>\u00a1La tarifa de registro se utilizar\u00e1 para compensar el costo del pedido, y el usuario puede compensar el monto correspondiente antes de la entrega!<\/strong><\/p>\n<p><strong>\u00a1La actividad de compra grupal finaliza el 30 de abril y comienza el env\u00edo!<\/strong><\/p>\n<p>F2:<a href=\"https:\/\/www.gonbox.com\/es\/producto\/f2\/\">https:\/\/www.gonbox.com\/product\/f2\/<\/a><\/p>\n<p>F2 M\u00c1S:<a href=\"https:\/\/www.gonbox.com\/es\/producto\/f2-plus\/\">https:\/\/www.gonbox.com\/product\/f2-plus\/<\/a><\/p>\n<p>F2 PRO:<a href=\"https:\/\/www.gonbox.com\/es\/producto\/f2-pro\/\">https:\/\/www.gonbox.com\/product\/f2-pro\/<\/a><\/p>\n<p>&nbsp;<\/p>\n<p><strong>Notas de compra:<\/strong><\/p>\n<p>1. Pol\u00edtica de cambio b\u00e1sica: Excepto para los productos que est\u00e1n claramente marcados en la p\u00e1gina de detalles del producto y confirmados en el momento de la compra que &quot;no se admite ning\u00fan motivo para la devoluci\u00f3n o el cambio&quot;. Los productos en la columna GONBOX pueden solicitar el reemplazo bajo la premisa de que los productos est\u00e1n en buenas condiciones, sin usar o da\u00f1ados, y los accesorios est\u00e1n completos.<\/p>\n<p>2. Para obtener detalles espec\u00edficos de la garant\u00eda, consulte: &quot;Reglas de garant\u00eda global de GONBOX&quot;\u00a0\u00a0<a href=\"https:\/\/www.gonbox.com\/es\/gonbox-product-warranty-terms\/\">https:\/\/www.gonbox.com\/gonbox-product-warranty-terms\/<\/a><br \/>\n(Nota: debe pagar la tarifa de env\u00edo de reemplazo usted mismo)<\/p>\n<p>3. Pedido por correo: lea las &quot;Instrucciones de referencia de precios de log\u00edstica global&quot;\u00a0<a href=\"https:\/\/www.gonbox.com\/es\/global-logistics-price-reference-instructions\/\">https:\/\/www.gonbox.com\/global-logistics-price-reference-instructions\/<\/a><\/p>","protected":false},"excerpt":{"rendered":"<p>Peleas por 1,000 pedidos, \u00a1el precio ser\u00e1 10% de descuento!<\/p>\n<p>Peleas por 3000 pedidos, \u00a1el precio ser\u00e1 de 20% de descuento!<\/p>","protected":false},"featured_media":3055,"comment_status":"open","ping_status":"closed","template":"","meta":[],"product_cat":[79,69],"product_tag":[],"class_list":["post-3041","product","type-product","status-publish","has-post-thumbnail","hentry","product_cat-all","product_cat-oil-cooling"],"yoast_head":"<!-- This site is optimized with the Yoast SEO plugin v20.2.1 - https:\/\/yoast.com\/wordpress\/plugins\/seo\/ -->\n<title>Group prepaid - Gonbox<\/title>\n<meta name=\"description\" content=\"Gonbox, not only can mine Bitcoin, but also convert the heat of the mining machine into supplying hot water and heating to solve the needs of domestic hot water, floor heating and bathing.\" \/>\n<meta name=\"robots\" content=\"index, follow, max-snippet:-1, max-image-preview:large, max-video-preview:-1\" \/>\n<link rel=\"canonical\" href=\"https:\/\/www.gonbox.com\/es\/producto\/group-prepaid\/\" \/>\n<meta property=\"og:locale\" content=\"es_ES\" \/>\n<meta property=\"og:type\" content=\"article\" \/>\n<meta property=\"og:title\" content=\"Group prepaid - Gonbox\" \/>\n<meta property=\"og:description\" content=\"Gonbox, not only can mine Bitcoin, but also convert the heat of the mining machine into supplying hot water and heating to solve the needs of domestic hot water, floor heating and bathing.\" \/>\n<meta property=\"og:url\" content=\"https:\/\/www.gonbox.com\/es\/producto\/group-prepaid\/\" \/>\n<meta property=\"og:site_name\" content=\"Gonbox\" \/>\n<meta property=\"article:publisher\" content=\"https:\/\/www.facebook.com\/gonboxmining\/\" \/>\n<meta property=\"article:modified_time\" content=\"2026-05-02T16:23:45+00:00\" \/>\n<meta property=\"og:image\" content=\"https:\/\/www.gonbox.com\/wp-content\/uploads\/2023\/01\/3163d8afe4f353.jpg\" \/>\n\t<meta property=\"og:image:width\" content=\"800\" \/>\n\t<meta property=\"og:image:height\" content=\"1000\" \/>\n\t<meta property=\"og:image:type\" content=\"image\/jpeg\" \/>\n<meta name=\"twitter:card\" content=\"summary_large_image\" \/>\n<meta name=\"twitter:site\" content=\"@gonbox_com\" \/>\n<meta name=\"twitter:label1\" content=\"Tiempo de lectura\" \/>\n\t<meta name=\"twitter:data1\" content=\"1 minuto\" \/>\n<script type=\"application\/ld+json\" class=\"yoast-schema-graph\">{\"@context\":\"https:\/\/schema.org\",\"@graph\":[{\"@type\":\"WebPage\",\"@id\":\"https:\/\/www.gonbox.com\/product\/group-prepaid\/\",\"url\":\"https:\/\/www.gonbox.com\/product\/group-prepaid\/\",\"name\":\"Group prepaid - Gonbox\",\"isPartOf\":{\"@id\":\"https:\/\/www.gonbox.com\/#website\"},\"datePublished\":\"2023-01-31T02:38:22+00:00\",\"dateModified\":\"2026-05-02T16:23:45+00:00\",\"description\":\"Gonbox, not only can mine Bitcoin, but also convert the heat of the mining machine into supplying hot water and heating to solve the needs of domestic hot water, floor heating and bathing.\",\"breadcrumb\":{\"@id\":\"https:\/\/www.gonbox.com\/product\/group-prepaid\/#breadcrumb\"},\"inLanguage\":\"es\",\"potentialAction\":[{\"@type\":\"ReadAction\",\"target\":[\"https:\/\/www.gonbox.com\/product\/group-prepaid\/\"]}]},{\"@type\":\"BreadcrumbList\",\"@id\":\"https:\/\/www.gonbox.com\/product\/group-prepaid\/#breadcrumb\",\"itemListElement\":[{\"@type\":\"ListItem\",\"position\":1,\"name\":\"\u9996\u9875\",\"item\":\"https:\/\/www.gonbox.com\/\"},{\"@type\":\"ListItem\",\"position\":2,\"name\":\"Shop\",\"item\":\"https:\/\/www.gonbox.com\/shop\/\"},{\"@type\":\"ListItem\",\"position\":3,\"name\":\"Group prepaid\"}]},{\"@type\":\"WebSite\",\"@id\":\"https:\/\/www.gonbox.com\/#website\",\"url\":\"https:\/\/www.gonbox.com\/\",\"name\":\"Gonbox\",\"description\":\"Everyone Can Mine Bitcoin\",\"publisher\":{\"@id\":\"https:\/\/www.gonbox.com\/#organization\"},\"potentialAction\":[{\"@type\":\"SearchAction\",\"target\":{\"@type\":\"EntryPoint\",\"urlTemplate\":\"https:\/\/www.gonbox.com\/?s={search_term_string}\"},\"query-input\":\"required name=search_term_string\"}],\"inLanguage\":\"es\"},{\"@type\":\"Organization\",\"@id\":\"https:\/\/www.gonbox.com\/#organization\",\"name\":\"GONBOX GROUP INC\",\"url\":\"https:\/\/www.gonbox.com\/\",\"logo\":{\"@type\":\"ImageObject\",\"inLanguage\":\"es\",\"@id\":\"https:\/\/www.gonbox.com\/#\/schema\/logo\/image\/\",\"url\":\"https:\/\/5n57c6.p3cdn1.secureserver.net\/wp-content\/uploads\/2022\/12\/logo.png?time=1669965474\",\"contentUrl\":\"https:\/\/5n57c6.p3cdn1.secureserver.net\/wp-content\/uploads\/2022\/12\/logo.png?time=1669965474\",\"width\":130,\"height\":84,\"caption\":\"GONBOX GROUP INC\"},\"image\":{\"@id\":\"https:\/\/www.gonbox.com\/#\/schema\/logo\/image\/\"},\"sameAs\":[\"https:\/\/www.facebook.com\/gonboxmining\/\",\"https:\/\/twitter.com\/gonbox_com\"]}]}<\/script>\n<!-- \/ Yoast SEO plugin. -->","yoast_head_json":{"title":"Group prepaid - Gonbox","description":"Gonbox, not only can mine Bitcoin, but also convert the heat of the mining machine into supplying hot water and heating to solve the needs of domestic hot water, floor heating and bathing.","robots":{"index":"index","follow":"follow","max-snippet":"max-snippet:-1","max-image-preview":"max-image-preview:large","max-video-preview":"max-video-preview:-1"},"canonical":"https:\/\/www.gonbox.com\/es\/producto\/group-prepaid\/","og_locale":"es_ES","og_type":"article","og_title":"Group prepaid - Gonbox","og_description":"Gonbox, not only can mine Bitcoin, but also convert the heat of the mining machine into supplying hot water and heating to solve the needs of domestic hot water, floor heating and bathing.","og_url":"https:\/\/www.gonbox.com\/es\/producto\/group-prepaid\/","og_site_name":"Gonbox","article_publisher":"https:\/\/www.facebook.com\/gonboxmining\/","article_modified_time":"2026-05-02T16:23:45+00:00","og_image":[{"width":800,"height":1000,"url":"https:\/\/www.gonbox.com\/wp-content\/uploads\/2023\/01\/3163d8afe4f353.jpg","type":"image\/jpeg"}],"twitter_card":"summary_large_image","twitter_site":"@gonbox_com","twitter_misc":{"Tiempo de lectura":"1 minuto"},"schema":{"@context":"https:\/\/schema.org","@graph":[{"@type":"WebPage","@id":"https:\/\/www.gonbox.com\/product\/group-prepaid\/","url":"https:\/\/www.gonbox.com\/product\/group-prepaid\/","name":"Group prepaid - Gonbox","isPartOf":{"@id":"https:\/\/www.gonbox.com\/#website"},"datePublished":"2023-01-31T02:38:22+00:00","dateModified":"2026-05-02T16:23:45+00:00","description":"Gonbox, not only can mine Bitcoin, but also convert the heat of the mining machine into supplying hot water and heating to solve the needs of domestic hot water, floor heating and bathing.","breadcrumb":{"@id":"https:\/\/www.gonbox.com\/product\/group-prepaid\/#breadcrumb"},"inLanguage":"es","potentialAction":[{"@type":"ReadAction","target":["https:\/\/www.gonbox.com\/product\/group-prepaid\/"]}]},{"@type":"BreadcrumbList","@id":"https:\/\/www.gonbox.com\/product\/group-prepaid\/#breadcrumb","itemListElement":[{"@type":"ListItem","position":1,"name":"\u9996\u9875","item":"https:\/\/www.gonbox.com\/"},{"@type":"ListItem","position":2,"name":"Shop","item":"https:\/\/www.gonbox.com\/shop\/"},{"@type":"ListItem","position":3,"name":"Group prepaid"}]},{"@type":"WebSite","@id":"https:\/\/www.gonbox.com\/#website","url":"https:\/\/www.gonbox.com\/","name":"Gonbox","description":"Todos pueden minar Bitcoin","publisher":{"@id":"https:\/\/www.gonbox.com\/#organization"},"potentialAction":[{"@type":"SearchAction","target":{"@type":"EntryPoint","urlTemplate":"https:\/\/www.gonbox.com\/?s={search_term_string}"},"query-input":"required name=search_term_string"}],"inLanguage":"es"},{"@type":"Organization","@id":"https:\/\/www.gonbox.com\/#organization","name":"GONBOX GROUP INC","url":"https:\/\/www.gonbox.com\/","logo":{"@type":"ImageObject","inLanguage":"es","@id":"https:\/\/www.gonbox.com\/#\/schema\/logo\/image\/","url":"https:\/\/5n57c6.p3cdn1.secureserver.net\/wp-content\/uploads\/2022\/12\/logo.png?time=1669965474","contentUrl":"https:\/\/5n57c6.p3cdn1.secureserver.net\/wp-content\/uploads\/2022\/12\/logo.png?time=1669965474","width":130,"height":84,"caption":"GONBOX GROUP INC"},"image":{"@id":"https:\/\/www.gonbox.com\/#\/schema\/logo\/image\/"},"sameAs":["https:\/\/www.facebook.com\/gonboxmining\/","https:\/\/twitter.com\/gonbox_com"]}]}},"jetpack_sharing_enabled":true,"_links":{"self":[{"href":"https:\/\/www.gonbox.com\/es\/wp-json\/wp\/v2\/product\/3041","targetHints":{"allow":["GET"]}}],"collection":[{"href":"https:\/\/www.gonbox.com\/es\/wp-json\/wp\/v2\/product"}],"about":[{"href":"https:\/\/www.gonbox.com\/es\/wp-json\/wp\/v2\/types\/product"}],"replies":[{"embeddable":true,"href":"https:\/\/www.gonbox.com\/es\/wp-json\/wp\/v2\/comments?post=3041"}],"wp:featuredmedia":[{"embeddable":true,"href":"https:\/\/www.gonbox.com\/es\/wp-json\/wp\/v2\/media\/3055"}],"wp:attachment":[{"href":"https:\/\/www.gonbox.com\/es\/wp-json\/wp\/v2\/media?parent=3041"}],"wp:term":[{"taxonomy":"product_cat","embeddable":true,"href":"https:\/\/www.gonbox.com\/es\/wp-json\/wp\/v2\/product_cat?post=3041"},{"taxonomy":"product_tag","embeddable":true,"href":"https:\/\/www.gonbox.com\/es\/wp-json\/wp\/v2\/product_tag?post=3041"}],"curies":[{"name":"wp","href":"https:\/\/api.w.org\/{rel}","templated":true}]}}