{"id":591,"date":"2022-11-30T07:50:28","date_gmt":"2022-11-30T02:50:28","guid":{"rendered":"https:\/\/www.gonbox.com\/?post_type=product&#038;p=591"},"modified":"2023-02-01T13:28:08","modified_gmt":"2023-02-01T08:28:08","slug":"stainless-steel-connector","status":"publish","type":"product","link":"https:\/\/www.gonbox.com\/es\/producto\/stainless-steel-connector\/","title":{"rendered":"Conector de acero inoxidable"},"content":{"rendered":"<p><strong>Detalles de producto:<\/strong><\/p>\n<p>Los accesorios de tuber\u00eda de acero inoxidable son roscas de tuber\u00eda ZG imperiales, tambi\u00e9n conocidas como roscas RC, que son roscas c\u00f3nicas.<\/p>\n<p>Acero inoxidable 304, con soporte de material de acero inoxidable 304 de alta calidad, el acero inoxidable es resistente al desgaste y no se deforma, y no le teme al sol ni a la lluvia al aire libre.<\/p>\n<p>Excelente mano de obra, sin rebabas en el hilo, bordes lisos.<\/p>\n<table>\n<colgroup>\n<col width=\"72\" \/>\n<col width=\"493\" \/><\/colgroup>\n<tbody>\n<tr class=\"firstRow\">\n<td width=\"137\">Modelo<\/td>\n<td width=\"438\">\u00a0Alambre exterior doble de 1 punto de acero inoxidable 304 de 1,2 pulgadas<\/td>\n<\/tr>\n<tr>\n<td width=\"137\">Material<\/td>\n<td width=\"438\">\u00a0acero inoxidable 304<\/td>\n<\/tr>\n<tr>\n<td width=\"57\">Tipo de conector<\/td>\n<td width=\"438\">conector externo com\u00fan<\/td>\n<\/tr>\n<\/tbody>\n<\/table>\n<p>&nbsp;<\/p>\n<p><strong>Parametros del producto:<\/strong><\/p>\n<table style=\"height: 143px\" width=\"640\">\n<tbody>\n<tr>\n<td width=\"176\">Nombre<\/td>\n<td width=\"72\">Tama\u00f1o<\/td>\n<td width=\"66\">Pulgadas<\/td>\n<td width=\"120\">\u00a0DN (subproceso)<\/td>\n<td width=\"123\">Di\u00e1metro exterior del hilo (mm)<\/td>\n<td width=\"148\">Di\u00e1metro interior de la rosca (mm)<\/td>\n<\/tr>\n<tr>\n<td width=\"176\">accesorios de tuber\u00eda de acero inoxidable 304<\/td>\n<td width=\"72\">6 puntos<\/td>\n<td width=\"66\">\u00a03\/4<\/td>\n<td width=\"120\">20<\/td>\n<td width=\"123\">25 mm<\/td>\n<td width=\"148\">25 mm<\/td>\n<\/tr>\n<tr>\n<td width=\"176\">accesorios de tuber\u00eda de acero inoxidable 304<\/td>\n<td width=\"72\">1 pulgada<\/td>\n<td width=\"66\">1&#8243;<\/td>\n<td width=\"120\">25<\/td>\n<td width=\"123\">32 mm<\/td>\n<td width=\"148\">32 mm<\/td>\n<\/tr>\n<\/tbody>\n<\/table>\n<p><img data-recalc-dims=\"1\" loading=\"lazy\" decoding=\"async\" class=\"alignnone size-full wp-image-2016\" src=\"https:\/\/i0.wp.com\/www.gonbox.com\/wp-content\/uploads\/2022\/11\/%E5%BE%AE%E4%BF%A1%E5%9B%BE%E7%89%87_20221129160841.png?resize=776%2C606&#038;ssl=1\" alt=\"\" width=\"776\" height=\"606\" srcset=\"https:\/\/i0.wp.com\/www.gonbox.com\/wp-content\/uploads\/2022\/11\/%E5%BE%AE%E4%BF%A1%E5%9B%BE%E7%89%87_20221129160841.png?w=776&amp;ssl=1 776w, https:\/\/i0.wp.com\/www.gonbox.com\/wp-content\/uploads\/2022\/11\/%E5%BE%AE%E4%BF%A1%E5%9B%BE%E7%89%87_20221129160841.png?resize=512%2C400&amp;ssl=1 512w, https:\/\/i0.wp.com\/www.gonbox.com\/wp-content\/uploads\/2022\/11\/%E5%BE%AE%E4%BF%A1%E5%9B%BE%E7%89%87_20221129160841.png?resize=768%2C600&amp;ssl=1 768w, https:\/\/i0.wp.com\/www.gonbox.com\/wp-content\/uploads\/2022\/11\/%E5%BE%AE%E4%BF%A1%E5%9B%BE%E7%89%87_20221129160841.png?resize=510%2C398&amp;ssl=1 510w, https:\/\/i0.wp.com\/www.gonbox.com\/wp-content\/uploads\/2022\/11\/%E5%BE%AE%E4%BF%A1%E5%9B%BE%E7%89%87_20221129160841.png?resize=100%2C78&amp;ssl=1 100w\" sizes=\"auto, (max-width: 776px) 100vw, 776px\" \/><\/p>\n<p><strong>Notas de compra:<\/strong><\/p>\n<p>1. Pol\u00edtica de cambio b\u00e1sica: Excepto para los productos que est\u00e1n claramente marcados en la p\u00e1gina de detalles del producto y confirmados en el momento de la compra que &quot;no se admite ning\u00fan motivo para la devoluci\u00f3n o el cambio&quot;. Los productos en la columna GONBOX pueden solicitar el reemplazo bajo la premisa de que los productos est\u00e1n en buenas condiciones, sin usar o da\u00f1ados, y los accesorios est\u00e1n completos.<\/p>\n<p>2. Para obtener detalles espec\u00edficos de la garant\u00eda, consulte: &quot;Reglas de garant\u00eda global de GONBOX&quot;\u00a0\u00a0<a href=\"https:\/\/www.gonbox.com\/es\/gonbox-product-warranty-terms\/\">https:\/\/www.gonbox.com\/gonbox-product-warranty-terms\/<\/a><br \/>\n(Nota: debe pagar la tarifa de env\u00edo de reemplazo usted mismo)<\/p>\n<p>3. Pedido por correo: lea las &quot;Instrucciones de referencia de precios de log\u00edstica global&quot;\u00a0<a href=\"https:\/\/www.gonbox.com\/es\/global-logistics-price-reference-instructions\/\">https:\/\/www.gonbox.com\/global-logistics-price-reference-instructions\/<\/a><\/p>","protected":false},"excerpt":{"rendered":"<p>Material: acero inoxidable 304<\/p>","protected":false},"featured_media":595,"comment_status":"open","ping_status":"closed","template":"","meta":[],"product_cat":[79,15],"product_tag":[],"class_list":["post-591","product","type-product","status-publish","has-post-thumbnail","hentry","product_cat-all","product_cat-oil-cooling-mall"],"yoast_head":"<!-- This site is optimized with the Yoast SEO plugin v20.2.1 - https:\/\/yoast.com\/wordpress\/plugins\/seo\/ -->\n<title>Stainless Steel Connector - Gonbox<\/title>\n<meta name=\"robots\" content=\"index, follow, max-snippet:-1, max-image-preview:large, max-video-preview:-1\" \/>\n<link rel=\"canonical\" href=\"https:\/\/www.gonbox.com\/es\/producto\/stainless-steel-connector\/\" \/>\n<meta property=\"og:locale\" content=\"es_ES\" \/>\n<meta property=\"og:type\" content=\"article\" \/>\n<meta property=\"og:title\" content=\"Stainless Steel Connector - Gonbox\" \/>\n<meta property=\"og:description\" content=\"Material: 304 stainless steel\" \/>\n<meta property=\"og:url\" content=\"https:\/\/www.gonbox.com\/es\/producto\/stainless-steel-connector\/\" \/>\n<meta property=\"og:site_name\" content=\"Gonbox\" \/>\n<meta property=\"article:publisher\" content=\"https:\/\/www.facebook.com\/gonboxmining\/\" \/>\n<meta property=\"article:modified_time\" content=\"2023-02-01T08:28:08+00:00\" \/>\n<meta property=\"og:image\" content=\"https:\/\/www.gonbox.com\/wp-content\/uploads\/2022\/11\/1669709887941.png\" \/>\n\t<meta property=\"og:image:width\" content=\"776\" \/>\n\t<meta property=\"og:image:height\" content=\"606\" \/>\n\t<meta property=\"og:image:type\" content=\"image\/png\" \/>\n<meta name=\"twitter:card\" content=\"summary_large_image\" \/>\n<meta name=\"twitter:site\" content=\"@gonbox_com\" \/>\n<meta name=\"twitter:label1\" content=\"Tiempo de lectura\" \/>\n\t<meta name=\"twitter:data1\" content=\"2 minutos\" \/>\n<script type=\"application\/ld+json\" class=\"yoast-schema-graph\">{\"@context\":\"https:\/\/schema.org\",\"@graph\":[{\"@type\":\"WebPage\",\"@id\":\"https:\/\/www.gonbox.com\/product\/stainless-steel-connector\/\",\"url\":\"https:\/\/www.gonbox.com\/product\/stainless-steel-connector\/\",\"name\":\"Stainless Steel Connector - Gonbox\",\"isPartOf\":{\"@id\":\"https:\/\/www.gonbox.com\/#website\"},\"datePublished\":\"2022-11-30T02:50:28+00:00\",\"dateModified\":\"2023-02-01T08:28:08+00:00\",\"breadcrumb\":{\"@id\":\"https:\/\/www.gonbox.com\/product\/stainless-steel-connector\/#breadcrumb\"},\"inLanguage\":\"es\",\"potentialAction\":[{\"@type\":\"ReadAction\",\"target\":[\"https:\/\/www.gonbox.com\/product\/stainless-steel-connector\/\"]}]},{\"@type\":\"BreadcrumbList\",\"@id\":\"https:\/\/www.gonbox.com\/product\/stainless-steel-connector\/#breadcrumb\",\"itemListElement\":[{\"@type\":\"ListItem\",\"position\":1,\"name\":\"\u9996\u9875\",\"item\":\"https:\/\/www.gonbox.com\/\"},{\"@type\":\"ListItem\",\"position\":2,\"name\":\"Shop\",\"item\":\"https:\/\/www.gonbox.com\/shop\/\"},{\"@type\":\"ListItem\",\"position\":3,\"name\":\"Stainless Steel Connector\"}]},{\"@type\":\"WebSite\",\"@id\":\"https:\/\/www.gonbox.com\/#website\",\"url\":\"https:\/\/www.gonbox.com\/\",\"name\":\"Gonbox\",\"description\":\"Everyone Can Mine Bitcoin\",\"publisher\":{\"@id\":\"https:\/\/www.gonbox.com\/#organization\"},\"potentialAction\":[{\"@type\":\"SearchAction\",\"target\":{\"@type\":\"EntryPoint\",\"urlTemplate\":\"https:\/\/www.gonbox.com\/?s={search_term_string}\"},\"query-input\":\"required name=search_term_string\"}],\"inLanguage\":\"es\"},{\"@type\":\"Organization\",\"@id\":\"https:\/\/www.gonbox.com\/#organization\",\"name\":\"GONBOX GROUP INC\",\"url\":\"https:\/\/www.gonbox.com\/\",\"logo\":{\"@type\":\"ImageObject\",\"inLanguage\":\"es\",\"@id\":\"https:\/\/www.gonbox.com\/#\/schema\/logo\/image\/\",\"url\":\"https:\/\/5n57c6.p3cdn1.secureserver.net\/wp-content\/uploads\/2022\/12\/logo.png?time=1669965474\",\"contentUrl\":\"https:\/\/5n57c6.p3cdn1.secureserver.net\/wp-content\/uploads\/2022\/12\/logo.png?time=1669965474\",\"width\":130,\"height\":84,\"caption\":\"GONBOX GROUP INC\"},\"image\":{\"@id\":\"https:\/\/www.gonbox.com\/#\/schema\/logo\/image\/\"},\"sameAs\":[\"https:\/\/www.facebook.com\/gonboxmining\/\",\"https:\/\/twitter.com\/gonbox_com\"]}]}<\/script>\n<!-- \/ Yoast SEO plugin. -->","yoast_head_json":{"title":"Stainless Steel Connector - Gonbox","robots":{"index":"index","follow":"follow","max-snippet":"max-snippet:-1","max-image-preview":"max-image-preview:large","max-video-preview":"max-video-preview:-1"},"canonical":"https:\/\/www.gonbox.com\/es\/producto\/stainless-steel-connector\/","og_locale":"es_ES","og_type":"article","og_title":"Stainless Steel Connector - Gonbox","og_description":"Material: 304 stainless steel","og_url":"https:\/\/www.gonbox.com\/es\/producto\/stainless-steel-connector\/","og_site_name":"Gonbox","article_publisher":"https:\/\/www.facebook.com\/gonboxmining\/","article_modified_time":"2023-02-01T08:28:08+00:00","og_image":[{"width":776,"height":606,"url":"https:\/\/www.gonbox.com\/wp-content\/uploads\/2022\/11\/1669709887941.png","type":"image\/png"}],"twitter_card":"summary_large_image","twitter_site":"@gonbox_com","twitter_misc":{"Tiempo de lectura":"2 minutos"},"schema":{"@context":"https:\/\/schema.org","@graph":[{"@type":"WebPage","@id":"https:\/\/www.gonbox.com\/product\/stainless-steel-connector\/","url":"https:\/\/www.gonbox.com\/product\/stainless-steel-connector\/","name":"Stainless Steel Connector - Gonbox","isPartOf":{"@id":"https:\/\/www.gonbox.com\/#website"},"datePublished":"2022-11-30T02:50:28+00:00","dateModified":"2023-02-01T08:28:08+00:00","breadcrumb":{"@id":"https:\/\/www.gonbox.com\/product\/stainless-steel-connector\/#breadcrumb"},"inLanguage":"es","potentialAction":[{"@type":"ReadAction","target":["https:\/\/www.gonbox.com\/product\/stainless-steel-connector\/"]}]},{"@type":"BreadcrumbList","@id":"https:\/\/www.gonbox.com\/product\/stainless-steel-connector\/#breadcrumb","itemListElement":[{"@type":"ListItem","position":1,"name":"\u9996\u9875","item":"https:\/\/www.gonbox.com\/"},{"@type":"ListItem","position":2,"name":"Shop","item":"https:\/\/www.gonbox.com\/shop\/"},{"@type":"ListItem","position":3,"name":"Stainless Steel Connector"}]},{"@type":"WebSite","@id":"https:\/\/www.gonbox.com\/#website","url":"https:\/\/www.gonbox.com\/","name":"Gonbox","description":"Todos pueden minar Bitcoin","publisher":{"@id":"https:\/\/www.gonbox.com\/#organization"},"potentialAction":[{"@type":"SearchAction","target":{"@type":"EntryPoint","urlTemplate":"https:\/\/www.gonbox.com\/?s={search_term_string}"},"query-input":"required name=search_term_string"}],"inLanguage":"es"},{"@type":"Organization","@id":"https:\/\/www.gonbox.com\/#organization","name":"GONBOX GROUP INC","url":"https:\/\/www.gonbox.com\/","logo":{"@type":"ImageObject","inLanguage":"es","@id":"https:\/\/www.gonbox.com\/#\/schema\/logo\/image\/","url":"https:\/\/5n57c6.p3cdn1.secureserver.net\/wp-content\/uploads\/2022\/12\/logo.png?time=1669965474","contentUrl":"https:\/\/5n57c6.p3cdn1.secureserver.net\/wp-content\/uploads\/2022\/12\/logo.png?time=1669965474","width":130,"height":84,"caption":"GONBOX GROUP INC"},"image":{"@id":"https:\/\/www.gonbox.com\/#\/schema\/logo\/image\/"},"sameAs":["https:\/\/www.facebook.com\/gonboxmining\/","https:\/\/twitter.com\/gonbox_com"]}]}},"jetpack_sharing_enabled":true,"_links":{"self":[{"href":"https:\/\/www.gonbox.com\/es\/wp-json\/wp\/v2\/product\/591","targetHints":{"allow":["GET"]}}],"collection":[{"href":"https:\/\/www.gonbox.com\/es\/wp-json\/wp\/v2\/product"}],"about":[{"href":"https:\/\/www.gonbox.com\/es\/wp-json\/wp\/v2\/types\/product"}],"replies":[{"embeddable":true,"href":"https:\/\/www.gonbox.com\/es\/wp-json\/wp\/v2\/comments?post=591"}],"wp:featuredmedia":[{"embeddable":true,"href":"https:\/\/www.gonbox.com\/es\/wp-json\/wp\/v2\/media\/595"}],"wp:attachment":[{"href":"https:\/\/www.gonbox.com\/es\/wp-json\/wp\/v2\/media?parent=591"}],"wp:term":[{"taxonomy":"product_cat","embeddable":true,"href":"https:\/\/www.gonbox.com\/es\/wp-json\/wp\/v2\/product_cat?post=591"},{"taxonomy":"product_tag","embeddable":true,"href":"https:\/\/www.gonbox.com\/es\/wp-json\/wp\/v2\/product_tag?post=591"}],"curies":[{"name":"wp","href":"https:\/\/api.w.org\/{rel}","templated":true}]}}