{"id":621,"date":"2022-12-01T20:41:29","date_gmt":"2022-12-01T15:41:29","guid":{"rendered":"https:\/\/www.gonbox.com\/?post_type=product&#038;p=621"},"modified":"2023-02-23T08:56:05","modified_gmt":"2023-02-23T03:56:05","slug":"indoor-heater","status":"publish","type":"product","link":"https:\/\/www.gonbox.com\/es\/producto\/indoor-heater\/","title":{"rendered":"Radiador de aire acondicionado"},"content":{"rendered":"<p><strong>Detalles de producto:<\/strong><\/p>\n<p>Tubo de cobre engrosado, movimiento ampliado, motor de cobre puro que ahorra energ\u00eda<br \/>\nEl di\u00e1metro del tubo de cobre engrosado es de 0,37 pulgadas (9,52 mm), la circulaci\u00f3n del agua es r\u00e1pida y la tasa de disipaci\u00f3n de calor es alta<br \/>\nTama\u00f1o del producto: 40.1\u2033*4.3\u2033*21.7\u2033(117*11*55cm)<br \/>\ncolor blanco<br \/>\nPeso: 16,7 KG<\/p>\n<p><img data-recalc-dims=\"1\" loading=\"lazy\" decoding=\"async\" class=\"alignnone size-full wp-image-2273\" src=\"https:\/\/i0.wp.com\/www.gonbox.com\/wp-content\/uploads\/2022\/12\/%E5%BE%AE%E4%BF%A1%E5%9B%BE%E7%89%87_20221230222202.png?resize=716%2C679&#038;ssl=1\" alt=\"\" width=\"716\" height=\"679\" srcset=\"https:\/\/i0.wp.com\/www.gonbox.com\/wp-content\/uploads\/2022\/12\/%E5%BE%AE%E4%BF%A1%E5%9B%BE%E7%89%87_20221230222202.png?w=716&amp;ssl=1 716w, https:\/\/i0.wp.com\/www.gonbox.com\/wp-content\/uploads\/2022\/12\/%E5%BE%AE%E4%BF%A1%E5%9B%BE%E7%89%87_20221230222202.png?resize=422%2C400&amp;ssl=1 422w, https:\/\/i0.wp.com\/www.gonbox.com\/wp-content\/uploads\/2022\/12\/%E5%BE%AE%E4%BF%A1%E5%9B%BE%E7%89%87_20221230222202.png?resize=510%2C484&amp;ssl=1 510w, https:\/\/i0.wp.com\/www.gonbox.com\/wp-content\/uploads\/2022\/12\/%E5%BE%AE%E4%BF%A1%E5%9B%BE%E7%89%87_20221230222202.png?resize=100%2C95&amp;ssl=1 100w\" sizes=\"auto, (max-width: 716px) 100vw, 716px\" \/><\/p>\n<p>&nbsp;<\/p>\n<p>Calentamiento r\u00e1pido, bajo ruido y silencio.<br \/>\nAhorro de energ\u00eda y m\u00e1s silencioso: adopta un nuevo tipo de ventilador silencioso y el cable de cobre de alta calidad es seguro y estable<\/p>\n<p>Percha multifuncional para secar la ropa<br \/>\nDise\u00f1o de tendedero multifuncional m\u00f3vil, hermoso y pr\u00e1ctico, puede secar ropa y toallas en clima lluvioso<\/p>\n<p><img data-recalc-dims=\"1\" loading=\"lazy\" decoding=\"async\" class=\"alignnone wp-image-2326\" src=\"https:\/\/i0.wp.com\/www.gonbox.com\/wp-content\/uploads\/2022\/12\/%E5%BE%AE%E4%BF%A1%E5%9B%BE%E7%89%87_20221231102253.jpg?resize=731%2C731&#038;ssl=1\" alt=\"\" width=\"731\" height=\"731\" srcset=\"https:\/\/i0.wp.com\/www.gonbox.com\/wp-content\/uploads\/2022\/12\/%E5%BE%AE%E4%BF%A1%E5%9B%BE%E7%89%87_20221231102253.jpg?w=800&amp;ssl=1 800w, https:\/\/i0.wp.com\/www.gonbox.com\/wp-content\/uploads\/2022\/12\/%E5%BE%AE%E4%BF%A1%E5%9B%BE%E7%89%87_20221231102253.jpg?resize=400%2C400&amp;ssl=1 400w, https:\/\/i0.wp.com\/www.gonbox.com\/wp-content\/uploads\/2022\/12\/%E5%BE%AE%E4%BF%A1%E5%9B%BE%E7%89%87_20221231102253.jpg?resize=280%2C280&amp;ssl=1 280w, https:\/\/i0.wp.com\/www.gonbox.com\/wp-content\/uploads\/2022\/12\/%E5%BE%AE%E4%BF%A1%E5%9B%BE%E7%89%87_20221231102253.jpg?resize=768%2C768&amp;ssl=1 768w, https:\/\/i0.wp.com\/www.gonbox.com\/wp-content\/uploads\/2022\/12\/%E5%BE%AE%E4%BF%A1%E5%9B%BE%E7%89%87_20221231102253.jpg?resize=510%2C510&amp;ssl=1 510w, https:\/\/i0.wp.com\/www.gonbox.com\/wp-content\/uploads\/2022\/12\/%E5%BE%AE%E4%BF%A1%E5%9B%BE%E7%89%87_20221231102253.jpg?resize=100%2C100&amp;ssl=1 100w, https:\/\/i0.wp.com\/www.gonbox.com\/wp-content\/uploads\/2022\/12\/%E5%BE%AE%E4%BF%A1%E5%9B%BE%E7%89%87_20221231102253.jpg?resize=50%2C50&amp;ssl=1 50w\" sizes=\"auto, (max-width: 731px) 100vw, 731px\" \/><\/p>\n<p>&nbsp;<\/p>\n<p>Ahorro de energ\u00eda, silencioso, ahorro de energ\u00eda.<br \/>\nSolo equipado con un motor silencioso de cobre puro de 15W<\/p>\n<p><img data-recalc-dims=\"1\" loading=\"lazy\" decoding=\"async\" width=\"631\" height=\"495\" class=\"alignnone size-medium wp-image-1920\" src=\"https:\/\/i0.wp.com\/www.gonbox.com\/wp-content\/uploads\/2022\/12\/2409.png?resize=631%2C495&#038;ssl=1\" alt=\"\" srcset=\"https:\/\/i0.wp.com\/www.gonbox.com\/wp-content\/uploads\/2022\/12\/2409.png?w=631&amp;ssl=1 631w, https:\/\/i0.wp.com\/www.gonbox.com\/wp-content\/uploads\/2022\/12\/2409.png?resize=510%2C400&amp;ssl=1 510w, https:\/\/i0.wp.com\/www.gonbox.com\/wp-content\/uploads\/2022\/12\/2409.png?resize=100%2C78&amp;ssl=1 100w\" sizes=\"auto, (max-width: 631px) 100vw, 631px\" \/><\/p>\n<p>&nbsp;<\/p>\n<p>&nbsp;<\/p>\n<p><strong>Notas de compra:<\/strong><\/p>\n<p>1. Pol\u00edtica de cambio b\u00e1sica: Excepto para los productos que est\u00e1n claramente marcados en la p\u00e1gina de detalles del producto y confirmados en el momento de la compra que &quot;no se admite ning\u00fan motivo para la devoluci\u00f3n o el cambio&quot;. Los productos en la columna GONBOX pueden solicitar el reemplazo bajo la premisa de que los productos est\u00e1n en buenas condiciones, sin usar o da\u00f1ados, y los accesorios est\u00e1n completos.<\/p>\n<p>2. Para obtener detalles espec\u00edficos de la garant\u00eda, consulte: &quot;Reglas de garant\u00eda global de GONBOX&quot;\u00a0\u00a0<a href=\"https:\/\/www.gonbox.com\/es\/gonbox-product-warranty-terms\/\">https:\/\/www.gonbox.com\/gonbox-product-warranty-terms\/<\/a><br \/>\n(Nota: debe pagar la tarifa de env\u00edo de reemplazo usted mismo)<\/p>\n<p>3. Pedido por correo: lea las &quot;Instrucciones de referencia de precios de log\u00edstica global&quot;\u00a0<a href=\"https:\/\/www.gonbox.com\/es\/global-logistics-price-reference-instructions\/\">https:\/\/www.gonbox.com\/global-logistics-price-reference-instructions\/<\/a><\/p>","protected":false},"excerpt":{"rendered":"<p>Potencia: 15 W, di\u00e1metro del tubo de cobre de 0,37 pulgadas (9,52 mm), espesor del disipador de calor interno de 2,6 pulgadas (6,6 cm)<\/p>","protected":false},"featured_media":2275,"comment_status":"open","ping_status":"closed","template":"","meta":[],"product_cat":[15,79],"product_tag":[],"class_list":["post-621","product","type-product","status-publish","has-post-thumbnail","hentry","product_cat-oil-cooling-mall","product_cat-all"],"yoast_head":"<!-- This site is optimized with the Yoast SEO plugin v20.2.1 - https:\/\/yoast.com\/wordpress\/plugins\/seo\/ -->\n<title>Air Conditioner Radiator - Gonbox<\/title>\n<meta name=\"description\" content=\"Power: 15W,copper tube diameterr 0.37in,internal heat sink thickness 2.6in\" \/>\n<meta name=\"robots\" content=\"index, follow, max-snippet:-1, max-image-preview:large, max-video-preview:-1\" \/>\n<link rel=\"canonical\" href=\"https:\/\/www.gonbox.com\/es\/producto\/indoor-heater\/\" \/>\n<meta property=\"og:locale\" content=\"es_ES\" \/>\n<meta property=\"og:type\" content=\"article\" \/>\n<meta property=\"og:title\" content=\"Air Conditioner Radiator - Gonbox\" \/>\n<meta property=\"og:description\" content=\"Power: 15W,copper tube diameterr 0.37in,internal heat sink thickness 2.6in\" \/>\n<meta property=\"og:url\" content=\"https:\/\/www.gonbox.com\/es\/producto\/indoor-heater\/\" \/>\n<meta property=\"og:site_name\" content=\"Gonbox\" \/>\n<meta property=\"article:publisher\" content=\"https:\/\/www.facebook.com\/gonboxmining\/\" \/>\n<meta property=\"article:modified_time\" content=\"2023-02-23T03:56:05+00:00\" \/>\n<meta property=\"og:image\" content=\"https:\/\/www.gonbox.com\/wp-content\/uploads\/2022\/12\/1-11.jpg\" \/>\n\t<meta property=\"og:image:width\" content=\"800\" \/>\n\t<meta property=\"og:image:height\" content=\"800\" \/>\n\t<meta property=\"og:image:type\" content=\"image\/jpeg\" \/>\n<meta name=\"twitter:card\" content=\"summary_large_image\" \/>\n<meta name=\"twitter:site\" content=\"@gonbox_com\" \/>\n<meta name=\"twitter:label1\" content=\"Tiempo de lectura\" \/>\n\t<meta name=\"twitter:data1\" content=\"2 minutos\" \/>\n<script type=\"application\/ld+json\" class=\"yoast-schema-graph\">{\"@context\":\"https:\/\/schema.org\",\"@graph\":[{\"@type\":\"WebPage\",\"@id\":\"https:\/\/www.gonbox.com\/product\/indoor-heater\/\",\"url\":\"https:\/\/www.gonbox.com\/product\/indoor-heater\/\",\"name\":\"Air Conditioner Radiator - Gonbox\",\"isPartOf\":{\"@id\":\"https:\/\/www.gonbox.com\/#website\"},\"datePublished\":\"2022-12-01T15:41:29+00:00\",\"dateModified\":\"2023-02-23T03:56:05+00:00\",\"description\":\"Power: 15W,copper tube diameterr 0.37in,internal heat sink thickness 2.6in\",\"breadcrumb\":{\"@id\":\"https:\/\/www.gonbox.com\/product\/indoor-heater\/#breadcrumb\"},\"inLanguage\":\"es\",\"potentialAction\":[{\"@type\":\"ReadAction\",\"target\":[\"https:\/\/www.gonbox.com\/product\/indoor-heater\/\"]}]},{\"@type\":\"BreadcrumbList\",\"@id\":\"https:\/\/www.gonbox.com\/product\/indoor-heater\/#breadcrumb\",\"itemListElement\":[{\"@type\":\"ListItem\",\"position\":1,\"name\":\"\u9996\u9875\",\"item\":\"https:\/\/www.gonbox.com\/\"},{\"@type\":\"ListItem\",\"position\":2,\"name\":\"Shop\",\"item\":\"https:\/\/www.gonbox.com\/shop\/\"},{\"@type\":\"ListItem\",\"position\":3,\"name\":\"Air Conditioner Radiator\"}]},{\"@type\":\"WebSite\",\"@id\":\"https:\/\/www.gonbox.com\/#website\",\"url\":\"https:\/\/www.gonbox.com\/\",\"name\":\"Gonbox\",\"description\":\"Everyone Can Mine Bitcoin\",\"publisher\":{\"@id\":\"https:\/\/www.gonbox.com\/#organization\"},\"potentialAction\":[{\"@type\":\"SearchAction\",\"target\":{\"@type\":\"EntryPoint\",\"urlTemplate\":\"https:\/\/www.gonbox.com\/?s={search_term_string}\"},\"query-input\":\"required name=search_term_string\"}],\"inLanguage\":\"es\"},{\"@type\":\"Organization\",\"@id\":\"https:\/\/www.gonbox.com\/#organization\",\"name\":\"GONBOX GROUP INC\",\"url\":\"https:\/\/www.gonbox.com\/\",\"logo\":{\"@type\":\"ImageObject\",\"inLanguage\":\"es\",\"@id\":\"https:\/\/www.gonbox.com\/#\/schema\/logo\/image\/\",\"url\":\"https:\/\/5n57c6.p3cdn1.secureserver.net\/wp-content\/uploads\/2022\/12\/logo.png?time=1669965474\",\"contentUrl\":\"https:\/\/5n57c6.p3cdn1.secureserver.net\/wp-content\/uploads\/2022\/12\/logo.png?time=1669965474\",\"width\":130,\"height\":84,\"caption\":\"GONBOX GROUP INC\"},\"image\":{\"@id\":\"https:\/\/www.gonbox.com\/#\/schema\/logo\/image\/\"},\"sameAs\":[\"https:\/\/www.facebook.com\/gonboxmining\/\",\"https:\/\/twitter.com\/gonbox_com\"]}]}<\/script>\n<!-- \/ Yoast SEO plugin. -->","yoast_head_json":{"title":"Air Conditioner Radiator - Gonbox","description":"Power: 15W,copper tube diameterr 0.37in,internal heat sink thickness 2.6in","robots":{"index":"index","follow":"follow","max-snippet":"max-snippet:-1","max-image-preview":"max-image-preview:large","max-video-preview":"max-video-preview:-1"},"canonical":"https:\/\/www.gonbox.com\/es\/producto\/indoor-heater\/","og_locale":"es_ES","og_type":"article","og_title":"Air Conditioner Radiator - Gonbox","og_description":"Power: 15W,copper tube diameterr 0.37in,internal heat sink thickness 2.6in","og_url":"https:\/\/www.gonbox.com\/es\/producto\/indoor-heater\/","og_site_name":"Gonbox","article_publisher":"https:\/\/www.facebook.com\/gonboxmining\/","article_modified_time":"2023-02-23T03:56:05+00:00","og_image":[{"width":800,"height":800,"url":"https:\/\/www.gonbox.com\/wp-content\/uploads\/2022\/12\/1-11.jpg","type":"image\/jpeg"}],"twitter_card":"summary_large_image","twitter_site":"@gonbox_com","twitter_misc":{"Tiempo de lectura":"2 minutos"},"schema":{"@context":"https:\/\/schema.org","@graph":[{"@type":"WebPage","@id":"https:\/\/www.gonbox.com\/product\/indoor-heater\/","url":"https:\/\/www.gonbox.com\/product\/indoor-heater\/","name":"Air Conditioner Radiator - Gonbox","isPartOf":{"@id":"https:\/\/www.gonbox.com\/#website"},"datePublished":"2022-12-01T15:41:29+00:00","dateModified":"2023-02-23T03:56:05+00:00","description":"Power: 15W,copper tube diameterr 0.37in,internal heat sink thickness 2.6in","breadcrumb":{"@id":"https:\/\/www.gonbox.com\/product\/indoor-heater\/#breadcrumb"},"inLanguage":"es","potentialAction":[{"@type":"ReadAction","target":["https:\/\/www.gonbox.com\/product\/indoor-heater\/"]}]},{"@type":"BreadcrumbList","@id":"https:\/\/www.gonbox.com\/product\/indoor-heater\/#breadcrumb","itemListElement":[{"@type":"ListItem","position":1,"name":"\u9996\u9875","item":"https:\/\/www.gonbox.com\/"},{"@type":"ListItem","position":2,"name":"Shop","item":"https:\/\/www.gonbox.com\/shop\/"},{"@type":"ListItem","position":3,"name":"Air Conditioner Radiator"}]},{"@type":"WebSite","@id":"https:\/\/www.gonbox.com\/#website","url":"https:\/\/www.gonbox.com\/","name":"Gonbox","description":"Todos pueden minar Bitcoin","publisher":{"@id":"https:\/\/www.gonbox.com\/#organization"},"potentialAction":[{"@type":"SearchAction","target":{"@type":"EntryPoint","urlTemplate":"https:\/\/www.gonbox.com\/?s={search_term_string}"},"query-input":"required name=search_term_string"}],"inLanguage":"es"},{"@type":"Organization","@id":"https:\/\/www.gonbox.com\/#organization","name":"GONBOX GROUP INC","url":"https:\/\/www.gonbox.com\/","logo":{"@type":"ImageObject","inLanguage":"es","@id":"https:\/\/www.gonbox.com\/#\/schema\/logo\/image\/","url":"https:\/\/5n57c6.p3cdn1.secureserver.net\/wp-content\/uploads\/2022\/12\/logo.png?time=1669965474","contentUrl":"https:\/\/5n57c6.p3cdn1.secureserver.net\/wp-content\/uploads\/2022\/12\/logo.png?time=1669965474","width":130,"height":84,"caption":"GONBOX GROUP INC"},"image":{"@id":"https:\/\/www.gonbox.com\/#\/schema\/logo\/image\/"},"sameAs":["https:\/\/www.facebook.com\/gonboxmining\/","https:\/\/twitter.com\/gonbox_com"]}]}},"jetpack_sharing_enabled":true,"_links":{"self":[{"href":"https:\/\/www.gonbox.com\/es\/wp-json\/wp\/v2\/product\/621","targetHints":{"allow":["GET"]}}],"collection":[{"href":"https:\/\/www.gonbox.com\/es\/wp-json\/wp\/v2\/product"}],"about":[{"href":"https:\/\/www.gonbox.com\/es\/wp-json\/wp\/v2\/types\/product"}],"replies":[{"embeddable":true,"href":"https:\/\/www.gonbox.com\/es\/wp-json\/wp\/v2\/comments?post=621"}],"wp:featuredmedia":[{"embeddable":true,"href":"https:\/\/www.gonbox.com\/es\/wp-json\/wp\/v2\/media\/2275"}],"wp:attachment":[{"href":"https:\/\/www.gonbox.com\/es\/wp-json\/wp\/v2\/media?parent=621"}],"wp:term":[{"taxonomy":"product_cat","embeddable":true,"href":"https:\/\/www.gonbox.com\/es\/wp-json\/wp\/v2\/product_cat?post=621"},{"taxonomy":"product_tag","embeddable":true,"href":"https:\/\/www.gonbox.com\/es\/wp-json\/wp\/v2\/product_tag?post=621"}],"curies":[{"name":"wp","href":"https:\/\/api.w.org\/{rel}","templated":true}]}}