{"id":2352,"date":"2023-01-01T08:42:07","date_gmt":"2023-01-01T03:42:07","guid":{"rendered":"https:\/\/www.gonbox.com\/?post_type=product&#038;p=2352"},"modified":"2023-02-18T19:35:25","modified_gmt":"2023-02-18T14:35:25","slug":"air-conditioner-wall-mount","status":"publish","type":"product","link":"https:\/\/www.gonbox.com\/fr\/produit\/air-conditioner-wall-mount\/","title":{"rendered":"Climatiseur d&#039;eau mural"},"content":{"rendered":"<p><strong>D\u00e9tails du produit:<\/strong><\/p>\n<p>Climatiseur d&#039;eau mural : 220 V.<br \/>\nClimatiseur d&#039;eau mural + transformateur de puissance : 110 V.<br \/>\nPuissance : 18W<br \/>\nM\u00e9thode d&#039;installation: mural<br \/>\nClassification des couleurs : 3 pi\u00e8ces 28 tubes, tubes en cuivre \u00e9paissis.<br \/>\nVolume d&#039;air : 500 m\u00e8tres cubes\/heure<br \/>\nQue ce soit pour fournir des services d&#039;installation: Non<\/p>\n<p><img data-recalc-dims=\"1\" loading=\"lazy\" decoding=\"async\" class=\"alignnone size-full wp-image-3228\" src=\"https:\/\/i0.wp.com\/www.gonbox.com\/wp-content\/uploads\/2023\/01\/5-6.jpg?resize=800%2C800&#038;ssl=1\" alt=\"\" width=\"800\" height=\"800\" srcset=\"https:\/\/i0.wp.com\/www.gonbox.com\/wp-content\/uploads\/2023\/01\/5-6.jpg?w=800&amp;ssl=1 800w, https:\/\/i0.wp.com\/www.gonbox.com\/wp-content\/uploads\/2023\/01\/5-6.jpg?resize=400%2C400&amp;ssl=1 400w, https:\/\/i0.wp.com\/www.gonbox.com\/wp-content\/uploads\/2023\/01\/5-6.jpg?resize=280%2C280&amp;ssl=1 280w, https:\/\/i0.wp.com\/www.gonbox.com\/wp-content\/uploads\/2023\/01\/5-6.jpg?resize=768%2C768&amp;ssl=1 768w, https:\/\/i0.wp.com\/www.gonbox.com\/wp-content\/uploads\/2023\/01\/5-6.jpg?resize=510%2C510&amp;ssl=1 510w, https:\/\/i0.wp.com\/www.gonbox.com\/wp-content\/uploads\/2023\/01\/5-6.jpg?resize=100%2C100&amp;ssl=1 100w, https:\/\/i0.wp.com\/www.gonbox.com\/wp-content\/uploads\/2023\/01\/5-6.jpg?resize=50%2C50&amp;ssl=1 50w\" sizes=\"auto, (max-width: 800px) 100vw, 800px\" \/><img data-recalc-dims=\"1\" loading=\"lazy\" decoding=\"async\" width=\"800\" height=\"800\" class=\"alignnone size-full wp-image-2368\" src=\"https:\/\/i0.wp.com\/www.gonbox.com\/wp-content\/uploads\/2023\/01\/8.jpg?resize=800%2C800&#038;ssl=1\" alt=\"\" srcset=\"https:\/\/i0.wp.com\/www.gonbox.com\/wp-content\/uploads\/2023\/01\/8.jpg?w=800&amp;ssl=1 800w, https:\/\/i0.wp.com\/www.gonbox.com\/wp-content\/uploads\/2023\/01\/8.jpg?resize=400%2C400&amp;ssl=1 400w, https:\/\/i0.wp.com\/www.gonbox.com\/wp-content\/uploads\/2023\/01\/8.jpg?resize=280%2C280&amp;ssl=1 280w, https:\/\/i0.wp.com\/www.gonbox.com\/wp-content\/uploads\/2023\/01\/8.jpg?resize=768%2C768&amp;ssl=1 768w, https:\/\/i0.wp.com\/www.gonbox.com\/wp-content\/uploads\/2023\/01\/8.jpg?resize=510%2C510&amp;ssl=1 510w, https:\/\/i0.wp.com\/www.gonbox.com\/wp-content\/uploads\/2023\/01\/8.jpg?resize=100%2C100&amp;ssl=1 100w, https:\/\/i0.wp.com\/www.gonbox.com\/wp-content\/uploads\/2023\/01\/8.jpg?resize=50%2C50&amp;ssl=1 50w\" sizes=\"auto, (max-width: 800px) 100vw, 800px\" \/><\/p>\n<p><img data-recalc-dims=\"1\" loading=\"lazy\" decoding=\"async\" width=\"800\" height=\"800\" class=\"alignnone size-full wp-image-2356\" src=\"https:\/\/i0.wp.com\/www.gonbox.com\/wp-content\/uploads\/2023\/01\/4.jpg?resize=800%2C800&#038;ssl=1\" alt=\"\" srcset=\"https:\/\/i0.wp.com\/www.gonbox.com\/wp-content\/uploads\/2023\/01\/4.jpg?w=800&amp;ssl=1 800w, https:\/\/i0.wp.com\/www.gonbox.com\/wp-content\/uploads\/2023\/01\/4.jpg?resize=400%2C400&amp;ssl=1 400w, https:\/\/i0.wp.com\/www.gonbox.com\/wp-content\/uploads\/2023\/01\/4.jpg?resize=280%2C280&amp;ssl=1 280w, https:\/\/i0.wp.com\/www.gonbox.com\/wp-content\/uploads\/2023\/01\/4.jpg?resize=768%2C768&amp;ssl=1 768w, https:\/\/i0.wp.com\/www.gonbox.com\/wp-content\/uploads\/2023\/01\/4.jpg?resize=510%2C510&amp;ssl=1 510w, https:\/\/i0.wp.com\/www.gonbox.com\/wp-content\/uploads\/2023\/01\/4.jpg?resize=100%2C100&amp;ssl=1 100w, https:\/\/i0.wp.com\/www.gonbox.com\/wp-content\/uploads\/2023\/01\/4.jpg?resize=50%2C50&amp;ssl=1 50w\" sizes=\"auto, (max-width: 800px) 100vw, 800px\" \/><\/p>\n<p>&nbsp;<\/p>\n<p><strong>Tir r\u00e9el d&#039;usine:<\/strong><\/p>\n<p><img data-recalc-dims=\"1\" loading=\"lazy\" decoding=\"async\" width=\"750\" height=\"666\" class=\"alignnone size-full wp-image-2358\" src=\"https:\/\/i0.wp.com\/www.gonbox.com\/wp-content\/uploads\/2023\/01\/O1CN01AhLN521ozc7dGBCvk_2206401525296.jpg?resize=750%2C666&#038;ssl=1\" alt=\"\" srcset=\"https:\/\/i0.wp.com\/www.gonbox.com\/wp-content\/uploads\/2023\/01\/O1CN01AhLN521ozc7dGBCvk_2206401525296.jpg?w=750&amp;ssl=1 750w, https:\/\/i0.wp.com\/www.gonbox.com\/wp-content\/uploads\/2023\/01\/O1CN01AhLN521ozc7dGBCvk_2206401525296.jpg?resize=450%2C400&amp;ssl=1 450w, https:\/\/i0.wp.com\/www.gonbox.com\/wp-content\/uploads\/2023\/01\/O1CN01AhLN521ozc7dGBCvk_2206401525296.jpg?resize=510%2C453&amp;ssl=1 510w, https:\/\/i0.wp.com\/www.gonbox.com\/wp-content\/uploads\/2023\/01\/O1CN01AhLN521ozc7dGBCvk_2206401525296.jpg?resize=100%2C89&amp;ssl=1 100w\" sizes=\"auto, (max-width: 750px) 100vw, 750px\" \/><br \/>\n<img data-recalc-dims=\"1\" loading=\"lazy\" decoding=\"async\" width=\"750\" height=\"429\" class=\"alignnone size-full wp-image-2359\" src=\"https:\/\/i0.wp.com\/www.gonbox.com\/wp-content\/uploads\/2023\/01\/O1CN01dfwySt1ozc7gEDvfF_2206401525296.jpg?resize=750%2C429&#038;ssl=1\" alt=\"\" srcset=\"https:\/\/i0.wp.com\/www.gonbox.com\/wp-content\/uploads\/2023\/01\/O1CN01dfwySt1ozc7gEDvfF_2206401525296.jpg?w=750&amp;ssl=1 750w, https:\/\/i0.wp.com\/www.gonbox.com\/wp-content\/uploads\/2023\/01\/O1CN01dfwySt1ozc7gEDvfF_2206401525296.jpg?resize=699%2C400&amp;ssl=1 699w, https:\/\/i0.wp.com\/www.gonbox.com\/wp-content\/uploads\/2023\/01\/O1CN01dfwySt1ozc7gEDvfF_2206401525296.jpg?resize=510%2C292&amp;ssl=1 510w, https:\/\/i0.wp.com\/www.gonbox.com\/wp-content\/uploads\/2023\/01\/O1CN01dfwySt1ozc7gEDvfF_2206401525296.jpg?resize=100%2C57&amp;ssl=1 100w\" sizes=\"auto, (max-width: 750px) 100vw, 750px\" \/><\/p>\n<p><strong>Description du produit:<\/strong><br \/>\n1. Mode de chauffage, trois vitesses de vitesse \u00e9lev\u00e9e, moyenne et basse<br \/>\n2. Nettoyez le filtre \u00e0 double couche, filtrez la poussi\u00e8re bact\u00e9rienne, purifiez l&#039;air, respirez en toute confiance<br \/>\n3. Interrupteur d&#039;urgence, conception r\u00e9fl\u00e9chie, pas de raccourcis<br \/>\n4. Le tuyau long est l&#039;entr\u00e9e d&#039;eau et le tuyau court est la sortie d&#039;eau<br \/>\n5. Le diam\u00e8tre du tuyau principal est de 16 mm et l&#039;\u00e9paisseur de paroi du tuyau en cuivre est de 0,55 mm.<br \/>\n6. Livr\u00e9 avec une vanne de vidange pour rendre la voie navigable plus lisse<br \/>\n7. \u00c9lectrovanne\/ligne de pompe \u00e0 eau, ligne de d\u00e9tection de temp\u00e9rature ambiante<\/p>\n<p>&nbsp;<\/p>\n<p><strong>Notes d&#039;achat\uff1a<\/strong><\/p>\n<p>1. Politique d&#039;\u00e9change de base\u00a0: sauf pour les marchandises qui sont clairement indiqu\u00e9es sur la page de d\u00e9tails du produit et confirm\u00e9es au moment de l&#039;achat qu&#039;&quot;aucune raison de retour ou d&#039;\u00e9change n&#039;est prise en charge&quot;. Les produits sur la colonne GONBOX peuvent demander un remplacement sous r\u00e9serve que les produits soient en bon \u00e9tat, inutilis\u00e9s ou endommag\u00e9s, et que les accessoires soient complets<\/p>\n<p>2.Pour plus de d\u00e9tails sur la garantie, veuillez vous reporter \u00e0\u00a0: &quot;R\u00e8gles de garantie globale GONBOX&quot;\u00a0\u00a0<a href=\"https:\/\/www.gonbox.com\/fr\/gonbox-product-warranty-terms\/\">https:\/\/www.gonbox.com\/gonbox-product-warranty-terms\/<\/a><br \/>\n(Remarque : vous devez supporter vous-m\u00eame les frais d&#039;exp\u00e9dition de remplacement)<\/p>\n<p>3.\u00a0Commande par correspondance\u00a0: veuillez lire les \u00ab\u00a0Instructions de r\u00e9f\u00e9rence sur les prix de la logistique globale\u00a0\u00bb\u00a0<a href=\"https:\/\/www.gonbox.com\/fr\/global-logistics-price-reference-instructions\/\">https:\/\/www.gonbox.com\/global-logistics-price-reference-instructions\/<\/a><\/p>","protected":false},"excerpt":{"rendered":"<p>Nombre de tubes cuivre : 28<br \/>\nPuissance moteur : 18W<br \/>\nZone applicable : 35\u33a1<\/p>","protected":false},"featured_media":2903,"comment_status":"open","ping_status":"closed","template":"","meta":[],"product_cat":[15,79],"product_tag":[],"class_list":["post-2352","product","type-product","status-publish","has-post-thumbnail","hentry","product_cat-oil-cooling-mall","product_cat-all"],"yoast_head":"<!-- This site is optimized with the Yoast SEO plugin v20.2.1 - https:\/\/yoast.com\/wordpress\/plugins\/seo\/ -->\n<title>Water Air Conditioner Wall Mounted - Gonbox<\/title>\n<meta name=\"description\" content=\"Number of copper tubes: 28,Motor power: 18W,Applicable area: 35\u33a1\" \/>\n<meta name=\"robots\" content=\"index, follow, max-snippet:-1, max-image-preview:large, max-video-preview:-1\" \/>\n<link rel=\"canonical\" href=\"https:\/\/www.gonbox.com\/fr\/produit\/air-conditioner-wall-mount\/\" \/>\n<meta property=\"og:locale\" content=\"fr_FR\" \/>\n<meta property=\"og:type\" content=\"article\" \/>\n<meta property=\"og:title\" content=\"Water Air Conditioner Wall Mounted - Gonbox\" \/>\n<meta property=\"og:description\" content=\"Number of copper tubes: 28,Motor power: 18W,Applicable area: 35\u33a1\" \/>\n<meta property=\"og:url\" content=\"https:\/\/www.gonbox.com\/fr\/produit\/air-conditioner-wall-mount\/\" \/>\n<meta property=\"og:site_name\" content=\"Gonbox\" \/>\n<meta property=\"article:publisher\" content=\"https:\/\/www.facebook.com\/gonboxmining\/\" \/>\n<meta property=\"article:modified_time\" content=\"2023-02-18T14:35:25+00:00\" \/>\n<meta property=\"og:image\" content=\"https:\/\/www.gonbox.com\/wp-content\/uploads\/2023\/01\/\u5fae\u4fe1\u56fe\u7247_20230113163326.jpg\" \/>\n\t<meta property=\"og:image:width\" content=\"800\" \/>\n\t<meta property=\"og:image:height\" content=\"800\" \/>\n\t<meta property=\"og:image:type\" content=\"image\/jpeg\" \/>\n<meta name=\"twitter:card\" content=\"summary_large_image\" \/>\n<meta name=\"twitter:site\" content=\"@gonbox_com\" \/>\n<meta name=\"twitter:label1\" content=\"Dur\u00e9e de lecture estim\u00e9e\" \/>\n\t<meta name=\"twitter:data1\" content=\"2 minutes\" \/>\n<script type=\"application\/ld+json\" class=\"yoast-schema-graph\">{\"@context\":\"https:\/\/schema.org\",\"@graph\":[{\"@type\":\"WebPage\",\"@id\":\"https:\/\/www.gonbox.com\/product\/air-conditioner-wall-mount\/\",\"url\":\"https:\/\/www.gonbox.com\/product\/air-conditioner-wall-mount\/\",\"name\":\"Water Air Conditioner Wall Mounted - Gonbox\",\"isPartOf\":{\"@id\":\"https:\/\/www.gonbox.com\/#website\"},\"datePublished\":\"2023-01-01T03:42:07+00:00\",\"dateModified\":\"2023-02-18T14:35:25+00:00\",\"description\":\"Number of copper tubes: 28,Motor power: 18W,Applicable area: 35\u33a1\",\"breadcrumb\":{\"@id\":\"https:\/\/www.gonbox.com\/product\/air-conditioner-wall-mount\/#breadcrumb\"},\"inLanguage\":\"fr-FR\",\"potentialAction\":[{\"@type\":\"ReadAction\",\"target\":[\"https:\/\/www.gonbox.com\/product\/air-conditioner-wall-mount\/\"]}]},{\"@type\":\"BreadcrumbList\",\"@id\":\"https:\/\/www.gonbox.com\/product\/air-conditioner-wall-mount\/#breadcrumb\",\"itemListElement\":[{\"@type\":\"ListItem\",\"position\":1,\"name\":\"\u9996\u9875\",\"item\":\"https:\/\/www.gonbox.com\/\"},{\"@type\":\"ListItem\",\"position\":2,\"name\":\"Shop\",\"item\":\"https:\/\/www.gonbox.com\/shop\/\"},{\"@type\":\"ListItem\",\"position\":3,\"name\":\"Water Air Conditioner Wall Mounted\"}]},{\"@type\":\"WebSite\",\"@id\":\"https:\/\/www.gonbox.com\/#website\",\"url\":\"https:\/\/www.gonbox.com\/\",\"name\":\"Gonbox\",\"description\":\"Everyone Can Mine Bitcoin\",\"publisher\":{\"@id\":\"https:\/\/www.gonbox.com\/#organization\"},\"potentialAction\":[{\"@type\":\"SearchAction\",\"target\":{\"@type\":\"EntryPoint\",\"urlTemplate\":\"https:\/\/www.gonbox.com\/?s={search_term_string}\"},\"query-input\":\"required name=search_term_string\"}],\"inLanguage\":\"fr-FR\"},{\"@type\":\"Organization\",\"@id\":\"https:\/\/www.gonbox.com\/#organization\",\"name\":\"GONBOX GROUP INC\",\"url\":\"https:\/\/www.gonbox.com\/\",\"logo\":{\"@type\":\"ImageObject\",\"inLanguage\":\"fr-FR\",\"@id\":\"https:\/\/www.gonbox.com\/#\/schema\/logo\/image\/\",\"url\":\"https:\/\/5n57c6.p3cdn1.secureserver.net\/wp-content\/uploads\/2022\/12\/logo.png?time=1669965474\",\"contentUrl\":\"https:\/\/5n57c6.p3cdn1.secureserver.net\/wp-content\/uploads\/2022\/12\/logo.png?time=1669965474\",\"width\":130,\"height\":84,\"caption\":\"GONBOX GROUP INC\"},\"image\":{\"@id\":\"https:\/\/www.gonbox.com\/#\/schema\/logo\/image\/\"},\"sameAs\":[\"https:\/\/www.facebook.com\/gonboxmining\/\",\"https:\/\/twitter.com\/gonbox_com\"]}]}<\/script>\n<!-- \/ Yoast SEO plugin. -->","yoast_head_json":{"title":"Water Air Conditioner Wall Mounted - Gonbox","description":"Number of copper tubes: 28,Motor power: 18W,Applicable area: 35\u33a1","robots":{"index":"index","follow":"follow","max-snippet":"max-snippet:-1","max-image-preview":"max-image-preview:large","max-video-preview":"max-video-preview:-1"},"canonical":"https:\/\/www.gonbox.com\/fr\/produit\/air-conditioner-wall-mount\/","og_locale":"fr_FR","og_type":"article","og_title":"Water Air Conditioner Wall Mounted - Gonbox","og_description":"Number of copper tubes: 28,Motor power: 18W,Applicable area: 35\u33a1","og_url":"https:\/\/www.gonbox.com\/fr\/produit\/air-conditioner-wall-mount\/","og_site_name":"Gonbox","article_publisher":"https:\/\/www.facebook.com\/gonboxmining\/","article_modified_time":"2023-02-18T14:35:25+00:00","og_image":[{"width":800,"height":800,"url":"https:\/\/www.gonbox.com\/wp-content\/uploads\/2023\/01\/\u5fae\u4fe1\u56fe\u7247_20230113163326.jpg","type":"image\/jpeg"}],"twitter_card":"summary_large_image","twitter_site":"@gonbox_com","twitter_misc":{"Dur\u00e9e de lecture estim\u00e9e":"2 minutes"},"schema":{"@context":"https:\/\/schema.org","@graph":[{"@type":"WebPage","@id":"https:\/\/www.gonbox.com\/product\/air-conditioner-wall-mount\/","url":"https:\/\/www.gonbox.com\/product\/air-conditioner-wall-mount\/","name":"Water Air Conditioner Wall Mounted - Gonbox","isPartOf":{"@id":"https:\/\/www.gonbox.com\/#website"},"datePublished":"2023-01-01T03:42:07+00:00","dateModified":"2023-02-18T14:35:25+00:00","description":"Number of copper tubes: 28,Motor power: 18W,Applicable area: 35\u33a1","breadcrumb":{"@id":"https:\/\/www.gonbox.com\/product\/air-conditioner-wall-mount\/#breadcrumb"},"inLanguage":"fr-FR","potentialAction":[{"@type":"ReadAction","target":["https:\/\/www.gonbox.com\/product\/air-conditioner-wall-mount\/"]}]},{"@type":"BreadcrumbList","@id":"https:\/\/www.gonbox.com\/product\/air-conditioner-wall-mount\/#breadcrumb","itemListElement":[{"@type":"ListItem","position":1,"name":"\u9996\u9875","item":"https:\/\/www.gonbox.com\/"},{"@type":"ListItem","position":2,"name":"Shop","item":"https:\/\/www.gonbox.com\/shop\/"},{"@type":"ListItem","position":3,"name":"Water Air Conditioner Wall Mounted"}]},{"@type":"WebSite","@id":"https:\/\/www.gonbox.com\/#website","url":"https:\/\/www.gonbox.com\/","name":"Gonbox","description":"Everyone Can Mine Bitcoin","publisher":{"@id":"https:\/\/www.gonbox.com\/#organization"},"potentialAction":[{"@type":"SearchAction","target":{"@type":"EntryPoint","urlTemplate":"https:\/\/www.gonbox.com\/?s={search_term_string}"},"query-input":"required name=search_term_string"}],"inLanguage":"fr-FR"},{"@type":"Organization","@id":"https:\/\/www.gonbox.com\/#organization","name":"GONBOX GROUP INC","url":"https:\/\/www.gonbox.com\/","logo":{"@type":"ImageObject","inLanguage":"fr-FR","@id":"https:\/\/www.gonbox.com\/#\/schema\/logo\/image\/","url":"https:\/\/5n57c6.p3cdn1.secureserver.net\/wp-content\/uploads\/2022\/12\/logo.png?time=1669965474","contentUrl":"https:\/\/5n57c6.p3cdn1.secureserver.net\/wp-content\/uploads\/2022\/12\/logo.png?time=1669965474","width":130,"height":84,"caption":"GONBOX GROUP INC"},"image":{"@id":"https:\/\/www.gonbox.com\/#\/schema\/logo\/image\/"},"sameAs":["https:\/\/www.facebook.com\/gonboxmining\/","https:\/\/twitter.com\/gonbox_com"]}]}},"jetpack_sharing_enabled":true,"_links":{"self":[{"href":"https:\/\/www.gonbox.com\/fr\/wp-json\/wp\/v2\/product\/2352","targetHints":{"allow":["GET"]}}],"collection":[{"href":"https:\/\/www.gonbox.com\/fr\/wp-json\/wp\/v2\/product"}],"about":[{"href":"https:\/\/www.gonbox.com\/fr\/wp-json\/wp\/v2\/types\/product"}],"replies":[{"embeddable":true,"href":"https:\/\/www.gonbox.com\/fr\/wp-json\/wp\/v2\/comments?post=2352"}],"wp:featuredmedia":[{"embeddable":true,"href":"https:\/\/www.gonbox.com\/fr\/wp-json\/wp\/v2\/media\/2903"}],"wp:attachment":[{"href":"https:\/\/www.gonbox.com\/fr\/wp-json\/wp\/v2\/media?parent=2352"}],"wp:term":[{"taxonomy":"product_cat","embeddable":true,"href":"https:\/\/www.gonbox.com\/fr\/wp-json\/wp\/v2\/product_cat?post=2352"},{"taxonomy":"product_tag","embeddable":true,"href":"https:\/\/www.gonbox.com\/fr\/wp-json\/wp\/v2\/product_tag?post=2352"}],"curies":[{"name":"wp","href":"https:\/\/api.w.org\/{rel}","templated":true}]}}