{"id":3041,"date":"2023-01-31T07:38:22","date_gmt":"2023-01-31T02:38:22","guid":{"rendered":"https:\/\/www.gonbox.com\/?post_type=product&#038;p=3041"},"modified":"2026-05-02T21:23:45","modified_gmt":"2026-05-02T16:23:45","slug":"group-prepaid","status":"publish","type":"product","link":"https:\/\/www.gonbox.com\/fr\/produit\/group-prepaid\/","title":{"rendered":"Groupe pr\u00e9pay\u00e9"},"content":{"rendered":"<p><strong>Groupe pr\u00e9pay\u00e9<\/strong><\/p>\n<p><strong>Participer aux activit\u00e9s maintenant :<\/strong><br \/>\n<strong>Combattez pour 1 000 commandes, le prix sera de 10%\u00a0!<\/strong><br \/>\n<strong>Combats pour 3 000 commandes, le prix sera de 20%\u00a0!<\/strong><br \/>\n<strong>Ne payez plus que $188, vous pouvez vous inscrire pour rejoindre le groupe, le site officiel et la boutique Amazon participent \u00e0 l&#039;inscription \u00e0 l&#039;\u00e9v\u00e9nement en m\u00eame temps !<\/strong><\/p>\n<p><strong>Les frais d&#039;inscription serviront \u00e0 compenser le co\u00fbt de la commande, et l&#039;utilisateur pourra r\u00e9gler le montant correspondant avant la livraison !<\/strong><\/p>\n<p><strong>The group buying activity ends on April 30, and the shipment begins!<\/strong><\/p>\n<p>F2\u00a0:<a href=\"https:\/\/www.gonbox.com\/fr\/produit\/f2\/\">https:\/\/www.gonbox.com\/product\/f2\/<\/a><\/p>\n<p>F2 PLUS\u00a0:<a href=\"https:\/\/www.gonbox.com\/fr\/produit\/f2-plus\/\">https:\/\/www.gonbox.com\/product\/f2-plus\/<\/a><\/p>\n<p>F2 PRO\u00a0:<a href=\"https:\/\/www.gonbox.com\/fr\/produit\/f2-pro\/\">https:\/\/www.gonbox.com\/product\/f2-pro\/<\/a><\/p>\n<p>&nbsp;<\/p>\n<p><strong>Notes d&#039;achat\uff1a<\/strong><\/p>\n<p>1. Politique d&#039;\u00e9change de base\u00a0: sauf pour les marchandises qui sont clairement indiqu\u00e9es sur la page de d\u00e9tails du produit et confirm\u00e9es au moment de l&#039;achat qu&#039;&quot;aucune raison de retour ou d&#039;\u00e9change n&#039;est prise en charge&quot;. Les produits sur la colonne GONBOX peuvent demander un remplacement sous r\u00e9serve que les produits soient en bon \u00e9tat, inutilis\u00e9s ou endommag\u00e9s, et que les accessoires soient complets<\/p>\n<p>2.Pour plus de d\u00e9tails sur la garantie, veuillez vous reporter \u00e0\u00a0: &quot;R\u00e8gles de garantie globale GONBOX&quot;\u00a0\u00a0<a href=\"https:\/\/www.gonbox.com\/fr\/gonbox-product-warranty-terms\/\">https:\/\/www.gonbox.com\/gonbox-product-warranty-terms\/<\/a><br \/>\n(Remarque : vous devez supporter vous-m\u00eame les frais d&#039;exp\u00e9dition de remplacement)<\/p>\n<p>3.\u00a0Commande par correspondance\u00a0: veuillez lire les \u00ab\u00a0Instructions de r\u00e9f\u00e9rence sur les prix de la logistique globale\u00a0\u00bb\u00a0<a href=\"https:\/\/www.gonbox.com\/fr\/global-logistics-price-reference-instructions\/\">https:\/\/www.gonbox.com\/global-logistics-price-reference-instructions\/<\/a><\/p>","protected":false},"excerpt":{"rendered":"<p>Combattez pour 1 000 commandes, le prix sera de 10%\u00a0!<\/p>\n<p>Combats pour 3 000 commandes, le prix sera de 20%\u00a0!<\/p>","protected":false},"featured_media":3055,"comment_status":"open","ping_status":"closed","template":"","meta":[],"product_cat":[79,69],"product_tag":[],"class_list":["post-3041","product","type-product","status-publish","has-post-thumbnail","hentry","product_cat-all","product_cat-oil-cooling"],"yoast_head":"<!-- This site is optimized with the Yoast SEO plugin v20.2.1 - https:\/\/yoast.com\/wordpress\/plugins\/seo\/ -->\n<title>Group prepaid - Gonbox<\/title>\n<meta name=\"description\" content=\"Gonbox, not only can mine Bitcoin, but also convert the heat of the mining machine into supplying hot water and heating to solve the needs of domestic hot water, floor heating and bathing.\" \/>\n<meta name=\"robots\" content=\"index, follow, max-snippet:-1, max-image-preview:large, max-video-preview:-1\" \/>\n<link rel=\"canonical\" href=\"https:\/\/www.gonbox.com\/fr\/produit\/group-prepaid\/\" \/>\n<meta property=\"og:locale\" content=\"fr_FR\" \/>\n<meta property=\"og:type\" content=\"article\" \/>\n<meta property=\"og:title\" content=\"Group prepaid - Gonbox\" \/>\n<meta property=\"og:description\" content=\"Gonbox, not only can mine Bitcoin, but also convert the heat of the mining machine into supplying hot water and heating to solve the needs of domestic hot water, floor heating and bathing.\" \/>\n<meta property=\"og:url\" content=\"https:\/\/www.gonbox.com\/fr\/produit\/group-prepaid\/\" \/>\n<meta property=\"og:site_name\" content=\"Gonbox\" \/>\n<meta property=\"article:publisher\" content=\"https:\/\/www.facebook.com\/gonboxmining\/\" \/>\n<meta property=\"article:modified_time\" content=\"2026-05-02T16:23:45+00:00\" \/>\n<meta property=\"og:image\" content=\"https:\/\/www.gonbox.com\/wp-content\/uploads\/2023\/01\/3163d8afe4f353.jpg\" \/>\n\t<meta property=\"og:image:width\" content=\"800\" \/>\n\t<meta property=\"og:image:height\" content=\"1000\" \/>\n\t<meta property=\"og:image:type\" content=\"image\/jpeg\" \/>\n<meta name=\"twitter:card\" content=\"summary_large_image\" \/>\n<meta name=\"twitter:site\" content=\"@gonbox_com\" \/>\n<meta name=\"twitter:label1\" content=\"Dur\u00e9e de lecture estim\u00e9e\" \/>\n\t<meta name=\"twitter:data1\" content=\"1 minute\" \/>\n<script type=\"application\/ld+json\" class=\"yoast-schema-graph\">{\"@context\":\"https:\/\/schema.org\",\"@graph\":[{\"@type\":\"WebPage\",\"@id\":\"https:\/\/www.gonbox.com\/product\/group-prepaid\/\",\"url\":\"https:\/\/www.gonbox.com\/product\/group-prepaid\/\",\"name\":\"Group prepaid - Gonbox\",\"isPartOf\":{\"@id\":\"https:\/\/www.gonbox.com\/#website\"},\"datePublished\":\"2023-01-31T02:38:22+00:00\",\"dateModified\":\"2026-05-02T16:23:45+00:00\",\"description\":\"Gonbox, not only can mine Bitcoin, but also convert the heat of the mining machine into supplying hot water and heating to solve the needs of domestic hot water, floor heating and bathing.\",\"breadcrumb\":{\"@id\":\"https:\/\/www.gonbox.com\/product\/group-prepaid\/#breadcrumb\"},\"inLanguage\":\"fr-FR\",\"potentialAction\":[{\"@type\":\"ReadAction\",\"target\":[\"https:\/\/www.gonbox.com\/product\/group-prepaid\/\"]}]},{\"@type\":\"BreadcrumbList\",\"@id\":\"https:\/\/www.gonbox.com\/product\/group-prepaid\/#breadcrumb\",\"itemListElement\":[{\"@type\":\"ListItem\",\"position\":1,\"name\":\"\u9996\u9875\",\"item\":\"https:\/\/www.gonbox.com\/\"},{\"@type\":\"ListItem\",\"position\":2,\"name\":\"Shop\",\"item\":\"https:\/\/www.gonbox.com\/shop\/\"},{\"@type\":\"ListItem\",\"position\":3,\"name\":\"Group prepaid\"}]},{\"@type\":\"WebSite\",\"@id\":\"https:\/\/www.gonbox.com\/#website\",\"url\":\"https:\/\/www.gonbox.com\/\",\"name\":\"Gonbox\",\"description\":\"Everyone Can Mine Bitcoin\",\"publisher\":{\"@id\":\"https:\/\/www.gonbox.com\/#organization\"},\"potentialAction\":[{\"@type\":\"SearchAction\",\"target\":{\"@type\":\"EntryPoint\",\"urlTemplate\":\"https:\/\/www.gonbox.com\/?s={search_term_string}\"},\"query-input\":\"required name=search_term_string\"}],\"inLanguage\":\"fr-FR\"},{\"@type\":\"Organization\",\"@id\":\"https:\/\/www.gonbox.com\/#organization\",\"name\":\"GONBOX GROUP INC\",\"url\":\"https:\/\/www.gonbox.com\/\",\"logo\":{\"@type\":\"ImageObject\",\"inLanguage\":\"fr-FR\",\"@id\":\"https:\/\/www.gonbox.com\/#\/schema\/logo\/image\/\",\"url\":\"https:\/\/5n57c6.p3cdn1.secureserver.net\/wp-content\/uploads\/2022\/12\/logo.png?time=1669965474\",\"contentUrl\":\"https:\/\/5n57c6.p3cdn1.secureserver.net\/wp-content\/uploads\/2022\/12\/logo.png?time=1669965474\",\"width\":130,\"height\":84,\"caption\":\"GONBOX GROUP INC\"},\"image\":{\"@id\":\"https:\/\/www.gonbox.com\/#\/schema\/logo\/image\/\"},\"sameAs\":[\"https:\/\/www.facebook.com\/gonboxmining\/\",\"https:\/\/twitter.com\/gonbox_com\"]}]}<\/script>\n<!-- \/ Yoast SEO plugin. -->","yoast_head_json":{"title":"Group prepaid - Gonbox","description":"Gonbox, not only can mine Bitcoin, but also convert the heat of the mining machine into supplying hot water and heating to solve the needs of domestic hot water, floor heating and bathing.","robots":{"index":"index","follow":"follow","max-snippet":"max-snippet:-1","max-image-preview":"max-image-preview:large","max-video-preview":"max-video-preview:-1"},"canonical":"https:\/\/www.gonbox.com\/fr\/produit\/group-prepaid\/","og_locale":"fr_FR","og_type":"article","og_title":"Group prepaid - Gonbox","og_description":"Gonbox, not only can mine Bitcoin, but also convert the heat of the mining machine into supplying hot water and heating to solve the needs of domestic hot water, floor heating and bathing.","og_url":"https:\/\/www.gonbox.com\/fr\/produit\/group-prepaid\/","og_site_name":"Gonbox","article_publisher":"https:\/\/www.facebook.com\/gonboxmining\/","article_modified_time":"2026-05-02T16:23:45+00:00","og_image":[{"width":800,"height":1000,"url":"https:\/\/www.gonbox.com\/wp-content\/uploads\/2023\/01\/3163d8afe4f353.jpg","type":"image\/jpeg"}],"twitter_card":"summary_large_image","twitter_site":"@gonbox_com","twitter_misc":{"Dur\u00e9e de lecture estim\u00e9e":"1 minute"},"schema":{"@context":"https:\/\/schema.org","@graph":[{"@type":"WebPage","@id":"https:\/\/www.gonbox.com\/product\/group-prepaid\/","url":"https:\/\/www.gonbox.com\/product\/group-prepaid\/","name":"Group prepaid - Gonbox","isPartOf":{"@id":"https:\/\/www.gonbox.com\/#website"},"datePublished":"2023-01-31T02:38:22+00:00","dateModified":"2026-05-02T16:23:45+00:00","description":"Gonbox, not only can mine Bitcoin, but also convert the heat of the mining machine into supplying hot water and heating to solve the needs of domestic hot water, floor heating and bathing.","breadcrumb":{"@id":"https:\/\/www.gonbox.com\/product\/group-prepaid\/#breadcrumb"},"inLanguage":"fr-FR","potentialAction":[{"@type":"ReadAction","target":["https:\/\/www.gonbox.com\/product\/group-prepaid\/"]}]},{"@type":"BreadcrumbList","@id":"https:\/\/www.gonbox.com\/product\/group-prepaid\/#breadcrumb","itemListElement":[{"@type":"ListItem","position":1,"name":"\u9996\u9875","item":"https:\/\/www.gonbox.com\/"},{"@type":"ListItem","position":2,"name":"Shop","item":"https:\/\/www.gonbox.com\/shop\/"},{"@type":"ListItem","position":3,"name":"Group prepaid"}]},{"@type":"WebSite","@id":"https:\/\/www.gonbox.com\/#website","url":"https:\/\/www.gonbox.com\/","name":"Gonbox","description":"Everyone Can Mine Bitcoin","publisher":{"@id":"https:\/\/www.gonbox.com\/#organization"},"potentialAction":[{"@type":"SearchAction","target":{"@type":"EntryPoint","urlTemplate":"https:\/\/www.gonbox.com\/?s={search_term_string}"},"query-input":"required name=search_term_string"}],"inLanguage":"fr-FR"},{"@type":"Organization","@id":"https:\/\/www.gonbox.com\/#organization","name":"GONBOX GROUP INC","url":"https:\/\/www.gonbox.com\/","logo":{"@type":"ImageObject","inLanguage":"fr-FR","@id":"https:\/\/www.gonbox.com\/#\/schema\/logo\/image\/","url":"https:\/\/5n57c6.p3cdn1.secureserver.net\/wp-content\/uploads\/2022\/12\/logo.png?time=1669965474","contentUrl":"https:\/\/5n57c6.p3cdn1.secureserver.net\/wp-content\/uploads\/2022\/12\/logo.png?time=1669965474","width":130,"height":84,"caption":"GONBOX GROUP INC"},"image":{"@id":"https:\/\/www.gonbox.com\/#\/schema\/logo\/image\/"},"sameAs":["https:\/\/www.facebook.com\/gonboxmining\/","https:\/\/twitter.com\/gonbox_com"]}]}},"jetpack_sharing_enabled":true,"_links":{"self":[{"href":"https:\/\/www.gonbox.com\/fr\/wp-json\/wp\/v2\/product\/3041","targetHints":{"allow":["GET"]}}],"collection":[{"href":"https:\/\/www.gonbox.com\/fr\/wp-json\/wp\/v2\/product"}],"about":[{"href":"https:\/\/www.gonbox.com\/fr\/wp-json\/wp\/v2\/types\/product"}],"replies":[{"embeddable":true,"href":"https:\/\/www.gonbox.com\/fr\/wp-json\/wp\/v2\/comments?post=3041"}],"wp:featuredmedia":[{"embeddable":true,"href":"https:\/\/www.gonbox.com\/fr\/wp-json\/wp\/v2\/media\/3055"}],"wp:attachment":[{"href":"https:\/\/www.gonbox.com\/fr\/wp-json\/wp\/v2\/media?parent=3041"}],"wp:term":[{"taxonomy":"product_cat","embeddable":true,"href":"https:\/\/www.gonbox.com\/fr\/wp-json\/wp\/v2\/product_cat?post=3041"},{"taxonomy":"product_tag","embeddable":true,"href":"https:\/\/www.gonbox.com\/fr\/wp-json\/wp\/v2\/product_tag?post=3041"}],"curies":[{"name":"wp","href":"https:\/\/api.w.org\/{rel}","templated":true}]}}