{"id":3052,"date":"2023-01-31T12:07:11","date_gmt":"2023-01-31T07:07:11","guid":{"rendered":"https:\/\/www.gonbox.com\/?post_type=product&#038;p=3052"},"modified":"2026-03-07T23:40:47","modified_gmt":"2026-03-07T18:40:47","slug":"f2","status":"publish","type":"product","link":"https:\/\/www.gonbox.com\/fr\/produit\/f2\/","title":{"rendered":"F2"},"content":{"rendered":"<p>GONBOX Un artefact d&#039;extraction de bitcoins que les jeunes adorent, extrayez facilement des bitcoins \u00e0 la maison\u00a0!<\/p>\n<p>F2 Gauche 45\u00b0<br \/>\n<img data-recalc-dims=\"1\" loading=\"lazy\" decoding=\"async\" class=\"alignnone size-medium wp-image-2897 lazy-load-active\" src=\"https:\/\/i0.wp.com\/www.gonbox.com\/wp-content\/uploads\/2022\/12\/2-13.jpg?resize=800%2C800&#038;ssl=1\" alt=\"\" width=\"800\" height=\"800\" data-src=\"https:\/\/www.gonbox.com\/wp-content\/uploads\/2022\/12\/2-13.jpg\" data-srcset=\"https:\/\/i0.wp.com\/www.gonbox.com\/wp-content\/uploads\/2022\/12\/2-13.jpg?w=800&amp;ssl=1 800w, https:\/\/i0.wp.com\/www.gonbox.com\/wp-content\/uploads\/2022\/12\/2-13.jpg?resize=400%2C400&amp;ssl=1 400w, https:\/\/i0.wp.com\/www.gonbox.com\/wp-content\/uploads\/2022\/12\/2-13.jpg?resize=280%2C280&amp;ssl=1 280w, https:\/\/i0.wp.com\/www.gonbox.com\/wp-content\/uploads\/2022\/12\/2-13.jpg?resize=768%2C768&amp;ssl=1 768w, https:\/\/i0.wp.com\/www.gonbox.com\/wp-content\/uploads\/2022\/12\/2-13.jpg?resize=510%2C510&amp;ssl=1 510w, https:\/\/i0.wp.com\/www.gonbox.com\/wp-content\/uploads\/2022\/12\/2-13.jpg?resize=100%2C100&amp;ssl=1 100w, https:\/\/i0.wp.com\/www.gonbox.com\/wp-content\/uploads\/2022\/12\/2-13.jpg?resize=50%2C50&amp;ssl=1 50w\" srcset=\"https:\/\/i0.wp.com\/www.gonbox.com\/wp-content\/uploads\/2022\/12\/2-13.jpg?w=800&amp;ssl=1 800w, https:\/\/i0.wp.com\/www.gonbox.com\/wp-content\/uploads\/2022\/12\/2-13.jpg?resize=400%2C400&amp;ssl=1 400w, https:\/\/i0.wp.com\/www.gonbox.com\/wp-content\/uploads\/2022\/12\/2-13.jpg?resize=280%2C280&amp;ssl=1 280w, https:\/\/i0.wp.com\/www.gonbox.com\/wp-content\/uploads\/2022\/12\/2-13.jpg?resize=768%2C768&amp;ssl=1 768w, https:\/\/i0.wp.com\/www.gonbox.com\/wp-content\/uploads\/2022\/12\/2-13.jpg?resize=510%2C510&amp;ssl=1 510w, https:\/\/i0.wp.com\/www.gonbox.com\/wp-content\/uploads\/2022\/12\/2-13.jpg?resize=100%2C100&amp;ssl=1 100w, https:\/\/i0.wp.com\/www.gonbox.com\/wp-content\/uploads\/2022\/12\/2-13.jpg?resize=50%2C50&amp;ssl=1 50w\" sizes=\"auto, (max-width: 800px) 100vw, 800px\" \/><\/p>\n<p>&nbsp;<\/p>\n<p>F2 Droite 45\u00b0<\/p>\n<p><img data-recalc-dims=\"1\" loading=\"lazy\" decoding=\"async\" class=\"alignnone size-medium wp-image-2900 lazy-load-active\" src=\"https:\/\/i0.wp.com\/www.gonbox.com\/wp-content\/uploads\/2022\/12\/5-9.jpg?resize=800%2C800&#038;ssl=1\" alt=\"\" width=\"800\" height=\"800\" data-src=\"https:\/\/www.gonbox.com\/wp-content\/uploads\/2022\/12\/5-9.jpg\" data-srcset=\"https:\/\/i0.wp.com\/www.gonbox.com\/wp-content\/uploads\/2022\/12\/5-9.jpg?w=800&amp;ssl=1 800w, https:\/\/i0.wp.com\/www.gonbox.com\/wp-content\/uploads\/2022\/12\/5-9.jpg?resize=400%2C400&amp;ssl=1 400w, https:\/\/i0.wp.com\/www.gonbox.com\/wp-content\/uploads\/2022\/12\/5-9.jpg?resize=280%2C280&amp;ssl=1 280w, https:\/\/i0.wp.com\/www.gonbox.com\/wp-content\/uploads\/2022\/12\/5-9.jpg?resize=768%2C768&amp;ssl=1 768w, https:\/\/i0.wp.com\/www.gonbox.com\/wp-content\/uploads\/2022\/12\/5-9.jpg?resize=510%2C510&amp;ssl=1 510w, https:\/\/i0.wp.com\/www.gonbox.com\/wp-content\/uploads\/2022\/12\/5-9.jpg?resize=100%2C100&amp;ssl=1 100w, https:\/\/i0.wp.com\/www.gonbox.com\/wp-content\/uploads\/2022\/12\/5-9.jpg?resize=50%2C50&amp;ssl=1 50w\" srcset=\"https:\/\/i0.wp.com\/www.gonbox.com\/wp-content\/uploads\/2022\/12\/5-9.jpg?w=800&amp;ssl=1 800w, https:\/\/i0.wp.com\/www.gonbox.com\/wp-content\/uploads\/2022\/12\/5-9.jpg?resize=400%2C400&amp;ssl=1 400w, https:\/\/i0.wp.com\/www.gonbox.com\/wp-content\/uploads\/2022\/12\/5-9.jpg?resize=280%2C280&amp;ssl=1 280w, https:\/\/i0.wp.com\/www.gonbox.com\/wp-content\/uploads\/2022\/12\/5-9.jpg?resize=768%2C768&amp;ssl=1 768w, https:\/\/i0.wp.com\/www.gonbox.com\/wp-content\/uploads\/2022\/12\/5-9.jpg?resize=510%2C510&amp;ssl=1 510w, https:\/\/i0.wp.com\/www.gonbox.com\/wp-content\/uploads\/2022\/12\/5-9.jpg?resize=100%2C100&amp;ssl=1 100w, https:\/\/i0.wp.com\/www.gonbox.com\/wp-content\/uploads\/2022\/12\/5-9.jpg?resize=50%2C50&amp;ssl=1 50w\" sizes=\"auto, (max-width: 800px) 100vw, 800px\" \/><\/p>\n<p>Diagramme divis\u00e9 tridimensionnel F2 refroidi \u00e0 l&#039;huile<\/p>\n<p><img data-recalc-dims=\"1\" loading=\"lazy\" decoding=\"async\" class=\"alignnone size-full wp-image-2984 lazy-load-active\" src=\"https:\/\/i0.wp.com\/www.gonbox.com\/wp-content\/uploads\/2022\/12\/1763c5ff4820de.jpg?resize=800%2C800&#038;ssl=1\" alt=\"\" width=\"800\" height=\"800\" data-src=\"https:\/\/www.gonbox.com\/wp-content\/uploads\/2022\/12\/1763c5ff4820de.jpg\" data-srcset=\"https:\/\/i0.wp.com\/www.gonbox.com\/wp-content\/uploads\/2022\/12\/1763c5ff4820de.jpg?w=800&amp;ssl=1 800w, https:\/\/i0.wp.com\/www.gonbox.com\/wp-content\/uploads\/2022\/12\/1763c5ff4820de.jpg?resize=400%2C400&amp;ssl=1 400w, https:\/\/i0.wp.com\/www.gonbox.com\/wp-content\/uploads\/2022\/12\/1763c5ff4820de.jpg?resize=280%2C280&amp;ssl=1 280w, https:\/\/i0.wp.com\/www.gonbox.com\/wp-content\/uploads\/2022\/12\/1763c5ff4820de.jpg?resize=768%2C768&amp;ssl=1 768w, https:\/\/i0.wp.com\/www.gonbox.com\/wp-content\/uploads\/2022\/12\/1763c5ff4820de.jpg?resize=510%2C510&amp;ssl=1 510w, https:\/\/i0.wp.com\/www.gonbox.com\/wp-content\/uploads\/2022\/12\/1763c5ff4820de.jpg?resize=100%2C100&amp;ssl=1 100w, https:\/\/i0.wp.com\/www.gonbox.com\/wp-content\/uploads\/2022\/12\/1763c5ff4820de.jpg?resize=50%2C50&amp;ssl=1 50w\" srcset=\"https:\/\/i0.wp.com\/www.gonbox.com\/wp-content\/uploads\/2022\/12\/1763c5ff4820de.jpg?w=800&amp;ssl=1 800w, https:\/\/i0.wp.com\/www.gonbox.com\/wp-content\/uploads\/2022\/12\/1763c5ff4820de.jpg?resize=400%2C400&amp;ssl=1 400w, https:\/\/i0.wp.com\/www.gonbox.com\/wp-content\/uploads\/2022\/12\/1763c5ff4820de.jpg?resize=280%2C280&amp;ssl=1 280w, https:\/\/i0.wp.com\/www.gonbox.com\/wp-content\/uploads\/2022\/12\/1763c5ff4820de.jpg?resize=768%2C768&amp;ssl=1 768w, https:\/\/i0.wp.com\/www.gonbox.com\/wp-content\/uploads\/2022\/12\/1763c5ff4820de.jpg?resize=510%2C510&amp;ssl=1 510w, https:\/\/i0.wp.com\/www.gonbox.com\/wp-content\/uploads\/2022\/12\/1763c5ff4820de.jpg?resize=100%2C100&amp;ssl=1 100w, https:\/\/i0.wp.com\/www.gonbox.com\/wp-content\/uploads\/2022\/12\/1763c5ff4820de.jpg?resize=50%2C50&amp;ssl=1 50w\" sizes=\"auto, (max-width: 800px) 100vw, 800px\" \/><img data-recalc-dims=\"1\" loading=\"lazy\" decoding=\"async\" class=\"alignnone size-medium wp-image-2985 lazy-load-active\" src=\"https:\/\/i0.wp.com\/www.gonbox.com\/wp-content\/uploads\/2022\/12\/1763c5ff487529.jpg?resize=800%2C800&#038;ssl=1\" alt=\"\" width=\"800\" height=\"800\" data-src=\"https:\/\/www.gonbox.com\/wp-content\/uploads\/2022\/12\/1763c5ff487529.jpg\" data-srcset=\"https:\/\/i0.wp.com\/www.gonbox.com\/wp-content\/uploads\/2022\/12\/1763c5ff487529.jpg?w=800&amp;ssl=1 800w, https:\/\/i0.wp.com\/www.gonbox.com\/wp-content\/uploads\/2022\/12\/1763c5ff487529.jpg?resize=400%2C400&amp;ssl=1 400w, https:\/\/i0.wp.com\/www.gonbox.com\/wp-content\/uploads\/2022\/12\/1763c5ff487529.jpg?resize=280%2C280&amp;ssl=1 280w, https:\/\/i0.wp.com\/www.gonbox.com\/wp-content\/uploads\/2022\/12\/1763c5ff487529.jpg?resize=768%2C768&amp;ssl=1 768w, https:\/\/i0.wp.com\/www.gonbox.com\/wp-content\/uploads\/2022\/12\/1763c5ff487529.jpg?resize=510%2C510&amp;ssl=1 510w, https:\/\/i0.wp.com\/www.gonbox.com\/wp-content\/uploads\/2022\/12\/1763c5ff487529.jpg?resize=100%2C100&amp;ssl=1 100w, https:\/\/i0.wp.com\/www.gonbox.com\/wp-content\/uploads\/2022\/12\/1763c5ff487529.jpg?resize=50%2C50&amp;ssl=1 50w\" srcset=\"https:\/\/i0.wp.com\/www.gonbox.com\/wp-content\/uploads\/2022\/12\/1763c5ff487529.jpg?w=800&amp;ssl=1 800w, https:\/\/i0.wp.com\/www.gonbox.com\/wp-content\/uploads\/2022\/12\/1763c5ff487529.jpg?resize=400%2C400&amp;ssl=1 400w, https:\/\/i0.wp.com\/www.gonbox.com\/wp-content\/uploads\/2022\/12\/1763c5ff487529.jpg?resize=280%2C280&amp;ssl=1 280w, https:\/\/i0.wp.com\/www.gonbox.com\/wp-content\/uploads\/2022\/12\/1763c5ff487529.jpg?resize=768%2C768&amp;ssl=1 768w, https:\/\/i0.wp.com\/www.gonbox.com\/wp-content\/uploads\/2022\/12\/1763c5ff487529.jpg?resize=510%2C510&amp;ssl=1 510w, https:\/\/i0.wp.com\/www.gonbox.com\/wp-content\/uploads\/2022\/12\/1763c5ff487529.jpg?resize=100%2C100&amp;ssl=1 100w, https:\/\/i0.wp.com\/www.gonbox.com\/wp-content\/uploads\/2022\/12\/1763c5ff487529.jpg?resize=50%2C50&amp;ssl=1 50w\" sizes=\"auto, (max-width: 800px) 100vw, 800px\" \/><\/p>\n<p>&nbsp;<\/p>\n<p>F2<\/p>\n<p><img data-recalc-dims=\"1\" loading=\"lazy\" decoding=\"async\" class=\"alignnone size-full wp-image-3198\" src=\"https:\/\/i0.wp.com\/www.gonbox.com\/wp-content\/uploads\/2023\/01\/%E5%BE%AE%E4%BF%A1%E5%9B%BE%E7%89%87_20230203163839.jpg?resize=800%2C1200&#038;ssl=1\" alt=\"\" width=\"800\" height=\"1200\" srcset=\"https:\/\/i0.wp.com\/www.gonbox.com\/wp-content\/uploads\/2023\/01\/%E5%BE%AE%E4%BF%A1%E5%9B%BE%E7%89%87_20230203163839.jpg?w=800&amp;ssl=1 800w, https:\/\/i0.wp.com\/www.gonbox.com\/wp-content\/uploads\/2023\/01\/%E5%BE%AE%E4%BF%A1%E5%9B%BE%E7%89%87_20230203163839.jpg?resize=267%2C400&amp;ssl=1 267w, https:\/\/i0.wp.com\/www.gonbox.com\/wp-content\/uploads\/2023\/01\/%E5%BE%AE%E4%BF%A1%E5%9B%BE%E7%89%87_20230203163839.jpg?resize=533%2C800&amp;ssl=1 533w, https:\/\/i0.wp.com\/www.gonbox.com\/wp-content\/uploads\/2023\/01\/%E5%BE%AE%E4%BF%A1%E5%9B%BE%E7%89%87_20230203163839.jpg?resize=768%2C1152&amp;ssl=1 768w, https:\/\/i0.wp.com\/www.gonbox.com\/wp-content\/uploads\/2023\/01\/%E5%BE%AE%E4%BF%A1%E5%9B%BE%E7%89%87_20230203163839.jpg?resize=510%2C765&amp;ssl=1 510w, https:\/\/i0.wp.com\/www.gonbox.com\/wp-content\/uploads\/2023\/01\/%E5%BE%AE%E4%BF%A1%E5%9B%BE%E7%89%87_20230203163839.jpg?resize=100%2C150&amp;ssl=1 100w\" sizes=\"auto, (max-width: 800px) 100vw, 800px\" \/><\/p>\n<p><strong>F2 Application Scenario Diagram:<\/strong><\/p>\n<p><img data-recalc-dims=\"1\" loading=\"lazy\" decoding=\"async\" class=\"alignnone size-full wp-image-3676\" src=\"https:\/\/i0.wp.com\/www.gonbox.com\/wp-content\/uploads\/2023\/01\/0.png?resize=809%2C431&#038;ssl=1\" alt=\"\" width=\"809\" height=\"431\" srcset=\"https:\/\/i0.wp.com\/www.gonbox.com\/wp-content\/uploads\/2023\/01\/0.png?w=809&amp;ssl=1 809w, https:\/\/i0.wp.com\/www.gonbox.com\/wp-content\/uploads\/2023\/01\/0.png?resize=751%2C400&amp;ssl=1 751w, https:\/\/i0.wp.com\/www.gonbox.com\/wp-content\/uploads\/2023\/01\/0.png?resize=768%2C409&amp;ssl=1 768w, https:\/\/i0.wp.com\/www.gonbox.com\/wp-content\/uploads\/2023\/01\/0.png?resize=18%2C10&amp;ssl=1 18w, https:\/\/i0.wp.com\/www.gonbox.com\/wp-content\/uploads\/2023\/01\/0.png?resize=510%2C272&amp;ssl=1 510w, https:\/\/i0.wp.com\/www.gonbox.com\/wp-content\/uploads\/2023\/01\/0.png?resize=100%2C53&amp;ssl=1 100w\" sizes=\"auto, (max-width: 809px) 100vw, 809px\" \/><\/p>\n<p>(Tips: 01 Oil-Cooled F2 , 02 Hydraulic Air Cooler \uff09<\/p>\n<p>&nbsp;<\/p>\n<p><strong>Param\u00e8tres du produit\u00a0:<\/strong><\/p>\n<table width=\"749\">\n<tbody>\n<tr>\n<td width=\"301\">Taille du cong\u00e9lateur d&#039;huile<\/td>\n<td width=\"448\">430 mm (L) * 465 mm (L) * 480 mm (H)<\/td>\n<\/tr>\n<tr>\n<td width=\"301\">Poids du cong\u00e9lateur d&#039;huile<\/td>\n<td width=\"448\">28KG<\/td>\n<\/tr>\n<tr>\n<td width=\"301\">Mod\u00e8les pris en charge<\/td>\n<td width=\"448\">Tous les mod\u00e8les de la s\u00e9rie Ant et tous les mod\u00e8les de la s\u00e9rie Shenma<\/td>\n<\/tr>\n<tr>\n<td width=\"301\">Num\u00e9ro de mineur<\/td>\n<td width=\"448\">2 unit\u00e9s<\/td>\n<\/tr>\n<tr>\n<td width=\"301\">Puissance de charge maximale<\/td>\n<td width=\"448\">8KW<\/td>\n<\/tr>\n<tr>\n<td width=\"301\">Acc\u00e8s \u00e9lectrique<\/td>\n<td width=\"448\">entr\u00e9e monophas\u00e9e 200V-240V 50\/60Hz<\/td>\n<\/tr>\n<tr>\n<td width=\"301\">Consommation de carburant<\/td>\n<td width=\"448\">56L<\/td>\n<\/tr>\n<tr>\n<td width=\"301\">Puissance de la pompe \u00e0 huile de circulation<\/td>\n<td width=\"448\">\u2264245W<\/td>\n<\/tr>\n<tr>\n<td width=\"301\">raccord d&#039;huile<\/td>\n<td width=\"448\">Interface de fil interne \u00e0 6 points<\/td>\n<\/tr>\n<tr>\n<td width=\"301\">Volume de circulation du liquide de refroidissement<\/td>\n<td width=\"448\">75L\/min<\/td>\n<\/tr>\n<\/tbody>\n<\/table>\n<p>&nbsp;<\/p>\n<p><strong>Autres fonctions\u00a0:<\/strong><\/p>\n<table>\n<thead><\/thead>\n<tbody>\n<tr>\n<td>Protection contre la surchauffe<\/td>\n<td>Oui<\/td>\n<\/tr>\n<tr>\n<td>Protection de surcharge<\/td>\n<td>Oui<\/td>\n<\/tr>\n<tr>\n<td>Fil de terre de l&#039;\u00e9quipement principal<\/td>\n<td>Oui<\/td>\n<\/tr>\n<\/tbody>\n<\/table>\n<p>&nbsp;<\/p>\n<p><strong>Notes d&#039;achat\uff1a<\/strong><\/p>\n<p>1. Politique d&#039;\u00e9change de base\u00a0: sauf pour les marchandises qui sont clairement indiqu\u00e9es sur la page de d\u00e9tails du produit et confirm\u00e9es au moment de l&#039;achat qu&#039;&quot;aucune raison de retour ou d&#039;\u00e9change n&#039;est prise en charge&quot;. Les produits sur la colonne GONBOX peuvent demander un remplacement sous r\u00e9serve que les produits soient en bon \u00e9tat, inutilis\u00e9s ou endommag\u00e9s, et que les accessoires soient complets<\/p>\n<p>2.Pour plus de d\u00e9tails sur la garantie, veuillez vous reporter \u00e0\u00a0: &quot;R\u00e8gles de garantie globale GONBOX&quot;\u00a0\u00a0<a href=\"https:\/\/www.gonbox.com\/fr\/gonbox-product-warranty-terms\/\">https:\/\/www.gonbox.com\/gonbox-product-warranty-terms\/<\/a><br \/>\n(Remarque : vous devez supporter vous-m\u00eame les frais d&#039;exp\u00e9dition de remplacement)<\/p>\n<p>3.\u00a0Commande par correspondance\u00a0: veuillez lire les \u00ab\u00a0Instructions de r\u00e9f\u00e9rence sur les prix de la logistique globale\u00a0\u00bb\u00a0<a href=\"https:\/\/www.gonbox.com\/fr\/global-logistics-price-reference-instructions\/\">https:\/\/www.gonbox.com\/global-logistics-price-reference-instructions\/<\/a><\/p>\n<p>&nbsp;<\/p>\n<p>&nbsp;<\/p>","protected":false},"excerpt":{"rendered":"<p>La puissance de charge maximale est de 8KW, ce qui peut accueillir deux machines mini\u00e8res S19-110T ou une S95T-110T (peut \u00eatre overclock\u00e9e par 60%)<\/p>","protected":false},"featured_media":3286,"comment_status":"open","ping_status":"closed","template":"","meta":[],"product_cat":[79,69],"product_tag":[],"class_list":["post-3052","product","type-product","status-publish","has-post-thumbnail","hentry","product_cat-all","product_cat-oil-cooling"],"yoast_head":"<!-- This site is optimized with the Yoast SEO plugin v20.2.1 - https:\/\/yoast.com\/wordpress\/plugins\/seo\/ -->\n<title>F2 - Gonbox<\/title>\n<meta name=\"robots\" content=\"index, follow, max-snippet:-1, max-image-preview:large, max-video-preview:-1\" \/>\n<link rel=\"canonical\" href=\"https:\/\/www.gonbox.com\/fr\/produit\/f2\/\" \/>\n<meta property=\"og:locale\" content=\"fr_FR\" \/>\n<meta property=\"og:type\" content=\"article\" \/>\n<meta property=\"og:title\" content=\"F2 - Gonbox\" \/>\n<meta property=\"og:description\" content=\"The maximum load power is 8KW, which can accommodate two S19-110T mining machines or one S95T-110T (can be overclocked by 60%)\" \/>\n<meta property=\"og:url\" content=\"https:\/\/www.gonbox.com\/fr\/produit\/f2\/\" \/>\n<meta property=\"og:site_name\" content=\"Gonbox\" \/>\n<meta property=\"article:publisher\" content=\"https:\/\/www.facebook.com\/gonboxmining\/\" \/>\n<meta property=\"article:modified_time\" content=\"2026-03-07T18:40:47+00:00\" \/>\n<meta property=\"og:image\" content=\"https:\/\/www.gonbox.com\/wp-content\/uploads\/2023\/01\/2-13.jpg\" \/>\n\t<meta property=\"og:image:width\" content=\"800\" \/>\n\t<meta property=\"og:image:height\" content=\"800\" \/>\n\t<meta property=\"og:image:type\" content=\"image\/jpeg\" \/>\n<meta name=\"twitter:card\" content=\"summary_large_image\" \/>\n<meta name=\"twitter:site\" content=\"@gonbox_com\" \/>\n<meta name=\"twitter:label1\" content=\"Dur\u00e9e de lecture estim\u00e9e\" \/>\n\t<meta name=\"twitter:data1\" content=\"3 minutes\" \/>\n<script type=\"application\/ld+json\" class=\"yoast-schema-graph\">{\"@context\":\"https:\/\/schema.org\",\"@graph\":[{\"@type\":\"WebPage\",\"@id\":\"https:\/\/www.gonbox.com\/product\/f2\/\",\"url\":\"https:\/\/www.gonbox.com\/product\/f2\/\",\"name\":\"F2 - Gonbox\",\"isPartOf\":{\"@id\":\"https:\/\/www.gonbox.com\/#website\"},\"datePublished\":\"2023-01-31T07:07:11+00:00\",\"dateModified\":\"2026-03-07T18:40:47+00:00\",\"breadcrumb\":{\"@id\":\"https:\/\/www.gonbox.com\/product\/f2\/#breadcrumb\"},\"inLanguage\":\"fr-FR\",\"potentialAction\":[{\"@type\":\"ReadAction\",\"target\":[\"https:\/\/www.gonbox.com\/product\/f2\/\"]}]},{\"@type\":\"BreadcrumbList\",\"@id\":\"https:\/\/www.gonbox.com\/product\/f2\/#breadcrumb\",\"itemListElement\":[{\"@type\":\"ListItem\",\"position\":1,\"name\":\"\u9996\u9875\",\"item\":\"https:\/\/www.gonbox.com\/\"},{\"@type\":\"ListItem\",\"position\":2,\"name\":\"Shop\",\"item\":\"https:\/\/www.gonbox.com\/shop\/\"},{\"@type\":\"ListItem\",\"position\":3,\"name\":\"F2\"}]},{\"@type\":\"WebSite\",\"@id\":\"https:\/\/www.gonbox.com\/#website\",\"url\":\"https:\/\/www.gonbox.com\/\",\"name\":\"Gonbox\",\"description\":\"Everyone Can Mine Bitcoin\",\"publisher\":{\"@id\":\"https:\/\/www.gonbox.com\/#organization\"},\"potentialAction\":[{\"@type\":\"SearchAction\",\"target\":{\"@type\":\"EntryPoint\",\"urlTemplate\":\"https:\/\/www.gonbox.com\/?s={search_term_string}\"},\"query-input\":\"required name=search_term_string\"}],\"inLanguage\":\"fr-FR\"},{\"@type\":\"Organization\",\"@id\":\"https:\/\/www.gonbox.com\/#organization\",\"name\":\"GONBOX GROUP INC\",\"url\":\"https:\/\/www.gonbox.com\/\",\"logo\":{\"@type\":\"ImageObject\",\"inLanguage\":\"fr-FR\",\"@id\":\"https:\/\/www.gonbox.com\/#\/schema\/logo\/image\/\",\"url\":\"https:\/\/5n57c6.p3cdn1.secureserver.net\/wp-content\/uploads\/2022\/12\/logo.png?time=1669965474\",\"contentUrl\":\"https:\/\/5n57c6.p3cdn1.secureserver.net\/wp-content\/uploads\/2022\/12\/logo.png?time=1669965474\",\"width\":130,\"height\":84,\"caption\":\"GONBOX GROUP INC\"},\"image\":{\"@id\":\"https:\/\/www.gonbox.com\/#\/schema\/logo\/image\/\"},\"sameAs\":[\"https:\/\/www.facebook.com\/gonboxmining\/\",\"https:\/\/twitter.com\/gonbox_com\"]}]}<\/script>\n<!-- \/ Yoast SEO plugin. -->","yoast_head_json":{"title":"F2 - Gonbox","robots":{"index":"index","follow":"follow","max-snippet":"max-snippet:-1","max-image-preview":"max-image-preview:large","max-video-preview":"max-video-preview:-1"},"canonical":"https:\/\/www.gonbox.com\/fr\/produit\/f2\/","og_locale":"fr_FR","og_type":"article","og_title":"F2 - Gonbox","og_description":"The maximum load power is 8KW, which can accommodate two S19-110T mining machines or one S95T-110T (can be overclocked by 60%)","og_url":"https:\/\/www.gonbox.com\/fr\/produit\/f2\/","og_site_name":"Gonbox","article_publisher":"https:\/\/www.facebook.com\/gonboxmining\/","article_modified_time":"2026-03-07T18:40:47+00:00","og_image":[{"width":800,"height":800,"url":"https:\/\/www.gonbox.com\/wp-content\/uploads\/2023\/01\/2-13.jpg","type":"image\/jpeg"}],"twitter_card":"summary_large_image","twitter_site":"@gonbox_com","twitter_misc":{"Dur\u00e9e de lecture estim\u00e9e":"3 minutes"},"schema":{"@context":"https:\/\/schema.org","@graph":[{"@type":"WebPage","@id":"https:\/\/www.gonbox.com\/product\/f2\/","url":"https:\/\/www.gonbox.com\/product\/f2\/","name":"F2 - Gonbox","isPartOf":{"@id":"https:\/\/www.gonbox.com\/#website"},"datePublished":"2023-01-31T07:07:11+00:00","dateModified":"2026-03-07T18:40:47+00:00","breadcrumb":{"@id":"https:\/\/www.gonbox.com\/product\/f2\/#breadcrumb"},"inLanguage":"fr-FR","potentialAction":[{"@type":"ReadAction","target":["https:\/\/www.gonbox.com\/product\/f2\/"]}]},{"@type":"BreadcrumbList","@id":"https:\/\/www.gonbox.com\/product\/f2\/#breadcrumb","itemListElement":[{"@type":"ListItem","position":1,"name":"\u9996\u9875","item":"https:\/\/www.gonbox.com\/"},{"@type":"ListItem","position":2,"name":"Shop","item":"https:\/\/www.gonbox.com\/shop\/"},{"@type":"ListItem","position":3,"name":"F2"}]},{"@type":"WebSite","@id":"https:\/\/www.gonbox.com\/#website","url":"https:\/\/www.gonbox.com\/","name":"Gonbox","description":"Everyone Can Mine Bitcoin","publisher":{"@id":"https:\/\/www.gonbox.com\/#organization"},"potentialAction":[{"@type":"SearchAction","target":{"@type":"EntryPoint","urlTemplate":"https:\/\/www.gonbox.com\/?s={search_term_string}"},"query-input":"required name=search_term_string"}],"inLanguage":"fr-FR"},{"@type":"Organization","@id":"https:\/\/www.gonbox.com\/#organization","name":"GONBOX GROUP INC","url":"https:\/\/www.gonbox.com\/","logo":{"@type":"ImageObject","inLanguage":"fr-FR","@id":"https:\/\/www.gonbox.com\/#\/schema\/logo\/image\/","url":"https:\/\/5n57c6.p3cdn1.secureserver.net\/wp-content\/uploads\/2022\/12\/logo.png?time=1669965474","contentUrl":"https:\/\/5n57c6.p3cdn1.secureserver.net\/wp-content\/uploads\/2022\/12\/logo.png?time=1669965474","width":130,"height":84,"caption":"GONBOX GROUP INC"},"image":{"@id":"https:\/\/www.gonbox.com\/#\/schema\/logo\/image\/"},"sameAs":["https:\/\/www.facebook.com\/gonboxmining\/","https:\/\/twitter.com\/gonbox_com"]}]}},"jetpack_sharing_enabled":true,"_links":{"self":[{"href":"https:\/\/www.gonbox.com\/fr\/wp-json\/wp\/v2\/product\/3052","targetHints":{"allow":["GET"]}}],"collection":[{"href":"https:\/\/www.gonbox.com\/fr\/wp-json\/wp\/v2\/product"}],"about":[{"href":"https:\/\/www.gonbox.com\/fr\/wp-json\/wp\/v2\/types\/product"}],"replies":[{"embeddable":true,"href":"https:\/\/www.gonbox.com\/fr\/wp-json\/wp\/v2\/comments?post=3052"}],"wp:featuredmedia":[{"embeddable":true,"href":"https:\/\/www.gonbox.com\/fr\/wp-json\/wp\/v2\/media\/3286"}],"wp:attachment":[{"href":"https:\/\/www.gonbox.com\/fr\/wp-json\/wp\/v2\/media?parent=3052"}],"wp:term":[{"taxonomy":"product_cat","embeddable":true,"href":"https:\/\/www.gonbox.com\/fr\/wp-json\/wp\/v2\/product_cat?post=3052"},{"taxonomy":"product_tag","embeddable":true,"href":"https:\/\/www.gonbox.com\/fr\/wp-json\/wp\/v2\/product_tag?post=3052"}],"curies":[{"name":"wp","href":"https:\/\/api.w.org\/{rel}","templated":true}]}}