{"id":579,"date":"2022-11-30T07:08:45","date_gmt":"2022-11-30T02:08:45","guid":{"rendered":"https:\/\/www.gonbox.com\/?post_type=product&#038;p=579"},"modified":"2023-03-18T05:49:02","modified_gmt":"2023-03-18T00:49:02","slug":"f2-pro","status":"publish","type":"product","link":"https:\/\/www.gonbox.com\/fr\/produit\/f2-pro\/","title":{"rendered":"F2PRO"},"content":{"rendered":"<p><strong>Description du produit:<\/strong><\/p>\n<p>GonBox augmente non seulement la puissance de calcul des mineurs, mais prolonge \u00e9galement leur dur\u00e9e de vie et convertit 95% de puissance mini\u00e8re utilis\u00e9e en \u00e9nergie thermique pour une utilisation quotidienne.<\/p>\n<p><img data-recalc-dims=\"1\" loading=\"lazy\" decoding=\"async\" width=\"800\" height=\"800\" class=\"alignnone size-full wp-image-2916\" src=\"https:\/\/i0.wp.com\/www.gonbox.com\/wp-content\/uploads\/2022\/11\/20230106135741-1.jpg?resize=800%2C800&#038;ssl=1\" alt=\"\" srcset=\"https:\/\/i0.wp.com\/www.gonbox.com\/wp-content\/uploads\/2022\/11\/20230106135741-1.jpg?w=800&amp;ssl=1 800w, https:\/\/i0.wp.com\/www.gonbox.com\/wp-content\/uploads\/2022\/11\/20230106135741-1.jpg?resize=400%2C400&amp;ssl=1 400w, https:\/\/i0.wp.com\/www.gonbox.com\/wp-content\/uploads\/2022\/11\/20230106135741-1.jpg?resize=280%2C280&amp;ssl=1 280w, https:\/\/i0.wp.com\/www.gonbox.com\/wp-content\/uploads\/2022\/11\/20230106135741-1.jpg?resize=768%2C768&amp;ssl=1 768w, https:\/\/i0.wp.com\/www.gonbox.com\/wp-content\/uploads\/2022\/11\/20230106135741-1.jpg?resize=510%2C510&amp;ssl=1 510w, https:\/\/i0.wp.com\/www.gonbox.com\/wp-content\/uploads\/2022\/11\/20230106135741-1.jpg?resize=100%2C100&amp;ssl=1 100w, https:\/\/i0.wp.com\/www.gonbox.com\/wp-content\/uploads\/2022\/11\/20230106135741-1.jpg?resize=50%2C50&amp;ssl=1 50w\" sizes=\"auto, (max-width: 800px) 100vw, 800px\" \/><\/p>\n<p><img data-recalc-dims=\"1\" loading=\"lazy\" decoding=\"async\" width=\"800\" height=\"800\" class=\"alignnone size-full wp-image-2917\" src=\"https:\/\/i0.wp.com\/www.gonbox.com\/wp-content\/uploads\/2022\/11\/20221231185057-1.jpg?resize=800%2C800&#038;ssl=1\" alt=\"\" srcset=\"https:\/\/i0.wp.com\/www.gonbox.com\/wp-content\/uploads\/2022\/11\/20221231185057-1.jpg?w=800&amp;ssl=1 800w, https:\/\/i0.wp.com\/www.gonbox.com\/wp-content\/uploads\/2022\/11\/20221231185057-1.jpg?resize=400%2C400&amp;ssl=1 400w, https:\/\/i0.wp.com\/www.gonbox.com\/wp-content\/uploads\/2022\/11\/20221231185057-1.jpg?resize=280%2C280&amp;ssl=1 280w, https:\/\/i0.wp.com\/www.gonbox.com\/wp-content\/uploads\/2022\/11\/20221231185057-1.jpg?resize=768%2C768&amp;ssl=1 768w, https:\/\/i0.wp.com\/www.gonbox.com\/wp-content\/uploads\/2022\/11\/20221231185057-1.jpg?resize=510%2C510&amp;ssl=1 510w, https:\/\/i0.wp.com\/www.gonbox.com\/wp-content\/uploads\/2022\/11\/20221231185057-1.jpg?resize=100%2C100&amp;ssl=1 100w, https:\/\/i0.wp.com\/www.gonbox.com\/wp-content\/uploads\/2022\/11\/20221231185057-1.jpg?resize=50%2C50&amp;ssl=1 50w\" sizes=\"auto, (max-width: 800px) 100vw, 800px\" \/><br \/>\n<img data-recalc-dims=\"1\" loading=\"lazy\" decoding=\"async\" width=\"800\" height=\"800\" class=\"alignnone size-full wp-image-2918\" src=\"https:\/\/i0.wp.com\/www.gonbox.com\/wp-content\/uploads\/2022\/11\/20221231185114-1.jpg?resize=800%2C800&#038;ssl=1\" alt=\"\" srcset=\"https:\/\/i0.wp.com\/www.gonbox.com\/wp-content\/uploads\/2022\/11\/20221231185114-1.jpg?w=800&amp;ssl=1 800w, https:\/\/i0.wp.com\/www.gonbox.com\/wp-content\/uploads\/2022\/11\/20221231185114-1.jpg?resize=400%2C400&amp;ssl=1 400w, https:\/\/i0.wp.com\/www.gonbox.com\/wp-content\/uploads\/2022\/11\/20221231185114-1.jpg?resize=280%2C280&amp;ssl=1 280w, https:\/\/i0.wp.com\/www.gonbox.com\/wp-content\/uploads\/2022\/11\/20221231185114-1.jpg?resize=768%2C768&amp;ssl=1 768w, https:\/\/i0.wp.com\/www.gonbox.com\/wp-content\/uploads\/2022\/11\/20221231185114-1.jpg?resize=510%2C510&amp;ssl=1 510w, https:\/\/i0.wp.com\/www.gonbox.com\/wp-content\/uploads\/2022\/11\/20221231185114-1.jpg?resize=100%2C100&amp;ssl=1 100w, https:\/\/i0.wp.com\/www.gonbox.com\/wp-content\/uploads\/2022\/11\/20221231185114-1.jpg?resize=50%2C50&amp;ssl=1 50w\" sizes=\"auto, (max-width: 800px) 100vw, 800px\" \/><br \/>\n<img data-recalc-dims=\"1\" loading=\"lazy\" decoding=\"async\" width=\"800\" height=\"800\" class=\"alignnone size-full wp-image-2919\" src=\"https:\/\/i0.wp.com\/www.gonbox.com\/wp-content\/uploads\/2022\/11\/20221231185125-1.jpg?resize=800%2C800&#038;ssl=1\" alt=\"\" srcset=\"https:\/\/i0.wp.com\/www.gonbox.com\/wp-content\/uploads\/2022\/11\/20221231185125-1.jpg?w=800&amp;ssl=1 800w, https:\/\/i0.wp.com\/www.gonbox.com\/wp-content\/uploads\/2022\/11\/20221231185125-1.jpg?resize=400%2C400&amp;ssl=1 400w, https:\/\/i0.wp.com\/www.gonbox.com\/wp-content\/uploads\/2022\/11\/20221231185125-1.jpg?resize=280%2C280&amp;ssl=1 280w, https:\/\/i0.wp.com\/www.gonbox.com\/wp-content\/uploads\/2022\/11\/20221231185125-1.jpg?resize=768%2C768&amp;ssl=1 768w, https:\/\/i0.wp.com\/www.gonbox.com\/wp-content\/uploads\/2022\/11\/20221231185125-1.jpg?resize=510%2C510&amp;ssl=1 510w, https:\/\/i0.wp.com\/www.gonbox.com\/wp-content\/uploads\/2022\/11\/20221231185125-1.jpg?resize=100%2C100&amp;ssl=1 100w, https:\/\/i0.wp.com\/www.gonbox.com\/wp-content\/uploads\/2022\/11\/20221231185125-1.jpg?resize=50%2C50&amp;ssl=1 50w\" sizes=\"auto, (max-width: 800px) 100vw, 800px\" \/><\/p>\n<p>F2 PRO refroidi \u00e0 l&#039;huile<\/p>\n<p><img data-recalc-dims=\"1\" loading=\"lazy\" decoding=\"async\" class=\"alignnone size-full wp-image-3031\" src=\"https:\/\/i0.wp.com\/www.gonbox.com\/wp-content\/uploads\/2022\/11\/f2pro_1-1.jpg?resize=800%2C800&#038;ssl=1\" alt=\"\" width=\"800\" height=\"800\" srcset=\"https:\/\/i0.wp.com\/www.gonbox.com\/wp-content\/uploads\/2022\/11\/f2pro_1-1.jpg?w=800&amp;ssl=1 800w, https:\/\/i0.wp.com\/www.gonbox.com\/wp-content\/uploads\/2022\/11\/f2pro_1-1.jpg?resize=400%2C400&amp;ssl=1 400w, https:\/\/i0.wp.com\/www.gonbox.com\/wp-content\/uploads\/2022\/11\/f2pro_1-1.jpg?resize=280%2C280&amp;ssl=1 280w, https:\/\/i0.wp.com\/www.gonbox.com\/wp-content\/uploads\/2022\/11\/f2pro_1-1.jpg?resize=768%2C768&amp;ssl=1 768w, https:\/\/i0.wp.com\/www.gonbox.com\/wp-content\/uploads\/2022\/11\/f2pro_1-1.jpg?resize=510%2C510&amp;ssl=1 510w, https:\/\/i0.wp.com\/www.gonbox.com\/wp-content\/uploads\/2022\/11\/f2pro_1-1.jpg?resize=100%2C100&amp;ssl=1 100w, https:\/\/i0.wp.com\/www.gonbox.com\/wp-content\/uploads\/2022\/11\/f2pro_1-1.jpg?resize=50%2C50&amp;ssl=1 50w\" sizes=\"auto, (max-width: 800px) 100vw, 800px\" \/><\/p>\n<p>Stockage d&#039;eau sup\u00e9rieur, chauffage central et refroidisseur d&#039;huile inf\u00e9rieur.<\/p>\n<p><img data-recalc-dims=\"1\" loading=\"lazy\" decoding=\"async\" width=\"800\" height=\"800\" class=\"alignnone size-medium wp-image-2268\" src=\"https:\/\/i0.wp.com\/www.gonbox.com\/wp-content\/uploads\/2022\/11\/f2pro_2.jpg?resize=800%2C800&#038;ssl=1\" alt=\"\" srcset=\"https:\/\/i0.wp.com\/www.gonbox.com\/wp-content\/uploads\/2022\/11\/f2pro_2.jpg?w=800&amp;ssl=1 800w, https:\/\/i0.wp.com\/www.gonbox.com\/wp-content\/uploads\/2022\/11\/f2pro_2.jpg?resize=400%2C400&amp;ssl=1 400w, https:\/\/i0.wp.com\/www.gonbox.com\/wp-content\/uploads\/2022\/11\/f2pro_2.jpg?resize=280%2C280&amp;ssl=1 280w, https:\/\/i0.wp.com\/www.gonbox.com\/wp-content\/uploads\/2022\/11\/f2pro_2.jpg?resize=768%2C768&amp;ssl=1 768w, https:\/\/i0.wp.com\/www.gonbox.com\/wp-content\/uploads\/2022\/11\/f2pro_2.jpg?resize=510%2C510&amp;ssl=1 510w, https:\/\/i0.wp.com\/www.gonbox.com\/wp-content\/uploads\/2022\/11\/f2pro_2.jpg?resize=100%2C100&amp;ssl=1 100w, https:\/\/i0.wp.com\/www.gonbox.com\/wp-content\/uploads\/2022\/11\/f2pro_2.jpg?resize=50%2C50&amp;ssl=1 50w\" sizes=\"auto, (max-width: 800px) 100vw, 800px\" \/><\/p>\n<p>R\u00e9servoir d&#039;eau en acier inoxydable de 80 L, interface de mandrin \u00e0 connexion rapide s\u00e9curis\u00e9e, \u00e9quip\u00e9e d&#039;une vanne d&#039;eau pour une installation et un entretien faciles.<\/p>\n<p><img data-recalc-dims=\"1\" loading=\"lazy\" decoding=\"async\" width=\"800\" height=\"800\" class=\"alignnone size-full wp-image-2875\" src=\"https:\/\/i0.wp.com\/www.gonbox.com\/wp-content\/uploads\/2022\/11\/f2pro_3-1.jpg?resize=800%2C800&#038;ssl=1\" alt=\"\" srcset=\"https:\/\/i0.wp.com\/www.gonbox.com\/wp-content\/uploads\/2022\/11\/f2pro_3-1.jpg?w=800&amp;ssl=1 800w, https:\/\/i0.wp.com\/www.gonbox.com\/wp-content\/uploads\/2022\/11\/f2pro_3-1.jpg?resize=400%2C400&amp;ssl=1 400w, https:\/\/i0.wp.com\/www.gonbox.com\/wp-content\/uploads\/2022\/11\/f2pro_3-1.jpg?resize=280%2C280&amp;ssl=1 280w, https:\/\/i0.wp.com\/www.gonbox.com\/wp-content\/uploads\/2022\/11\/f2pro_3-1.jpg?resize=768%2C768&amp;ssl=1 768w, https:\/\/i0.wp.com\/www.gonbox.com\/wp-content\/uploads\/2022\/11\/f2pro_3-1.jpg?resize=510%2C510&amp;ssl=1 510w, https:\/\/i0.wp.com\/www.gonbox.com\/wp-content\/uploads\/2022\/11\/f2pro_3-1.jpg?resize=100%2C100&amp;ssl=1 100w, https:\/\/i0.wp.com\/www.gonbox.com\/wp-content\/uploads\/2022\/11\/f2pro_3-1.jpg?resize=50%2C50&amp;ssl=1 50w\" sizes=\"auto, (max-width: 800px) 100vw, 800px\" \/><\/p>\n<p>Le refroidisseur \u00e0 sec chauffant prend en charge le d\u00e9marrage et l&#039;arr\u00eat automatiques du contr\u00f4le de la temp\u00e9rature, ce qui permet non seulement d&#039;\u00e9conomiser de l&#039;\u00e9nergie, mais \u00e9galement d&#039;assurer la dissipation thermique de la bo\u00eete de refroidissement d&#039;huile.<\/p>\n<p><img data-recalc-dims=\"1\" loading=\"lazy\" decoding=\"async\" width=\"800\" height=\"800\" class=\"alignnone size-full wp-image-3032\" src=\"https:\/\/i0.wp.com\/www.gonbox.com\/wp-content\/uploads\/2022\/11\/f2pro_4-1.jpg?resize=800%2C800&#038;ssl=1\" alt=\"\" srcset=\"https:\/\/i0.wp.com\/www.gonbox.com\/wp-content\/uploads\/2022\/11\/f2pro_4-1.jpg?w=800&amp;ssl=1 800w, https:\/\/i0.wp.com\/www.gonbox.com\/wp-content\/uploads\/2022\/11\/f2pro_4-1.jpg?resize=400%2C400&amp;ssl=1 400w, https:\/\/i0.wp.com\/www.gonbox.com\/wp-content\/uploads\/2022\/11\/f2pro_4-1.jpg?resize=280%2C280&amp;ssl=1 280w, https:\/\/i0.wp.com\/www.gonbox.com\/wp-content\/uploads\/2022\/11\/f2pro_4-1.jpg?resize=768%2C768&amp;ssl=1 768w, https:\/\/i0.wp.com\/www.gonbox.com\/wp-content\/uploads\/2022\/11\/f2pro_4-1.jpg?resize=510%2C510&amp;ssl=1 510w, https:\/\/i0.wp.com\/www.gonbox.com\/wp-content\/uploads\/2022\/11\/f2pro_4-1.jpg?resize=100%2C100&amp;ssl=1 100w, https:\/\/i0.wp.com\/www.gonbox.com\/wp-content\/uploads\/2022\/11\/f2pro_4-1.jpg?resize=50%2C50&amp;ssl=1 50w\" sizes=\"auto, (max-width: 800px) 100vw, 800px\" \/><\/p>\n<p>Entra\u00een\u00e9 par la pompe \u00e0 huile et la pompe \u00e0 eau \u00e0 haut rendement, le d\u00e9bit du liquide de refroidissement \u00e0 l&#039;int\u00e9rieur de la machine tout-en-un peut atteindre 130L\/MIN, et la circulation rapide peut permettre un \u00e9change de chaleur et une dissipation de chaleur \u00e0 haut rendement.<\/p>\n<p><img data-recalc-dims=\"1\" loading=\"lazy\" decoding=\"async\" width=\"800\" height=\"800\" class=\"alignnone size-full wp-image-3033\" src=\"https:\/\/i0.wp.com\/www.gonbox.com\/wp-content\/uploads\/2022\/11\/f2pro_5-1.jpg?resize=800%2C800&#038;ssl=1\" alt=\"\" srcset=\"https:\/\/i0.wp.com\/www.gonbox.com\/wp-content\/uploads\/2022\/11\/f2pro_5-1.jpg?w=800&amp;ssl=1 800w, https:\/\/i0.wp.com\/www.gonbox.com\/wp-content\/uploads\/2022\/11\/f2pro_5-1.jpg?resize=400%2C400&amp;ssl=1 400w, https:\/\/i0.wp.com\/www.gonbox.com\/wp-content\/uploads\/2022\/11\/f2pro_5-1.jpg?resize=280%2C280&amp;ssl=1 280w, https:\/\/i0.wp.com\/www.gonbox.com\/wp-content\/uploads\/2022\/11\/f2pro_5-1.jpg?resize=768%2C768&amp;ssl=1 768w, https:\/\/i0.wp.com\/www.gonbox.com\/wp-content\/uploads\/2022\/11\/f2pro_5-1.jpg?resize=510%2C510&amp;ssl=1 510w, https:\/\/i0.wp.com\/www.gonbox.com\/wp-content\/uploads\/2022\/11\/f2pro_5-1.jpg?resize=100%2C100&amp;ssl=1 100w, https:\/\/i0.wp.com\/www.gonbox.com\/wp-content\/uploads\/2022\/11\/f2pro_5-1.jpg?resize=50%2C50&amp;ssl=1 50w\" sizes=\"auto, (max-width: 800px) 100vw, 800px\" \/><\/p>\n<p>Le c\u00e2ble principal de l&#039;ensemble de la machine adopte un c\u00e2ble 6AWG certifi\u00e9 UL, qui peut facilement faire face \u00e0 la charge \u00e9lev\u00e9e apr\u00e8s l&#039;overclocking. Le tuyau ondul\u00e9 Chuck est utilis\u00e9 pour le circuit d&#039;huile et d&#039;eau de toute la machine, qui est ferme, durable et facile \u00e0 entretenir.<\/p>\n<p><strong>Param\u00e8tres du produit\u00a0:<\/strong><\/p>\n<table>\n<thead><\/thead>\n<tbody>\n<tr>\n<td>Taille du cong\u00e9lateur d&#039;huile<\/td>\n<td>600mm(L) *550mm(L) *1435mm(H)<\/td>\n<\/tr>\n<tr>\n<td>Poids du cong\u00e9lateur d&#039;huile<\/td>\n<td>75KG<\/td>\n<\/tr>\n<tr>\n<td>Mod\u00e8les pris en charge<\/td>\n<td>S\u00e9rie compl\u00e8te de mod\u00e8les de Ant et s\u00e9rie compl\u00e8te de mod\u00e8les de Whatsminer<\/td>\n<\/tr>\n<tr>\n<td>Puissance de charge maximale<\/td>\n<td>11KW<\/td>\n<\/tr>\n<tr>\n<td>acc\u00e8s \u00e9lectrique<\/td>\n<td>entr\u00e9e monophas\u00e9e200V-250V 50\/60Hz<\/td>\n<\/tr>\n<tr>\n<td>Consommation de carburant<\/td>\n<td>70L<\/td>\n<\/tr>\n<tr>\n<td>Puissance de la pompe \u00e0 huile de circulation<\/td>\n<td>Trois vitesses r\u00e9glable\u2264245W<\/td>\n<\/tr>\n<tr>\n<td>Puissance de la pompe \u00e0 eau de circulation<\/td>\n<td>Trois vitesses r\u00e9glable\u2264245W<\/td>\n<\/tr>\n<tr>\n<td>Raccordement eau\/huile<\/td>\n<td>1 interface<\/td>\n<\/tr>\n<tr>\n<td>Volume de circulation du liquide de refroidissement<\/td>\n<td>40L\/min<\/td>\n<\/tr>\n<tr>\n<td>\u00c9changeur de chaleur<\/td>\n<td>int\u00e9gr\u00e9<\/td>\n<\/tr>\n<tr>\n<td>r\u00e9servoir d&#039;eau<\/td>\n<td>int\u00e9gr\u00e9<\/td>\n<\/tr>\n<tr>\n<td>Connexion Internet<\/td>\n<td>Interface RJ45<\/td>\n<\/tr>\n<tr>\n<td>contient des composants<\/td>\n<td>Refroidisseur \u00e0 sec, r\u00e9servoir de stockage d&#039;eau, pompe \u00e0 eau, pompe \u00e0 huile, \u00e9changeur de chaleur<\/td>\n<\/tr>\n<\/tbody>\n<\/table>\n<p><strong>autres fonctions :<\/strong><\/p>\n<table>\n<thead><\/thead>\n<tbody>\n<tr class=\"firstRow\">\n<td>Protection contre la surchauffe<\/td>\n<td>Oui<\/td>\n<\/tr>\n<tr>\n<td>Protection de surcharge<\/td>\n<td>Oui<\/td>\n<\/tr>\n<tr>\n<td>Fil de terre de l&#039;\u00e9quipement principal<\/td>\n<td>Oui<\/td>\n<\/tr>\n<\/tbody>\n<\/table>\n<p>&nbsp;<\/p>\n<p><img data-recalc-dims=\"1\" loading=\"lazy\" decoding=\"async\" class=\"alignnone size-full wp-image-3438\" src=\"https:\/\/i0.wp.com\/www.gonbox.com\/wp-content\/uploads\/2022\/11\/20221231185132-1.jpg?resize=800%2C1422&#038;ssl=1\" alt=\"\" width=\"800\" height=\"1422\" srcset=\"https:\/\/i0.wp.com\/www.gonbox.com\/wp-content\/uploads\/2022\/11\/20221231185132-1.jpg?w=800&amp;ssl=1 800w, https:\/\/i0.wp.com\/www.gonbox.com\/wp-content\/uploads\/2022\/11\/20221231185132-1.jpg?resize=225%2C400&amp;ssl=1 225w, https:\/\/i0.wp.com\/www.gonbox.com\/wp-content\/uploads\/2022\/11\/20221231185132-1.jpg?resize=450%2C800&amp;ssl=1 450w, https:\/\/i0.wp.com\/www.gonbox.com\/wp-content\/uploads\/2022\/11\/20221231185132-1.jpg?resize=768%2C1365&amp;ssl=1 768w, https:\/\/i0.wp.com\/www.gonbox.com\/wp-content\/uploads\/2022\/11\/20221231185132-1.jpg?resize=510%2C907&amp;ssl=1 510w, https:\/\/i0.wp.com\/www.gonbox.com\/wp-content\/uploads\/2022\/11\/20221231185132-1.jpg?resize=100%2C178&amp;ssl=1 100w\" sizes=\"auto, (max-width: 800px) 100vw, 800px\" \/><\/p>\n<p><strong>D\u00e9tails du produit:<\/strong><\/p>\n<p>1.F2Pro, la charge maximale est de 11KW et peut accueillir deux machines mini\u00e8res S19-110T. La machine tout-en-un dispose d&#039;un r\u00e9servoir d&#039;eau de ventilateur (exp\u00e9di\u00e9 sous 30 jours)<br \/>\nAccessoires optionnels : pompe \u00e0 eau, ailettes de refroidissement de la chambre, chauffage de l&#039;eau et climatisation, chauffage de la grande piscine<\/p>\n<p>2. Un dispositif minier est plac\u00e9 dans une cellule herm\u00e9tique compacte en mat\u00e9riau inoxydable. Le couvercle prot\u00e8ge l&#039;\u00e9quipement de l&#039;humidit\u00e9 et de la poussi\u00e8re. La chaleur de l&#039;\u00e9quipement peut \u00eatre r\u00e9utilis\u00e9e pour le chauffage de la maison et d&#039;autres besoins ou simplement utilis\u00e9e.<\/p>\n<p>&nbsp;<\/p>\n<p><strong>Avantages et sc\u00e9narios applicables de la solution de refroidissement d&#039;huile\u00a0:<\/strong><\/p>\n<p>1. La dissimulation silencieuse est particuli\u00e8rement bonne, le fonctionnement est fiable et la fiabilit\u00e9 est \u00e9lev\u00e9e.<\/p>\n<p>2. Une int\u00e9gration \u00e9lev\u00e9e, une installation plus pratique, peut \u00eatre utilis\u00e9e pour l&#039;approvisionnement en eau chaude sanitaire ou le chauffage dans les lieux publics, les garages et autres lieux.<\/p>\n<p>3. L&#039;\u00e9quipement fonctionne de mani\u00e8re stable, contrairement \u00e0 la machine mini\u00e8re refroidie par air, il n&#039;est pas affect\u00e9 par l&#039;environnement ext\u00e9rieur du vent, du gel, de la pluie, de la neige, de la poussi\u00e8re et du sable.<\/p>\n<p>4.Le support de charge maximal est de 11KW et l&#039;overclocking de la machine mini\u00e8re est pris en charge. Le refroidissement de l&#039;huile peut r\u00e9duire la consommation d&#039;\u00e9nergie de la machine mini\u00e8re avec la m\u00eame puissance de calcul, et il peut \u00e9galement permettre \u00e0 la machine mini\u00e8re d&#039;overclocker pour obtenir une puissance de calcul plus \u00e9lev\u00e9e.<\/p>\n<p><strong>Notes d&#039;achat\uff1a<\/strong><\/p>\n<p>1. Politique d&#039;\u00e9change de base\u00a0: sauf pour les marchandises qui sont clairement indiqu\u00e9es sur la page de d\u00e9tails du produit et confirm\u00e9es au moment de l&#039;achat qu&#039;&quot;aucune raison de retour ou d&#039;\u00e9change n&#039;est prise en charge&quot;. Les produits sur la colonne GONBOX peuvent demander un remplacement sous r\u00e9serve que les produits soient en bon \u00e9tat, inutilis\u00e9s ou endommag\u00e9s, et que les accessoires soient complets<\/p>\n<p>2.Pour plus de d\u00e9tails sur la garantie, veuillez vous reporter \u00e0\u00a0: &quot;R\u00e8gles de garantie globale GONBOX&quot;\u00a0\u00a0<a href=\"https:\/\/www.gonbox.com\/fr\/gonbox-product-warranty-terms\/\">https:\/\/www.gonbox.com\/gonbox-product-warranty-terms\/<\/a><br \/>\n(Remarque : vous devez supporter vous-m\u00eame les frais d&#039;exp\u00e9dition de remplacement)<\/p>\n<p>3.\u00a0Commande par correspondance\u00a0: veuillez lire les \u00ab\u00a0Instructions de r\u00e9f\u00e9rence sur les prix de la logistique globale\u00a0\u00bb\u00a0<a href=\"https:\/\/www.gonbox.com\/fr\/global-logistics-price-reference-instructions\/\">https:\/\/www.gonbox.com\/global-logistics-price-reference-instructions\/<\/a><\/p>","protected":false},"excerpt":{"rendered":"<p>La charge maximale est de 11KW et peut accueillir deux machines mini\u00e8res S19-110T. La machine tout-en-un dispose d&#039;un r\u00e9servoir d&#039;eau de ventilateur (exp\u00e9di\u00e9 sous 30 jours)<br \/>\nAccessoires optionnels : pompe \u00e0 eau, ailettes de refroidissement de la chambre, chauffage de l&#039;eau et climatisation, chauffage de la grande piscine<\/p>","protected":false},"featured_media":2341,"comment_status":"open","ping_status":"closed","template":"","meta":[],"product_cat":[69,79],"product_tag":[],"class_list":["post-579","product","type-product","status-publish","has-post-thumbnail","hentry","product_cat-oil-cooling","product_cat-all"],"yoast_head":"<!-- This site is optimized with the Yoast SEO plugin v20.2.1 - https:\/\/yoast.com\/wordpress\/plugins\/seo\/ -->\n<title>F2 PRO - Gonbox<\/title>\n<meta name=\"robots\" content=\"index, follow, max-snippet:-1, max-image-preview:large, max-video-preview:-1\" \/>\n<link rel=\"canonical\" href=\"https:\/\/www.gonbox.com\/fr\/produit\/f2-pro\/\" \/>\n<meta property=\"og:locale\" content=\"fr_FR\" \/>\n<meta property=\"og:type\" content=\"article\" \/>\n<meta property=\"og:title\" content=\"F2 PRO - Gonbox\" \/>\n<meta property=\"og:description\" content=\"The maximum load is 11KW, and it can accommodate two S19-110T mining machines. The all-in-one machine has a fan water tank (Ships within 30 days) Optional accessories: water pump, bedroom cooling fins, water heating and air conditioning, large swimming pool heating\" \/>\n<meta property=\"og:url\" content=\"https:\/\/www.gonbox.com\/fr\/produit\/f2-pro\/\" \/>\n<meta property=\"og:site_name\" content=\"Gonbox\" \/>\n<meta property=\"article:publisher\" content=\"https:\/\/www.facebook.com\/gonboxmining\/\" \/>\n<meta property=\"article:modified_time\" content=\"2023-03-18T00:49:02+00:00\" \/>\n<meta property=\"og:image\" content=\"https:\/\/www.gonbox.com\/wp-content\/uploads\/2022\/11\/20221231185057.jpg\" \/>\n\t<meta property=\"og:image:width\" content=\"800\" \/>\n\t<meta property=\"og:image:height\" content=\"800\" \/>\n\t<meta property=\"og:image:type\" content=\"image\/jpeg\" \/>\n<meta name=\"twitter:card\" content=\"summary_large_image\" \/>\n<meta name=\"twitter:site\" content=\"@gonbox_com\" \/>\n<meta name=\"twitter:label1\" content=\"Dur\u00e9e de lecture estim\u00e9e\" \/>\n\t<meta name=\"twitter:data1\" content=\"5 minutes\" \/>\n<script type=\"application\/ld+json\" class=\"yoast-schema-graph\">{\"@context\":\"https:\/\/schema.org\",\"@graph\":[{\"@type\":\"WebPage\",\"@id\":\"https:\/\/www.gonbox.com\/product\/f2-pro\/\",\"url\":\"https:\/\/www.gonbox.com\/product\/f2-pro\/\",\"name\":\"F2 PRO - Gonbox\",\"isPartOf\":{\"@id\":\"https:\/\/www.gonbox.com\/#website\"},\"datePublished\":\"2022-11-30T02:08:45+00:00\",\"dateModified\":\"2023-03-18T00:49:02+00:00\",\"breadcrumb\":{\"@id\":\"https:\/\/www.gonbox.com\/product\/f2-pro\/#breadcrumb\"},\"inLanguage\":\"fr-FR\",\"potentialAction\":[{\"@type\":\"ReadAction\",\"target\":[\"https:\/\/www.gonbox.com\/product\/f2-pro\/\"]}]},{\"@type\":\"BreadcrumbList\",\"@id\":\"https:\/\/www.gonbox.com\/product\/f2-pro\/#breadcrumb\",\"itemListElement\":[{\"@type\":\"ListItem\",\"position\":1,\"name\":\"\u9996\u9875\",\"item\":\"https:\/\/www.gonbox.com\/\"},{\"@type\":\"ListItem\",\"position\":2,\"name\":\"Shop\",\"item\":\"https:\/\/www.gonbox.com\/shop\/\"},{\"@type\":\"ListItem\",\"position\":3,\"name\":\"F2 PRO\"}]},{\"@type\":\"WebSite\",\"@id\":\"https:\/\/www.gonbox.com\/#website\",\"url\":\"https:\/\/www.gonbox.com\/\",\"name\":\"Gonbox\",\"description\":\"Everyone Can Mine Bitcoin\",\"publisher\":{\"@id\":\"https:\/\/www.gonbox.com\/#organization\"},\"potentialAction\":[{\"@type\":\"SearchAction\",\"target\":{\"@type\":\"EntryPoint\",\"urlTemplate\":\"https:\/\/www.gonbox.com\/?s={search_term_string}\"},\"query-input\":\"required name=search_term_string\"}],\"inLanguage\":\"fr-FR\"},{\"@type\":\"Organization\",\"@id\":\"https:\/\/www.gonbox.com\/#organization\",\"name\":\"GONBOX GROUP INC\",\"url\":\"https:\/\/www.gonbox.com\/\",\"logo\":{\"@type\":\"ImageObject\",\"inLanguage\":\"fr-FR\",\"@id\":\"https:\/\/www.gonbox.com\/#\/schema\/logo\/image\/\",\"url\":\"https:\/\/5n57c6.p3cdn1.secureserver.net\/wp-content\/uploads\/2022\/12\/logo.png?time=1669965474\",\"contentUrl\":\"https:\/\/5n57c6.p3cdn1.secureserver.net\/wp-content\/uploads\/2022\/12\/logo.png?time=1669965474\",\"width\":130,\"height\":84,\"caption\":\"GONBOX GROUP INC\"},\"image\":{\"@id\":\"https:\/\/www.gonbox.com\/#\/schema\/logo\/image\/\"},\"sameAs\":[\"https:\/\/www.facebook.com\/gonboxmining\/\",\"https:\/\/twitter.com\/gonbox_com\"]}]}<\/script>\n<!-- \/ Yoast SEO plugin. -->","yoast_head_json":{"title":"F2 PRO - Gonbox","robots":{"index":"index","follow":"follow","max-snippet":"max-snippet:-1","max-image-preview":"max-image-preview:large","max-video-preview":"max-video-preview:-1"},"canonical":"https:\/\/www.gonbox.com\/fr\/produit\/f2-pro\/","og_locale":"fr_FR","og_type":"article","og_title":"F2 PRO - Gonbox","og_description":"The maximum load is 11KW, and it can accommodate two S19-110T mining machines. The all-in-one machine has a fan water tank (Ships within 30 days) Optional accessories: water pump, bedroom cooling fins, water heating and air conditioning, large swimming pool heating","og_url":"https:\/\/www.gonbox.com\/fr\/produit\/f2-pro\/","og_site_name":"Gonbox","article_publisher":"https:\/\/www.facebook.com\/gonboxmining\/","article_modified_time":"2023-03-18T00:49:02+00:00","og_image":[{"width":800,"height":800,"url":"https:\/\/www.gonbox.com\/wp-content\/uploads\/2022\/11\/20221231185057.jpg","type":"image\/jpeg"}],"twitter_card":"summary_large_image","twitter_site":"@gonbox_com","twitter_misc":{"Dur\u00e9e de lecture estim\u00e9e":"5 minutes"},"schema":{"@context":"https:\/\/schema.org","@graph":[{"@type":"WebPage","@id":"https:\/\/www.gonbox.com\/product\/f2-pro\/","url":"https:\/\/www.gonbox.com\/product\/f2-pro\/","name":"F2 PRO - Gonbox","isPartOf":{"@id":"https:\/\/www.gonbox.com\/#website"},"datePublished":"2022-11-30T02:08:45+00:00","dateModified":"2023-03-18T00:49:02+00:00","breadcrumb":{"@id":"https:\/\/www.gonbox.com\/product\/f2-pro\/#breadcrumb"},"inLanguage":"fr-FR","potentialAction":[{"@type":"ReadAction","target":["https:\/\/www.gonbox.com\/product\/f2-pro\/"]}]},{"@type":"BreadcrumbList","@id":"https:\/\/www.gonbox.com\/product\/f2-pro\/#breadcrumb","itemListElement":[{"@type":"ListItem","position":1,"name":"\u9996\u9875","item":"https:\/\/www.gonbox.com\/"},{"@type":"ListItem","position":2,"name":"Shop","item":"https:\/\/www.gonbox.com\/shop\/"},{"@type":"ListItem","position":3,"name":"F2 PRO"}]},{"@type":"WebSite","@id":"https:\/\/www.gonbox.com\/#website","url":"https:\/\/www.gonbox.com\/","name":"Gonbox","description":"Everyone Can Mine Bitcoin","publisher":{"@id":"https:\/\/www.gonbox.com\/#organization"},"potentialAction":[{"@type":"SearchAction","target":{"@type":"EntryPoint","urlTemplate":"https:\/\/www.gonbox.com\/?s={search_term_string}"},"query-input":"required name=search_term_string"}],"inLanguage":"fr-FR"},{"@type":"Organization","@id":"https:\/\/www.gonbox.com\/#organization","name":"GONBOX GROUP INC","url":"https:\/\/www.gonbox.com\/","logo":{"@type":"ImageObject","inLanguage":"fr-FR","@id":"https:\/\/www.gonbox.com\/#\/schema\/logo\/image\/","url":"https:\/\/5n57c6.p3cdn1.secureserver.net\/wp-content\/uploads\/2022\/12\/logo.png?time=1669965474","contentUrl":"https:\/\/5n57c6.p3cdn1.secureserver.net\/wp-content\/uploads\/2022\/12\/logo.png?time=1669965474","width":130,"height":84,"caption":"GONBOX GROUP INC"},"image":{"@id":"https:\/\/www.gonbox.com\/#\/schema\/logo\/image\/"},"sameAs":["https:\/\/www.facebook.com\/gonboxmining\/","https:\/\/twitter.com\/gonbox_com"]}]}},"jetpack_sharing_enabled":true,"_links":{"self":[{"href":"https:\/\/www.gonbox.com\/fr\/wp-json\/wp\/v2\/product\/579","targetHints":{"allow":["GET"]}}],"collection":[{"href":"https:\/\/www.gonbox.com\/fr\/wp-json\/wp\/v2\/product"}],"about":[{"href":"https:\/\/www.gonbox.com\/fr\/wp-json\/wp\/v2\/types\/product"}],"replies":[{"embeddable":true,"href":"https:\/\/www.gonbox.com\/fr\/wp-json\/wp\/v2\/comments?post=579"}],"wp:featuredmedia":[{"embeddable":true,"href":"https:\/\/www.gonbox.com\/fr\/wp-json\/wp\/v2\/media\/2341"}],"wp:attachment":[{"href":"https:\/\/www.gonbox.com\/fr\/wp-json\/wp\/v2\/media?parent=579"}],"wp:term":[{"taxonomy":"product_cat","embeddable":true,"href":"https:\/\/www.gonbox.com\/fr\/wp-json\/wp\/v2\/product_cat?post=579"},{"taxonomy":"product_tag","embeddable":true,"href":"https:\/\/www.gonbox.com\/fr\/wp-json\/wp\/v2\/product_tag?post=579"}],"curies":[{"name":"wp","href":"https:\/\/api.w.org\/{rel}","templated":true}]}}