{"id":629,"date":"2022-12-01T20:50:39","date_gmt":"2022-12-01T15:50:39","guid":{"rendered":"https:\/\/www.gonbox.com\/?post_type=product&#038;p=629"},"modified":"2023-02-26T08:19:27","modified_gmt":"2023-02-26T03:19:27","slug":"hydraulic-air-cooler","status":"publish","type":"product","link":"https:\/\/www.gonbox.com\/fr\/produit\/hydraulic-air-cooler\/","title":{"rendered":"Refroidisseur d&#039;air hydraulique"},"content":{"rendered":"<p><strong>D\u00e9tails du produit:<\/strong><\/p>\n<table>\n<thead>\n<tr>\n<td><\/td>\n<td><\/td>\n<\/tr>\n<\/thead>\n<tbody>\n<tr>\n<td>product<\/td>\n<td>Refroidisseur d&#039;air hydraulique<\/td>\n<\/tr>\n<tr>\n<td>Cooling Capacity<\/td>\n<td>24000Kcal\/h<\/td>\n<\/tr>\n<tr>\n<td>Pate of flow<\/td>\n<td>250L\/min<\/td>\n<\/tr>\n<tr>\n<td>packing aize<\/td>\n<td>58*45*35cm<\/td>\n<\/tr>\n<tr>\n<td>work pressure<\/td>\n<td>\u22642.0MPa<\/td>\n<\/tr>\n<tr>\n<td>Fan vcitage<\/td>\n<td>AC110V 60Hz \/\u00a0AC220V\u00a0 50Hz<\/td>\n<\/tr>\n<tr>\n<td>Fan Power<\/td>\n<td>4P-140W\u00a0 2P-230W<\/td>\n<\/tr>\n<tr>\n<td>Exhaust volume<\/td>\n<td>3150m\u00b3\/h<\/td>\n<\/tr>\n<tr>\n<td>Extertor cooling area<\/td>\n<td>10.5\u33a1<\/td>\n<\/tr>\n<tr>\n<td>Thread Connecting<\/td>\n<td>G1-1\/4&#8243;<\/td>\n<\/tr>\n<tr>\n<td>Fan diameter<\/td>\n<td>350<\/td>\n<\/tr>\n<tr>\n<td colspan=\"2\">Note: special voltage&amp;size can be customized<\/td>\n<\/tr>\n<\/tbody>\n<\/table>\n<p>&nbsp;<\/p>\n<p><img data-recalc-dims=\"1\" loading=\"lazy\" decoding=\"async\" class=\"alignnone size-full wp-image-3013\" src=\"https:\/\/i0.wp.com\/www.gonbox.com\/wp-content\/uploads\/2022\/12\/%E5%BE%AE%E4%BF%A1%E5%9B%BE%E7%89%87_20230118145202.png?resize=781%2C613&#038;ssl=1\" alt=\"\" width=\"781\" height=\"613\" srcset=\"https:\/\/i0.wp.com\/www.gonbox.com\/wp-content\/uploads\/2022\/12\/%E5%BE%AE%E4%BF%A1%E5%9B%BE%E7%89%87_20230118145202.png?w=781&amp;ssl=1 781w, https:\/\/i0.wp.com\/www.gonbox.com\/wp-content\/uploads\/2022\/12\/%E5%BE%AE%E4%BF%A1%E5%9B%BE%E7%89%87_20230118145202.png?resize=510%2C400&amp;ssl=1 510w, https:\/\/i0.wp.com\/www.gonbox.com\/wp-content\/uploads\/2022\/12\/%E5%BE%AE%E4%BF%A1%E5%9B%BE%E7%89%87_20230118145202.png?resize=768%2C603&amp;ssl=1 768w, https:\/\/i0.wp.com\/www.gonbox.com\/wp-content\/uploads\/2022\/12\/%E5%BE%AE%E4%BF%A1%E5%9B%BE%E7%89%87_20230118145202.png?resize=100%2C78&amp;ssl=1 100w\" sizes=\"auto, (max-width: 781px) 100vw, 781px\" \/><\/p>\n<p><strong>Cooler installation:<\/strong><\/p>\n<p>1. The installation position of the cooler should avoid vibration and impact, and the air inlet and exhaust channels should be smooth.<\/p>\n<p>2. There may be high temperature on the surface of the cooler, and it must be adequately protected or placed in a place that is not easy to reach and installed firmly.<\/p>\n<p>&nbsp;<\/p>\n<p><strong>Notes d&#039;achat\uff1a<\/strong><\/p>\n<p>1. Politique d&#039;\u00e9change de base\u00a0: sauf pour les marchandises qui sont clairement indiqu\u00e9es sur la page de d\u00e9tails du produit et confirm\u00e9es au moment de l&#039;achat qu&#039;&quot;aucune raison de retour ou d&#039;\u00e9change n&#039;est prise en charge&quot;. Les produits sur la colonne GONBOX peuvent demander un remplacement sous r\u00e9serve que les produits soient en bon \u00e9tat, inutilis\u00e9s ou endommag\u00e9s, et que les accessoires soient complets<\/p>\n<p>2.Pour plus de d\u00e9tails sur la garantie, veuillez vous reporter \u00e0\u00a0: &quot;R\u00e8gles de garantie globale GONBOX&quot;\u00a0\u00a0<a href=\"https:\/\/www.gonbox.com\/fr\/gonbox-product-warranty-terms\/\">https:\/\/www.gonbox.com\/gonbox-product-warranty-terms\/<\/a><br \/>\n(Remarque : vous devez supporter vous-m\u00eame les frais d&#039;exp\u00e9dition de remplacement)<\/p>\n<p>3.\u00a0Commande par correspondance\u00a0: veuillez lire les \u00ab\u00a0Instructions de r\u00e9f\u00e9rence sur les prix de la logistique globale\u00a0\u00bb\u00a0<a href=\"https:\/\/www.gonbox.com\/fr\/global-logistics-price-reference-instructions\/\">https:\/\/www.gonbox.com\/global-logistics-price-reference-instructions\/<\/a><\/p>","protected":false},"excerpt":{"rendered":"<p>High pressure resistance, Exquisite appearance, Precise welding<\/p>","protected":false},"featured_media":2904,"comment_status":"open","ping_status":"closed","template":"","meta":[],"product_cat":[15,79],"product_tag":[],"class_list":["post-629","product","type-product","status-publish","has-post-thumbnail","hentry","product_cat-oil-cooling-mall","product_cat-all"],"yoast_head":"<!-- This site is optimized with the Yoast SEO plugin v20.2.1 - https:\/\/yoast.com\/wordpress\/plugins\/seo\/ -->\n<title>Hydraulic Air Cooler - Gonbox<\/title>\n<meta name=\"robots\" content=\"index, follow, max-snippet:-1, max-image-preview:large, max-video-preview:-1\" \/>\n<link rel=\"canonical\" href=\"https:\/\/www.gonbox.com\/fr\/produit\/hydraulic-air-cooler\/\" \/>\n<meta property=\"og:locale\" content=\"fr_FR\" \/>\n<meta property=\"og:type\" content=\"article\" \/>\n<meta property=\"og:title\" content=\"Hydraulic Air Cooler - Gonbox\" \/>\n<meta property=\"og:description\" content=\"High pressure resistance, Exquisite appearance, Precise welding\" \/>\n<meta property=\"og:url\" content=\"https:\/\/www.gonbox.com\/fr\/produit\/hydraulic-air-cooler\/\" \/>\n<meta property=\"og:site_name\" content=\"Gonbox\" \/>\n<meta property=\"article:publisher\" content=\"https:\/\/www.facebook.com\/gonboxmining\/\" \/>\n<meta property=\"article:modified_time\" content=\"2023-02-26T03:19:27+00:00\" \/>\n<meta property=\"og:image\" content=\"https:\/\/www.gonbox.com\/wp-content\/uploads\/2022\/12\/8-5.png\" \/>\n\t<meta property=\"og:image:width\" content=\"800\" \/>\n\t<meta property=\"og:image:height\" content=\"800\" \/>\n\t<meta property=\"og:image:type\" content=\"image\/png\" \/>\n<meta name=\"twitter:card\" content=\"summary_large_image\" \/>\n<meta name=\"twitter:site\" content=\"@gonbox_com\" \/>\n<meta name=\"twitter:label1\" content=\"Dur\u00e9e de lecture estim\u00e9e\" \/>\n\t<meta name=\"twitter:data1\" content=\"2 minutes\" \/>\n<script type=\"application\/ld+json\" class=\"yoast-schema-graph\">{\"@context\":\"https:\/\/schema.org\",\"@graph\":[{\"@type\":\"WebPage\",\"@id\":\"https:\/\/www.gonbox.com\/product\/hydraulic-air-cooler\/\",\"url\":\"https:\/\/www.gonbox.com\/product\/hydraulic-air-cooler\/\",\"name\":\"Hydraulic Air Cooler - Gonbox\",\"isPartOf\":{\"@id\":\"https:\/\/www.gonbox.com\/#website\"},\"datePublished\":\"2022-12-01T15:50:39+00:00\",\"dateModified\":\"2023-02-26T03:19:27+00:00\",\"breadcrumb\":{\"@id\":\"https:\/\/www.gonbox.com\/product\/hydraulic-air-cooler\/#breadcrumb\"},\"inLanguage\":\"fr-FR\",\"potentialAction\":[{\"@type\":\"ReadAction\",\"target\":[\"https:\/\/www.gonbox.com\/product\/hydraulic-air-cooler\/\"]}]},{\"@type\":\"BreadcrumbList\",\"@id\":\"https:\/\/www.gonbox.com\/product\/hydraulic-air-cooler\/#breadcrumb\",\"itemListElement\":[{\"@type\":\"ListItem\",\"position\":1,\"name\":\"\u9996\u9875\",\"item\":\"https:\/\/www.gonbox.com\/\"},{\"@type\":\"ListItem\",\"position\":2,\"name\":\"Shop\",\"item\":\"https:\/\/www.gonbox.com\/shop\/\"},{\"@type\":\"ListItem\",\"position\":3,\"name\":\"Hydraulic Air Cooler\"}]},{\"@type\":\"WebSite\",\"@id\":\"https:\/\/www.gonbox.com\/#website\",\"url\":\"https:\/\/www.gonbox.com\/\",\"name\":\"Gonbox\",\"description\":\"Everyone Can Mine Bitcoin\",\"publisher\":{\"@id\":\"https:\/\/www.gonbox.com\/#organization\"},\"potentialAction\":[{\"@type\":\"SearchAction\",\"target\":{\"@type\":\"EntryPoint\",\"urlTemplate\":\"https:\/\/www.gonbox.com\/?s={search_term_string}\"},\"query-input\":\"required name=search_term_string\"}],\"inLanguage\":\"fr-FR\"},{\"@type\":\"Organization\",\"@id\":\"https:\/\/www.gonbox.com\/#organization\",\"name\":\"GONBOX GROUP INC\",\"url\":\"https:\/\/www.gonbox.com\/\",\"logo\":{\"@type\":\"ImageObject\",\"inLanguage\":\"fr-FR\",\"@id\":\"https:\/\/www.gonbox.com\/#\/schema\/logo\/image\/\",\"url\":\"https:\/\/5n57c6.p3cdn1.secureserver.net\/wp-content\/uploads\/2022\/12\/logo.png?time=1669965474\",\"contentUrl\":\"https:\/\/5n57c6.p3cdn1.secureserver.net\/wp-content\/uploads\/2022\/12\/logo.png?time=1669965474\",\"width\":130,\"height\":84,\"caption\":\"GONBOX GROUP INC\"},\"image\":{\"@id\":\"https:\/\/www.gonbox.com\/#\/schema\/logo\/image\/\"},\"sameAs\":[\"https:\/\/www.facebook.com\/gonboxmining\/\",\"https:\/\/twitter.com\/gonbox_com\"]}]}<\/script>\n<!-- \/ Yoast SEO plugin. -->","yoast_head_json":{"title":"Hydraulic Air Cooler - Gonbox","robots":{"index":"index","follow":"follow","max-snippet":"max-snippet:-1","max-image-preview":"max-image-preview:large","max-video-preview":"max-video-preview:-1"},"canonical":"https:\/\/www.gonbox.com\/fr\/produit\/hydraulic-air-cooler\/","og_locale":"fr_FR","og_type":"article","og_title":"Hydraulic Air Cooler - Gonbox","og_description":"High pressure resistance, Exquisite appearance, Precise welding","og_url":"https:\/\/www.gonbox.com\/fr\/produit\/hydraulic-air-cooler\/","og_site_name":"Gonbox","article_publisher":"https:\/\/www.facebook.com\/gonboxmining\/","article_modified_time":"2023-02-26T03:19:27+00:00","og_image":[{"width":800,"height":800,"url":"https:\/\/www.gonbox.com\/wp-content\/uploads\/2022\/12\/8-5.png","type":"image\/png"}],"twitter_card":"summary_large_image","twitter_site":"@gonbox_com","twitter_misc":{"Dur\u00e9e de lecture estim\u00e9e":"2 minutes"},"schema":{"@context":"https:\/\/schema.org","@graph":[{"@type":"WebPage","@id":"https:\/\/www.gonbox.com\/product\/hydraulic-air-cooler\/","url":"https:\/\/www.gonbox.com\/product\/hydraulic-air-cooler\/","name":"Hydraulic Air Cooler - Gonbox","isPartOf":{"@id":"https:\/\/www.gonbox.com\/#website"},"datePublished":"2022-12-01T15:50:39+00:00","dateModified":"2023-02-26T03:19:27+00:00","breadcrumb":{"@id":"https:\/\/www.gonbox.com\/product\/hydraulic-air-cooler\/#breadcrumb"},"inLanguage":"fr-FR","potentialAction":[{"@type":"ReadAction","target":["https:\/\/www.gonbox.com\/product\/hydraulic-air-cooler\/"]}]},{"@type":"BreadcrumbList","@id":"https:\/\/www.gonbox.com\/product\/hydraulic-air-cooler\/#breadcrumb","itemListElement":[{"@type":"ListItem","position":1,"name":"\u9996\u9875","item":"https:\/\/www.gonbox.com\/"},{"@type":"ListItem","position":2,"name":"Shop","item":"https:\/\/www.gonbox.com\/shop\/"},{"@type":"ListItem","position":3,"name":"Hydraulic Air Cooler"}]},{"@type":"WebSite","@id":"https:\/\/www.gonbox.com\/#website","url":"https:\/\/www.gonbox.com\/","name":"Gonbox","description":"Everyone Can Mine Bitcoin","publisher":{"@id":"https:\/\/www.gonbox.com\/#organization"},"potentialAction":[{"@type":"SearchAction","target":{"@type":"EntryPoint","urlTemplate":"https:\/\/www.gonbox.com\/?s={search_term_string}"},"query-input":"required name=search_term_string"}],"inLanguage":"fr-FR"},{"@type":"Organization","@id":"https:\/\/www.gonbox.com\/#organization","name":"GONBOX GROUP INC","url":"https:\/\/www.gonbox.com\/","logo":{"@type":"ImageObject","inLanguage":"fr-FR","@id":"https:\/\/www.gonbox.com\/#\/schema\/logo\/image\/","url":"https:\/\/5n57c6.p3cdn1.secureserver.net\/wp-content\/uploads\/2022\/12\/logo.png?time=1669965474","contentUrl":"https:\/\/5n57c6.p3cdn1.secureserver.net\/wp-content\/uploads\/2022\/12\/logo.png?time=1669965474","width":130,"height":84,"caption":"GONBOX GROUP INC"},"image":{"@id":"https:\/\/www.gonbox.com\/#\/schema\/logo\/image\/"},"sameAs":["https:\/\/www.facebook.com\/gonboxmining\/","https:\/\/twitter.com\/gonbox_com"]}]}},"jetpack_sharing_enabled":true,"_links":{"self":[{"href":"https:\/\/www.gonbox.com\/fr\/wp-json\/wp\/v2\/product\/629","targetHints":{"allow":["GET"]}}],"collection":[{"href":"https:\/\/www.gonbox.com\/fr\/wp-json\/wp\/v2\/product"}],"about":[{"href":"https:\/\/www.gonbox.com\/fr\/wp-json\/wp\/v2\/types\/product"}],"replies":[{"embeddable":true,"href":"https:\/\/www.gonbox.com\/fr\/wp-json\/wp\/v2\/comments?post=629"}],"wp:featuredmedia":[{"embeddable":true,"href":"https:\/\/www.gonbox.com\/fr\/wp-json\/wp\/v2\/media\/2904"}],"wp:attachment":[{"href":"https:\/\/www.gonbox.com\/fr\/wp-json\/wp\/v2\/media?parent=629"}],"wp:term":[{"taxonomy":"product_cat","embeddable":true,"href":"https:\/\/www.gonbox.com\/fr\/wp-json\/wp\/v2\/product_cat?post=629"},{"taxonomy":"product_tag","embeddable":true,"href":"https:\/\/www.gonbox.com\/fr\/wp-json\/wp\/v2\/product_tag?post=629"}],"curies":[{"name":"wp","href":"https:\/\/api.w.org\/{rel}","templated":true}]}}