{"id":3473,"date":"2023-02-24T08:17:44","date_gmt":"2023-02-24T03:17:44","guid":{"rendered":"https:\/\/www.gonbox.com\/?page_id=3473"},"modified":"2023-02-24T08:55:52","modified_gmt":"2023-02-24T03:55:52","slug":"delivery-tracking","status":"publish","type":"page","link":"https:\/\/www.gonbox.com\/nb\/delivery-tracking\/","title":{"rendered":"DELIVERY &amp; TRACKING"},"content":{"rendered":"<p><\/p>\n\n\n<\/p>\n<h2 class=\"wp-block-heading\">Leveringsinformasjon<\/h2>\n<p>\n\n\n<p>gonbox.com forst\u00e5r at det er viktig for deg \u00e5 f\u00e5 varene dine i tide, s\u00e5 vi behandler bestillingen din raskt. V\u00e6r oppmerksom p\u00e5 at fordi vi gj\u00f8r v\u00e5rt ytterste for \u00e5 sende produktet ditt s\u00e5 raskt som mulig, n\u00e5r forsendelsesprosessen starter, kan vi ikke gj\u00f8re noen endringer i bestillingen din.<\/p>\n<p>\u00a0<\/p>\n\n\n<\/p>\n<h2 class=\"wp-block-heading\">STANDARD GRATIS FRAKT<\/h2>\n<p>\n\n\n\n<\/p>\n<ul>\n<li>3 til 7 virkedager til USA fra amerikanske varehus<\/li>\n<li>7 til 14 virkedager til Europa<\/li>\n<li>10 til 15 virkedager til Asia og dets naboland<\/li>\n<\/ul>\n<p>\n\n\n\n<\/p>\n<h2 class=\"wp-block-heading\">HURTIG FRAKT<\/h2>\n<p>\n\n\n<ul>\n<li>UPS, FEDEX, DHL<\/li>\n<li>5 til 7 virkedager til USA<\/li>\n<\/ul>\n<p>Alle bestillinger ansl\u00e5s \u00e5 sendes vanligvis innen \u00e9n til to dager etter at bestillingen er plassert.<\/p>\n<p>Fraktdager inkluderer ikke helger og helligdager. P\u00e5 dette tidspunktet er vi for \u00f8yeblikket gratis \u00e5 sende til begrensede land som er oppf\u00f8rt p\u00e5 nettstedet v\u00e5rt, andre land vennligst send en e-post til service@gonbox.com p\u00e5 forh\u00e5nd.<\/p>\n<p>Det meste av gonbox-produktene sendes fra fabrikklageret v\u00e5rt. Alle gratis fraktprodukter sendes via China Post.<\/p>\n<p>\u00a0<\/p>\n\n\n<\/p>\n<h2 class=\"wp-block-heading\">Restabestilte varer<\/h2>\n<p>\n\n\n\n<\/p>\n<p>Hvis en vare er utsolgt, vil du bli kontaktet s\u00e5 snart som mulig. Du vil ha muligheten til \u00e5 vente p\u00e5 den tilbakebestilte varen, dele opp forsendelsen og f\u00e5 sendt alle varene p\u00e5 lager umiddelbart, velge en erstatningsvare eller kansellere restbestilt vare.<\/p>\n<p>\n\n\n<p><\/p>","protected":false},"excerpt":{"rendered":"<p>Delivery Information gonbox.com understands that getting your items in a timely manner is important to you, so we process your order swiftly. Please note that because we make every effort to ship your product as quickly as possible, once the shipping process begins, we are unable to make any changes to your order. \u00a0 STANDARD [&#8230;]\n","protected":false},"author":4,"featured_media":0,"parent":0,"menu_order":0,"comment_status":"closed","ping_status":"closed","template":"","meta":{"footnotes":""},"class_list":["post-3473","page","type-page","status-publish","hentry"],"yoast_head":"<!-- This site is optimized with the Yoast SEO plugin v20.2.1 - https:\/\/yoast.com\/wordpress\/plugins\/seo\/ -->\n<title>DELIVERY &amp; TRACKING - Gonbox<\/title>\n<meta name=\"robots\" content=\"index, follow, max-snippet:-1, max-image-preview:large, max-video-preview:-1\" \/>\n<link rel=\"canonical\" href=\"https:\/\/www.gonbox.com\/nb\/delivery-tracking\/\" \/>\n<meta property=\"og:locale\" content=\"nb_NO\" \/>\n<meta property=\"og:type\" content=\"article\" \/>\n<meta property=\"og:title\" content=\"DELIVERY &amp; TRACKING - Gonbox\" \/>\n<meta property=\"og:description\" content=\"Delivery Information gonbox.com understands that getting your items in a timely manner is important to you, so we process your order swiftly. Please note that because we make every effort to ship your product as quickly as possible, once the shipping process begins, we are unable to make any changes to your order. \u00a0 STANDARD [...]\" \/>\n<meta property=\"og:url\" content=\"https:\/\/www.gonbox.com\/nb\/delivery-tracking\/\" \/>\n<meta property=\"og:site_name\" content=\"Gonbox\" \/>\n<meta property=\"article:publisher\" content=\"https:\/\/www.facebook.com\/gonboxmining\/\" \/>\n<meta property=\"article:modified_time\" content=\"2023-02-24T03:55:52+00:00\" \/>\n<meta name=\"twitter:card\" content=\"summary_large_image\" \/>\n<meta name=\"twitter:site\" content=\"@gonbox_com\" \/>\n<meta name=\"twitter:label1\" content=\"Ansl. lesetid\" \/>\n\t<meta name=\"twitter:data1\" content=\"1 minutt\" \/>\n<script type=\"application\/ld+json\" class=\"yoast-schema-graph\">{\"@context\":\"https:\/\/schema.org\",\"@graph\":[{\"@type\":\"WebPage\",\"@id\":\"https:\/\/www.gonbox.com\/delivery-tracking\/\",\"url\":\"https:\/\/www.gonbox.com\/delivery-tracking\/\",\"name\":\"DELIVERY &amp; TRACKING - Gonbox\",\"isPartOf\":{\"@id\":\"https:\/\/www.gonbox.com\/#website\"},\"datePublished\":\"2023-02-24T03:17:44+00:00\",\"dateModified\":\"2023-02-24T03:55:52+00:00\",\"breadcrumb\":{\"@id\":\"https:\/\/www.gonbox.com\/delivery-tracking\/#breadcrumb\"},\"inLanguage\":\"nb-NO\",\"potentialAction\":[{\"@type\":\"ReadAction\",\"target\":[\"https:\/\/www.gonbox.com\/delivery-tracking\/\"]}]},{\"@type\":\"BreadcrumbList\",\"@id\":\"https:\/\/www.gonbox.com\/delivery-tracking\/#breadcrumb\",\"itemListElement\":[{\"@type\":\"ListItem\",\"position\":1,\"name\":\"\u9996\u9875\",\"item\":\"https:\/\/www.gonbox.com\/\"},{\"@type\":\"ListItem\",\"position\":2,\"name\":\"DELIVERY &amp; TRACKING\"}]},{\"@type\":\"WebSite\",\"@id\":\"https:\/\/www.gonbox.com\/#website\",\"url\":\"https:\/\/www.gonbox.com\/\",\"name\":\"Gonbox\",\"description\":\"Everyone Can Mine Bitcoin\",\"publisher\":{\"@id\":\"https:\/\/www.gonbox.com\/#organization\"},\"potentialAction\":[{\"@type\":\"SearchAction\",\"target\":{\"@type\":\"EntryPoint\",\"urlTemplate\":\"https:\/\/www.gonbox.com\/?s={search_term_string}\"},\"query-input\":\"required name=search_term_string\"}],\"inLanguage\":\"nb-NO\"},{\"@type\":\"Organization\",\"@id\":\"https:\/\/www.gonbox.com\/#organization\",\"name\":\"GONBOX GROUP INC\",\"url\":\"https:\/\/www.gonbox.com\/\",\"logo\":{\"@type\":\"ImageObject\",\"inLanguage\":\"nb-NO\",\"@id\":\"https:\/\/www.gonbox.com\/#\/schema\/logo\/image\/\",\"url\":\"https:\/\/5n57c6.p3cdn1.secureserver.net\/wp-content\/uploads\/2022\/12\/logo.png?time=1669965474\",\"contentUrl\":\"https:\/\/5n57c6.p3cdn1.secureserver.net\/wp-content\/uploads\/2022\/12\/logo.png?time=1669965474\",\"width\":130,\"height\":84,\"caption\":\"GONBOX GROUP INC\"},\"image\":{\"@id\":\"https:\/\/www.gonbox.com\/#\/schema\/logo\/image\/\"},\"sameAs\":[\"https:\/\/www.facebook.com\/gonboxmining\/\",\"https:\/\/twitter.com\/gonbox_com\"]}]}<\/script>\n<!-- \/ Yoast SEO plugin. -->","yoast_head_json":{"title":"DELIVERY &amp; TRACKING - Gonbox","robots":{"index":"index","follow":"follow","max-snippet":"max-snippet:-1","max-image-preview":"max-image-preview:large","max-video-preview":"max-video-preview:-1"},"canonical":"https:\/\/www.gonbox.com\/nb\/delivery-tracking\/","og_locale":"nb_NO","og_type":"article","og_title":"DELIVERY &amp; TRACKING - Gonbox","og_description":"Delivery Information gonbox.com understands that getting your items in a timely manner is important to you, so we process your order swiftly. Please note that because we make every effort to ship your product as quickly as possible, once the shipping process begins, we are unable to make any changes to your order. \u00a0 STANDARD [...]","og_url":"https:\/\/www.gonbox.com\/nb\/delivery-tracking\/","og_site_name":"Gonbox","article_publisher":"https:\/\/www.facebook.com\/gonboxmining\/","article_modified_time":"2023-02-24T03:55:52+00:00","twitter_card":"summary_large_image","twitter_site":"@gonbox_com","twitter_misc":{"Ansl. lesetid":"1 minutt"},"schema":{"@context":"https:\/\/schema.org","@graph":[{"@type":"WebPage","@id":"https:\/\/www.gonbox.com\/delivery-tracking\/","url":"https:\/\/www.gonbox.com\/delivery-tracking\/","name":"DELIVERY &amp; TRACKING - Gonbox","isPartOf":{"@id":"https:\/\/www.gonbox.com\/#website"},"datePublished":"2023-02-24T03:17:44+00:00","dateModified":"2023-02-24T03:55:52+00:00","breadcrumb":{"@id":"https:\/\/www.gonbox.com\/delivery-tracking\/#breadcrumb"},"inLanguage":"nb-NO","potentialAction":[{"@type":"ReadAction","target":["https:\/\/www.gonbox.com\/delivery-tracking\/"]}]},{"@type":"BreadcrumbList","@id":"https:\/\/www.gonbox.com\/delivery-tracking\/#breadcrumb","itemListElement":[{"@type":"ListItem","position":1,"name":"\u9996\u9875","item":"https:\/\/www.gonbox.com\/"},{"@type":"ListItem","position":2,"name":"DELIVERY &amp; TRACKING"}]},{"@type":"WebSite","@id":"https:\/\/www.gonbox.com\/#website","url":"https:\/\/www.gonbox.com\/","name":"Gonbox","description":"Alle kan utvinne Bitcoin","publisher":{"@id":"https:\/\/www.gonbox.com\/#organization"},"potentialAction":[{"@type":"SearchAction","target":{"@type":"EntryPoint","urlTemplate":"https:\/\/www.gonbox.com\/?s={search_term_string}"},"query-input":"required name=search_term_string"}],"inLanguage":"nb-NO"},{"@type":"Organization","@id":"https:\/\/www.gonbox.com\/#organization","name":"GONBOX GROUP INC","url":"https:\/\/www.gonbox.com\/","logo":{"@type":"ImageObject","inLanguage":"nb-NO","@id":"https:\/\/www.gonbox.com\/#\/schema\/logo\/image\/","url":"https:\/\/5n57c6.p3cdn1.secureserver.net\/wp-content\/uploads\/2022\/12\/logo.png?time=1669965474","contentUrl":"https:\/\/5n57c6.p3cdn1.secureserver.net\/wp-content\/uploads\/2022\/12\/logo.png?time=1669965474","width":130,"height":84,"caption":"GONBOX GROUP INC"},"image":{"@id":"https:\/\/www.gonbox.com\/#\/schema\/logo\/image\/"},"sameAs":["https:\/\/www.facebook.com\/gonboxmining\/","https:\/\/twitter.com\/gonbox_com"]}]}},"jetpack_sharing_enabled":true,"_links":{"self":[{"href":"https:\/\/www.gonbox.com\/nb\/wp-json\/wp\/v2\/pages\/3473","targetHints":{"allow":["GET"]}}],"collection":[{"href":"https:\/\/www.gonbox.com\/nb\/wp-json\/wp\/v2\/pages"}],"about":[{"href":"https:\/\/www.gonbox.com\/nb\/wp-json\/wp\/v2\/types\/page"}],"author":[{"embeddable":true,"href":"https:\/\/www.gonbox.com\/nb\/wp-json\/wp\/v2\/users\/4"}],"replies":[{"embeddable":true,"href":"https:\/\/www.gonbox.com\/nb\/wp-json\/wp\/v2\/comments?post=3473"}],"version-history":[{"count":2,"href":"https:\/\/www.gonbox.com\/nb\/wp-json\/wp\/v2\/pages\/3473\/revisions"}],"predecessor-version":[{"id":3519,"href":"https:\/\/www.gonbox.com\/nb\/wp-json\/wp\/v2\/pages\/3473\/revisions\/3519"}],"wp:attachment":[{"href":"https:\/\/www.gonbox.com\/nb\/wp-json\/wp\/v2\/media?parent=3473"}],"curies":[{"name":"wp","href":"https:\/\/api.w.org\/{rel}","templated":true}]}}